{"id":2929,"date":"2022-05-25T17:52:30","date_gmt":"2022-05-25T15:52:30","guid":{"rendered":"https:\/\/www.kananas.com\/mouvementcorpsetdanse1149\/?page_id=2929"},"modified":"2025-06-01T10:52:20","modified_gmt":"2025-06-01T08:52:20","slug":"cabaret","status":"publish","type":"page","link":"https:\/\/www.kananas.com\/mouvementcorpsetdanse1149\/cabaret\/","title":{"rendered":"CABARET"},"content":{"rendered":"<p>\u00c0 travers les cours de danse Cabaret, venez vous re d\u00e9couvrir et exprimer sensualit\u00e9, glamour et f\u00e9minit\u00e9.<\/p>\n<p><img loading=\"lazy\" decoding=\"async\" class=\"alignleft size-full wp-image-3323\" src=\"https:\/\/www.kananas.com\/mouvementcorpsetdanse1149\/wp-content\/uploads\/sites\/374\/2025\/06\/th6TRG8M34.jpg\" alt=\"\" width=\"300\" height=\"300\" srcset=\"https:\/\/www.kananas.com\/mouvementcorpsetdanse1149\/wp-content\/uploads\/sites\/374\/2025\/06\/th6TRG8M34.jpg 300w, https:\/\/www.kananas.com\/mouvementcorpsetdanse1149\/wp-content\/uploads\/sites\/374\/2025\/06\/th6TRG8M34-150x150.jpg 150w\" sizes=\"auto, (max-width: 300px) 100vw, 300px\" \/><\/p>\n<p><span style=\"color: #ff0000\"><strong>ATTENTION HORAIRE : 21h\/22h<\/strong><\/span><\/p>\n<p>Cet univers sc\u00e9nique permet de renforcer sa confiance en soi.<\/p>\n<p>Chapeau, gants, boa, chaise ou canne pourront venir souligner votre \u00e9l\u00e9gance dans une ambiance conviviale et dynamique.<\/p>\n<p>Professeur : Sonia<\/p>\n<p><img loading=\"lazy\" decoding=\"async\" class=\"alignleft wp-image-3053\" src=\"https:\/\/www.kananas.com\/mouvementcorpsetdanse1149\/wp-content\/uploads\/sites\/374\/2022\/06\/IMG_3931.jpg\" alt=\"Sonia \" width=\"269\" height=\"334\" srcset=\"https:\/\/www.kananas.com\/mouvementcorpsetdanse1149\/wp-content\/uploads\/sites\/374\/2022\/06\/IMG_3931.jpg 1284w, https:\/\/www.kananas.com\/mouvementcorpsetdanse1149\/wp-content\/uploads\/sites\/374\/2022\/06\/IMG_3931-241x300.jpg 241w, https:\/\/www.kananas.com\/mouvementcorpsetdanse1149\/wp-content\/uploads\/sites\/374\/2022\/06\/IMG_3931-824x1024.jpg 824w, https:\/\/www.kananas.com\/mouvementcorpsetdanse1149\/wp-content\/uploads\/sites\/374\/2022\/06\/IMG_3931-768x955.jpg 768w, https:\/\/www.kananas.com\/mouvementcorpsetdanse1149\/wp-content\/uploads\/sites\/374\/2022\/06\/IMG_3931-1236x1536.jpg 1236w\" sizes=\"auto, (max-width: 269px) 100vw, 269px\" \/><\/p>\n<p>Passionn\u00e9e de danse depuis l\u2019\u00e2ge de 3 ans, Sonia Martin est une professeur de danse dipl\u00f4m\u00e9 d\u2019\u00e9tat qui a suivi sa formation p\u00e9dagogique au centre international de la danse jazz Rick Odums \u00e0 Paris o\u00f9 elle int\u00e8gre le jeune ballet jazz. Depuis tr\u00e8s jeune elle participe \u00e0 de nombreux concours prim\u00e9s r\u00e9gionaux et nationaux.<\/p>\n<p>En parall\u00e8le de ses cours qu\u2019elle exerce depuis plus de 10 ans, Sonia est \u00e9galement une danseuse professionnelle internationale. Se produisant en France, en Suisse, en Espagne o\u00f9 encore au Quatar.<\/p>\n<p>Elle participe aussi \u00e0 de nombreux plateau t\u00e9l\u00e9 comme being sport (canal+) ou la star acad\u00e9my (TF1).<\/p>\n<p>Elle danse \u00e9galement sur le grand \u00e9cran avec la r\u00e9alisatrice Mounia Meddour au c\u00f4t\u00e9 de l\u2019actrice Lyna Khoudry dans le film \u00ab Houria \u00bb prochainement au cin\u00e9ma.<\/p>\n<h2>Contact<\/h2>\n<p>soniamartindanse@gmail.com<\/p>\n<p>06.95.58.92.83<br \/>\nInstagram : sonia.martin_family<\/p>\n<p>&nbsp;<\/p>\n<p>&nbsp;<\/p>\n","protected":false},"excerpt":{"rendered":"<p>\u00c0 travers les cours de danse Cabaret, venez vous re d\u00e9couvrir et exprimer sensualit\u00e9, glamour et f\u00e9minit\u00e9. ATTENTION HORAIRE : 21h\/22h Cet univers sc\u00e9nique permet de renforcer sa confiance en soi. Chapeau,<a class=\"moretag\" href=\"https:\/\/www.kananas.com\/mouvementcorpsetdanse1149\/cabaret\/\">Read More&#8230;<\/a><\/p>\n","protected":false},"author":384,"featured_media":0,"parent":0,"menu_order":0,"comment_status":"closed","ping_status":"closed","template":"","meta":{"_crdt_document":"","footnotes":""},"class_list":["post-2929","page","type-page","status-publish","hentry"],"_links":{"self":[{"href":"https:\/\/www.kananas.com\/mouvementcorpsetdanse1149\/wp-json\/wp\/v2\/pages\/2929","targetHints":{"allow":["GET"]}}],"collection":[{"href":"https:\/\/www.kananas.com\/mouvementcorpsetdanse1149\/wp-json\/wp\/v2\/pages"}],"about":[{"href":"https:\/\/www.kananas.com\/mouvementcorpsetdanse1149\/wp-json\/wp\/v2\/types\/page"}],"author":[{"embeddable":true,"href":"https:\/\/www.kananas.com\/mouvementcorpsetdanse1149\/wp-json\/wp\/v2\/users\/384"}],"replies":[{"embeddable":true,"href":"https:\/\/www.kananas.com\/mouvementcorpsetdanse1149\/wp-json\/wp\/v2\/comments?post=2929"}],"version-history":[{"count":10,"href":"https:\/\/www.kananas.com\/mouvementcorpsetdanse1149\/wp-json\/wp\/v2\/pages\/2929\/revisions"}],"predecessor-version":[{"id":3324,"href":"https:\/\/www.kananas.com\/mouvementcorpsetdanse1149\/wp-json\/wp\/v2\/pages\/2929\/revisions\/3324"}],"wp:attachment":[{"href":"https:\/\/www.kananas.com\/mouvementcorpsetdanse1149\/wp-json\/wp\/v2\/media?parent=2929"}],"curies":[{"name":"wp","href":"https:\/\/api.w.org\/{rel}","templated":true}]}}