{"id":171,"date":"2019-12-09T20:39:22","date_gmt":"2019-12-09T19:39:22","guid":{"rendered":"https:\/\/concordeaepc.wordpress.com\/?page_id=171"},"modified":"2023-10-25T11:12:14","modified_gmt":"2023-10-25T09:12:14","slug":"projet","status":"publish","type":"page","link":"https:\/\/www.kananas.com\/myassociation962\/projet\/","title":{"rendered":"Projet"},"content":{"rendered":"<p><strong>LES LIGNES FORCES DU PROJET<\/strong><br \/>\n<strong>L\u2019importance<\/strong><\/p>\n<ul>\n<li>de la scolarit\u00e9<\/li>\n<li>de l\u2019apprentissage<\/li>\n<li>de la vie professionnelle<\/li>\n<li>de la place laiss\u00e9e \u00e0 la parole, \u00e0 l\u2019\u00e9coute<\/li>\n<li>du cadre de vie respectant et respect\u00e9<\/li>\n<li>du sens des loisirs promoteurs de l\u2019individu et du groupe<\/li>\n<\/ul>\n<p><strong>Les outils mis en place<\/strong><\/p>\n<ul>\n<li>Les structures connexes<\/li>\n<li>Les ateliers de jour<\/li>\n<li>Le soutien scolaire organis\u00e9 tous les soirs dans les structures<\/li>\n<li>La socialisation par l\u2019ouverture vers le quartier, les voisins, la ville<\/li>\n<li>Le permis de conduire<\/li>\n<\/ul>\n<p><strong>De la vie au foyer \u00e0 l\u2019autonomie\u2026<\/strong><\/p>\n<ul>\n<li>Formation professionnelle<\/li>\n<li>Foyer de Jeunes Travailleurs<\/li>\n<li>Logement partag\u00e9 \u00ab La Passerelle \u00bb, association loi 1901 cr\u00e9\u00e9e par des anciens des maisons, qui met en \u0153uvre la poursuite des liens, l\u2019int\u00e9gration dans les r\u00e9seaux sociaux et, d\u2019une fa\u00e7on g\u00e9n\u00e9rale, concourt \u00e0 la solidarit\u00e9.<\/li>\n<li>H\u00e9bergement en co-location en pavillons et appartements.<\/li>\n<\/ul>\n<p><strong>Les structures connexes<\/strong><\/p>\n<ul>\n<li>Dispositif d\u2019Accueil Personnalis\u00e9 DAP (METADAP)<\/li>\n<li>Familles relais<\/li>\n<li>Service \u00e9ducatif de protection et d\u2019accompagnement \u00e0 domicile (SEPAD)<\/li>\n<li>Plateforme filles et gar\u00e7ons du monde (PFGM)<\/li>\n<\/ul>\n<p>&nbsp;<\/p>\n<p><!--nextpage--><\/p>\n<p style=\"text-align: center\"><strong>Une exp\u00e9rience au service des jeunes <\/strong><br \/>\n<strong>et de la collectivit\u00e9<\/strong><\/p>\n<p style=\"text-align: justify\"><img loading=\"lazy\" decoding=\"async\" class=\"wp-image-4757 alignleft\" src=\"http:\/\/www.kananas.com\/myassociation962\/wp-content\/uploads\/sites\/280\/2019\/12\/Capture-d\u2019e\u0301cran-2019-12-08-a\u0300-09.04.15.png\" alt=\"\" width=\"309\" height=\"175\" srcset=\"https:\/\/www.kananas.com\/myassociation962\/wp-content\/uploads\/sites\/280\/2019\/12\/Capture-d\u2019e\u0301cran-2019-12-08-a\u0300-09.04.15.png 586w, https:\/\/www.kananas.com\/myassociation962\/wp-content\/uploads\/sites\/280\/2019\/12\/Capture-d\u2019e\u0301cran-2019-12-08-a\u0300-09.04.15-300x170.png 300w\" sizes=\"auto, (max-width: 309px) 100vw, 309px\" \/>Nous ne nous situons pas seulement comme des professionnels mais aussi comme des militants. Si nous pensons que le travail technique peut apporter \u201ctraitements et rem\u00e8des\u201d, il ne nous semble pas suffisant pour permettre \u00e0 chacun des jeunes en difficult\u00e9s de trouver leur place dans la soci\u00e9t\u00e9. La promotion individuelle trouve sa v\u00e9ritable dimension dans la promotion collective. L\u2019\u00e9ducation doit sans cesse appeler l\u2019individu \u00e0 la responsabilit\u00e9, \u00e0 l\u2019usage de la libert\u00e9, au choix. La construction du devenir m\u00e9rite l\u2019attention de tous. Lorsque nous avons mis en place les foyers autonomes, les familles d\u2019accueil, les ateliers p\u00e9dagogiques, lorsque nous avons privil\u00e9gi\u00e9 les transferts, organis\u00e9 les Rencontres de Vertault, ce n\u2019est pas sans intentions institutionnelles. Lorsque nous privil\u00e9gions le mixage des histoires, des chemins, des difficult\u00e9s des jeunes accueillis, cela n\u2019est pas d\u00e9pourvu de sens pour nous. Si l\u2019histoire du jeune est bien s\u00fbr importante, le \u00ab\u00a0passage \u00e0 l\u2019acte\u00a0\u00bb qui ne doit pas \u00eatre banalis\u00e9, ne peut \u00eatre consid\u00e9r\u00e9 comme indicatif d\u2019une orientation. M\u00eame s\u2019il implique des prises en charge sp\u00e9cifiques. Lorsque nous pensons que dans les foyers scolaires, le fonctionnement en groupe d\u2019\u00e2ges verticaux est un apport au d\u00e9veloppement solidaire, nous ne choisissons pas forc\u00e9ment la facilit\u00e9. Si, de tous temps, nous avons toujours consid\u00e9r\u00e9 que l\u2019accueil en urgence \u00e9tait une de nos missions, c\u2019est bien parce qu\u2019elle impliquait, \u2013 pour autant que nous y mettions \u00e9coute, attention et projet -, un acte de solidarit\u00e9. Si nous ne montrons aucune r\u00e9ticence \u00e0 accueillir les jeunes isol\u00e9s et \u00e0 mettre en place pour eux et avec eux des projets de devenir, c\u2019est bien parce que nous pensons que tout mineur sur le territoire doit \u00eatre prot\u00e9g\u00e9, accompagn\u00e9 et respect\u00e9. Nous nous sommes inspir\u00e9s du travail tr\u00e8s int\u00e9ressant men\u00e9 par l\u2019ASE de Seine Saint-Denis \u201cDossier Technique \u2013 Mineurs isol\u00e9s et Aide Sociale \u00e0 l\u2019Enfance\u201d. A notre niveau, \u00e0 notre modeste \u00e9chelon, \u00e0 notre place, nous nous r\u00e9f\u00e9rons \u00e0 la Convention Internationale des Droits de l\u2019Enfant. Il convient donc, afin d\u2019\u00e9clairer notre projet de rappeler quelques points des intentions institutionnelles qui fixent une orientation commune \u00e0 toute les structures.<br \/>\n<strong>Une id\u00e9e force\u00a0: \u201cLE VIVRE AVEC\u201d<\/strong><br \/>\nMis en \u0153uvre par des hommes et des femmes qui ne se prennent pas pour des techniciens ou des th\u00e9rapeutes, mais pour des \u00e9ducateurs partageant le quotidien et construisant avec. Les structures ne sont ni des lieux de r\u00e9ponse en terme d\u2019h\u00e9bergement ou de lieu de soins, mais plus sereinement, des lieux o\u00f9 la vie existe, permettant partage, richesse et confrontation avec la r\u00e9alit\u00e9. Il nous faut pour cela des qualit\u00e9s de contact, d\u2019\u00e9coute, de respect du jeune. Il faut avoir le souci de la clart\u00e9, de la rigueur, du sens de l\u2019organisation. Il nous faut avant tout \u00eatre capable d\u2019accueillir, de respecter le jeune qui arrive, de l\u2019accepter tel qu\u2019il est avec sa probl\u00e9matique et ses difficult\u00e9s, quelles qu\u2019elles soient. Tout cela est sous tendu par une certaine vision de l\u2019homme en devenir. Nous souhaitons qu\u2019il devienne libre, capable de faire ses choix, d\u2019\u00eatre solidaire des autres. Cela suppose bien s\u00fbr que soit trait\u00e9e l\u2019angoisse, que le foyer donne au jeune le droit d\u2019\u00eatre bien dans sa peau, d\u2019\u00eatre en position de projet, de r\u00e9ussite et qu\u2019il pose un nouveau regard positif sur lui-m\u00eame.<\/p>\n<blockquote>\n<p style=\"text-align: justify;padding-left: 40px\"><strong>Les rep\u00e8res institutionnels<\/strong><\/p>\n<\/blockquote>\n<p>&nbsp;<\/p>\n<p style=\"text-align: justify\"><strong>La place de la famille<\/strong><br \/>\nLe placement, nous pr\u00e9f\u00e9rons dire l\u2019accueil de l\u2019enfant ou de l\u2019adolescent, ne doit surtout pas \u00eatre l\u2019occasion de rupture avec la famille. Celle-ci, en effet, doit d\u00e8s la premi\u00e8re rencontre avec l\u2019\u00e9tablissement, si cela est possible, conna\u00eetre le lieu o\u00f9 il vit et rencontrer les responsables. M\u00eame dans les situations les plus d\u00e9grad\u00e9es, la prise en charge du jeune doit \u00eatre g\u00e9n\u00e9ralement occasion de restauration des liens, de re-situation de la place de chacun, de relecture des difficult\u00e9s permettant un regard nouveau. Ainsi, l\u2019\u00e9tablissement aura pour mission \u2013 chaque fois que possible &#8211; de favoriser le retour des jeunes en famille, de fa\u00e7on fr\u00e9quente ou espac\u00e9e, au moment des week-ends (parfois seulement au repas du dimanche midi) ou des vacances. Nous informons les parents des r\u00e9sultats scolaires, des probl\u00e8mes de sant\u00e9, de certaines difficult\u00e9s rencontr\u00e9es, mais aussi et surtout des progr\u00e8s et des r\u00e9ussites. Cela m\u00eame et surtout, lorsque le jeune a \u00e9t\u00e9 \u201coubli\u00e9\u201d par ses parents depuis plusieurs ann\u00e9es\u2026 Certes, dans un certain nombre de cas, notre objectif ne saurait \u00eatre le retour rapide, d\u00e9finitif du jeune chez lui, mais le r\u00e9\u00e9quilibrage des relations parents-enfant. La responsabilisation des parents, la restauration de leur responsabilit\u00e9, n\u2019en seront que plus effective si la prise en charge \u00e9ducative est travaill\u00e9e avec eux, d\u00e9dramatis\u00e9e, accept\u00e9e comme une r\u00e9ponse \u00e0 une probl\u00e9matique et non comme une sanction culpabilisante. La pratique nous a permis de constater que trop de nos jeunes avaient \u00e9t\u00e9 marqu\u00e9s \u2013 voire victimes &#8211; de multiples placements, accueils en urgence, placement familial, retour en famille suivi de nouveaux placements. D\u00e9dramatiser le placement, lui donner un sens, voil\u00e0 bien une id\u00e9e qui doit tous nous interpeller. Pour ce faire, il appara\u00eet primordial et urgent de renforcer la transversalit\u00e9 et le partenariat \u00e0 tous les niveaux et cela dans le respect de la mission et du r\u00f4le de chacun,<br \/>\n<strong>Le souci premier de la scolarit\u00e9 ou de la formation professionnelle<\/strong><br \/>\nMettre en place des soutiens actifs, cibl\u00e9s, valorisants fait partie de notre mission. L\u2019approche de la scolarit\u00e9, la formation professionnelle sont des points essentiels de la prise en charge des jeunes. Ils sont d\u00e9terminants pour leur devenir, mais aussi pour la mani\u00e8re dont ils vont aborder l\u2019instant, le pr\u00e9sent. Ainsi, pour tous ceux qui ne peuvent se situer dans des r\u00e9ponses habituelles (jeunes ne ma\u00eetrisant pas la langue, jeunes ne pouvant s\u2019int\u00e9grer \u00e0 la scolarit\u00e9 traditionnelle, jeunes sans papiers \u2026), nous avons mis en place un atelier scolaire, un atelier p\u00e9dagogique cuisine, des stages conventionnels en entreprises. Accompagner le jeune, lui permettre d\u2019avoir des projets, de les r\u00e9ussir, suppose beaucoup d\u2019investissement de la part des adultes, mais aussi des exigences tant pour les jeunes que pour ceux qui les prennent en charge. Plus les professionnels seront motiv\u00e9s, auront le souci de la r\u00e9ussite du jeune, plus le jeune se motivera. Mais pour les plus \u201cpaum\u00e9s\u201d, les plus en \u00e9chec, ceux qui cumulent handicap et mal-\u00eatre, cela demandera beaucoup de temps, de t\u00e9nacit\u00e9. Il nous faudra accepter parfois les mi-temps, afin que ne soit pas remise en question la dynamique des foyers, qui sont des outils aussi de la promotion collective moteur de la progression individuelle. Si le droit \u00e0 la diff\u00e9rence doit \u00eatre pr\u00e9serv\u00e9, il ne doit pas \u00eatre le pr\u00e9texte de br\u00e8ches ouvertes, mais le respect de telle ou telle situation.<br \/>\n<strong>La place de la parole et de la loi<\/strong><br \/>\nLa parole dans un cadre non structurant s\u2019envolera sans laisser de trace. Elle ne construira pas. Si un r\u00e8glement int\u00e9rieur doit exister, s\u2019imposant \u00e0 toutes les structures, il ne peut s\u2019agir d\u2019un r\u00e8glement affich\u00e9 s\u2019imposant \u00e0 tous de la m\u00eame mani\u00e8re. Mais la loi existe et est bien pr\u00e9sente, bien vivante. Elle indique ce qui peut se faire, mais marque aussi l\u2019interdit. Le passage \u00e0 l\u2019interdit doit toujours trouver r\u00e9ponse et ne jamais \u00eatre banalis\u00e9. La parole, la r\u00e9flexion, parfois la sanction sont indispensables. Etre capable d\u2019\u00e9couter, de se faire \u00e9couter, demande un effort important \u00e0 tous, jeunes comme adultes. Trop souvent, en effet, les adultes imposent l\u2019\u00e9coute mais ne sont pas eux-m\u00eames \u00e9coutants, ne respectant pas ainsi le jeune qui se trouve face \u00e0 eux. Ils \u00e9noncent la r\u00e8gle mais ne l\u2019explicitent pas.<br \/>\nCette place laiss\u00e9e \u00e0 la parole &#8211; ne pensons surtout pas \u00e0 des entretiens longs et lourds, mais \u00e0 une attitude au quotidien &#8211; \u00e9vite le plus souvent le passage \u00e0 l\u2019acte interdit, \u00e0 la violence\u2026<br \/>\n<strong>Les loisirs : v\u00e9ritables temps de travail \u00e9ducatif<\/strong><br \/>\nLes loisirs sont de v\u00e9ritables temps du travail \u00e9ducatif. Certains diraient th\u00e9rapeutiques\u2026 Il faut donner le sens du partage, de la d\u00e9couverte r\u00e9ciproque et de l\u2019effort. Nous faisons le choix d\u2019\u00e9chapper \u00e0 la consommation facile, au cin\u00e9ma et au bowling car nos jeunes n\u2019ont pas besoin de nous pour cela. Nos efforts portent donc vers les camps, les chantiers, le sport, le caf\u00e9-th\u00e9\u00e2tre, la d\u00e9couverte du cirque\u2026 Il semble plus int\u00e9ressant de leur faire d\u00e9couvrir la musique qu\u2019ils ne connaissent pas, de les accompagner au mus\u00e9e, \u00e0 des f\u00eates ou partager un repas de cuisine traditionnelle que d\u2019aller au Mac Do une fois par semaine.<br \/>\n<strong>L\u2019importance du cadre de vie<\/strong><br \/>\nL\u2019importance du cadre de vie des jeunes nous appara\u00eet majeure. Il doit \u00eatre respectant et respect\u00e9 par tous, jeunes et adultes. Nos maisons d\u2019enfants sont toutes implant\u00e9es dans des pavillons traditionnels et situ\u00e9es dans des quartiers pavillonnaires. Pas de plaque \u00e0 l\u2019entr\u00e9e, pas de marque ext\u00e9rieure. Le souci d\u2019une int\u00e9gration dans le quartier suppose la prise en compte et le respect du voisin, sa connaissance. Dire \u00ab\u00a0bonjour\u00a0\u00bb au voisin n\u2019est pas toujours facile pour les jeunes et pourtant\u2026 Un cadre de vie, c\u2019est avant tout la maison qu\u2019habitent les jeunes.<br \/>\nLa recherche d\u2019un cadre de qualit\u00e9 est toujours une priorit\u00e9. Nous sommes attentifs au choix des mat\u00e9riaux, \u00e0 leur beaut\u00e9, \u00e0 l\u2019entretien de nos maisons. On n\u2019y voit pas de d\u00e9gradations et les jeunes \u00e9prouvent une certaine fiert\u00e9 \u00e0 montrer leur foyer, \u00e0 y amener copains et copines, \u00e0 le faire visiter, \u00e0 recevoir. Notre recherche de s\u00e9r\u00e9nit\u00e9 et de calme, soutenue par le cadre de vie, participe \u00e0 la d\u00e9dramatisation de leur situation et leur renvoie une image positive de ce qu\u2019ils vivent.<\/p>\n<p>&nbsp;<\/p>\n","protected":false},"excerpt":{"rendered":"<p>LES LIGNES FORCES DU PROJET L\u2019importance de la scolarit\u00e9 de l\u2019apprentissage de la vie professionnelle de la place laiss\u00e9e \u00e0<\/p>\n","protected":false},"author":288,"featured_media":0,"parent":0,"menu_order":0,"comment_status":"closed","ping_status":"closed","template":"","meta":{"colormag_page_container_layout":"default_layout","colormag_page_sidebar_layout":"default_layout","_crdt_document":"","footnotes":""},"class_list":["post-171","page","type-page","status-publish","hentry"],"_links":{"self":[{"href":"https:\/\/www.kananas.com\/myassociation962\/wp-json\/wp\/v2\/pages\/171","targetHints":{"allow":["GET"]}}],"collection":[{"href":"https:\/\/www.kananas.com\/myassociation962\/wp-json\/wp\/v2\/pages"}],"about":[{"href":"https:\/\/www.kananas.com\/myassociation962\/wp-json\/wp\/v2\/types\/page"}],"author":[{"embeddable":true,"href":"https:\/\/www.kananas.com\/myassociation962\/wp-json\/wp\/v2\/users\/288"}],"replies":[{"embeddable":true,"href":"https:\/\/www.kananas.com\/myassociation962\/wp-json\/wp\/v2\/comments?post=171"}],"version-history":[{"count":28,"href":"https:\/\/www.kananas.com\/myassociation962\/wp-json\/wp\/v2\/pages\/171\/revisions"}],"predecessor-version":[{"id":6486,"href":"https:\/\/www.kananas.com\/myassociation962\/wp-json\/wp\/v2\/pages\/171\/revisions\/6486"}],"wp:attachment":[{"href":"https:\/\/www.kananas.com\/myassociation962\/wp-json\/wp\/v2\/media?parent=171"}],"curies":[{"name":"wp","href":"https:\/\/api.w.org\/{rel}","templated":true}]}}