{"id":2233,"date":"2019-12-10T16:00:33","date_gmt":"2019-12-10T15:00:33","guid":{"rendered":"http:\/\/www.kananas.com\/myassociation962\/?page_id=2233"},"modified":"2020-11-14T16:54:19","modified_gmt":"2020-11-14T15:54:19","slug":"relais-ados-filles-gagny","status":"publish","type":"page","link":"https:\/\/www.kananas.com\/myassociation962\/siege-administratif\/relais-ados-filles-gagny\/","title":{"rendered":"Les RELAIS ADOS"},"content":{"rendered":"<p><b><i>Le relais ados filles<\/i><\/b><span style=\"font-weight: 400\">, install\u00e9 dans un pavillon de Montfermeil, d\u2019une capacit\u00e9 de 6 places, accueille dans l\u2019urgence, \u00e0 la demande du Service d\u2019Intervention Sp\u00e9cialis\u00e9 (SIS), des filles \u00e2g\u00e9es de huit \u00e0 dix-sept ans, en difficult\u00e9s sociales et familiales, pour une p\u00e9riode d\u2019\u00e9valuation de quelques mois avant une orientation au mieux de l\u2019int\u00e9r\u00eat et des v\u0153ux des jeunes filles accueillies.<\/span><\/p>\n<div id='gallery-1' class='gallery galleryid-2233 gallery-columns-3 gallery-size-medium'><figure class='gallery-item'>\n\t\t\t<div class='gallery-icon landscape'>\n\t\t\t\t<img loading=\"lazy\" decoding=\"async\" width=\"300\" height=\"225\" src=\"https:\/\/www.kananas.com\/myassociation962\/wp-content\/uploads\/sites\/280\/2019\/12\/Relais-ados-filles-2019-11-4-300x225.jpg\" class=\"attachment-medium size-medium\" alt=\"\" srcset=\"https:\/\/www.kananas.com\/myassociation962\/wp-content\/uploads\/sites\/280\/2019\/12\/Relais-ados-filles-2019-11-4-300x225.jpg 300w, https:\/\/www.kananas.com\/myassociation962\/wp-content\/uploads\/sites\/280\/2019\/12\/Relais-ados-filles-2019-11-4-1024x768.jpg 1024w, https:\/\/www.kananas.com\/myassociation962\/wp-content\/uploads\/sites\/280\/2019\/12\/Relais-ados-filles-2019-11-4-768x576.jpg 768w, https:\/\/www.kananas.com\/myassociation962\/wp-content\/uploads\/sites\/280\/2019\/12\/Relais-ados-filles-2019-11-4-1536x1153.jpg 1536w, https:\/\/www.kananas.com\/myassociation962\/wp-content\/uploads\/sites\/280\/2019\/12\/Relais-ados-filles-2019-11-4.jpg 1599w\" sizes=\"auto, (max-width: 300px) 100vw, 300px\" \/>\n\t\t\t<\/div><\/figure><figure class='gallery-item'>\n\t\t\t<div class='gallery-icon landscape'>\n\t\t\t\t<img loading=\"lazy\" decoding=\"async\" width=\"300\" height=\"225\" src=\"https:\/\/www.kananas.com\/myassociation962\/wp-content\/uploads\/sites\/280\/2019\/12\/Relais-ados-filles-2019-11-1-300x225.jpg\" class=\"attachment-medium size-medium\" alt=\"\" srcset=\"https:\/\/www.kananas.com\/myassociation962\/wp-content\/uploads\/sites\/280\/2019\/12\/Relais-ados-filles-2019-11-1-300x225.jpg 300w, https:\/\/www.kananas.com\/myassociation962\/wp-content\/uploads\/sites\/280\/2019\/12\/Relais-ados-filles-2019-11-1-1024x768.jpg 1024w, https:\/\/www.kananas.com\/myassociation962\/wp-content\/uploads\/sites\/280\/2019\/12\/Relais-ados-filles-2019-11-1-768x576.jpg 768w, https:\/\/www.kananas.com\/myassociation962\/wp-content\/uploads\/sites\/280\/2019\/12\/Relais-ados-filles-2019-11-1-1536x1153.jpg 1536w, https:\/\/www.kananas.com\/myassociation962\/wp-content\/uploads\/sites\/280\/2019\/12\/Relais-ados-filles-2019-11-1.jpg 1599w\" sizes=\"auto, (max-width: 300px) 100vw, 300px\" \/>\n\t\t\t<\/div><\/figure><figure class='gallery-item'>\n\t\t\t<div class='gallery-icon landscape'>\n\t\t\t\t<img loading=\"lazy\" decoding=\"async\" width=\"300\" height=\"212\" src=\"https:\/\/www.kananas.com\/myassociation962\/wp-content\/uploads\/sites\/280\/2019\/12\/Capture-d\u2019e\u0301cran-2019-12-08-a\u0300-10.46.37-300x212.png\" class=\"attachment-medium size-medium\" alt=\"\" srcset=\"https:\/\/www.kananas.com\/myassociation962\/wp-content\/uploads\/sites\/280\/2019\/12\/Capture-d\u2019e\u0301cran-2019-12-08-a\u0300-10.46.37-300x212.png 300w, https:\/\/www.kananas.com\/myassociation962\/wp-content\/uploads\/sites\/280\/2019\/12\/Capture-d\u2019e\u0301cran-2019-12-08-a\u0300-10.46.37-768x543.png 768w, https:\/\/www.kananas.com\/myassociation962\/wp-content\/uploads\/sites\/280\/2019\/12\/Capture-d\u2019e\u0301cran-2019-12-08-a\u0300-10.46.37.png 955w\" sizes=\"auto, (max-width: 300px) 100vw, 300px\" \/>\n\t\t\t<\/div><\/figure>\n\t\t<\/div>\n\n<p><b><i>Le relais ados gar\u00e7ons<\/i><\/b><span style=\"font-weight: 400\">, install\u00e9 dans un pavillon de Gagny, d\u2019une capacit\u00e9 de 6 places, accueille dans l\u2019urgence, \u00e0 la demande du Service d\u2019Intervention Sp\u00e9cialis\u00e9 (SIS), des gar\u00e7ons de de huit \u00e0 dix-sept ans, en difficult\u00e9s sociales et familiales, pour une p\u00e9riode d\u2019\u00e9valuation de quelques mois avant une orientation au mieux de l\u2019int\u00e9r\u00eat et des v\u0153ux des jeunes gar\u00e7ons accueillis.<\/span><\/p>\n<div id='gallery-2' class='gallery galleryid-2233 gallery-columns-3 gallery-size-medium'><figure class='gallery-item'>\n\t\t\t<div class='gallery-icon landscape'>\n\t\t\t\t<img loading=\"lazy\" decoding=\"async\" width=\"300\" height=\"225\" src=\"https:\/\/www.kananas.com\/myassociation962\/wp-content\/uploads\/sites\/280\/2019\/12\/Relais-ado-garc\u0327ons-2019-11-3-300x225.jpg\" class=\"attachment-medium size-medium\" alt=\"\" aria-describedby=\"gallery-2-4771\" srcset=\"https:\/\/www.kananas.com\/myassociation962\/wp-content\/uploads\/sites\/280\/2019\/12\/Relais-ado-garc\u0327ons-2019-11-3-300x225.jpg 300w, https:\/\/www.kananas.com\/myassociation962\/wp-content\/uploads\/sites\/280\/2019\/12\/Relais-ado-garc\u0327ons-2019-11-3-1024x768.jpg 1024w, https:\/\/www.kananas.com\/myassociation962\/wp-content\/uploads\/sites\/280\/2019\/12\/Relais-ado-garc\u0327ons-2019-11-3-768x576.jpg 768w, https:\/\/www.kananas.com\/myassociation962\/wp-content\/uploads\/sites\/280\/2019\/12\/Relais-ado-garc\u0327ons-2019-11-3-1536x1152.jpg 1536w, https:\/\/www.kananas.com\/myassociation962\/wp-content\/uploads\/sites\/280\/2019\/12\/Relais-ado-garc\u0327ons-2019-11-3.jpg 1600w\" sizes=\"auto, (max-width: 300px) 100vw, 300px\" \/>\n\t\t\t<\/div>\n\t\t\t\t<figcaption class='wp-caption-text gallery-caption' id='gallery-2-4771'>\n\t\t\t\tLe relais ados gar\u00e7ons\n\t\t\t\t<\/figcaption><\/figure><figure class='gallery-item'>\n\t\t\t<div class='gallery-icon landscape'>\n\t\t\t\t<img loading=\"lazy\" decoding=\"async\" width=\"300\" height=\"225\" src=\"https:\/\/www.kananas.com\/myassociation962\/wp-content\/uploads\/sites\/280\/2019\/12\/Relais-ado-garc\u0327ons-2019-11-1-300x225.jpg\" class=\"attachment-medium size-medium\" alt=\"\" aria-describedby=\"gallery-2-4773\" srcset=\"https:\/\/www.kananas.com\/myassociation962\/wp-content\/uploads\/sites\/280\/2019\/12\/Relais-ado-garc\u0327ons-2019-11-1-300x225.jpg 300w, https:\/\/www.kananas.com\/myassociation962\/wp-content\/uploads\/sites\/280\/2019\/12\/Relais-ado-garc\u0327ons-2019-11-1-1024x768.jpg 1024w, https:\/\/www.kananas.com\/myassociation962\/wp-content\/uploads\/sites\/280\/2019\/12\/Relais-ado-garc\u0327ons-2019-11-1-768x576.jpg 768w, https:\/\/www.kananas.com\/myassociation962\/wp-content\/uploads\/sites\/280\/2019\/12\/Relais-ado-garc\u0327ons-2019-11-1-1536x1152.jpg 1536w, https:\/\/www.kananas.com\/myassociation962\/wp-content\/uploads\/sites\/280\/2019\/12\/Relais-ado-garc\u0327ons-2019-11-1.jpg 1600w\" sizes=\"auto, (max-width: 300px) 100vw, 300px\" \/>\n\t\t\t<\/div>\n\t\t\t\t<figcaption class='wp-caption-text gallery-caption' id='gallery-2-4773'>\n\t\t\t\tle salon\n\t\t\t\t<\/figcaption><\/figure><figure class='gallery-item'>\n\t\t\t<div class='gallery-icon landscape'>\n\t\t\t\t<img loading=\"lazy\" decoding=\"async\" width=\"300\" height=\"225\" src=\"https:\/\/www.kananas.com\/myassociation962\/wp-content\/uploads\/sites\/280\/2019\/12\/Relais-ado-garc\u0327ons-2019-11-2-300x225.jpg\" class=\"attachment-medium size-medium\" alt=\"\" aria-describedby=\"gallery-2-4772\" srcset=\"https:\/\/www.kananas.com\/myassociation962\/wp-content\/uploads\/sites\/280\/2019\/12\/Relais-ado-garc\u0327ons-2019-11-2-300x225.jpg 300w, https:\/\/www.kananas.com\/myassociation962\/wp-content\/uploads\/sites\/280\/2019\/12\/Relais-ado-garc\u0327ons-2019-11-2-1024x768.jpg 1024w, https:\/\/www.kananas.com\/myassociation962\/wp-content\/uploads\/sites\/280\/2019\/12\/Relais-ado-garc\u0327ons-2019-11-2-768x576.jpg 768w, https:\/\/www.kananas.com\/myassociation962\/wp-content\/uploads\/sites\/280\/2019\/12\/Relais-ado-garc\u0327ons-2019-11-2-1536x1152.jpg 1536w, https:\/\/www.kananas.com\/myassociation962\/wp-content\/uploads\/sites\/280\/2019\/12\/Relais-ado-garc\u0327ons-2019-11-2.jpg 1600w\" sizes=\"auto, (max-width: 300px) 100vw, 300px\" \/>\n\t\t\t<\/div>\n\t\t\t\t<figcaption class='wp-caption-text gallery-caption' id='gallery-2-4772'>\n\t\t\t\tsalle \u00e0 manger, une belle pi\u00e8ce \u00e0 vivre\n\t\t\t\t<\/figcaption><\/figure>\n\t\t<\/div>\n\n","protected":false},"excerpt":{"rendered":"<p>Le relais ados filles, install\u00e9 dans un pavillon de Montfermeil, d\u2019une capacit\u00e9 de 6 places, accueille dans l\u2019urgence, \u00e0 la<\/p>\n","protected":false},"author":288,"featured_media":0,"parent":564,"menu_order":0,"comment_status":"closed","ping_status":"closed","template":"","meta":{"colormag_page_container_layout":"default_layout","colormag_page_sidebar_layout":"default_layout","_crdt_document":"","footnotes":""},"class_list":["post-2233","page","type-page","status-publish","hentry"],"_links":{"self":[{"href":"https:\/\/www.kananas.com\/myassociation962\/wp-json\/wp\/v2\/pages\/2233","targetHints":{"allow":["GET"]}}],"collection":[{"href":"https:\/\/www.kananas.com\/myassociation962\/wp-json\/wp\/v2\/pages"}],"about":[{"href":"https:\/\/www.kananas.com\/myassociation962\/wp-json\/wp\/v2\/types\/page"}],"author":[{"embeddable":true,"href":"https:\/\/www.kananas.com\/myassociation962\/wp-json\/wp\/v2\/users\/288"}],"replies":[{"embeddable":true,"href":"https:\/\/www.kananas.com\/myassociation962\/wp-json\/wp\/v2\/comments?post=2233"}],"version-history":[{"count":26,"href":"https:\/\/www.kananas.com\/myassociation962\/wp-json\/wp\/v2\/pages\/2233\/revisions"}],"predecessor-version":[{"id":5191,"href":"https:\/\/www.kananas.com\/myassociation962\/wp-json\/wp\/v2\/pages\/2233\/revisions\/5191"}],"up":[{"embeddable":true,"href":"https:\/\/www.kananas.com\/myassociation962\/wp-json\/wp\/v2\/pages\/564"}],"wp:attachment":[{"href":"https:\/\/www.kananas.com\/myassociation962\/wp-json\/wp\/v2\/media?parent=2233"}],"curies":[{"name":"wp","href":"https:\/\/api.w.org\/{rel}","templated":true}]}}