{"id":2494,"date":"2017-10-12T18:37:10","date_gmt":"2017-10-12T16:37:10","guid":{"rendered":"http:\/\/www.kananas.com\/myassociation962\/?page_id=2494"},"modified":"2020-11-14T16:47:16","modified_gmt":"2020-11-14T15:47:16","slug":"marie-foilaine-desolneux","status":"publish","type":"page","link":"https:\/\/www.kananas.com\/myassociation962\/siege-administratif\/marie-foilaine-desolneux\/","title":{"rendered":"Le module  Marie-Foilaine Desolneux"},"content":{"rendered":"<div style=\"text-align: center\">\n<p><b>Accueil de jeunes filles et gar\u00e7ons de 8 \u00e0 21 ans<\/b><\/p>\n<\/div>\n<div style=\"text-align: center\">\n<p style=\"text-align: justify\"><span style=\"font-weight: 400\">La maison <\/span><i><span style=\"font-weight: 400\">Marie Foilaine Desolneux<\/span><\/i><span style=\"font-weight: 400\"> accueille des gar\u00e7ons et des filles, notamment des fratries, plac\u00e9s soit par mandat administratif (article 375 du code civil) soit par mandat judiciaire (ordonnance du 2 f\u00e9vrier 1945).<\/span><\/p>\n<p style=\"text-align: justify\"><span style=\"font-weight: 400\">Internat ouvert tous les jours de l\u2019ann\u00e9e 24h sur 24h, elle dispose de <\/span><span style=\"font-weight: 400\">26 <\/span><span style=\"font-weight: 400\">places et les jeunes accueillis ont entre 8 et 18 ans, avec des projets scolaires ou professionnels \u00e0 construire mais surtout avec des difficult\u00e9s d\u2019ordre familial ou social.<\/span><\/p>\n<p style=\"text-align: justify\"><span style=\"font-weight: 400\">Dans un premier temps ces jeunes se posent dans un cadre s\u00e9curisant et rep\u00e9rant. Le second temps consiste \u00e0 les aider \u00e0 se construire ou \u00e0 se reconstruire gr\u00e2ce au soutien de l\u2019\u00e9quipe \u00e9ducative.<\/span><\/p>\n<p style=\"text-align: justify\"><span style=\"font-weight: 400\">Certains b\u00e9n\u00e9ficient d\u2019une protection jeune majeur lorsqu\u2019ils souhaitent une aide et un soutien pour concr\u00e9tiser leur projet professionnel.<\/span><\/p>\n<\/div>\n<div style=\"text-align: center\">\n<p style=\"text-align: justify\"><span style=\"font-weight: 400\">De fait, cela n\u00e9cessite un accompagnement \u00e9ducatif afin de pr\u00e9parer ces jeunes \u00e0 l\u2019autonomie. Pour cela, deux \u00e9ducatrices ou \u00e9ducateurs se chargent d\u2019accompagner nos grands mineurs et jeunes majeurs dans des appartements partag\u00e9s. La prise en charge est dans la continuit\u00e9 de celle de la structure.<\/span><\/p>\n<\/div>\n<p>&nbsp;<\/p>\n<p>&nbsp;<\/p>\n<div id='gallery-1' class='gallery galleryid-2494 gallery-columns-2 gallery-size-medium'><figure class='gallery-item'>\n\t\t\t<div class='gallery-icon landscape'>\n\t\t\t\t<img loading=\"lazy\" decoding=\"async\" width=\"160\" height=\"120\" src=\"https:\/\/www.kananas.com\/myassociation962\/wp-content\/uploads\/sites\/280\/2017\/02\/foilaine_desolneux_vignette-e1575800297202.jpg\" class=\"attachment-medium size-medium\" alt=\"\" aria-describedby=\"gallery-1-64\" \/>\n\t\t\t<\/div>\n\t\t\t\t<figcaption class='wp-caption-text gallery-caption' id='gallery-1-64'>\n\t\t\t\tFoyer Marie-Foilaine Desolneux\n\t\t\t\t<\/figcaption><\/figure><figure class='gallery-item'>\n\t\t\t<div class='gallery-icon landscape'>\n\t\t\t\t<img loading=\"lazy\" decoding=\"async\" width=\"300\" height=\"222\" src=\"https:\/\/www.kananas.com\/myassociation962\/wp-content\/uploads\/sites\/280\/2017\/10\/Capture-du-2017-10-25-14-48-55-300x222.png\" class=\"attachment-medium size-medium\" alt=\"\" aria-describedby=\"gallery-1-3193\" srcset=\"https:\/\/www.kananas.com\/myassociation962\/wp-content\/uploads\/sites\/280\/2017\/10\/Capture-du-2017-10-25-14-48-55-300x222.png 300w, https:\/\/www.kananas.com\/myassociation962\/wp-content\/uploads\/sites\/280\/2017\/10\/Capture-du-2017-10-25-14-48-55-768x569.png 768w, https:\/\/www.kananas.com\/myassociation962\/wp-content\/uploads\/sites\/280\/2017\/10\/Capture-du-2017-10-25-14-48-55.png 844w\" sizes=\"auto, (max-width: 300px) 100vw, 300px\" \/>\n\t\t\t<\/div>\n\t\t\t\t<figcaption class='wp-caption-text gallery-caption' id='gallery-1-3193'>\n\t\t\t\tFa\u00e7ade  du foyer (vue arri\u00e8re)\n\t\t\t\t<\/figcaption><\/figure>\n\t\t<\/div>\n\n","protected":false},"excerpt":{"rendered":"<p>Accueil de jeunes filles et gar\u00e7ons de 8 \u00e0 21 ans La maison Marie Foilaine Desolneux accueille des gar\u00e7ons et<\/p>\n","protected":false},"author":288,"featured_media":0,"parent":564,"menu_order":0,"comment_status":"closed","ping_status":"closed","template":"","meta":{"colormag_page_container_layout":"default_layout","colormag_page_sidebar_layout":"default_layout","_crdt_document":"","footnotes":""},"class_list":["post-2494","page","type-page","status-publish","hentry"],"_links":{"self":[{"href":"https:\/\/www.kananas.com\/myassociation962\/wp-json\/wp\/v2\/pages\/2494","targetHints":{"allow":["GET"]}}],"collection":[{"href":"https:\/\/www.kananas.com\/myassociation962\/wp-json\/wp\/v2\/pages"}],"about":[{"href":"https:\/\/www.kananas.com\/myassociation962\/wp-json\/wp\/v2\/types\/page"}],"author":[{"embeddable":true,"href":"https:\/\/www.kananas.com\/myassociation962\/wp-json\/wp\/v2\/users\/288"}],"replies":[{"embeddable":true,"href":"https:\/\/www.kananas.com\/myassociation962\/wp-json\/wp\/v2\/comments?post=2494"}],"version-history":[{"count":29,"href":"https:\/\/www.kananas.com\/myassociation962\/wp-json\/wp\/v2\/pages\/2494\/revisions"}],"predecessor-version":[{"id":5182,"href":"https:\/\/www.kananas.com\/myassociation962\/wp-json\/wp\/v2\/pages\/2494\/revisions\/5182"}],"up":[{"embeddable":true,"href":"https:\/\/www.kananas.com\/myassociation962\/wp-json\/wp\/v2\/pages\/564"}],"wp:attachment":[{"href":"https:\/\/www.kananas.com\/myassociation962\/wp-json\/wp\/v2\/media?parent=2494"}],"curies":[{"name":"wp","href":"https:\/\/api.w.org\/{rel}","templated":true}]}}