{"id":3166,"date":"2025-11-27T08:28:28","date_gmt":"2025-11-27T07:28:28","guid":{"rendered":"http:\/\/www.kananas.com\/myassociation962\/?page_id=3166"},"modified":"2025-11-27T10:23:19","modified_gmt":"2025-11-27T09:23:19","slug":"accueil-3","status":"publish","type":"page","link":"https:\/\/www.kananas.com\/myassociation962\/","title":{"rendered":"L\u2019Association en quelques mots&#8230;"},"content":{"rendered":"<div class=\"entry-content clearfix\">\n<div id=\"secondary\"><\/div>\n<\/div>\n<article id=\"post-1782\" class=\"post-1782 page type-page status-publish hentry\">\n<div class=\"para1\" style=\"text-align: justify\">\n<p style=\"text-align: justify\">L\u2019Association d\u2019Education et de Protection Concorde est n\u00e9e le 2O Mars 1969 \u00e0 MONTFERMEIL de la volont\u00e9 d\u2019un petit groupe de particuliers et de personnalit\u00e9s sensibles \u00e0 la situation des jeunes en difficult\u00e9 d\u2019insertion sociale.<\/p>\n<\/div>\n<div class=\"para1\" style=\"text-align: justify\">\n<p>C\u2019est ainsi qu\u2019un club de pr\u00e9vention s\u2019est ouvert en plein c\u0153ur de la Cit\u00e9 des Bosquets. Mais tr\u00e8s vite est apparue la n\u00e9cessit\u00e9 d\u2019aller plus loin et d\u2019accueillir des jeunes de fa\u00e7on plus permanente. Quatre appartements sont alors ouverts pouvant h\u00e9berger vingt-cinq enfants.<\/p>\n<p>Ils ont laiss\u00e9 la place progressivement \u00e0 un foyer avenue Perdrig\u00e9 \u00e0 Montfermeil pour des adolescents en formation professionnelle ou en apprentissage puis \u00e0 un foyer scolaire avenue Chevreul recevant des enfants d\u00e8s l\u2019\u00e2ge de huit ans, normalement scolaris\u00e9s dans les \u00e9tablissements scolaires des environs.<\/p>\n<p>L\u2019Association n\u2019a, alors, cess\u00e9 de se d\u00e9velopper et accueille aujourd\u2019hui pr\u00e8s de cent quatre vingts gar\u00e7ons et filles, mineurs et jeunes majeurs, fran\u00e7ais et \u00e9trangers dans ses maisons de Montfermeil, Gagny, Villemomble et Coubron.<\/p>\n<p>Investie d\u2019une v\u00e9ritable mission d\u2019int\u00e9r\u00eat g\u00e9n\u00e9ral par les autorit\u00e9s publiques, elle est habilit\u00e9e au titre de l\u2019assistance \u00e9ducative en vertu des articles 375 et suivants du Code Civil par l\u2019Etat, Minist\u00e8re de la Justice, et le D\u00e9partement de la Seine Saint-Denis ainsi qu\u2019au titre de l\u2019Ordonnance du 2 F\u00e9vrier 1945 relative \u00e0 l\u2019Enfance d\u00e9linquante.<\/p>\n<p>Ses \u00e9tablissements, d\u00e9nomm\u00e9s \u00ab\u00a0 maisons d\u2019enfants \u00e0 caract\u00e8re social \u00bb, ont vu passer en presque cinquante ans pr\u00e8s de deux mille neuf cents jeunes pour des p\u00e9riodes pouvant aller jusqu\u2019\u00e0 plusieurs ann\u00e9es. \u00a0Ce sont, actuellement, plus de deux cents salari\u00e9s qui y travaillent quotidiennement.<\/p>\n<p>L\u2019Association professe des valeurs \u00a0de respect des personnes, de tol\u00e9rance, d\u2019accueil et de refus de l\u2019exclusion sous toutes ses formes. Nous voulons que nos maisons soient des lieux d\u2019\u00e9mergence et d\u2019\u00e9panouissement des potentialit\u00e9s physiques, morales, affectives, intellectuelles de nos jeunes par la confrontation permanente aux autres, \u00e0 l\u2019adulte r\u00e9f\u00e9rent, \u00e0 l\u2019autorit\u00e9. L\u2019apprentissage de la vie sociale et de la libert\u00e9, la pr\u00e9paration \u00e0 l\u2019autonomie, l\u2019\u00e9ducation \u00e0 la citoyennet\u00e9 sont autant de pistes sur lesquelles ils sont accompagn\u00e9s par des professionnels comp\u00e9tents et attentifs.<\/p>\n<p>L\u2019Association compte environ \u00a0cent cinquante adh\u00e9rents et bien plus encore de sympathisants. Elle publie une lettre semestrielle \u00e9dit\u00e9e \u00e0 plus de \u00a0sept cents exemplaires, destin\u00e9e a de nombreux amis, partenaires, ses personnels ainsi qu\u2019aux diverses autorit\u00e9s publiques administratives et judiciaires et aux \u00e9lus.<\/p>\n<p>Elle est administr\u00e9e par un Conseil d\u2019Administration de quinze \u00e0 dix-huit membres \u00e9lus par l\u2019Assembl\u00e9e G\u00e9n\u00e9rale pour trois ans. Le Conseil est renouvelable par tiers chaque ann\u00e9e. Il se r\u00e9unit tous les deux mois en alternance avec le Bureau.<\/p>\n<\/div>\n<div class=\"para1\" style=\"text-align: justify\">\n<p style=\"text-align: right\">Novembre 2025<\/p>\n<\/div>\n<\/article>\n","protected":false},"excerpt":{"rendered":"<p>L\u2019Association d\u2019Education et de Protection Concorde est n\u00e9e le 2O Mars 1969 \u00e0 MONTFERMEIL de la volont\u00e9 d\u2019un petit groupe<\/p>\n","protected":false},"author":288,"featured_media":0,"parent":0,"menu_order":0,"comment_status":"closed","ping_status":"closed","template":"","meta":{"colormag_page_container_layout":"default_layout","colormag_page_sidebar_layout":"default_layout","_crdt_document":"","footnotes":""},"class_list":["post-3166","page","type-page","status-publish","hentry"],"_links":{"self":[{"href":"https:\/\/www.kananas.com\/myassociation962\/wp-json\/wp\/v2\/pages\/3166","targetHints":{"allow":["GET"]}}],"collection":[{"href":"https:\/\/www.kananas.com\/myassociation962\/wp-json\/wp\/v2\/pages"}],"about":[{"href":"https:\/\/www.kananas.com\/myassociation962\/wp-json\/wp\/v2\/types\/page"}],"author":[{"embeddable":true,"href":"https:\/\/www.kananas.com\/myassociation962\/wp-json\/wp\/v2\/users\/288"}],"replies":[{"embeddable":true,"href":"https:\/\/www.kananas.com\/myassociation962\/wp-json\/wp\/v2\/comments?post=3166"}],"version-history":[{"count":10,"href":"https:\/\/www.kananas.com\/myassociation962\/wp-json\/wp\/v2\/pages\/3166\/revisions"}],"predecessor-version":[{"id":7102,"href":"https:\/\/www.kananas.com\/myassociation962\/wp-json\/wp\/v2\/pages\/3166\/revisions\/7102"}],"wp:attachment":[{"href":"https:\/\/www.kananas.com\/myassociation962\/wp-json\/wp\/v2\/media?parent=3166"}],"curies":[{"name":"wp","href":"https:\/\/api.w.org\/{rel}","templated":true}]}}