{"id":4791,"date":"2019-12-08T11:01:03","date_gmt":"2019-12-08T10:01:03","guid":{"rendered":"http:\/\/www.kananas.com\/myassociation962\/?page_id=4791"},"modified":"2023-01-07T11:37:00","modified_gmt":"2023-01-07T10:37:00","slug":"la-plate-forme-filles-et-garcons-du-monde","status":"publish","type":"page","link":"https:\/\/www.kananas.com\/myassociation962\/la-plate-forme-filles-et-garcons-du-monde\/","title":{"rendered":"La plate-forme Filles et Gar\u00e7ons du Monde (PFGM)"},"content":{"rendered":"<p><span style=\"font-weight: 400\">Ouverte le 1er avril 2019, la plate-forme <\/span><b><i>\u00ab\u00a0Filles et Gar\u00e7ons du Monde<\/i><\/b><b>\u00a0\u00bb<\/b><span style=\"font-weight: 400\"> est habilit\u00e9e pour assurer l\u2019accueil et le suivi de 100 mineurs et jeunes majeurs non accompagn\u00e9s. Ses bureaux sont install\u00e9s \u00e0 Montfermeil. Les jeunes sont accueillis dans l\u2019Unit\u00e9 d\u2019H\u00e9bergement Collectif puis en appartements partag\u00e9s diffus.<\/span><\/p>\n<p><span style=\"font-weight: 400\">La Plateforme Filles et Gar\u00e7ons du Monde r\u00e9pond aux besoins sp\u00e9cifiques des Mineurs Non Accompagn\u00e9s par\u00a0:<\/span><\/p>\n<ul>\n<li style=\"list-style-type: none\">\n<ul style=\"list-style-type: disc\">\n<li style=\"font-weight: 400\"><span style=\"font-weight: 400\">la prise en compte de la particularit\u00e9 de leur origine et v\u00e9cu, en privil\u00e9giant leur parcours migratoire et des traumatismes physiques et\/ou psychiques associ\u00e9s,\u00a0<\/span><\/li>\n<li style=\"font-weight: 400\"><span style=\"font-weight: 400\">la vigilance port\u00e9e \u00e0 leur int\u00e9gration sur le territoire, en pr\u00e9venant toute forme de ghetto\u00efsation et en privil\u00e9giant leur autonomisation,<\/span><\/li>\n<li style=\"font-weight: 400\"><span style=\"font-weight: 400\">l\u2019action pour une insertion scolaire ou professionnelle et une r\u00e9gularisation administrative.<\/span><\/li>\n<\/ul>\n<\/li>\n<\/ul>\n<ul>\n<li style=\"list-style-type: none\"><\/li>\n<\/ul>\n<ul>\n<li style=\"list-style-type: none\"><\/li>\n<\/ul>\n<p><span style=\"font-weight: 400\">Les \u00e9quipes\u00a0:<\/span><\/p>\n<ul>\n<li style=\"list-style-type: none\">\n<ul style=\"list-style-type: disc\">\n<li><b>P\u00f4le Insertion\u00a0:<\/b><span style=\"font-weight: 400\"> charg\u00e9s d\u2019insertion, intervenants scolaires. <\/span>Cours de Fran\u00e7ais Langue Etrang\u00e8re (FLE), soutien scolaire et suivi individuel des parcours d\u2019insertion.<\/li>\n<li><b>P\u00f4le Sant\u00e9\u00a0:<\/b><span style=\"font-weight: 400\"> infirmiers, psychologues et aides-soignants. <\/span>Bilan et suivi individuel de sant\u00e9.<\/li>\n<li><b>P\u00f4le \u00e9ducatif\u00a0: <\/b><span style=\"font-weight: 400\">travailleurs sociaux. <\/span>Accompagnement \u00e9ducatif et r\u00e9gularisation administrative.<\/li>\n<li><b style=\"text-align: justify\">Unit\u00e9 d\u2019H\u00e9bergement Collectif : <\/b><span style=\"font-weight: 400\">ma\u00eetresse de maison, \u00e9ducateurs et surveillants de nuit pour les admissions des nouveaux jeunes dans le service et le suivi des plus fragiles.<\/span><\/li>\n<\/ul>\n<\/li>\n<\/ul>\n<ul>\n<li style=\"list-style-type: none\"><\/li>\n<\/ul>\n<ul>\n<li style=\"list-style-type: none\"><\/li>\n<\/ul>\n<figure id=\"attachment_6108\" aria-describedby=\"caption-attachment-6108\" style=\"width: 527px\" class=\"wp-caption aligncenter\"><img loading=\"lazy\" decoding=\"async\" class=\"wp-image-6108\" src=\"https:\/\/www.kananas.com\/myassociation962\/wp-content\/uploads\/sites\/280\/2022\/12\/2022-12-PFGM-La-maison-des-Pivoines1-scaled.jpg\" alt=\"\" width=\"527\" height=\"396\" srcset=\"https:\/\/www.kananas.com\/myassociation962\/wp-content\/uploads\/sites\/280\/2022\/12\/2022-12-PFGM-La-maison-des-Pivoines1-scaled.jpg 2560w, https:\/\/www.kananas.com\/myassociation962\/wp-content\/uploads\/sites\/280\/2022\/12\/2022-12-PFGM-La-maison-des-Pivoines1-300x225.jpg 300w, https:\/\/www.kananas.com\/myassociation962\/wp-content\/uploads\/sites\/280\/2022\/12\/2022-12-PFGM-La-maison-des-Pivoines1-1024x768.jpg 1024w, https:\/\/www.kananas.com\/myassociation962\/wp-content\/uploads\/sites\/280\/2022\/12\/2022-12-PFGM-La-maison-des-Pivoines1-768x576.jpg 768w, https:\/\/www.kananas.com\/myassociation962\/wp-content\/uploads\/sites\/280\/2022\/12\/2022-12-PFGM-La-maison-des-Pivoines1-1536x1152.jpg 1536w, https:\/\/www.kananas.com\/myassociation962\/wp-content\/uploads\/sites\/280\/2022\/12\/2022-12-PFGM-La-maison-des-Pivoines1-2048x1536.jpg 2048w\" sizes=\"auto, (max-width: 527px) 100vw, 527px\" \/><figcaption id=\"caption-attachment-6108\" class=\"wp-caption-text\">La maison des Pivoines<\/figcaption><\/figure>\n<figure id=\"attachment_6109\" aria-describedby=\"caption-attachment-6109\" style=\"width: 530px\" class=\"wp-caption aligncenter\"><img loading=\"lazy\" decoding=\"async\" class=\"wp-image-6109\" title=\"La maison des Myosotis\" src=\"https:\/\/www.kananas.com\/myassociation962\/wp-content\/uploads\/sites\/280\/2022\/12\/PFGM-la-maison-des-Myosotis1-scaled.jpg\" alt=\"\" width=\"530\" height=\"298\" srcset=\"https:\/\/www.kananas.com\/myassociation962\/wp-content\/uploads\/sites\/280\/2022\/12\/PFGM-la-maison-des-Myosotis1-scaled.jpg 2560w, https:\/\/www.kananas.com\/myassociation962\/wp-content\/uploads\/sites\/280\/2022\/12\/PFGM-la-maison-des-Myosotis1-300x169.jpg 300w, https:\/\/www.kananas.com\/myassociation962\/wp-content\/uploads\/sites\/280\/2022\/12\/PFGM-la-maison-des-Myosotis1-1024x576.jpg 1024w, https:\/\/www.kananas.com\/myassociation962\/wp-content\/uploads\/sites\/280\/2022\/12\/PFGM-la-maison-des-Myosotis1-768x432.jpg 768w, https:\/\/www.kananas.com\/myassociation962\/wp-content\/uploads\/sites\/280\/2022\/12\/PFGM-la-maison-des-Myosotis1-1536x864.jpg 1536w, https:\/\/www.kananas.com\/myassociation962\/wp-content\/uploads\/sites\/280\/2022\/12\/PFGM-la-maison-des-Myosotis1-2048x1152.jpg 2048w\" sizes=\"auto, (max-width: 530px) 100vw, 530px\" \/><figcaption id=\"caption-attachment-6109\" class=\"wp-caption-text\">La maison des Myosotis<\/figcaption><\/figure>\n<figure id=\"attachment_6136\" aria-describedby=\"caption-attachment-6136\" style=\"width: 530px\" class=\"wp-caption aligncenter\"><img loading=\"lazy\" decoding=\"async\" class=\" wp-image-6136\" src=\"https:\/\/www.kananas.com\/myassociation962\/wp-content\/uploads\/sites\/280\/2022\/12\/59346947-52C5-4E69-8239-98435EDB5B7A-rotated.jpeg\" alt=\"\" width=\"530\" height=\"707\" srcset=\"https:\/\/www.kananas.com\/myassociation962\/wp-content\/uploads\/sites\/280\/2022\/12\/59346947-52C5-4E69-8239-98435EDB5B7A-rotated.jpeg 1728w, https:\/\/www.kananas.com\/myassociation962\/wp-content\/uploads\/sites\/280\/2022\/12\/59346947-52C5-4E69-8239-98435EDB5B7A-225x300.jpeg 225w, https:\/\/www.kananas.com\/myassociation962\/wp-content\/uploads\/sites\/280\/2022\/12\/59346947-52C5-4E69-8239-98435EDB5B7A-768x1024.jpeg 768w, https:\/\/www.kananas.com\/myassociation962\/wp-content\/uploads\/sites\/280\/2022\/12\/59346947-52C5-4E69-8239-98435EDB5B7A-1152x1536.jpeg 1152w, https:\/\/www.kananas.com\/myassociation962\/wp-content\/uploads\/sites\/280\/2022\/12\/59346947-52C5-4E69-8239-98435EDB5B7A-1536x2048.jpeg 1536w\" sizes=\"auto, (max-width: 530px) 100vw, 530px\" \/><figcaption id=\"caption-attachment-6136\" class=\"wp-caption-text\">Unit\u00e9 d&rsquo;h\u00e9bergement collectif \u00e0 Clichy-sous-Bois<\/figcaption><\/figure>\n","protected":false},"excerpt":{"rendered":"<p>Ouverte le 1er avril 2019, la plate-forme \u00ab\u00a0Filles et Gar\u00e7ons du Monde\u00a0\u00bb est habilit\u00e9e pour assurer l\u2019accueil et le suivi<\/p>\n","protected":false},"author":288,"featured_media":0,"parent":0,"menu_order":0,"comment_status":"closed","ping_status":"closed","template":"","meta":{"colormag_page_container_layout":"default_layout","colormag_page_sidebar_layout":"default_layout","_crdt_document":"","footnotes":""},"class_list":["post-4791","page","type-page","status-publish","hentry"],"_links":{"self":[{"href":"https:\/\/www.kananas.com\/myassociation962\/wp-json\/wp\/v2\/pages\/4791","targetHints":{"allow":["GET"]}}],"collection":[{"href":"https:\/\/www.kananas.com\/myassociation962\/wp-json\/wp\/v2\/pages"}],"about":[{"href":"https:\/\/www.kananas.com\/myassociation962\/wp-json\/wp\/v2\/types\/page"}],"author":[{"embeddable":true,"href":"https:\/\/www.kananas.com\/myassociation962\/wp-json\/wp\/v2\/users\/288"}],"replies":[{"embeddable":true,"href":"https:\/\/www.kananas.com\/myassociation962\/wp-json\/wp\/v2\/comments?post=4791"}],"version-history":[{"count":15,"href":"https:\/\/www.kananas.com\/myassociation962\/wp-json\/wp\/v2\/pages\/4791\/revisions"}],"predecessor-version":[{"id":6204,"href":"https:\/\/www.kananas.com\/myassociation962\/wp-json\/wp\/v2\/pages\/4791\/revisions\/6204"}],"wp:attachment":[{"href":"https:\/\/www.kananas.com\/myassociation962\/wp-json\/wp\/v2\/media?parent=4791"}],"curies":[{"name":"wp","href":"https:\/\/api.w.org\/{rel}","templated":true}]}}