{"id":598,"date":"2017-03-10T15:40:42","date_gmt":"2017-03-10T14:40:42","guid":{"rendered":"http:\/\/www.kananas.com\/myassociation962\/?page_id=598"},"modified":"2023-10-09T18:29:27","modified_gmt":"2023-10-09T16:29:27","slug":"aepc-recrute","status":"publish","type":"page","link":"https:\/\/www.kananas.com\/myassociation962\/contacts\/aepc-recrute\/","title":{"rendered":"Offre d&#8217;emploi"},"content":{"rendered":"<div>\n<p>L\u2019AEPC CONCORDE recherche des\u00a0:<\/p>\n<p>&nbsp;<\/p>\n<p><b>Des Educateurs Sp\u00e9cialis\u00e9s H\/F &#8211; temps plein \u2013 35h\/semaine (modulation horaire d\u2019internat annuelle)<\/b><\/p>\n<p><b>Type de contrat\u00a0: CDI \u2013 poste \u00e0 pouvoir imm\u00e9diatement<\/b><\/p>\n<p><b>Missions\u00a0<\/b><\/p>\n<ul>\n<li>Elaboration et mise en \u0153uvre du Projet Personnalis\u00e9 pour les enfants confi\u00e9s dans le cadre\u00a0d\u2019un accompagnement \u00e9ducatif et d\u2019un accompagnement \u00e0 domicile avec leurs familles.<\/li>\n<li>Accompagnement individuel et collectif \u00e0 vis\u00e9e \u00e9ducative (enfant\/famille).<\/li>\n<li>Travailler en \u00e9quipe et d\u00e9velopper un travail partenarial (institutionnel et de proximit\u00e9).<\/li>\n<li>Participation aux r\u00e9unions d\u2019\u00e9quipe et de service.<\/li>\n<li>Elaboration de comptes rendus, de rapports de situation.<\/li>\n<li>R\u00e9flexion sur les diff\u00e9rents projets \u00e0 mener dans l\u2019accompagnement des usagers.<\/li>\n<li>Participation aux r\u00e9unions d\u2019\u00e9quipes, analyse des pratiques.<\/li>\n<li>S\u00e9jours Educatif<\/li>\n<li>Relation avec les familles<\/li>\n<\/ul>\n<p><b>Profil des candidats\u00a0<\/b><\/p>\n<p>Exp\u00e9rience souhait\u00e9e dans le domaine de la Protection de l&rsquo;Enfance- D\u00e9butant accept\u00e9- Capacit\u00e9 d\u2019adaptation et disponibilit\u00e9 (<b>horaires d\u2019internat)<\/b>.<\/p>\n<p><b>Qualifications et comp\u00e9tences<\/b><\/p>\n<ul>\n<li>Qualit\u00e9 d\u2019\u00e9coute,<\/li>\n<li>Dynamisme,<\/li>\n<li>Etre force de proposition,<\/li>\n<li>Capacit\u00e9 \u00e0 mener des entretiens familiaux,<\/li>\n<li>Capacit\u00e9 \u00e0 prendre de la distance face \u00e0 des situations complexes,<\/li>\n<li>Capacit\u00e9s d\u2019analyse et aisance r\u00e9dactionnelle,<\/li>\n<li>Sens de la discr\u00e9tion et de l\u2019organisation,<\/li>\n<li>Ma\u00eetrise de l&rsquo;outil informatique imp\u00e9ratif,<\/li>\n<\/ul>\n<ul>\n<li style=\"list-style-type: none\"><\/li>\n<\/ul>\n<p><b>Requis demand\u00e9s\u00a0:<\/b><\/p>\n<ul>\n<li>DEES<\/li>\n<li>Permis de conduire<\/li>\n<\/ul>\n<p><b>Salaire<\/b><\/p>\n<p>Selon Convention Collective de mars 66 des \u00c9tablissements et Services pour Personnes Inadapt\u00e9es et Handicap\u00e9es.<\/p>\n<p>Intervenir en accompagnement \u00a0 sur l\u2019ensemble des domaines de la vie quotidienne de l\u2019enfant\u00a0: son d\u00e9veloppement, sa sant\u00e9, son \u00e9ducation, sa socialisation et ses conditions de vie mat\u00e9rielle.<\/p>\n<p>&nbsp;<\/p>\n<p style=\"text-align: center\">Lettre de motivation et CV \u00e0 adresser<\/p>\n<p style=\"text-align: center\">A l\u2019attention de la Madame la Directrice G\u00e9n\u00e9rale<\/p>\n<p style=\"text-align: center\">Adresse postale\u00a0: AEPC \u2013 <b>BP 22<\/b> \u2013 93370 MONTFERMEIL<\/p>\n<p style=\"text-align: center\">Ou<\/p>\n<p style=\"text-align: center\"><a href=\"mailto:direction.generale@concorde-aepc.com\"><b>direction.generale@concorde-aepc.com<\/b><\/a><b>\u00a0<\/b><\/p>\n<hr \/>\n<p>L\u2019AEPC CONCORDE recherche pour son Si\u00e8ge Administratif et G\u00e9n\u00e9ral situ\u00e9 \u00e0 Montfermeil\u00a0 (93).<\/p>\n<p><b>Comptable H\/F &#8211; temps plein \u2013 35h<\/b><\/p>\n<p><b>Type de contrat\u00a0: CDI \u2013 poste \u00e0 pouvoir d\u00e8s que possible<\/b><\/p>\n<p><b>Missions\u00a0<\/b><\/p>\n<ul>\n<li>L\u2019enregistrement quotidien des op\u00e9rations comptables<\/li>\n<li>Le traitement des factures clients ou fournisseurs<\/li>\n<li>Le contr\u00f4le des op\u00e9rations bancaires<\/li>\n<li>La r\u00e9alisation du budget pr\u00e9visionnel<\/li>\n<li>La pr\u00e9paration de la cl\u00f4ture annuelle<\/li>\n<\/ul>\n<p><b>Missions compl\u00e9mentaires selon niveau qualification professionnelle et\/ou exp\u00e9rience<\/b><\/p>\n<ul>\n<li>La gestion de la paie des salari\u00e9s<\/li>\n<li>La pr\u00e9paration des d\u00e9clarations sociales<\/li>\n<\/ul>\n<p><b>Profil des candidats\u00a0<\/b><\/p>\n<p>D\u00e9butant accept\u00e9<\/p>\n<p><b>Qualifications et comp\u00e9tences<\/b><\/p>\n<p>Savoir \u00eatre et rigueur professionnelle<\/p>\n<p>Capacit\u00e9 \u00e0 travailler en \u00e9quipe,<\/p>\n<p>Capacit\u00e9s d\u2019analyses,<\/p>\n<p>Sens de la discr\u00e9tion et de l\u2019organisation,<\/p>\n<p>Ma\u00eetrise de l&rsquo;outil informatique et d\u2019un logiciel comptable<\/p>\n<p><b>Requis demand\u00e9s\u00a0:<\/b><\/p>\n<ul>\n<li>BAC, BAC PRO OU BTS<\/li>\n<\/ul>\n<p><b>Salaire<\/b><\/p>\n<p>Selon Convention Collective de mars 66 des \u00c9tablissements et Services pour Personnes Inadapt\u00e9es et Handicap\u00e9es.<\/p>\n<p><i>\u00a0<\/i><\/p>\n<p style=\"text-align: center\">Lettre de motivation et CV \u00e0 adresser<\/p>\n<p style=\"text-align: center\">A l\u2019attention de la Madame MAZERAT\u00a0 \u2013 Directrice G\u00e9n\u00e9rale<\/p>\n<p style=\"text-align: center\">Adresse postale\u00a0: AEPC \u2013 BP 22 \u2013 93370 MONTFERMEIL<\/p>\n<p style=\"text-align: center\">Ou<\/p>\n<p style=\"text-align: center\"><b>direction.generale<\/b><a href=\"mailto:%20t@concorde-aepc.com\"><b>@concorde-aepc.com<\/b><\/a><\/p>\n<hr \/>\n<\/div>\n<p>Les MECS de l\u2019Association Concorde sont des \u00e9tablissements fonctionnant en internat et exer\u00e7ant une mission d\u2019accueil et d\u2019accompagnement socio-\u00e9ducatif temporaire. Cette mission concerne des jeunes \u00e2g\u00e9s de 6 \u00e0 21 ans, en fonction des habilitations des Maisons d\u2019Enfants et rel\u00e8vent de la protection de l\u2019enfance (ASE 93 et PJJ).<b>\u00a0<\/b><\/p>\n<p>&nbsp;<\/p>\n<p>Dans le cadre de deux extensions d\u2019\u00e9tablissements\u00a0:<\/p>\n<ul>\n<li>Accueil au p\u00e9nal,<\/li>\n<li>Accueil d\u2019urgence,<\/li>\n<\/ul>\n<p>L\u2019Association recrute :\u00a0 <b>2 Surveillants de nuit \u2013 temps plein \u2013 35h\/semaine \u2013 Poste en CDI \u2013 R\u00e9mun\u00e9ration selon la CCNT 66<\/b><\/p>\n<p>Merci d\u2019adresser votre lettre de motivation et votre CV par courrier \u00e0 AEPC CONCORDE \u2013 BP 22 &#8211; 93370 MONTFERMEIL ou par mail \u00e0\u00a0:<\/p>\n<p>&nbsp;<\/p>\n<p><a href=\"mailto:direction.generale@concorde-aepc.com\">direction.generale@concorde-aepc.com<\/a><\/p>\n<p>&nbsp;<\/p>\n","protected":false},"excerpt":{"rendered":"<p>L\u2019AEPC CONCORDE recherche des\u00a0: &nbsp; Des Educateurs Sp\u00e9cialis\u00e9s H\/F &#8211; temps plein \u2013 35h\/semaine (modulation horaire d\u2019internat annuelle) Type de<\/p>\n","protected":false},"author":288,"featured_media":0,"parent":476,"menu_order":0,"comment_status":"closed","ping_status":"closed","template":"","meta":{"colormag_page_container_layout":"default_layout","colormag_page_sidebar_layout":"default_layout","_crdt_document":"","footnotes":""},"class_list":["post-598","page","type-page","status-publish","hentry"],"_links":{"self":[{"href":"https:\/\/www.kananas.com\/myassociation962\/wp-json\/wp\/v2\/pages\/598","targetHints":{"allow":["GET"]}}],"collection":[{"href":"https:\/\/www.kananas.com\/myassociation962\/wp-json\/wp\/v2\/pages"}],"about":[{"href":"https:\/\/www.kananas.com\/myassociation962\/wp-json\/wp\/v2\/types\/page"}],"author":[{"embeddable":true,"href":"https:\/\/www.kananas.com\/myassociation962\/wp-json\/wp\/v2\/users\/288"}],"replies":[{"embeddable":true,"href":"https:\/\/www.kananas.com\/myassociation962\/wp-json\/wp\/v2\/comments?post=598"}],"version-history":[{"count":121,"href":"https:\/\/www.kananas.com\/myassociation962\/wp-json\/wp\/v2\/pages\/598\/revisions"}],"predecessor-version":[{"id":6462,"href":"https:\/\/www.kananas.com\/myassociation962\/wp-json\/wp\/v2\/pages\/598\/revisions\/6462"}],"up":[{"embeddable":true,"href":"https:\/\/www.kananas.com\/myassociation962\/wp-json\/wp\/v2\/pages\/476"}],"wp:attachment":[{"href":"https:\/\/www.kananas.com\/myassociation962\/wp-json\/wp\/v2\/media?parent=598"}],"curies":[{"name":"wp","href":"https:\/\/api.w.org\/{rel}","templated":true}]}}