{"id":617,"date":"2019-12-10T16:23:27","date_gmt":"2019-12-10T15:23:27","guid":{"rendered":"http:\/\/www.kananas.com\/myassociation962\/?page_id=617"},"modified":"2020-11-14T16:50:56","modified_gmt":"2020-11-14T15:50:56","slug":"module-gagny","status":"publish","type":"page","link":"https:\/\/www.kananas.com\/myassociation962\/siege-administratif\/module-gagny\/","title":{"rendered":"Le module Gagny"},"content":{"rendered":"<div>\n<p><span style=\"font-size: 24px\"><b>Le module Gagny comprend deux maisons:<\/b><\/span><\/p>\n<p style=\"text-align: center\"><span style=\"font-size: 24px\"><b>Aristide Briand<\/b><\/span><\/p>\n<p><span style=\"font-weight: 400\">Situ\u00e9e dans une zone pavillonnaire, la maison <\/span><i><span style=\"font-weight: 400\">Aristide Briand<\/span><\/i><span style=\"font-weight: 400\"> avec son architecture du d\u00e9but du xxe si\u00e8cle et son grand jardin propose un lieu d\u2019accueil s\u00e9curisant, dans un cadre propice \u00e0 l\u2019apaisement.<\/span><\/p>\n<p><span style=\"font-weight: 400\">18 gar\u00e7ons \u00e2g\u00e9s de 15 jusqu\u2019\u00e0 18 ans, s\u2019orientant vers la formation professionnelle ou le monde du travail, y vivent au quotidien. L\u2019\u00e9quipe \u00e9ducative a pour mission de les accompagner vers l\u2019autonomie et par cons\u00e9quent, les soutient activement dans l\u2019\u00e9laboration de leur projet professionnel\u00a0: apprentissage, formation professionnelle directe ou vie active, d\u00e9marches administratives. Ce travail individualis\u00e9, se fait dans le respect des jeunes et en partenariat avec leur famille, quand celle-ci est mobilisable.<\/span><\/p>\n<\/div>\n<div id='gallery-1' class='gallery galleryid-617 gallery-columns-3 gallery-size-medium'><figure class='gallery-item'>\n\t\t\t<div class='gallery-icon landscape'>\n\t\t\t\t<img loading=\"lazy\" decoding=\"async\" width=\"300\" height=\"225\" src=\"https:\/\/www.kananas.com\/myassociation962\/wp-content\/uploads\/sites\/280\/2017\/02\/ab_02-300x225.jpg\" class=\"attachment-medium size-medium\" alt=\"\" aria-describedby=\"gallery-1-93\" srcset=\"https:\/\/www.kananas.com\/myassociation962\/wp-content\/uploads\/sites\/280\/2017\/02\/ab_02-300x225.jpg 300w, https:\/\/www.kananas.com\/myassociation962\/wp-content\/uploads\/sites\/280\/2017\/02\/ab_02.jpg 500w\" sizes=\"auto, (max-width: 300px) 100vw, 300px\" \/>\n\t\t\t<\/div>\n\t\t\t\t<figcaption class='wp-caption-text gallery-caption' id='gallery-1-93'>\n\t\t\t\tLe jardin\n\t\t\t\t<\/figcaption><\/figure><figure class='gallery-item'>\n\t\t\t<div class='gallery-icon landscape'>\n\t\t\t\t<img loading=\"lazy\" decoding=\"async\" width=\"300\" height=\"225\" src=\"https:\/\/www.kananas.com\/myassociation962\/wp-content\/uploads\/sites\/280\/2017\/02\/ab-01g-300x225.jpg\" class=\"attachment-medium size-medium\" alt=\"\" aria-describedby=\"gallery-1-95\" srcset=\"https:\/\/www.kananas.com\/myassociation962\/wp-content\/uploads\/sites\/280\/2017\/02\/ab-01g-300x225.jpg 300w, https:\/\/www.kananas.com\/myassociation962\/wp-content\/uploads\/sites\/280\/2017\/02\/ab-01g-768x576.jpg 768w, https:\/\/www.kananas.com\/myassociation962\/wp-content\/uploads\/sites\/280\/2017\/02\/ab-01g.jpg 900w\" sizes=\"auto, (max-width: 300px) 100vw, 300px\" \/>\n\t\t\t<\/div>\n\t\t\t\t<figcaption class='wp-caption-text gallery-caption' id='gallery-1-95'>\n\t\t\t\tVue d&#8217;emsemble\n\t\t\t\t<\/figcaption><\/figure><figure class='gallery-item'>\n\t\t\t<div class='gallery-icon landscape'>\n\t\t\t\t<img loading=\"lazy\" decoding=\"async\" width=\"300\" height=\"225\" src=\"https:\/\/www.kananas.com\/myassociation962\/wp-content\/uploads\/sites\/280\/2019\/12\/Salle-\u00e0-manger-2-maison-Aristide-Briand-300x225.jpg\" class=\"attachment-medium size-medium\" alt=\"\" srcset=\"https:\/\/www.kananas.com\/myassociation962\/wp-content\/uploads\/sites\/280\/2019\/12\/Salle-\u00e0-manger-2-maison-Aristide-Briand-300x225.jpg 300w, https:\/\/www.kananas.com\/myassociation962\/wp-content\/uploads\/sites\/280\/2019\/12\/Salle-\u00e0-manger-2-maison-Aristide-Briand-1024x768.jpg 1024w, https:\/\/www.kananas.com\/myassociation962\/wp-content\/uploads\/sites\/280\/2019\/12\/Salle-\u00e0-manger-2-maison-Aristide-Briand-768x576.jpg 768w, https:\/\/www.kananas.com\/myassociation962\/wp-content\/uploads\/sites\/280\/2019\/12\/Salle-\u00e0-manger-2-maison-Aristide-Briand-1536x1152.jpg 1536w, https:\/\/www.kananas.com\/myassociation962\/wp-content\/uploads\/sites\/280\/2019\/12\/Salle-\u00e0-manger-2-maison-Aristide-Briand-2048x1536.jpg 2048w\" sizes=\"auto, (max-width: 300px) 100vw, 300px\" \/>\n\t\t\t<\/div><\/figure>\n\t\t<\/div>\n\n<p>&nbsp;<\/p>\n<header class=\"entry-header\">\n<p style=\"text-align: center\"><span style=\"font-size: 24px\"><b>Gagny 1<\/b><\/span><\/p>\n<p><span style=\"font-weight: 400\">La maison <\/span><i><span style=\"font-weight: 400\">Gagny 1<\/span><\/i><span style=\"font-weight: 400\"> accueille 17 adolescents \u00e2g\u00e9s de 15 jusqu\u2019\u00e0 18 ans s\u2019orientant vers la formation professionnelle ou le monde du travail. L\u2019\u00e9quipe attache de l\u2019importance \u00e0 rendre cet espace chaleureux, convivial et familial. Les jeunes pris en charge poursuivent leurs \u00e9tudes au sein de coll\u00e8ges et lyc\u00e9es professionnels ou en apprentissage.<\/span><\/p>\n<p><span style=\"font-weight: 400\">Afin de permettre aux adolescents de b\u00e2tir un avenir, l\u2019\u00e9quipe s\u2019efforce de poser des bases solides. Pour cela, nous mettons en \u0153uvre quelques r\u00e8gles de vie et des valeurs telles que le respect, la politesse, le s\u00e9rieux, la ponctualit\u00e9, l\u2019assiduit\u00e9, la volont\u00e9. Les \u00e9ducateurs accompagnent les jeunes dans des d\u00e9marches administratives souvent longues et complexes.<\/span><\/p>\n<\/header>\n<div id='gallery-2' class='gallery galleryid-617 gallery-columns-3 gallery-size-medium'><figure class='gallery-item'>\n\t\t\t<div class='gallery-icon landscape'>\n\t\t\t\t<img loading=\"lazy\" decoding=\"async\" width=\"300\" height=\"225\" src=\"https:\/\/www.kananas.com\/myassociation962\/wp-content\/uploads\/sites\/280\/2017\/02\/gag1-01g-300x225.jpg\" class=\"attachment-medium size-medium\" alt=\"\" aria-describedby=\"gallery-2-105\" srcset=\"https:\/\/www.kananas.com\/myassociation962\/wp-content\/uploads\/sites\/280\/2017\/02\/gag1-01g-300x225.jpg 300w, https:\/\/www.kananas.com\/myassociation962\/wp-content\/uploads\/sites\/280\/2017\/02\/gag1-01g-768x576.jpg 768w, https:\/\/www.kananas.com\/myassociation962\/wp-content\/uploads\/sites\/280\/2017\/02\/gag1-01g.jpg 860w\" sizes=\"auto, (max-width: 300px) 100vw, 300px\" \/>\n\t\t\t<\/div>\n\t\t\t\t<figcaption class='wp-caption-text gallery-caption' id='gallery-2-105'>\n\t\t\t\t Fa\u00e7ade (Vue de la rue)\n\t\t\t\t<\/figcaption><\/figure><figure class='gallery-item'>\n\t\t\t<div class='gallery-icon landscape'>\n\t\t\t\t<img loading=\"lazy\" decoding=\"async\" width=\"300\" height=\"225\" src=\"https:\/\/www.kananas.com\/myassociation962\/wp-content\/uploads\/sites\/280\/2017\/02\/gag1_03p-300x225.jpg\" class=\"attachment-medium size-medium\" alt=\"\" aria-describedby=\"gallery-2-104\" srcset=\"https:\/\/www.kananas.com\/myassociation962\/wp-content\/uploads\/sites\/280\/2017\/02\/gag1_03p-300x225.jpg 300w, https:\/\/www.kananas.com\/myassociation962\/wp-content\/uploads\/sites\/280\/2017\/02\/gag1_03p.jpg 480w\" sizes=\"auto, (max-width: 300px) 100vw, 300px\" \/>\n\t\t\t<\/div>\n\t\t\t\t<figcaption class='wp-caption-text gallery-caption' id='gallery-2-104'>\n\t\t\t\tTerrasse &amp; jardin\n\t\t\t\t<\/figcaption><\/figure><figure class='gallery-item'>\n\t\t\t<div class='gallery-icon landscape'>\n\t\t\t\t<img loading=\"lazy\" decoding=\"async\" width=\"300\" height=\"225\" src=\"https:\/\/www.kananas.com\/myassociation962\/wp-content\/uploads\/sites\/280\/2019\/12\/Gagny1-2019-11-3-300x225.jpg\" class=\"attachment-medium size-medium\" alt=\"\" srcset=\"https:\/\/www.kananas.com\/myassociation962\/wp-content\/uploads\/sites\/280\/2019\/12\/Gagny1-2019-11-3-300x225.jpg 300w, https:\/\/www.kananas.com\/myassociation962\/wp-content\/uploads\/sites\/280\/2019\/12\/Gagny1-2019-11-3-1024x768.jpg 1024w, https:\/\/www.kananas.com\/myassociation962\/wp-content\/uploads\/sites\/280\/2019\/12\/Gagny1-2019-11-3-768x576.jpg 768w, https:\/\/www.kananas.com\/myassociation962\/wp-content\/uploads\/sites\/280\/2019\/12\/Gagny1-2019-11-3-1536x1152.jpg 1536w, https:\/\/www.kananas.com\/myassociation962\/wp-content\/uploads\/sites\/280\/2019\/12\/Gagny1-2019-11-3-2048x1536.jpg 2048w\" sizes=\"auto, (max-width: 300px) 100vw, 300px\" \/>\n\t\t\t<\/div><\/figure>\n\t\t<\/div>\n\n","protected":false},"excerpt":{"rendered":"<p>Le module Gagny comprend deux maisons: Aristide Briand Situ\u00e9e dans une zone pavillonnaire, la maison Aristide Briand avec son architecture<\/p>\n","protected":false},"author":288,"featured_media":0,"parent":564,"menu_order":0,"comment_status":"closed","ping_status":"closed","template":"","meta":{"colormag_page_container_layout":"default_layout","colormag_page_sidebar_layout":"default_layout","_crdt_document":"","footnotes":""},"class_list":["post-617","page","type-page","status-publish","hentry"],"_links":{"self":[{"href":"https:\/\/www.kananas.com\/myassociation962\/wp-json\/wp\/v2\/pages\/617","targetHints":{"allow":["GET"]}}],"collection":[{"href":"https:\/\/www.kananas.com\/myassociation962\/wp-json\/wp\/v2\/pages"}],"about":[{"href":"https:\/\/www.kananas.com\/myassociation962\/wp-json\/wp\/v2\/types\/page"}],"author":[{"embeddable":true,"href":"https:\/\/www.kananas.com\/myassociation962\/wp-json\/wp\/v2\/users\/288"}],"replies":[{"embeddable":true,"href":"https:\/\/www.kananas.com\/myassociation962\/wp-json\/wp\/v2\/comments?post=617"}],"version-history":[{"count":47,"href":"https:\/\/www.kananas.com\/myassociation962\/wp-json\/wp\/v2\/pages\/617\/revisions"}],"predecessor-version":[{"id":5187,"href":"https:\/\/www.kananas.com\/myassociation962\/wp-json\/wp\/v2\/pages\/617\/revisions\/5187"}],"up":[{"embeddable":true,"href":"https:\/\/www.kananas.com\/myassociation962\/wp-json\/wp\/v2\/pages\/564"}],"wp:attachment":[{"href":"https:\/\/www.kananas.com\/myassociation962\/wp-json\/wp\/v2\/media?parent=617"}],"curies":[{"name":"wp","href":"https:\/\/api.w.org\/{rel}","templated":true}]}}