{"id":620,"date":"2017-03-10T16:23:27","date_gmt":"2017-03-10T15:23:27","guid":{"rendered":"http:\/\/www.kananas.com\/myassociation962\/?page_id=620"},"modified":"2020-11-14T16:53:23","modified_gmt":"2020-11-14T15:53:23","slug":"les-sorbiers","status":"publish","type":"page","link":"https:\/\/www.kananas.com\/myassociation962\/siege-administratif\/les-sorbiers\/","title":{"rendered":"Les SORBIERS"},"content":{"rendered":"<div>\n<p><b>Etablissement exclusivement habilit\u00e9 Protection Judiciaire de la Jeunesse pour l\u2019accueil de15 jeunes de 13 \u00e0 19 ans dont 5 en semi autonomie dans des structures ext\u00e9rieures.<\/b><\/p>\n<\/div>\n<div>\n<p><span style=\"font-weight: 400\">La maison <\/span><i><span style=\"font-weight: 400\">Les Sorbiers<\/span><\/i><span style=\"font-weight: 400\"> est situ\u00e9e \u00e0 Villemomble dans un quartier pavillonnaire. Il s\u2019agit d\u2019un pavillon \u00e0 caract\u00e8re familial compos\u00e9e de deux chambres individuelles et de trois chambres doubles r\u00e9parties sur trois \u00e9tages. Les jeunes accueillis sont plac\u00e9s par d\u00e9cision judiciaire (ordonnance du 02 f\u00e9vrier 1945).<\/span><\/p>\n<\/div>\n<div>\n<p><span style=\"font-weight: 400\">L\u2019objectif est de proposer un projet personnel au jeune accueilli en l\u2019accompagnant dans la mise en \u0153uvre de son parcours professionnel, dans sa socialisation et ses relations avec l\u2019ext\u00e9rieur. <\/span><\/p>\n<\/div>\n<div id='gallery-1' class='gallery galleryid-620 gallery-columns-3 gallery-size-medium'><figure class='gallery-item'>\n\t\t\t<div class='gallery-icon portrait'>\n\t\t\t\t<img loading=\"lazy\" decoding=\"async\" width=\"230\" height=\"300\" src=\"https:\/\/www.kananas.com\/myassociation962\/wp-content\/uploads\/sites\/280\/2018\/02\/sorbier-230x300.jpg\" class=\"attachment-medium size-medium\" alt=\"\" aria-describedby=\"gallery-1-3780\" srcset=\"https:\/\/www.kananas.com\/myassociation962\/wp-content\/uploads\/sites\/280\/2018\/02\/sorbier-230x300.jpg 230w, https:\/\/www.kananas.com\/myassociation962\/wp-content\/uploads\/sites\/280\/2018\/02\/sorbier-768x1001.jpg 768w, https:\/\/www.kananas.com\/myassociation962\/wp-content\/uploads\/sites\/280\/2018\/02\/sorbier-786x1024.jpg 786w, https:\/\/www.kananas.com\/myassociation962\/wp-content\/uploads\/sites\/280\/2018\/02\/sorbier.jpg 1222w\" sizes=\"auto, (max-width: 230px) 100vw, 230px\" \/>\n\t\t\t<\/div>\n\t\t\t\t<figcaption class='wp-caption-text gallery-caption' id='gallery-1-3780'>\n\t\t\t\tLe pavillon\n\t\t\t\t<\/figcaption><\/figure><figure class='gallery-item'>\n\t\t\t<div class='gallery-icon landscape'>\n\t\t\t\t<img loading=\"lazy\" decoding=\"async\" width=\"300\" height=\"225\" src=\"https:\/\/www.kananas.com\/myassociation962\/wp-content\/uploads\/sites\/280\/2018\/02\/sorbier2-300x225.jpg\" class=\"attachment-medium size-medium\" alt=\"\" aria-describedby=\"gallery-1-3781\" srcset=\"https:\/\/www.kananas.com\/myassociation962\/wp-content\/uploads\/sites\/280\/2018\/02\/sorbier2-300x225.jpg 300w, https:\/\/www.kananas.com\/myassociation962\/wp-content\/uploads\/sites\/280\/2018\/02\/sorbier2.jpg 640w\" sizes=\"auto, (max-width: 300px) 100vw, 300px\" \/>\n\t\t\t<\/div>\n\t\t\t\t<figcaption class='wp-caption-text gallery-caption' id='gallery-1-3781'>\n\t\t\t\tUne chambre\n\t\t\t\t<\/figcaption><\/figure><figure class='gallery-item'>\n\t\t\t<div class='gallery-icon portrait'>\n\t\t\t\t<img loading=\"lazy\" decoding=\"async\" width=\"225\" height=\"300\" src=\"https:\/\/www.kananas.com\/myassociation962\/wp-content\/uploads\/sites\/280\/2019\/12\/Capture-d\u2019e\u0301cran-2019-12-09-a\u0300-22.00.15-225x300.png\" class=\"attachment-medium size-medium\" alt=\"\" aria-describedby=\"gallery-1-4843\" srcset=\"https:\/\/www.kananas.com\/myassociation962\/wp-content\/uploads\/sites\/280\/2019\/12\/Capture-d\u2019e\u0301cran-2019-12-09-a\u0300-22.00.15-225x300.png 225w, https:\/\/www.kananas.com\/myassociation962\/wp-content\/uploads\/sites\/280\/2019\/12\/Capture-d\u2019e\u0301cran-2019-12-09-a\u0300-22.00.15.png 619w\" sizes=\"auto, (max-width: 225px) 100vw, 225px\" \/>\n\t\t\t<\/div>\n\t\t\t\t<figcaption class='wp-caption-text gallery-caption' id='gallery-1-4843'>\n\t\t\t\tLe jardin\n\t\t\t\t<\/figcaption><\/figure>\n\t\t<\/div>\n\n","protected":false},"excerpt":{"rendered":"<p>Etablissement exclusivement habilit\u00e9 Protection Judiciaire de la Jeunesse pour l\u2019accueil de15 jeunes de 13 \u00e0 19 ans dont 5 en<\/p>\n","protected":false},"author":288,"featured_media":0,"parent":564,"menu_order":1,"comment_status":"closed","ping_status":"closed","template":"","meta":{"colormag_page_container_layout":"default_layout","colormag_page_sidebar_layout":"default_layout","_crdt_document":"","footnotes":""},"class_list":["post-620","page","type-page","status-publish","hentry"],"_links":{"self":[{"href":"https:\/\/www.kananas.com\/myassociation962\/wp-json\/wp\/v2\/pages\/620","targetHints":{"allow":["GET"]}}],"collection":[{"href":"https:\/\/www.kananas.com\/myassociation962\/wp-json\/wp\/v2\/pages"}],"about":[{"href":"https:\/\/www.kananas.com\/myassociation962\/wp-json\/wp\/v2\/types\/page"}],"author":[{"embeddable":true,"href":"https:\/\/www.kananas.com\/myassociation962\/wp-json\/wp\/v2\/users\/288"}],"replies":[{"embeddable":true,"href":"https:\/\/www.kananas.com\/myassociation962\/wp-json\/wp\/v2\/comments?post=620"}],"version-history":[{"count":67,"href":"https:\/\/www.kananas.com\/myassociation962\/wp-json\/wp\/v2\/pages\/620\/revisions"}],"predecessor-version":[{"id":5190,"href":"https:\/\/www.kananas.com\/myassociation962\/wp-json\/wp\/v2\/pages\/620\/revisions\/5190"}],"up":[{"embeddable":true,"href":"https:\/\/www.kananas.com\/myassociation962\/wp-json\/wp\/v2\/pages\/564"}],"wp:attachment":[{"href":"https:\/\/www.kananas.com\/myassociation962\/wp-json\/wp\/v2\/media?parent=620"}],"curies":[{"name":"wp","href":"https:\/\/api.w.org\/{rel}","templated":true}]}}