{"id":22,"date":"2012-07-08T20:19:30","date_gmt":"2012-07-08T18:19:30","guid":{"rendered":"http:\/\/www.gestasso.com\/association\/oniyamaryu\/"},"modified":"2022-08-20T18:38:10","modified_gmt":"2022-08-20T16:38:10","slug":"ninjutsu","status":"publish","type":"page","link":"https:\/\/www.kananas.com\/oniyamaryu1683\/disciplines\/ninjutsu\/","title":{"rendered":"Bujinkan BudoTaijutsu &#8211; Ninjutsu"},"content":{"rendered":"<h2><span style=\"font-size: large;font-family: 'times new roman', times, serif\">Art mythique des Ninjas, le Ninjutsu prend ses racines dans l\u2019histoire la plus ancienne du Japon .<\/span><\/h2>\n<h2><\/h2>\n<div id=\"attachment_155\" style=\"width: 235px\" class=\"wp-caption aligncenter\"><a href=\"http:\/\/www.kananas.com\/oniyamaryu1683\/wp-content\/uploads\/sites\/479\/2012\/07\/IMG_0048.jpg\"><img loading=\"lazy\" decoding=\"async\" aria-describedby=\"caption-attachment-155\" class=\"size-medium wp-image-155\" src=\"http:\/\/www.kananas.com\/oniyamaryu1683\/wp-content\/uploads\/sites\/479\/2012\/07\/IMG_0048-225x300.jpg\" alt=\"\" width=\"225\" height=\"300\" srcset=\"https:\/\/www.kananas.com\/oniyamaryu1683\/wp-content\/uploads\/sites\/479\/2012\/07\/IMG_0048-225x300.jpg 225w, https:\/\/www.kananas.com\/oniyamaryu1683\/wp-content\/uploads\/sites\/479\/2012\/07\/IMG_0048-768x1024.jpg 768w, https:\/\/www.kananas.com\/oniyamaryu1683\/wp-content\/uploads\/sites\/479\/2012\/07\/IMG_0048.jpg 1536w\" sizes=\"auto, (max-width: 225px) 100vw, 225px\" \/><\/a><p id=\"caption-attachment-155\" class=\"wp-caption-text\"><\/span> <span style=\"font-family: 'times new roman', times, serif\">Hatsumi Sensei et Yan<\/span><\/p><\/div>\n<h2 style=\"text-align: justify\"><span style=\"font-size: large;font-family: 'times new roman', times, serif\">M\u00eame si aujourd\u2019hui le Ninjutsu a chang\u00e9, il reste l\u2019un des arts martiaux les plus complets et des plus efficaces.<\/span><\/h2>\n<h2 style=\"text-align: justify\"><span style=\"font-size: large;font-family: 'times new roman', times, serif\">La majeure partie des techniques <a href=\"http:\/\/www.kananas.com\/oniyamaryu1683\/wp-content\/uploads\/sites\/479\/2012\/07\/IMG_0342.jpg\"><img loading=\"lazy\" decoding=\"async\" class=\"alignright size-thumbnail wp-image-112\" src=\"http:\/\/www.kananas.com\/oniyamaryu1683\/wp-content\/uploads\/sites\/479\/2012\/07\/IMG_0342-150x150.jpg\" alt=\"\" width=\"150\" height=\"150\" srcset=\"https:\/\/www.kananas.com\/oniyamaryu1683\/wp-content\/uploads\/sites\/479\/2012\/07\/IMG_0342-150x150.jpg 150w, https:\/\/www.kananas.com\/oniyamaryu1683\/wp-content\/uploads\/sites\/479\/2012\/07\/IMG_0342-640x640.jpg 640w\" sizes=\"auto, (max-width: 150px) 100vw, 150px\" \/><\/a>traditionnelles a \u00e9t\u00e9 conserv\u00e9e\u00a0(except\u00e9 celles li\u00e9es \u00e0 l\u2019espionnage) et couvre l\u2019ensemble des arts guerriers japonais (frappes poings-pieds, projections, cl\u00e9s, armes traditionnelles et sp\u00e9cifiques).<\/span><\/h2>\n<h2><span style=\"font-size: large;font-family: 'times new roman', times, serif\">\u00a0<\/span><\/h2>\n<h2><\/h2>\n<h2 style=\"text-align: justify\"><span style=\"font-family: 'times new roman', times, serif\"><span style=\"font-size: large\"><a href=\"http:\/\/www.kananas.com\/oniyamaryu1683\/wp-content\/uploads\/sites\/479\/2012\/07\/IMG_0418_R.jpg\"><img loading=\"lazy\" decoding=\"async\" class=\"size-medium wp-image-114 alignleft\" src=\"http:\/\/www.kananas.com\/oniyamaryu1683\/wp-content\/uploads\/sites\/479\/2012\/07\/IMG_0418_R-233x300.jpg\" alt=\"\" width=\"210\" height=\"270\" srcset=\"https:\/\/www.kananas.com\/oniyamaryu1683\/wp-content\/uploads\/sites\/479\/2012\/07\/IMG_0418_R-233x300.jpg 233w, https:\/\/www.kananas.com\/oniyamaryu1683\/wp-content\/uploads\/sites\/479\/2012\/07\/IMG_0418_R.jpg 353w\" sizes=\"auto, (max-width: 210px) 100vw, 210px\" \/><\/a><\/span><span style=\"font-size: large\">Pratiqu\u00e9es en toute s\u00e9curit\u00e9, ces techniques ont pour vocation de d\u00e9velopper chez le pratiquant connaissance de soi, confiance, ma\u00eetrise, respect et efficacit\u00e9.<\/span><\/span><\/h2>\n<h2 style=\"text-align: justify\"><span style=\"font-size: large;font-family: 'times new roman', times, serif\">Nous faisons partager aujourd&rsquo;hui nos 35 ans d&rsquo;exp\u00e9rience dans cette discipline acquise aupr\u00e8s du Bujinkan d&rsquo;Hatsumi Sensei, de Dean ROSTOHAR Dai Shihan, du Bujinkan Brian Dojo de Brian Mc Carthy Shihan, du Jinenkan de Manaka Sensei, ainsi que nombreux autres Sensei japonais.<\/span><\/h2>\n<h2><span style=\"font-size: large;font-family: 'times new roman', times, serif\">\u00a0<\/span><\/h2>\n<h2><\/h2>\n<div id=\"attachment_156\" style=\"width: 490px\" class=\"wp-caption aligncenter\"><a href=\"http:\/\/www.kananas.com\/oniyamaryu1683\/wp-content\/uploads\/sites\/479\/2012\/07\/IMG_0197.jpg\"><img loading=\"lazy\" decoding=\"async\" aria-describedby=\"caption-attachment-156\" class=\"size-full wp-image-156\" src=\"http:\/\/www.kananas.com\/oniyamaryu1683\/wp-content\/uploads\/sites\/479\/2012\/07\/IMG_0197.jpg\" alt=\"\" width=\"480\" height=\"270\" srcset=\"https:\/\/www.kananas.com\/oniyamaryu1683\/wp-content\/uploads\/sites\/479\/2012\/07\/IMG_0197.jpg 1000w, https:\/\/www.kananas.com\/oniyamaryu1683\/wp-content\/uploads\/sites\/479\/2012\/07\/IMG_0197-300x169.jpg 300w, https:\/\/www.kananas.com\/oniyamaryu1683\/wp-content\/uploads\/sites\/479\/2012\/07\/IMG_0197-768x432.jpg 768w\" sizes=\"auto, (max-width: 480px) 100vw, 480px\" \/><\/a><p id=\"caption-attachment-156\" class=\"wp-caption-text\"><\/span> <span style=\"font-family: 'times new roman', times, serif\">Nagase Sensei avec le Bujinkan Croatie et Yan<\/span><\/p><\/div>\n<h2 style=\"text-align: justify\"><\/h2>\n","protected":false},"excerpt":{"rendered":"<p>Art mythique des Ninjas, le Ninjutsu prend ses racines dans l\u2019histoire la plus ancienne du Japon . M\u00eame si aujourd\u2019hui le Ninjutsu a chang\u00e9, il reste l\u2019un des arts martiaux les plus complets et des plus efficaces. La majeure partie des techniques traditionnelles a \u00e9t\u00e9 conserv\u00e9e\u00a0(except\u00e9 celles li\u00e9es \u00e0 l\u2019espionnage) et couvre l\u2019ensemble des arts [&hellip;]<\/p>\n","protected":false},"author":490,"featured_media":0,"parent":401,"menu_order":1,"comment_status":"closed","ping_status":"open","template":"","meta":{"_crdt_document":"","footnotes":""},"class_list":["post-22","page","type-page","status-publish","hentry"],"_links":{"self":[{"href":"https:\/\/www.kananas.com\/oniyamaryu1683\/wp-json\/wp\/v2\/pages\/22","targetHints":{"allow":["GET"]}}],"collection":[{"href":"https:\/\/www.kananas.com\/oniyamaryu1683\/wp-json\/wp\/v2\/pages"}],"about":[{"href":"https:\/\/www.kananas.com\/oniyamaryu1683\/wp-json\/wp\/v2\/types\/page"}],"author":[{"embeddable":true,"href":"https:\/\/www.kananas.com\/oniyamaryu1683\/wp-json\/wp\/v2\/users\/490"}],"replies":[{"embeddable":true,"href":"https:\/\/www.kananas.com\/oniyamaryu1683\/wp-json\/wp\/v2\/comments?post=22"}],"version-history":[{"count":2,"href":"https:\/\/www.kananas.com\/oniyamaryu1683\/wp-json\/wp\/v2\/pages\/22\/revisions"}],"predecessor-version":[{"id":957,"href":"https:\/\/www.kananas.com\/oniyamaryu1683\/wp-json\/wp\/v2\/pages\/22\/revisions\/957"}],"up":[{"embeddable":true,"href":"https:\/\/www.kananas.com\/oniyamaryu1683\/wp-json\/wp\/v2\/pages\/401"}],"wp:attachment":[{"href":"https:\/\/www.kananas.com\/oniyamaryu1683\/wp-json\/wp\/v2\/media?parent=22"}],"curies":[{"name":"wp","href":"https:\/\/api.w.org\/{rel}","templated":true}]}}