{"id":36,"date":"2012-08-04T18:07:35","date_gmt":"2012-08-04T16:07:35","guid":{"rendered":"http:\/\/www.gestasso.com\/association\/oniyamaryu\/"},"modified":"2022-08-20T18:42:11","modified_gmt":"2022-08-20T16:42:11","slug":"tai-chi-chuan","status":"publish","type":"page","link":"https:\/\/www.kananas.com\/oniyamaryu1683\/disciplines\/tai-chi-chuan\/","title":{"rendered":"Tai Chi Chuan style YANG"},"content":{"rendered":"<div id=\"attachment_145\" style=\"width: 650px\" class=\"wp-caption aligncenter\"><a href=\"http:\/\/www.kananas.com\/oniyamaryu1683\/wp-content\/uploads\/sites\/479\/2012\/08\/IMG_0266.jpg\"><img loading=\"lazy\" decoding=\"async\" aria-describedby=\"caption-attachment-145\" class=\"size-large wp-image-145\" src=\"http:\/\/www.kananas.com\/oniyamaryu1683\/wp-content\/uploads\/sites\/479\/2012\/08\/IMG_0266-1024x496.jpg\" alt=\"\" width=\"640\" height=\"310\" srcset=\"https:\/\/www.kananas.com\/oniyamaryu1683\/wp-content\/uploads\/sites\/479\/2012\/08\/IMG_0266-1024x496.jpg 1024w, https:\/\/www.kananas.com\/oniyamaryu1683\/wp-content\/uploads\/sites\/479\/2012\/08\/IMG_0266-300x145.jpg 300w, https:\/\/www.kananas.com\/oniyamaryu1683\/wp-content\/uploads\/sites\/479\/2012\/08\/IMG_0266-768x372.jpg 768w, https:\/\/www.kananas.com\/oniyamaryu1683\/wp-content\/uploads\/sites\/479\/2012\/08\/IMG_0266.jpg 1445w\" sizes=\"auto, (max-width: 640px) 100vw, 640px\" \/><\/a><p id=\"caption-attachment-145\" class=\"wp-caption-text\">Entrainement matinal au dessus du lac de Nantua<\/p><\/div>\n<h2 style=\"text-align: justify\"><span style=\"font-family: 'times new roman', times, serif\">Le Tai Chi Chuan du style Yang, connu comme gymnastique de sant\u00e9, est \u00e0 l&rsquo;origine une discipline de combat. Elle reprend certains principes de Qigong permettant de d\u00e9velopper l&rsquo;\u00e9nergie interne.<\/span><\/h2>\n<h2 style=\"text-align: justify\"><span style=\"font-family: 'times new roman', times, serif\">La connaissance des applications martiales aide \u00e0 guider l&rsquo;\u00e9nergie. Sa pratique r\u00e9guli\u00e8re d\u00e9veloppe souplesse, force, respiration, concentration et mental.<\/span><\/h2>\n<h2 style=\"text-align: justify\"><span style=\"font-family: 'times new roman', times, serif\">Gymnastique douce et passionnante, sa finesse technique est grande. Positions souples, respiration, d\u00e9contraction, mobilit\u00e9 du corps, sa pratique est excellente pour les lombaires et les genoux, ainsi que pour enlever le stress de la journ\u00e9e.<\/span><\/h2>\n<h2 style=\"text-align: justify\"><span style=\"font-family: 'times new roman', times, serif\">Nous faisons partager aujourd&rsquo;hui nos 20 ans d&rsquo;exp\u00e9rience dans cette discipline acquise aupr\u00e8s de Mtre YANG JWING MING (fondateur de la YMAA et auteur de nombreux ouvrages sur le sujet des arts martiaux chinois), de ses enfants et disciples comme Victor MARQUES (Responsable de la <a href=\"http:\/\/www.ymaafrance.com\" target=\"_blank\" rel=\"noopener noreferrer\">YMAA France<\/a>).<\/span><\/h2>\n<div id=\"attachment_276\" style=\"width: 458px\" class=\"wp-caption aligncenter\"><a href=\"http:\/\/www.kananas.com\/oniyamaryu1683\/wp-content\/uploads\/sites\/479\/2012\/08\/yang_046.jpg\"><img loading=\"lazy\" decoding=\"async\" aria-describedby=\"caption-attachment-276\" class=\" wp-image-276 \" src=\"http:\/\/www.kananas.com\/oniyamaryu1683\/wp-content\/uploads\/sites\/479\/2012\/08\/yang_046-767x1024.jpg\" alt=\"yang_046\" width=\"448\" height=\"598\" srcset=\"https:\/\/www.kananas.com\/oniyamaryu1683\/wp-content\/uploads\/sites\/479\/2012\/08\/yang_046-767x1024.jpg 767w, https:\/\/www.kananas.com\/oniyamaryu1683\/wp-content\/uploads\/sites\/479\/2012\/08\/yang_046-225x300.jpg 225w, https:\/\/www.kananas.com\/oniyamaryu1683\/wp-content\/uploads\/sites\/479\/2012\/08\/yang_046-768x1025.jpg 768w\" sizes=\"auto, (max-width: 448px) 100vw, 448px\" \/><\/a><p id=\"caption-attachment-276\" class=\"wp-caption-text\"><\/span> <span style=\"font-family: 'times new roman', times, serif\">Mtre YANG JWING MING et Victor MARQUES<\/span><\/p><\/div>\n<h2 style=\"text-align: justify\"><span style=\"font-family: 'times new roman', times, serif\">Ce style Yang enseign\u00e9 par Mtre Yang Jwing Ming est l\u2019un des rares styles traditionnels contenant encore l&rsquo;essence de l&rsquo;art martial. D\u2019autres techniques font partie int\u00e9grante du Tai Chi Chuan, mais de par l\u2019\u00e9tendue de leur \u00e9tude, elles sont devenues des disciplines \u00e0 part enti\u00e8re :<\/span><\/h2>\n<ul style=\"text-align: justify\">\n<li>\n<h2><span style=\"font-family: 'times new roman', times, serif\"><strong><em>Qi Gong<\/em><\/strong><\/span><\/h2>\n<\/li>\n<\/ul>\n<h2 style=\"padding-left: 60px;text-align: justify\"><span style=\"font-family: 'times new roman', times, serif\">Le Qigong est une pratique qui permet de se maintenir en bonne sant\u00e9 et d&rsquo;augmenter le potentiel de la long\u00e9vit\u00e9 \u00e0 travers le d\u00e9veloppement de l\u2019\u00e9nergie interne. Aux connaissances chinoises anciennes s&rsquo; ajoute les connaissances scientifiques r\u00e9centes faites sur le sujet. L&rsquo;enseignement est adapt\u00e9 \u00e0 notre pens\u00e9e occidentale, donnant ainsi une explication simple et logique sur un sujet r\u00e9put\u00e9 myst\u00e9rieux.<\/span><\/h2>\n<ul style=\"text-align: justify\">\n<li>\n<h2><span style=\"font-family: 'times new roman', times, serif\"><em><strong>Tui Shou<\/strong><\/em><\/span><\/h2>\n<\/li>\n<\/ul>\n<h2 style=\"padding-left: 60px;text-align: justify\"><span style=\"font-family: 'times new roman', times, serif\">Dans le Tai Chi Chuan, le principe de combat est de se rapprocher de l&rsquo;adversaire, de contr\u00f4ler ses mouvements en \u00ab\u00a0adh\u00e9rant\u00a0\u00bb \u00e0 chacun de ses gestes, de contr\u00f4ler son centre de gravit\u00e9 et de cr\u00e9er des ouvertures qui permettront l&rsquo;application d&rsquo;une frappe, d&rsquo;une projection ou d&rsquo;une technique de luxation. Les Tuishou (Pouss\u00e9es des mains ou Mains Collantes) sont la partie \u00ab\u00a0travail \u00e0 deux\u00a0\u00bb de ce principe de base. Les exercices de Tuishou s&rsquo;ex\u00e9cutent sans force en mobilisant toutes les parties du corps. Sa pratique apporte souplesse, concentration, sensibilit\u00e9 de r\u00e9action, stabilit\u00e9&#8230;<\/span><\/h2>\n<ul style=\"text-align: justify\">\n<li>\n<h2><span style=\"font-family: 'times new roman', times, serif\"><strong><em>Qin Na<\/em><\/strong><\/span><\/h2>\n<\/li>\n<\/ul>\n<h2 style=\"padding-left: 60px;text-align: justify\"><span style=\"font-family: 'times new roman', times, serif\">\u00abL&rsquo;art de saisir et de contr\u00f4ler son adversaire\u00bb. Les Qin Na (Chin-Na) sont pr\u00e9sents dans tous les arts martiaux chinois. Ils sont \u00e0 l&rsquo;origine du Jiu-Jitsu japonais et de l&rsquo;Aikido. Les Qin Na recouvrent une vaste gamme de techniques qui va d&rsquo;un niveau de base \u00e0 un niveau extr\u00eamement \u00e9lev\u00e9. Son \u00e9tude est in\u00e9puisable ! Les techniques de base peuvent facilement \u00eatre apprises par tous les pratiquants pour enrichir leur exp\u00e9rience de combattant en les int\u00e9grant dans leur discipline. Elles peuvent \u00e9galement \u00eatre pratiqu\u00e9es par les non-pratiquants dans une perspective d\u2019autod\u00e9fense.<\/span><\/h2>\n<h2 style=\"text-align: justify\"><span style=\"font-family: 'times new roman', times, serif\">Le dojo d&rsquo;Izernore est actuellement le seul \u00e0 dispenser l\u2019enseignement du Tai Chi Chuan au sein de l&rsquo;ONI YAMA RYU.<\/span><\/h2>\n<h3><\/h3>\n<h3><\/h3>\n","protected":false},"excerpt":{"rendered":"<p>Le Tai Chi Chuan du style Yang, connu comme gymnastique de sant\u00e9, est \u00e0 l&rsquo;origine une discipline de combat. Elle reprend certains principes de Qigong permettant de d\u00e9velopper l&rsquo;\u00e9nergie interne. La connaissance des applications martiales aide \u00e0 guider l&rsquo;\u00e9nergie. Sa pratique r\u00e9guli\u00e8re d\u00e9veloppe souplesse, force, respiration, concentration et mental. Gymnastique douce et passionnante, sa finesse [&hellip;]<\/p>\n","protected":false},"author":490,"featured_media":0,"parent":401,"menu_order":2,"comment_status":"closed","ping_status":"closed","template":"","meta":{"_crdt_document":"","footnotes":""},"class_list":["post-36","page","type-page","status-publish","hentry"],"_links":{"self":[{"href":"https:\/\/www.kananas.com\/oniyamaryu1683\/wp-json\/wp\/v2\/pages\/36","targetHints":{"allow":["GET"]}}],"collection":[{"href":"https:\/\/www.kananas.com\/oniyamaryu1683\/wp-json\/wp\/v2\/pages"}],"about":[{"href":"https:\/\/www.kananas.com\/oniyamaryu1683\/wp-json\/wp\/v2\/types\/page"}],"author":[{"embeddable":true,"href":"https:\/\/www.kananas.com\/oniyamaryu1683\/wp-json\/wp\/v2\/users\/490"}],"replies":[{"embeddable":true,"href":"https:\/\/www.kananas.com\/oniyamaryu1683\/wp-json\/wp\/v2\/comments?post=36"}],"version-history":[{"count":3,"href":"https:\/\/www.kananas.com\/oniyamaryu1683\/wp-json\/wp\/v2\/pages\/36\/revisions"}],"predecessor-version":[{"id":958,"href":"https:\/\/www.kananas.com\/oniyamaryu1683\/wp-json\/wp\/v2\/pages\/36\/revisions\/958"}],"up":[{"embeddable":true,"href":"https:\/\/www.kananas.com\/oniyamaryu1683\/wp-json\/wp\/v2\/pages\/401"}],"wp:attachment":[{"href":"https:\/\/www.kananas.com\/oniyamaryu1683\/wp-json\/wp\/v2\/media?parent=36"}],"curies":[{"name":"wp","href":"https:\/\/api.w.org\/{rel}","templated":true}]}}