{"id":401,"date":"2012-07-07T08:04:51","date_gmt":"2012-07-07T06:04:51","guid":{"rendered":"http:\/\/www.gestasso.com\/association\/oniyamaryu\/?page_id=2"},"modified":"2022-08-20T18:32:56","modified_gmt":"2022-08-20T16:32:56","slug":"disciplines","status":"publish","type":"page","link":"https:\/\/www.kananas.com\/oniyamaryu1683\/disciplines\/","title":{"rendered":"Disciplines"},"content":{"rendered":"<p>&nbsp;<\/p>\n<h1 style=\"text-align: center\"><span style=\"font-family: 'times new roman', times, serif;font-size: 18pt\">L&rsquo;Oni Yama Ryu est une \u00e9cole d&rsquo;arts martiaux regroupant plusieurs dojos dispensant l&rsquo;enseignement du <a href=\"http:\/\/www.kananas.com\/oniyamaryu1683\/disciplines\/ninjutsu\" target=\"_self\" rel=\"noopener noreferrer\">Ninjutsu<\/a>, du <a title=\"Tai Chi Chuan\" href=\"http:\/\/www.kananas.com\/oniyamaryu1683\/disciplines\/tai-chi-chuan\/\" target=\"_self\" rel=\"noopener noreferrer\">Tai Chi Chuan<\/a> de style YANG et de la <a href=\"https:\/\/www.kananas.com\/oniyamaryu1683\/disciplines\/defense-personnelle\/\">Self d\u00e9fense<\/a>.<\/span><\/h1>\n<h1 style=\"text-align: center\"><span style=\"font-family: 'times new roman', times, serif;font-size: 18pt\">V\u00e9rifiez quelles disciplines sont enseign\u00e9es dans le dojo le plus proche de chez vous, et contactez l&rsquo;instructeur local pour un essai ou vous inscrire.<\/span><\/h1>\n","protected":false},"excerpt":{"rendered":"<p>&nbsp; L&rsquo;Oni Yama Ryu est une \u00e9cole d&rsquo;arts martiaux regroupant plusieurs dojos dispensant l&rsquo;enseignement du Ninjutsu, du Tai Chi Chuan de style YANG et de la Self d\u00e9fense. V\u00e9rifiez quelles disciplines sont enseign\u00e9es dans le dojo le plus proche de chez vous, et contactez l&rsquo;instructeur local pour un essai ou vous inscrire.<\/p>\n","protected":false},"author":490,"featured_media":0,"parent":0,"menu_order":1,"comment_status":"closed","ping_status":"closed","template":"","meta":{"_crdt_document":"","footnotes":""},"class_list":["post-401","page","type-page","status-publish","hentry"],"_links":{"self":[{"href":"https:\/\/www.kananas.com\/oniyamaryu1683\/wp-json\/wp\/v2\/pages\/401","targetHints":{"allow":["GET"]}}],"collection":[{"href":"https:\/\/www.kananas.com\/oniyamaryu1683\/wp-json\/wp\/v2\/pages"}],"about":[{"href":"https:\/\/www.kananas.com\/oniyamaryu1683\/wp-json\/wp\/v2\/types\/page"}],"author":[{"embeddable":true,"href":"https:\/\/www.kananas.com\/oniyamaryu1683\/wp-json\/wp\/v2\/users\/490"}],"replies":[{"embeddable":true,"href":"https:\/\/www.kananas.com\/oniyamaryu1683\/wp-json\/wp\/v2\/comments?post=401"}],"version-history":[{"count":6,"href":"https:\/\/www.kananas.com\/oniyamaryu1683\/wp-json\/wp\/v2\/pages\/401\/revisions"}],"predecessor-version":[{"id":954,"href":"https:\/\/www.kananas.com\/oniyamaryu1683\/wp-json\/wp\/v2\/pages\/401\/revisions\/954"}],"wp:attachment":[{"href":"https:\/\/www.kananas.com\/oniyamaryu1683\/wp-json\/wp\/v2\/media?parent=401"}],"curies":[{"name":"wp","href":"https:\/\/api.w.org\/{rel}","templated":true}]}}