{"id":402,"date":"2012-07-07T08:04:52","date_gmt":"2012-07-07T06:04:52","guid":{"rendered":"http:\/\/www.gestasso.com\/association\/oniyamaryu\/adhesion\/"},"modified":"2022-08-23T15:34:55","modified_gmt":"2022-08-23T13:34:55","slug":"adhesion","status":"publish","type":"page","link":"https:\/\/www.kananas.com\/oniyamaryu1683\/adhesion\/","title":{"rendered":"Adh\u00e9sion"},"content":{"rendered":"<h1 style=\"text-align: justify\"><span style=\"font-size: 14pt\"><em>Pour une nouvelle inscription,<\/em>\u00a0le formulaire d&rsquo;adh\u00e9sion ci-dessous vous permet de nous soumettre directement une fiche de renseignements. Votre fiche sera alors cr\u00e9\u00e9e en statut \u00ab\u00a0en attente\u00a0\u00bb.<\/span><\/h1>\n<h1 style=\"text-align: justify\"><span style=\"font-size: 14pt\"><em>Pour une r\u00e9inscription<\/em> dans l&rsquo;une de nos \u00e9coles, il vous suffira de t\u00e9l\u00e9charger l&rsquo;auto questionnaire de sant\u00e9 en cliquant sur ce <a href=\"http:\/\/www.kananas.com\/oniyamaryu1683\/wp-content\/uploads\/sites\/479\/2017\/09\/auto_questionnaire_sante_faemc_OYR.pdf\">lien<\/a>, de le remplir et de le transmettre au responsable en m\u00eame temps que le certificat m\u00e9dical si n\u00e9cessaire et votre r\u00e8glement.<\/span><\/h1>\n<h1 style=\"text-align: justify\"><span style=\"font-size: 14pt\">Lorsque vous nous aurez remis toutes les pi\u00e8ces n\u00e9cessaires \u00e0 votre inscription (cotisation, certificat m\u00e9dical ou auto questionnaire, &#8230;), votre fiche sera alors valid\u00e9e.<\/span><\/h1>\n<h1 style=\"text-align: justify\"><span style=\"font-size: 14pt\">Un espace personnel vous sera attribu\u00e9.<\/span><\/h1>\n<h1><span style=\"font-size: 14pt\">Cela vous permettra :<\/span><\/h1>\n<ul>\n<li>\n<h1><span style=\"font-size: 14pt\">de mettre \u00e0 jour de fa\u00e7on autonome les renseignements administratifs vous concernant<\/span><\/h1>\n<\/li>\n<li>\n<h1><span style=\"font-size: 14pt\">de vous inscrire aux diff\u00e9rents stages propos\u00e9s tout au long de l&rsquo;ann\u00e9e<\/span><\/h1>\n<\/li>\n<li>\n<h1><span style=\"font-size: 14pt\">d&rsquo;\u00eatre tenu inform\u00e9 de tout \u00e9v\u00e8nement de la vie de votre dojo.<\/span><\/h1>\n<\/li>\n<\/ul>\n<h1 style=\"text-align: justify\"><span style=\"text-decoration: underline;font-size: 14pt\">Responsabilit\u00e9s :<\/span><\/h1>\n<h1 style=\"text-align: justify\"><span style=\"font-size: 14pt\">En remplissant ce formulaire et en nous le retournant, vous d\u00e9clarez et certifiez :<\/span><\/h1>\n<ul>\n<li>\n<h1><span style=\"font-size: 14pt\">Accepter que l\u2019Association Oni Yama Ryu m\u00e9morise et utilise vos donn\u00e9es personnelles collect\u00e9es dans ce formulaire dans le but d\u2019am\u00e9liorer votre exp\u00e9rience et vos interactions avec elle. En l\u2019occurrence, vous autorisez l\u2019Association Oni Yama Ryu \u00e0 communiquer occasionnellement avec vous si elle le juge n\u00e9cessaire afin de vous apporter des informations compl\u00e9mentaires sur ses projets via les coordonn\u00e9es collect\u00e9es dans le formulaire.<br \/>\nAfin de prot\u00e9ger la confidentialit\u00e9 de vos donn\u00e9es personnelles, l\u2019Association Oni Yama Ryu s\u2019engage \u00e0 ne pas divulguer, ne pas transmettre, ni partager vos donn\u00e9es personnelles avec d\u2019autres entit\u00e9s, entreprises ou organismes, quels qu\u2019ils soient, conform\u00e9ment au R\u00e8glement G\u00e9n\u00e9ral de Protection des Donn\u00e9es de 2018 sur la protection des donn\u00e9es personnelles et \u00e0 notre politique de protection des donn\u00e9es.<\/span><\/h1>\n<\/li>\n<li>\n<h1><span style=\"font-size: 14pt\">\u00catre conscient des activit\u00e9s martiales que vous allez\u00a0pratiquer et que vous ne tiendrez pas pour responsable le dirigeant, les instructeurs ou un de ses participants en cas d&rsquo;accident lors d&rsquo;un \u00e9change technique dans le cadre des s\u00e9ances.<\/span><\/h1>\n<\/li>\n<li>\n<h1><span style=\"font-size: 14pt\">Ne pas avoir de contre\u2010indications m\u00e9dicales \u00e0 la pratique des arts de sant\u00e9 ou martiales enseign\u00e9s lors des s\u00e9ances et vous vous engagez \u00e0 informer l&rsquo;organisateur si un changement m\u00e9dical pouvait avoir des cons\u00e9quences sur votre\u00a0entra\u00eenement.<\/span><\/h1>\n<\/li>\n<li>\n<h1><span style=\"font-size: 14pt\">Les dojos\u00a0d\u00e9clinent toute responsabilit\u00e9 en cas de vols, d\u00e9gradations ou pertes.<\/span><\/h1>\n<\/li>\n<li>\n<h1><span style=\"font-size: 14pt\">Les dojos peuvent utiliser votre image pour leurs\u00a0r\u00e9alisations publicitaires respectant le cadre de la loi.<\/span><\/h1>\n<\/li>\n<\/ul>\n<h1 style=\"text-align: justify\"><span style=\"font-size: 14pt\">Vous vous engagez \u00e0 :<\/span><\/h1>\n<ul>\n<li style=\"text-align: justify\">\n<h1><span style=\"font-size: 14pt\">r\u00e9gler l\u2019int\u00e9gralit\u00e9 de votre\u00a0inscription (ou celle de votre enfant)<\/span><\/h1>\n<\/li>\n<li style=\"text-align: justify\">\n<h1><span style=\"font-size: 14pt\">ne pas enseigner, montrer ou appliquer les techniques apprises au sein de l\u2019OYR m\u00eame en cas d&rsquo;exclusion<\/span><\/h1>\n<\/li>\n<li style=\"text-align: justify\">\n<h1><span style=\"font-size: 14pt\">respecter les r\u00e8gles du Dojo, et \u00e0 pr\u00e9venir l\u2019encadrement en cas de probl\u00e8me ou d\u2019arr\u00eat de pratique<\/span><\/h1>\n<\/li>\n<\/ul>\n<h4>\n<!-- iframe plugin v.6.0 wordpress.org\/plugins\/iframe\/ -->\n<iframe loading=\"lazy\" src=\"https:\/\/backoffice.kananas.com\/action_manager.php?event=hire&#038;id=1683\" frameborder=\"0\" width=\"100%\" height=\"900\" scrolling=\"no\" class=\"iframe-class\"><\/iframe>\n<\/h4>\n","protected":false},"excerpt":{"rendered":"<p>Pour une nouvelle inscription,\u00a0le formulaire d&rsquo;adh\u00e9sion ci-dessous vous permet de nous soumettre directement une fiche de renseignements. Votre fiche sera alors cr\u00e9\u00e9e en statut \u00ab\u00a0en attente\u00a0\u00bb. Pour une r\u00e9inscription dans l&rsquo;une de nos \u00e9coles, il vous suffira de t\u00e9l\u00e9charger l&rsquo;auto questionnaire de sant\u00e9 en cliquant sur ce lien, de le remplir et de le transmettre [&hellip;]<\/p>\n","protected":false},"author":490,"featured_media":0,"parent":0,"menu_order":30,"comment_status":"closed","ping_status":"closed","template":"","meta":{"_crdt_document":"","footnotes":""},"class_list":["post-402","page","type-page","status-publish","hentry"],"_links":{"self":[{"href":"https:\/\/www.kananas.com\/oniyamaryu1683\/wp-json\/wp\/v2\/pages\/402","targetHints":{"allow":["GET"]}}],"collection":[{"href":"https:\/\/www.kananas.com\/oniyamaryu1683\/wp-json\/wp\/v2\/pages"}],"about":[{"href":"https:\/\/www.kananas.com\/oniyamaryu1683\/wp-json\/wp\/v2\/types\/page"}],"author":[{"embeddable":true,"href":"https:\/\/www.kananas.com\/oniyamaryu1683\/wp-json\/wp\/v2\/users\/490"}],"replies":[{"embeddable":true,"href":"https:\/\/www.kananas.com\/oniyamaryu1683\/wp-json\/wp\/v2\/comments?post=402"}],"version-history":[{"count":10,"href":"https:\/\/www.kananas.com\/oniyamaryu1683\/wp-json\/wp\/v2\/pages\/402\/revisions"}],"predecessor-version":[{"id":961,"href":"https:\/\/www.kananas.com\/oniyamaryu1683\/wp-json\/wp\/v2\/pages\/402\/revisions\/961"}],"wp:attachment":[{"href":"https:\/\/www.kananas.com\/oniyamaryu1683\/wp-json\/wp\/v2\/media?parent=402"}],"curies":[{"name":"wp","href":"https:\/\/api.w.org\/{rel}","templated":true}]}}