{"id":919,"date":"2022-08-05T20:36:24","date_gmt":"2022-08-05T18:36:24","guid":{"rendered":"https:\/\/www.kananas.com\/oniyamaryu1683\/?page_id=919"},"modified":"2022-08-20T18:44:04","modified_gmt":"2022-08-20T16:44:04","slug":"defense-personnelle","status":"publish","type":"page","link":"https:\/\/www.kananas.com\/oniyamaryu1683\/disciplines\/defense-personnelle\/","title":{"rendered":"D\u00e9fense personnelle"},"content":{"rendered":"<p><img loading=\"lazy\" decoding=\"async\" class=\"aligncenter wp-image-921 size-full\" src=\"https:\/\/www.kananas.com\/oniyamaryu1683\/wp-content\/uploads\/sites\/479\/2022\/08\/De\u0301fense-personnelle-scaled.jpg\" alt=\"\" width=\"2560\" height=\"1440\" srcset=\"https:\/\/www.kananas.com\/oniyamaryu1683\/wp-content\/uploads\/sites\/479\/2022\/08\/De\u0301fense-personnelle-scaled.jpg 2560w, https:\/\/www.kananas.com\/oniyamaryu1683\/wp-content\/uploads\/sites\/479\/2022\/08\/De\u0301fense-personnelle-300x169.jpg 300w, https:\/\/www.kananas.com\/oniyamaryu1683\/wp-content\/uploads\/sites\/479\/2022\/08\/De\u0301fense-personnelle-1024x576.jpg 1024w, https:\/\/www.kananas.com\/oniyamaryu1683\/wp-content\/uploads\/sites\/479\/2022\/08\/De\u0301fense-personnelle-768x432.jpg 768w, https:\/\/www.kananas.com\/oniyamaryu1683\/wp-content\/uploads\/sites\/479\/2022\/08\/De\u0301fense-personnelle-1536x864.jpg 1536w, https:\/\/www.kananas.com\/oniyamaryu1683\/wp-content\/uploads\/sites\/479\/2022\/08\/De\u0301fense-personnelle-2048x1152.jpg 2048w\" sizes=\"auto, (max-width: 2560px) 100vw, 2560px\" \/><\/p>\n<h2 style=\"text-align: justify\">L&rsquo;Oni Yama Ryu a d\u00e9cid\u00e9 de jeter un pont entre l&rsquo;\u00e9tude des arts martiaux traditionnels sino-japonais dans leur contexte historique et l&rsquo;utilisation que l&rsquo;on peut en faire dans le monde d&rsquo;aujourd&rsquo;hui.<\/h2>\n<h2 style=\"text-align: justify\">Avec l&rsquo;appui de la structure H.O.P.E., sp\u00e9cialis\u00e9e dans le d\u00e9veloppement et l&rsquo;utilisation des potentiels dans les situations de stress, notre association organisera un cours mensuel sur la d\u00e9fense personnelle. Le contenu des cours sera structur\u00e9 de mani\u00e8re logique et th\u00e9matique, de mani\u00e8re \u00e0 ce que les participants r\u00e9guliers aussi bien qu&rsquo;occasionnels puissent progresser de mani\u00e8re globale comme sp\u00e9cifique.<\/h2>\n<h2 style=\"text-align: justify\">Dispens\u00e9s le mercredi de 19H \u00e0 20H30, les cours seront accessibles gratuitement aux membres de l&rsquo;association et aux non membres \u00e0 partir de 15 ans au tarif de 10\u20ac la s\u00e9ance.<\/h2>\n<h2 style=\"text-align: justify\">Pour tous les participants, l&rsquo;acc\u00e8s au cours ne se fera que sur r\u00e9servation via :<\/h2>\n<ul style=\"text-align: justify\">\n<li>\n<h2>L&rsquo;espace personnel sur la plateforme de l&rsquo;association pour les membres<\/h2>\n<\/li>\n<li>\n<h2>Facebook pour prendre rdv sur notre \u00e9v\u00e8nement<\/h2>\n<\/li>\n<\/ul>\n<p style=\"text-align: justify\">\n<p style=\"text-align: justify\">\n","protected":false},"excerpt":{"rendered":"<p>L&rsquo;Oni Yama Ryu a d\u00e9cid\u00e9 de jeter un pont entre l&rsquo;\u00e9tude des arts martiaux traditionnels sino-japonais dans leur contexte historique et l&rsquo;utilisation que l&rsquo;on peut en faire dans le monde d&rsquo;aujourd&rsquo;hui. Avec l&rsquo;appui de la structure H.O.P.E., sp\u00e9cialis\u00e9e dans le d\u00e9veloppement et l&rsquo;utilisation des potentiels dans les situations de stress, notre association organisera un cours [&hellip;]<\/p>\n","protected":false},"author":490,"featured_media":0,"parent":401,"menu_order":3,"comment_status":"closed","ping_status":"closed","template":"","meta":{"_crdt_document":"","footnotes":""},"class_list":["post-919","page","type-page","status-publish","hentry"],"_links":{"self":[{"href":"https:\/\/www.kananas.com\/oniyamaryu1683\/wp-json\/wp\/v2\/pages\/919","targetHints":{"allow":["GET"]}}],"collection":[{"href":"https:\/\/www.kananas.com\/oniyamaryu1683\/wp-json\/wp\/v2\/pages"}],"about":[{"href":"https:\/\/www.kananas.com\/oniyamaryu1683\/wp-json\/wp\/v2\/types\/page"}],"author":[{"embeddable":true,"href":"https:\/\/www.kananas.com\/oniyamaryu1683\/wp-json\/wp\/v2\/users\/490"}],"replies":[{"embeddable":true,"href":"https:\/\/www.kananas.com\/oniyamaryu1683\/wp-json\/wp\/v2\/comments?post=919"}],"version-history":[{"count":7,"href":"https:\/\/www.kananas.com\/oniyamaryu1683\/wp-json\/wp\/v2\/pages\/919\/revisions"}],"predecessor-version":[{"id":960,"href":"https:\/\/www.kananas.com\/oniyamaryu1683\/wp-json\/wp\/v2\/pages\/919\/revisions\/960"}],"up":[{"embeddable":true,"href":"https:\/\/www.kananas.com\/oniyamaryu1683\/wp-json\/wp\/v2\/pages\/401"}],"wp:attachment":[{"href":"https:\/\/www.kananas.com\/oniyamaryu1683\/wp-json\/wp\/v2\/media?parent=919"}],"curies":[{"name":"wp","href":"https:\/\/api.w.org\/{rel}","templated":true}]}}