{"id":13,"date":"2021-09-08T17:14:52","date_gmt":"2021-09-08T15:14:52","guid":{"rendered":"http:\/\/www.kananas.com\/orpa4668\/?page_id=13"},"modified":"2024-12-24T12:41:40","modified_gmt":"2024-12-24T11:41:40","slug":"le-club","status":"publish","type":"page","link":"https:\/\/www.kananas.com\/orpa4668\/le-club\/","title":{"rendered":"Le Club"},"content":{"rendered":"<p data-wp-editing=\"1\"><img loading=\"lazy\" decoding=\"async\" class=\"wp-image-261 alignleft\" src=\"https:\/\/www.kananas.com\/orpa4668\/wp-content\/uploads\/sites\/1244\/2024\/12\/logoorpaplongee512x512-500x500.jpg\" alt=\"\" width=\"113\" height=\"113\" srcset=\"https:\/\/www.kananas.com\/orpa4668\/wp-content\/uploads\/sites\/1244\/2024\/12\/logoorpaplongee512x512-500x500.jpg 500w, https:\/\/www.kananas.com\/orpa4668\/wp-content\/uploads\/sites\/1244\/2024\/12\/logoorpaplongee512x512-150x150.jpg 150w, https:\/\/www.kananas.com\/orpa4668\/wp-content\/uploads\/sites\/1244\/2024\/12\/logoorpaplongee512x512.jpg 512w\" sizes=\"auto, (max-width: 113px) 100vw, 113px\" \/><\/p>\n<p>&nbsp;<\/p>\n<p>&nbsp;<\/p>\n<p>La section plong\u00e9e de l&rsquo;ORPA appartient au club multisport \u00ab\u00a0\u0152uvre Ricamandoise de Plein Air\u00a0\u00bb qui existe depuis 1969.<\/p>\n<p>La plong\u00e9e n\u00e9cessite une formation rigoureuse qui a lieu \u00e0 la <a href=\"https:\/\/maps.app.goo.gl\/dvgWx6sP5j4tUSYDA\" target=\"_blank\" rel=\"noopener\">Piscine du Chambon-Feugerolles<\/a> les mercredis soir, pour le maintien en forme, en fosse et naturellement en mer, pour finaliser les exercices techniques indispensables \u00e0 la s\u00e9curit\u00e9.<br \/>\nEn compl\u00e9ment de la formation pratique, des cours th\u00e9oriques, des initiations au secourisme, \u00e0 la biologie, au matelotage, \u00e0 la photo sous-marine&#8230;, sont \u00e9galement dispens\u00e9es par les encadrants du club.<br \/>\nDes weekends de plong\u00e9e sont organis\u00e9s chaque mois pour d\u00e9couvrir les fonds de la M\u00e9diterran\u00e9e.<br \/>\nPour le bon d\u00e9roulement des activit\u00e9s, le club poss\u00e8de le mat\u00e9riel n\u00e9cessaire pour la plong\u00e9e : compresseur, bouteilles&#8230;, mais aussi un frigo pour la convivialit\u00e9.<\/p>\n","protected":false},"excerpt":{"rendered":"<p>&nbsp; &nbsp; La section plong\u00e9e de l&rsquo;ORPA appartient au club multisport \u00ab\u00a0\u0152uvre Ricamandoise de Plein Air\u00a0\u00bb qui existe depuis 1969. La plong\u00e9e n\u00e9cessite une formation rigoureuse qui a lieu \u00e0 la Piscine du Chambon-Feugerolles les mercredis soir, pour le maintien &hellip; <a href=\"https:\/\/www.kananas.com\/orpa4668\/le-club\/\">Continuer la lecture <span class=\"meta-nav\">&rarr;<\/span><\/a><\/p>\n","protected":false},"author":1283,"featured_media":0,"parent":0,"menu_order":0,"comment_status":"closed","ping_status":"closed","template":"","meta":{"_crdt_document":"","footnotes":""},"class_list":["post-13","page","type-page","status-publish","hentry"],"_links":{"self":[{"href":"https:\/\/www.kananas.com\/orpa4668\/wp-json\/wp\/v2\/pages\/13","targetHints":{"allow":["GET"]}}],"collection":[{"href":"https:\/\/www.kananas.com\/orpa4668\/wp-json\/wp\/v2\/pages"}],"about":[{"href":"https:\/\/www.kananas.com\/orpa4668\/wp-json\/wp\/v2\/types\/page"}],"author":[{"embeddable":true,"href":"https:\/\/www.kananas.com\/orpa4668\/wp-json\/wp\/v2\/users\/1283"}],"replies":[{"embeddable":true,"href":"https:\/\/www.kananas.com\/orpa4668\/wp-json\/wp\/v2\/comments?post=13"}],"version-history":[{"count":11,"href":"https:\/\/www.kananas.com\/orpa4668\/wp-json\/wp\/v2\/pages\/13\/revisions"}],"predecessor-version":[{"id":292,"href":"https:\/\/www.kananas.com\/orpa4668\/wp-json\/wp\/v2\/pages\/13\/revisions\/292"}],"wp:attachment":[{"href":"https:\/\/www.kananas.com\/orpa4668\/wp-json\/wp\/v2\/media?parent=13"}],"curies":[{"name":"wp","href":"https:\/\/api.w.org\/{rel}","templated":true}]}}