{"id":28,"date":"2021-09-08T17:32:08","date_gmt":"2021-09-08T15:32:08","guid":{"rendered":"http:\/\/www.kananas.com\/orpa4668\/?page_id=28"},"modified":"2024-12-18T19:19:45","modified_gmt":"2024-12-18T18:19:45","slug":"les-entrainements","status":"publish","type":"page","link":"https:\/\/www.kananas.com\/orpa4668\/les-entrainements\/","title":{"rendered":"Les Entrainements"},"content":{"rendered":"<p><img loading=\"lazy\" decoding=\"async\" class=\"alignnone size-medium wp-image-30 hoverZoomLink\" src=\"http:\/\/www.kananas.com\/orpa4668\/wp-content\/uploads\/sites\/1244\/2021\/09\/906161_Usrvd3I510_original-300x300.png\" alt=\"\" width=\"300\" height=\"300\" srcset=\"https:\/\/www.kananas.com\/orpa4668\/wp-content\/uploads\/sites\/1244\/2021\/09\/906161_Usrvd3I510_original-300x300.png 300w, https:\/\/www.kananas.com\/orpa4668\/wp-content\/uploads\/sites\/1244\/2021\/09\/906161_Usrvd3I510_original-1024x1024.png 1024w, https:\/\/www.kananas.com\/orpa4668\/wp-content\/uploads\/sites\/1244\/2021\/09\/906161_Usrvd3I510_original-150x150.png 150w, https:\/\/www.kananas.com\/orpa4668\/wp-content\/uploads\/sites\/1244\/2021\/09\/906161_Usrvd3I510_original-768x768.png 768w, https:\/\/www.kananas.com\/orpa4668\/wp-content\/uploads\/sites\/1244\/2021\/09\/906161_Usrvd3I510_original-1536x1536.png 1536w, https:\/\/www.kananas.com\/orpa4668\/wp-content\/uploads\/sites\/1244\/2021\/09\/906161_Usrvd3I510_original.png 2048w\" sizes=\"auto, (max-width: 300px) 100vw, 300px\" \/><\/p>\n<p>Les entrainements pour adultes se d\u00e9roulent tous les mercredis soir<\/p>\n<p>de 20 h 00 \u00e0 22 h 00 \u00e0 la piscine du Chambon-Feugerolles.<\/p>\n<p>Les entrainements de la section jeunes ont lieu deux samedis par mois<\/p>\n<p>de 17 h 00 \u00e0 19 h 00.<\/p>\n<p>Le planning complet est fourni en d\u00e9but de saison.<\/p>\n<p>Retrouvez-le sur <a href=\"https:\/\/orpaplongee.yaentrainement.fr\/\" target=\"_blank\" rel=\"noopener\">https:\/\/orpaplongee.yaentrainement.fr\/<\/a><\/p>\n","protected":false},"excerpt":{"rendered":"<p>Les entrainements pour adultes se d\u00e9roulent tous les mercredis soir de 20 h 00 \u00e0 22 h 00 \u00e0 la piscine du Chambon-Feugerolles. Les entrainements de la section jeunes ont lieu deux samedis par mois de 17 h 00 \u00e0 &hellip; <a href=\"https:\/\/www.kananas.com\/orpa4668\/les-entrainements\/\">Continuer la lecture <span class=\"meta-nav\">&rarr;<\/span><\/a><\/p>\n","protected":false},"author":1283,"featured_media":0,"parent":0,"menu_order":0,"comment_status":"closed","ping_status":"closed","template":"","meta":{"_crdt_document":"","footnotes":""},"class_list":["post-28","page","type-page","status-publish","hentry"],"_links":{"self":[{"href":"https:\/\/www.kananas.com\/orpa4668\/wp-json\/wp\/v2\/pages\/28","targetHints":{"allow":["GET"]}}],"collection":[{"href":"https:\/\/www.kananas.com\/orpa4668\/wp-json\/wp\/v2\/pages"}],"about":[{"href":"https:\/\/www.kananas.com\/orpa4668\/wp-json\/wp\/v2\/types\/page"}],"author":[{"embeddable":true,"href":"https:\/\/www.kananas.com\/orpa4668\/wp-json\/wp\/v2\/users\/1283"}],"replies":[{"embeddable":true,"href":"https:\/\/www.kananas.com\/orpa4668\/wp-json\/wp\/v2\/comments?post=28"}],"version-history":[{"count":6,"href":"https:\/\/www.kananas.com\/orpa4668\/wp-json\/wp\/v2\/pages\/28\/revisions"}],"predecessor-version":[{"id":268,"href":"https:\/\/www.kananas.com\/orpa4668\/wp-json\/wp\/v2\/pages\/28\/revisions\/268"}],"wp:attachment":[{"href":"https:\/\/www.kananas.com\/orpa4668\/wp-json\/wp\/v2\/media?parent=28"}],"curies":[{"name":"wp","href":"https:\/\/api.w.org\/{rel}","templated":true}]}}