{"id":35,"date":"2021-09-08T17:37:05","date_gmt":"2021-09-08T15:37:05","guid":{"rendered":"http:\/\/www.kananas.com\/orpa4668\/?page_id=35"},"modified":"2024-12-18T19:15:35","modified_gmt":"2024-12-18T18:15:35","slug":"les-tiv","status":"publish","type":"page","link":"https:\/\/www.kananas.com\/orpa4668\/les-tiv\/","title":{"rendered":"Les TIV"},"content":{"rendered":"<p><img decoding=\"async\" class=\"alignright\" src=\"http:\/\/subgalatee.fr\/wp-content\/uploads\/2013\/12\/tiv13.jpg\" alt=\"\" data-cke-saved-src=\"http:\/\/subgalatee.fr\/wp-content\/uploads\/2013\/12\/tiv13.jpg\" \/><\/p>\n<div><span style=\"font-size: 12pt\"><em>Qui ne s&rsquo;est pas demand\u00e9 un jour : mais qu&rsquo;est-ce que c&rsquo;est que ces \u00ab\u00a0TIV\u00a0\u00bb ?<\/em><\/span><br \/>\n<span style=\"font-size: 12pt\"><em>Serait-ce un peuple d&rsquo;Afrique de l&rsquo;Ouest ? ou encore les Transports d&rsquo;Ille-et-Vilaine ?<\/em><\/span><br \/>\n<span style=\"font-size: 12pt\"><em>Et non, ce sont les Techniciens en Inspection Visuelle !!!!<\/em><\/span><br \/>\n<span style=\"font-size: 12pt\"><em>Nous voil\u00e0 bien avanc\u00e9s&#8230;..?????<\/em><\/span><\/div>\n<div><\/div>\n<div><span style=\"font-size: 12pt\">La l\u00e9gislation fran\u00e7aise impose une requalification des blocs (dont ceux de plong\u00e9e !) tous les deux ans.<\/span><br \/>\n<span style=\"font-size: 12pt\">Toutefois, une d\u00e9rogation est accord\u00e9e \u00e0 la FFESSM moyennant un contr\u00f4le visuel appel\u00e9 TIV tous les ans.<\/span><br \/>\n<span style=\"font-size: 12pt\">Gr\u00e2ce \u00e0 cette mesure, le d\u00e9lai de requalification par le service des mines est port\u00e9 \u00e0 six ans.<\/span><\/div>\n<div><\/div>\n<div class=\"rteindent4\"><span style=\"font-size: 12pt\"><img decoding=\"async\" class=\"alignright\" src=\"http:\/\/cps57.free.fr\/local\/cache-gd2\/cd069cecba5d52d1f93db6cb2108b2bd.jpg\" alt=\"\" data-cke-saved-src=\"http:\/\/cps57.free.fr\/local\/cache-gd2\/cd069cecba5d52d1f93db6cb2108b2bd.jpg\" \/><\/span><\/div>\n<div class=\"rteindent4\"><span style=\"font-size: 12pt\">Les T.I.V. ont suivi un stage de formation organis\u00e9 par les Commissions Techniques R\u00e9gionales ou par les Comit\u00e9s D\u00e9partementaux sous le contr\u00f4le des C.T.R.<\/span><br \/>\n<span style=\"font-size: 12pt\">Il se d\u00e9roule sur deux jours. Durant cette formation, l&rsquo;Inspecteur Visuel apprend :<\/span><\/div>\n<ul>\n<li>\n<div><span style=\"font-size: 12pt\">\u00a0\u00a0\u00a0 la fabrication des blocs,<\/span><\/div>\n<\/li>\n<li>\n<div><span style=\"font-size: 12pt\">\u00a0\u00a0\u00a0 les techniques d\u2019inspection,<\/span><\/div>\n<\/li>\n<li>\n<div><span style=\"font-size: 12pt\">\u00a0\u00a0\u00a0 \u00e0 appr\u00e9hender la corrosion,<\/span><\/div>\n<\/li>\n<li>\n<div><span style=\"font-size: 12pt\">\u00a0\u00a0\u00a0 \u00e0 nettoyer un bloc,<\/span><\/div>\n<\/li>\n<li>\n<div><span style=\"font-size: 12pt\">\u00a0\u00a0\u00a0 \u00e0 en v\u00e9rifier la conformit\u00e9,<\/span><\/div>\n<\/li>\n<li>\n<div><span style=\"font-size: 12pt\">\u00a0\u00a0\u00a0 la l\u00e9gislation en vigueur.<\/span><\/div>\n<\/li>\n<\/ul>\n","protected":false},"excerpt":{"rendered":"<p>Qui ne s&rsquo;est pas demand\u00e9 un jour : mais qu&rsquo;est-ce que c&rsquo;est que ces \u00ab\u00a0TIV\u00a0\u00bb ? Serait-ce un peuple d&rsquo;Afrique de l&rsquo;Ouest ? ou encore les Transports d&rsquo;Ille-et-Vilaine ? Et non, ce sont les Techniciens en Inspection Visuelle !!!! Nous &hellip; <a href=\"https:\/\/www.kananas.com\/orpa4668\/les-tiv\/\">Continuer la lecture <span class=\"meta-nav\">&rarr;<\/span><\/a><\/p>\n","protected":false},"author":1283,"featured_media":0,"parent":0,"menu_order":0,"comment_status":"closed","ping_status":"closed","template":"","meta":{"_crdt_document":"","footnotes":""},"class_list":["post-35","page","type-page","status-publish","hentry"],"_links":{"self":[{"href":"https:\/\/www.kananas.com\/orpa4668\/wp-json\/wp\/v2\/pages\/35","targetHints":{"allow":["GET"]}}],"collection":[{"href":"https:\/\/www.kananas.com\/orpa4668\/wp-json\/wp\/v2\/pages"}],"about":[{"href":"https:\/\/www.kananas.com\/orpa4668\/wp-json\/wp\/v2\/types\/page"}],"author":[{"embeddable":true,"href":"https:\/\/www.kananas.com\/orpa4668\/wp-json\/wp\/v2\/users\/1283"}],"replies":[{"embeddable":true,"href":"https:\/\/www.kananas.com\/orpa4668\/wp-json\/wp\/v2\/comments?post=35"}],"version-history":[{"count":3,"href":"https:\/\/www.kananas.com\/orpa4668\/wp-json\/wp\/v2\/pages\/35\/revisions"}],"predecessor-version":[{"id":266,"href":"https:\/\/www.kananas.com\/orpa4668\/wp-json\/wp\/v2\/pages\/35\/revisions\/266"}],"wp:attachment":[{"href":"https:\/\/www.kananas.com\/orpa4668\/wp-json\/wp\/v2\/media?parent=35"}],"curies":[{"name":"wp","href":"https:\/\/api.w.org\/{rel}","templated":true}]}}