{"id":213,"date":"2012-02-26T16:26:37","date_gmt":"2012-02-26T15:26:37","guid":{"rendered":"http:\/\/www.gestasso.com\/association\/remoraclubpoitiers\/?page_id=213"},"modified":"2022-09-23T17:42:06","modified_gmt":"2022-09-23T15:42:06","slug":"liens","status":"publish","type":"page","link":"https:\/\/www.kananas.com\/remoraclubpoitiers2777\/liens\/","title":{"rendered":"Liens"},"content":{"rendered":"<p>F\u00e9d\u00e9rations et Organisations<\/p>\n<p><a href=\"http:\/\/www.ffessm.fr\/\" target=\"_blank\" rel=\"noopener noreferrer\">FFESSM<\/a><br \/>\nF\u00e9d\u00e9ration Fran\u00e7aise d&rsquo;\u00c9tudes et de Sports Sous-Marins.<\/p>\n<p><a href=\"https:\/\/ffessm.fr\/pages_manuel.asp\" target=\"_blank\" rel=\"noopener noreferrer\">FFESSM MFT<\/a><br \/>\nManuel de Formation Technique<\/p>\n<p><a href=\"http:\/\/apnee.ffessm.fr\/\" target=\"_blank\" rel=\"noopener noreferrer\">FFESSM Apn\u00e9e<\/a><br \/>\nCommission Nationale Apn\u00e9e.<\/p>\n<p><a href=\"https:\/\/www.ffessm-csna.fr\/\" target=\"_blank\" rel=\"noopener noreferrer\">CSNA<\/a><br \/>\nComit\u00e9 Subaquatique Nouvelle-Aquitaine<\/p>\n<p><a href=\"https:\/\/www.facebook.com\/FfessmVienne\" target=\"_blank\" rel=\"noopener noreferrer\">FFESSM Vienne<\/a><br \/>\nComit\u00e9 D\u00e9partemental Vienne.<\/p>\n<p><a href=\"https:\/\/www.helloasso.com\/associations\/federation-francaise-d-etude-des-sports-sous-marins-de-la-vienne\" target=\"_blank\" rel=\"noopener noreferrer\">Inscription Apn\u00e9e Fosse Civaux<\/a><br \/>\nCr\u00e9neau Hebdomadaire Apn\u00e9e du Comit\u00e9 D\u00e9partemental de la Vienne<\/p>\n<p><a href=\"https:\/\/www.ffessm.lafont-assurances.com\/\" target=\"_blank\" rel=\"noopener noreferrer\">Assurances Plong\u00e9e<\/a><br \/>\nCabinet Lafont Assurances FFESSM \/ Assurdiving<\/p>\n<p><a href=\"https:\/\/www.cmas.org\/\" target=\"_blank\" rel=\"noopener noreferrer\">CMAS<\/a><br \/>\nConf\u00e9d\u00e9ration Mondiale des Activit\u00e9 Subaquatiques.<br \/>\nWold Underwater Federation.<\/p>\n<p><a href=\"https:\/\/doris.ffessm.fr\/\" target=\"_blank\" rel=\"noopener noreferrer\">DORIS<\/a><br \/>\nDonn\u00e9es d&rsquo;Observations pour la Reconnaissance et l&rsquo;Identification de la faune et la flore Subaquatiques<\/p>\n<p><a href=\"https:\/\/www.asso-apecs.org\/-Programme-CapOeRa-.html\" target=\"_blank\" rel=\"noopener noreferrer\">CapOeRa<\/a><br \/>\nLe programme CapOeRa consiste \u00e0 suivre la pr\u00e9sence des raies ovipares des c\u00f4tes fran\u00e7aises au travers le recensement des \u00e9chouages de capsules d\u2019\u0153ufs de raies<\/p>\n","protected":false},"excerpt":{"rendered":"<p>F\u00e9d\u00e9rations et Organisations FFESSM F\u00e9d\u00e9ration Fran\u00e7aise d&rsquo;\u00c9tudes et de Sports Sous-Marins. FFESSM MFT Manuel de Formation Technique FFESSM Apn\u00e9e Commission Nationale Apn\u00e9e. CSNA Comit\u00e9 Subaquatique Nouvelle-Aquitaine FFESSM Vienne Comit\u00e9 D\u00e9partemental Vienne. Inscription Apn\u00e9e Fosse Civaux Cr\u00e9neau Hebdomadaire Apn\u00e9e du Comit\u00e9 &hellip; <a href=\"https:\/\/www.kananas.com\/remoraclubpoitiers2777\/liens\/\">Continue reading <span class=\"meta-nav\">&rarr;<\/span><\/a><\/p>\n","protected":false},"author":758,"featured_media":0,"parent":0,"menu_order":6,"comment_status":"closed","ping_status":"closed","template":"","meta":{"_crdt_document":"","footnotes":""},"class_list":["post-213","page","type-page","status-publish","hentry"],"_links":{"self":[{"href":"https:\/\/www.kananas.com\/remoraclubpoitiers2777\/wp-json\/wp\/v2\/pages\/213","targetHints":{"allow":["GET"]}}],"collection":[{"href":"https:\/\/www.kananas.com\/remoraclubpoitiers2777\/wp-json\/wp\/v2\/pages"}],"about":[{"href":"https:\/\/www.kananas.com\/remoraclubpoitiers2777\/wp-json\/wp\/v2\/types\/page"}],"author":[{"embeddable":true,"href":"https:\/\/www.kananas.com\/remoraclubpoitiers2777\/wp-json\/wp\/v2\/users\/758"}],"replies":[{"embeddable":true,"href":"https:\/\/www.kananas.com\/remoraclubpoitiers2777\/wp-json\/wp\/v2\/comments?post=213"}],"version-history":[{"count":23,"href":"https:\/\/www.kananas.com\/remoraclubpoitiers2777\/wp-json\/wp\/v2\/pages\/213\/revisions"}],"predecessor-version":[{"id":2109,"href":"https:\/\/www.kananas.com\/remoraclubpoitiers2777\/wp-json\/wp\/v2\/pages\/213\/revisions\/2109"}],"wp:attachment":[{"href":"https:\/\/www.kananas.com\/remoraclubpoitiers2777\/wp-json\/wp\/v2\/media?parent=213"}],"curies":[{"name":"wp","href":"https:\/\/api.w.org\/{rel}","templated":true}]}}