{"id":14,"date":"2017-03-14T13:14:47","date_gmt":"2017-03-14T12:14:47","guid":{"rendered":"http:\/\/www.kananas.com\/reunion-formation-plongee\/?page_id=14"},"modified":"2024-03-20T20:20:02","modified_gmt":"2024-03-20T16:20:02","slug":"tarifs","status":"publish","type":"page","link":"https:\/\/www.kananas.com\/reunion-formation-plongee\/tarifs\/","title":{"rendered":"Tarifs"},"content":{"rendered":"<p><span style=\"color: #0000ff\"><em><span style=\"font-size: 24pt;font-family: 'arial black', sans-serif\">R\u00c9UNION FORMATION PLONG\u00c9E<\/span><\/em><\/span><\/p>\n<p>&nbsp;<\/p>\n<p><img loading=\"lazy\" decoding=\"async\" class=\"alignnone size-medium wp-image-39\" src=\"http:\/\/www.kananas.com\/reunion-formation-plongee\/wp-content\/uploads\/sites\/289\/2017\/03\/anmpecole-300x126.jpg\" alt=\"\" width=\"300\" height=\"126\" srcset=\"https:\/\/www.kananas.com\/reunion-formation-plongee\/wp-content\/uploads\/sites\/289\/2017\/03\/anmpecole-300x126.jpg 300w, https:\/\/www.kananas.com\/reunion-formation-plongee\/wp-content\/uploads\/sites\/289\/2017\/03\/anmpecole-768x323.jpg 768w, https:\/\/www.kananas.com\/reunion-formation-plongee\/wp-content\/uploads\/sites\/289\/2017\/03\/anmpecole.jpg 781w\" sizes=\"auto, (max-width: 300px) 100vw, 300px\" \/><img loading=\"lazy\" decoding=\"async\" class=\"wp-image-29 alignleft\" src=\"http:\/\/www.kananas.com\/reunion-formation-plongee\/wp-content\/uploads\/sites\/289\/2017\/03\/tortue-280x300.jpg\" alt=\"\" width=\"217\" height=\"233\" srcset=\"https:\/\/www.kananas.com\/reunion-formation-plongee\/wp-content\/uploads\/sites\/289\/2017\/03\/tortue-280x300.jpg 280w, https:\/\/www.kananas.com\/reunion-formation-plongee\/wp-content\/uploads\/sites\/289\/2017\/03\/tortue-768x824.jpg 768w, https:\/\/www.kananas.com\/reunion-formation-plongee\/wp-content\/uploads\/sites\/289\/2017\/03\/tortue.jpg 855w\" sizes=\"auto, (max-width: 217px) 100vw, 217px\" \/><\/p>\n<p><a href=\"reunion-formation-plongee@wanadoo.fr\">reunion-formation-plongee@wanadoo.fr<\/a><\/p>\n<p><a href=\"mailto:contact@reunion-formation-plongee.com\">contact@reunion-formation-plongee.com<\/a><\/p>\n<table>\n<tbody>\n<tr>\n<td style=\"background-color: #254ef5;text-align: center\"><span style=\"font-family: 'comic sans ms', sans-serif;font-size: 24pt;color: #ffffff\">TARIFS 2024\/2025<\/span><\/td>\n<\/tr>\n<\/tbody>\n<\/table>\n<table style=\"width: 99.375%;height: 334px\">\n<tbody>\n<tr style=\"height: 28px\">\n<td style=\"width: 521px;height: 28px\"><span style=\"font-size: 14pt;font-family: 'comic sans ms', sans-serif\">Bapt\u00eame <\/span><\/td>\n<td style=\"width: 55px;height: 28px\"><span style=\"font-size: 14pt;font-family: 'comic sans ms', sans-serif\">60,00\u20ac <\/span><\/td>\n<\/tr>\n<tr style=\"height: 28px\">\n<td style=\"width: 521px;background-color: #95f2f5;height: 28px\"><span style=\"font-size: 14pt;font-family: 'comic sans ms', sans-serif\">Plongeur encadr\u00e9 non \u00e9quip\u00e9 <\/span><\/td>\n<td style=\"width: 55px;background-color: #95f2f5;height: 28px\"><span style=\"font-size: 14pt;font-family: 'comic sans ms', sans-serif\">45,00\u20ac <\/span><\/td>\n<\/tr>\n<tr style=\"height: 28px\">\n<td style=\"width: 521px;height: 28px\"><span style=\"font-size: 14pt;font-family: 'comic sans ms', sans-serif\">Plongeur encadr\u00e9 \u00e9quip\u00e9<\/span><\/td>\n<td style=\"width: 55px;height: 28px\"><span style=\"font-size: 14pt;font-family: 'comic sans ms', sans-serif\">40,00\u20ac <\/span><\/td>\n<\/tr>\n<tr style=\"height: 28px\">\n<td style=\"width: 521px;background-color: #95f2f5;height: 28px\"><span style=\"font-size: 14pt;font-family: 'comic sans ms', sans-serif\">Plongeur autonome non \u00e9quip\u00e9<\/span><\/td>\n<td style=\"width: 55px;background-color: #95f2f5;height: 28px\"><span style=\"font-size: 14pt;font-family: 'comic sans ms', sans-serif\">40,00\u20ac <\/span><\/td>\n<\/tr>\n<tr style=\"height: 28px\">\n<td style=\"width: 521px;height: 28px\"><span style=\"font-size: 14pt;font-family: 'comic sans ms', sans-serif\">Plongeur autonome \u00e9quip\u00e9<\/span><\/td>\n<td style=\"width: 55px;height: 28px\"><span style=\"font-size: 14pt;font-family: 'comic sans ms', sans-serif\">35,00\u20ac <\/span><\/td>\n<\/tr>\n<tr style=\"height: 28px\">\n<td style=\"width: 521px;background-color: #95f2f5;height: 28px\"><span style=\"font-size: 14pt;font-family: 'comic sans ms', sans-serif\">Plong\u00e9e Nitrox fond (d\u00e9co. sans suppl\u00e9ment)<\/span><\/td>\n<td style=\"width: 55px;background-color: #95f2f5;height: 28px\"><span style=\"font-size: 14pt;font-family: 'comic sans ms', sans-serif\">+10,00\u20ac<\/span><\/td>\n<\/tr>\n<tr style=\"height: 28px\">\n<td style=\"width: 521px;height: 28px\"><span style=\"font-size: 14pt;font-family: 'comic sans ms', sans-serif\">Plong\u00e9e technique<\/span><\/td>\n<td style=\"width: 55px;height: 28px\"><span style=\"font-size: 14pt;font-family: 'comic sans ms', sans-serif\">55,00\u20ac <\/span><\/td>\n<\/tr>\n<tr style=\"height: 28px\">\n<td style=\"width: 521px;background-color: #95f2f5;height: 28px\"><span style=\"font-size: 14pt;font-family: 'comic sans ms', sans-serif\">Sortie C\u00e9tac\u00e9<\/span><\/td>\n<td style=\"width: 55px;background-color: #95f2f5;height: 28px\"><span style=\"font-size: 14pt;font-family: 'comic sans ms', sans-serif\">50,00\u20ac<\/span><\/td>\n<\/tr>\n<\/tbody>\n<\/table>\n<p><em><span style=\"font-family: 'comic sans ms', sans-serif;color: #0000ff\"><br \/>\nToutes les plong\u00e9es profondes sont propos\u00e9es avec d\u00e9compression au Nitrox (70%)<\/span><\/em><\/p>\n<table>\n<tbody>\n<tr>\n<td style=\"background-color: #254ef5;text-align: center\"><span style=\"font-size: 24pt;font-family: 'comic sans ms', sans-serif;color: #ffffff\">CARTES<\/span><\/td>\n<\/tr>\n<\/tbody>\n<\/table>\n<table style=\"width: 639px\">\n<tbody>\n<tr style=\"height: 24px\">\n<td style=\"height: 24px;width: 497px\"><span style=\"font-size: 14pt;font-family: 'comic sans ms', sans-serif\">4 Plong\u00e9es encadr\u00e9 non \u00e9quip\u00e9<\/span><\/td>\n<td style=\"height: 24px;width: 45px\"><span style=\"font-size: 14pt;font-family: 'comic sans ms', sans-serif\">172,00\u20ac<\/span><\/td>\n<\/tr>\n<tr style=\"height: 24px\">\n<td style=\"height: 24px;background-color: #95f2f5;width: 497px\"><span style=\"font-size: 14pt;font-family: 'comic sans ms', sans-serif\">4 Plong\u00e9es autonome non \u00e9quip\u00e9<\/span><\/td>\n<td style=\"height: 24px;background-color: #95f2f5;width: 45px\"><span style=\"font-size: 14pt;font-family: 'comic sans ms', sans-serif\">152,00\u20ac<\/span><\/td>\n<\/tr>\n<tr style=\"height: 24px\">\n<td style=\"height: 24px;width: 497px\"><span style=\"font-size: 14pt;font-family: 'comic sans ms', sans-serif\">4 Plong\u00e9es autonome \u00e9quip\u00e9 <\/span><\/td>\n<td style=\"height: 24px;width: 45px\"><span style=\"font-size: 14pt;font-family: 'comic sans ms', sans-serif\">132,00\u20ac <\/span><\/td>\n<\/tr>\n<tr style=\"height: 24px\">\n<td style=\"height: 24px;background-color: #95f2f5;width: 497px\"><span style=\"font-size: 14pt;font-family: 'comic sans ms', sans-serif\">6 Plong\u00e9es encadr\u00e9 non \u00e9quip\u00e9 <\/span><\/td>\n<td style=\"height: 24px;background-color: #95f2f5;width: 45px\"><span style=\"font-size: 14pt;font-family: 'comic sans ms', sans-serif\">252,00\u20ac <\/span><\/td>\n<\/tr>\n<tr style=\"height: 24px\">\n<td style=\"height: 24px;width: 497px\"><span style=\"font-size: 14pt;font-family: 'comic sans ms', sans-serif\">6 Plong\u00e9es autonome non \u00e9quip\u00e9 <\/span><\/td>\n<td style=\"height: 24px;width: 45px\"><span style=\"font-size: 14pt;font-family: 'comic sans ms', sans-serif\">222,00\u20ac <\/span><\/td>\n<\/tr>\n<tr style=\"height: 24px\">\n<td style=\"height: 24px;background-color: #95f2f5;width: 497px\"><span style=\"font-size: 14pt;font-family: 'comic sans ms', sans-serif\">6 Plong\u00e9es autonome \u00e9quip\u00e9 <\/span><\/td>\n<td style=\"height: 24px;background-color: #95f2f5;width: 45px\"><span style=\"font-size: 14pt;font-family: 'comic sans ms', sans-serif\">192,00\u20ac<\/span><\/td>\n<\/tr>\n<tr style=\"height: 24px\">\n<td style=\"height: 24px;width: 497px\"><span style=\"font-size: 14pt;font-family: 'comic sans ms', sans-serif\">10 Plong\u00e9es encadr\u00e9 non \u00e9quip\u00e9<\/span><\/td>\n<td style=\"height: 24px;width: 45px\"><span style=\"font-size: 14pt;font-family: 'comic sans ms', sans-serif\">400,00\u20ac <\/span><\/td>\n<\/tr>\n<tr style=\"height: 24px\">\n<td style=\"height: 24px;background-color: #95f2f5;width: 497px\"><span style=\"font-size: 14pt;font-family: 'comic sans ms', sans-serif\">10 Plong\u00e9es autonome non \u00e9quip\u00e9 <\/span><\/td>\n<td style=\"height: 24px;background-color: #95f2f5;width: 45px\"><span style=\"font-size: 14pt;font-family: 'comic sans ms', sans-serif\">350,00\u20ac <\/span><\/td>\n<\/tr>\n<tr style=\"height: 24px\">\n<td style=\"height: 24px;width: 497px\"><span style=\"font-size: 14pt;font-family: 'comic sans ms', sans-serif\">10 Plong\u00e9es autonome \u00e9quip\u00e9 <\/span><\/td>\n<td style=\"height: 24px;width: 45px\"><span style=\"font-size: 14pt;font-family: 'comic sans ms', sans-serif\">300,00\u20ac <\/span><\/td>\n<\/tr>\n<\/tbody>\n<\/table>\n<p><em><span style=\"font-family: 'comic sans ms', sans-serif;color: #0000ff\">L&rsquo;\u00e9quipement comprend : palmes, masque, combinaison, gilet, d\u00e9tendeur. La bouteille est fournie par le club, et est comprise dans le tarif.<\/span><\/em><\/p>\n<table>\n<tbody>\n<tr>\n<td style=\"background-color: #254ef5;text-align: center\"><span style=\"font-family: 'comic sans ms', sans-serif;font-size: 24pt;color: #ffffff\">FORMATIONS<\/span><\/td>\n<\/tr>\n<\/tbody>\n<\/table>\n<table style=\"width: 99.5849%;height: 248px\">\n<tbody>\n<tr style=\"height: 24px\">\n<td style=\"height: 24px;width: 77.3897%\"><span style=\"font-size: 14pt;font-family: 'comic sans ms', sans-serif\">Niveau 1 (5 pl.) <\/span><\/td>\n<td style=\"height: 24px;width: 39.1544%\"><span style=\"font-size: 14pt;font-family: 'comic sans ms', sans-serif\">275,00\u20ac<\/span><\/td>\n<\/tr>\n<tr style=\"height: 24px\">\n<td style=\"height: 24px;background-color: #95f2f5;width: 77.3897%\"><span style=\"font-size: 14pt;font-family: 'comic sans ms', sans-serif\">PE40 + Nitrox confirm\u00e9 (4 pl.) <\/span><\/td>\n<td style=\"height: 24px;background-color: #95f2f5;width: 39.1544%\"><span style=\"font-size: 14pt;font-family: 'comic sans ms', sans-serif\">260,00\u20ac<\/span><\/td>\n<\/tr>\n<tr style=\"height: 24px\">\n<td style=\"height: 24px;width: 77.3897%\"><span style=\"font-size: 14pt;font-family: 'comic sans ms', sans-serif\">Niveau 2 (10 pl.) <\/span><\/td>\n<td style=\"height: 24px;width: 39.1544%\"><span style=\"font-size: 14pt;font-family: 'comic sans ms', sans-serif\">520,00\u20ac<\/span><\/td>\n<\/tr>\n<tr style=\"height: 24px\">\n<td style=\"height: 24px;background-color: #95f2f5;width: 77.3897%\"><span style=\"font-size: 14pt;font-family: 'comic sans ms', sans-serif\">PE60 + Nitrox confirm\u00e9 (4 pl.) <\/span><\/td>\n<td style=\"height: 24px;background-color: #95f2f5;width: 39.1544%\"><span style=\"font-size: 14pt;font-family: 'comic sans ms', sans-serif\">260,00\u20ac<\/span><\/td>\n<\/tr>\n<tr style=\"height: 28px\">\n<td style=\"width: 77.3897%;background-color: #ffffff;height: 28px\"><span style=\"font-size: 14pt;font-family: 'comic sans ms', sans-serif\">Niveau 3 (10 pl.)<\/span><\/td>\n<td style=\"width: 39.1544%;background-color: #ffffff;height: 28px\"><span style=\"font-size: 14pt;font-family: 'comic sans ms', sans-serif\">520,00\u20ac<\/span><\/td>\n<\/tr>\n<tr style=\"height: 24px\">\n<td style=\"height: 24px;width: 77.3897%;background-color: #95f2f5\"><span style=\"font-size: 14pt;font-family: 'comic sans ms', sans-serif\">N2 ou N3 + Nitrox Confirm\u00e9<\/span><\/td>\n<td style=\"height: 24px;width: 39.1544%;background-color: #95f2f5\"><span style=\"font-size: 14pt;font-family: 'comic sans ms', sans-serif\">550,00\u20ac<\/span><\/td>\n<\/tr>\n<tr style=\"height: 24px\">\n<td style=\"height: 24px;width: 77.3897%;background-color: #ffffff\"><span style=\"font-size: 14pt;font-family: 'comic sans ms', sans-serif\">Niveau 4 (Th\u00e9orie+Examen) <\/span><\/td>\n<td style=\"height: 24px;width: 39.1544%;background-color: #ffffff\"><span style=\"font-size: 14pt;font-family: 'comic sans ms', sans-serif\">330,00\u20ac<\/span><\/td>\n<\/tr>\n<tr style=\"height: 24px\">\n<td style=\"height: 24px;width: 77.3897%;background-color: #95f2f5\"><span style=\"font-size: 14pt;font-family: 'comic sans ms', sans-serif\">Nitrox \u00e9l\u00e9mentaire (2 pl.)<\/span><\/td>\n<td style=\"height: 24px;width: 39.1544%;background-color: #95f2f5\"><span style=\"font-size: 14pt;font-family: 'comic sans ms', sans-serif\">120,00\u20ac<\/span><\/td>\n<\/tr>\n<tr style=\"height: 24px\">\n<td style=\"height: 24px;width: 77.3897%;background-color: #ffffff\"><span style=\"font-size: 14pt;font-family: 'comic sans ms', sans-serif\">Nitrox Confirm\u00e9 (4 pl.)<\/span><\/td>\n<td style=\"height: 24px;width: 39.1544%;background-color: #ffffff\"><span style=\"font-size: 14pt;font-family: 'comic sans ms', sans-serif\">240,00\u20ac<\/span><\/td>\n<\/tr>\n<tr style=\"height: 24px\">\n<td style=\"height: 24px;width: 77.3897%;background-color: #95f2f5\"><span style=\"font-size: 14pt;font-family: 'comic sans ms', sans-serif\">RIFA \/ CAFSAN (1 journ\u00e9e)<\/span><\/td>\n<td style=\"height: 24px;width: 39.1544%;background-color: #95f2f5\"><span style=\"font-size: 14pt;font-family: 'comic sans ms', sans-serif\">110,00\u20ac<\/span><\/td>\n<\/tr>\n<tr style=\"height: 24px\">\n<td style=\"height: 24px;width: 77.3897%\"><span style=\"font-size: 14pt;font-family: 'comic sans ms', sans-serif\">Open Water (6 pl.) <\/span><\/td>\n<td style=\"height: 24px;width: 39.1544%\"><span style=\"font-size: 14pt;font-family: 'comic sans ms', sans-serif\">330,00\u20ac<\/span><\/td>\n<\/tr>\n<tr style=\"height: 24px\">\n<td style=\"height: 24px;background-color: #95f2f5;width: 77.3897%\"><span style=\"font-size: 14pt;font-family: 'comic sans ms', sans-serif\">Open Water + Niveau 1 (6 pl.)<\/span><\/td>\n<td style=\"height: 24px;background-color: #95f2f5;width: 39.1544%\"><span style=\"font-size: 14pt;font-family: 'comic sans ms', sans-serif\">350,00\u20ac<\/span><\/td>\n<\/tr>\n<tr style=\"height: 28px\">\n<td style=\"width: 77.3897%;background-color: #ffffff;height: 28px\"><span style=\"font-size: 14pt;font-family: 'comic sans ms', sans-serif\">Niveau 3 (10 pl.)<\/span><\/td>\n<td style=\"width: 39.1544%;background-color: #ffffff;height: 28px\"><span style=\"font-size: 14pt;font-family: 'comic sans ms', sans-serif\">520,00\u20ac<\/span><\/td>\n<\/tr>\n<tr style=\"height: 24px\">\n<td style=\"height: 24px;width: 77.3897%;background-color: #95f2f5\"><span style=\"font-size: 14pt;font-family: 'comic sans ms', sans-serif\">Speciality (1 pl.)<\/span><\/td>\n<td style=\"height: 24px;width: 39.1544%;background-color: #95f2f5\"><span style=\"font-size: 14pt;font-family: 'comic sans ms', sans-serif\">55,00\u20ac<\/span><\/td>\n<\/tr>\n<tr style=\"height: 24px\">\n<td style=\"height: 24px;width: 77.3897%;background-color: #ffffff\"><span style=\"font-size: 14pt;font-family: 'comic sans ms', sans-serif\">Advanced Adventure (5 pl.)<\/span><\/td>\n<td style=\"height: 24px;width: 39.1544%;background-color: #ffffff\"><span style=\"font-size: 14pt;font-family: 'comic sans ms', sans-serif\">275,00\u20ac<\/span><\/td>\n<\/tr>\n<tr style=\"height: 24px\">\n<td style=\"height: 24px;width: 77.3897%;background-color: #95f2f5\"><span style=\"font-size: 14pt;font-family: 'comic sans ms', sans-serif\">Rescue Diver (8h)<\/span><\/td>\n<td style=\"height: 24px;width: 39.1544%;background-color: #95f2f5\"><span style=\"font-size: 14pt;font-family: 'comic sans ms', sans-serif\">150,00\u20ac<\/span><\/td>\n<\/tr>\n<tr style=\"height: 24px\">\n<td style=\"height: 24px;width: 77.3897%;background-color: #ffffff\"><span style=\"font-size: 14pt;font-family: 'comic sans ms', sans-serif\">Dive Master (20 pl.)<\/span><\/td>\n<td style=\"height: 24px;width: 39.1544%;background-color: #ffffff\"><span style=\"font-size: 14pt;font-family: 'comic sans ms', sans-serif\">1100,00\u20ac<\/span><\/td>\n<\/tr>\n<tr style=\"height: 24px\">\n<td style=\"height: 24px;width: 77.3897%;background-color: #95f2f5\"><span style=\"font-size: 14pt;font-family: 'comic sans ms', sans-serif\">Crossover N4 vers Dive Master (2 j.)<\/span><\/td>\n<td style=\"height: 24px;width: 39.1544%;background-color: #95f2f5\"><span style=\"font-size: 14pt;font-family: 'comic sans ms', sans-serif\">350,00\u20ac<\/span><\/td>\n<\/tr>\n<\/tbody>\n<\/table>\n<p style=\"text-align: center\"><img loading=\"lazy\" decoding=\"async\" class=\"alignnone wp-image-25\" src=\"http:\/\/www.kananas.com\/reunion-formation-plongee\/wp-content\/uploads\/sites\/289\/2017\/03\/logoFFESSM-300x245.jpg\" alt=\"\" width=\"92\" height=\"75\" srcset=\"https:\/\/www.kananas.com\/reunion-formation-plongee\/wp-content\/uploads\/sites\/289\/2017\/03\/logoFFESSM-300x245.jpg 300w, https:\/\/www.kananas.com\/reunion-formation-plongee\/wp-content\/uploads\/sites\/289\/2017\/03\/logoFFESSM-768x628.jpg 768w, https:\/\/www.kananas.com\/reunion-formation-plongee\/wp-content\/uploads\/sites\/289\/2017\/03\/logoFFESSM-1024x838.jpg 1024w, https:\/\/www.kananas.com\/reunion-formation-plongee\/wp-content\/uploads\/sites\/289\/2017\/03\/logoFFESSM.jpg 1170w\" sizes=\"auto, (max-width: 92px) 100vw, 92px\" \/><img loading=\"lazy\" decoding=\"async\" class=\"alignnone wp-image-22\" src=\"http:\/\/www.kananas.com\/reunion-formation-plongee\/wp-content\/uploads\/sites\/289\/2017\/03\/fsgt974plongee-300x213.jpg\" alt=\"\" width=\"105\" height=\"75\" srcset=\"https:\/\/www.kananas.com\/reunion-formation-plongee\/wp-content\/uploads\/sites\/289\/2017\/03\/fsgt974plongee-300x213.jpg 300w, https:\/\/www.kananas.com\/reunion-formation-plongee\/wp-content\/uploads\/sites\/289\/2017\/03\/fsgt974plongee.jpg 350w\" sizes=\"auto, (max-width: 105px) 100vw, 105px\" \/> <img loading=\"lazy\" decoding=\"async\" class=\"alignnone wp-image-23\" src=\"http:\/\/www.kananas.com\/reunion-formation-plongee\/wp-content\/uploads\/sites\/289\/2017\/03\/handisub.jpg\" alt=\"\" width=\"89\" height=\"75\" \/> <img loading=\"lazy\" decoding=\"async\" class=\"alignnone wp-image-24\" src=\"http:\/\/www.kananas.com\/reunion-formation-plongee\/wp-content\/uploads\/sites\/289\/2017\/03\/melange.jpg\" alt=\"\" width=\"89\" height=\"84\" \/> \u00a0<img loading=\"lazy\" decoding=\"async\" class=\"alignnone wp-image-26\" src=\"http:\/\/www.kananas.com\/reunion-formation-plongee\/wp-content\/uploads\/sites\/289\/2017\/03\/anmp-300x141.jpg\" alt=\"\" width=\"134\" height=\"63\" srcset=\"https:\/\/www.kananas.com\/reunion-formation-plongee\/wp-content\/uploads\/sites\/289\/2017\/03\/anmp-300x141.jpg 300w, https:\/\/www.kananas.com\/reunion-formation-plongee\/wp-content\/uploads\/sites\/289\/2017\/03\/anmp.jpg 500w\" sizes=\"auto, (max-width: 134px) 100vw, 134px\" \/> <img loading=\"lazy\" decoding=\"async\" class=\"alignnone wp-image-260\" src=\"https:\/\/www.kananas.com\/reunion-formation-plongee\/wp-content\/uploads\/sites\/289\/2024\/03\/SDI-Logo-277x300.jpg\" alt=\"\" width=\"75\" height=\"82\" srcset=\"https:\/\/www.kananas.com\/reunion-formation-plongee\/wp-content\/uploads\/sites\/289\/2024\/03\/SDI-Logo-277x300.jpg 277w, https:\/\/www.kananas.com\/reunion-formation-plongee\/wp-content\/uploads\/sites\/289\/2024\/03\/SDI-Logo.jpg 528w\" sizes=\"auto, (max-width: 75px) 100vw, 75px\" \/><\/p>\n","protected":false},"excerpt":{"rendered":"<p>R\u00c9UNION FORMATION PLONG\u00c9E &nbsp; reunion-formation-plongee@wanadoo.fr contact@reunion-formation-plongee.com TARIFS 2024\/2025 Bapt\u00eame 60,00\u20ac Plongeur encadr\u00e9 non \u00e9quip\u00e9 45,00\u20ac Plongeur encadr\u00e9 \u00e9quip\u00e9 40,00\u20ac Plongeur autonome non \u00e9quip\u00e9 40,00\u20ac Plongeur autonome \u00e9quip\u00e9 35,00\u20ac Plong\u00e9e Nitrox fond (d\u00e9co. sans suppl\u00e9ment) +10,00\u20ac Plong\u00e9e technique 55,00\u20ac Sortie C\u00e9tac\u00e9 &hellip; <a href=\"https:\/\/www.kananas.com\/reunion-formation-plongee\/tarifs\/\">Continuer la lecture <span class=\"meta-nav\">&rarr;<\/span><\/a><\/p>\n","protected":false},"author":298,"featured_media":0,"parent":0,"menu_order":0,"comment_status":"closed","ping_status":"closed","template":"","meta":{"_crdt_document":"","footnotes":""},"class_list":["post-14","page","type-page","status-publish","hentry"],"_links":{"self":[{"href":"https:\/\/www.kananas.com\/reunion-formation-plongee\/wp-json\/wp\/v2\/pages\/14","targetHints":{"allow":["GET"]}}],"collection":[{"href":"https:\/\/www.kananas.com\/reunion-formation-plongee\/wp-json\/wp\/v2\/pages"}],"about":[{"href":"https:\/\/www.kananas.com\/reunion-formation-plongee\/wp-json\/wp\/v2\/types\/page"}],"author":[{"embeddable":true,"href":"https:\/\/www.kananas.com\/reunion-formation-plongee\/wp-json\/wp\/v2\/users\/298"}],"replies":[{"embeddable":true,"href":"https:\/\/www.kananas.com\/reunion-formation-plongee\/wp-json\/wp\/v2\/comments?post=14"}],"version-history":[{"count":28,"href":"https:\/\/www.kananas.com\/reunion-formation-plongee\/wp-json\/wp\/v2\/pages\/14\/revisions"}],"predecessor-version":[{"id":262,"href":"https:\/\/www.kananas.com\/reunion-formation-plongee\/wp-json\/wp\/v2\/pages\/14\/revisions\/262"}],"wp:attachment":[{"href":"https:\/\/www.kananas.com\/reunion-formation-plongee\/wp-json\/wp\/v2\/media?parent=14"}],"curies":[{"name":"wp","href":"https:\/\/api.w.org\/{rel}","templated":true}]}}