{"id":79,"date":"2017-03-15T18:49:13","date_gmt":"2017-03-15T17:49:13","guid":{"rendered":"http:\/\/www.kananas.com\/reunion-formation-plongee\/?page_id=79"},"modified":"2017-03-15T18:49:13","modified_gmt":"2017-03-15T17:49:13","slug":"nos-sites","status":"publish","type":"page","link":"https:\/\/www.kananas.com\/reunion-formation-plongee\/nos-sites\/","title":{"rendered":"Nos sites"},"content":{"rendered":"<table>\n<tbody>\n<tr>\n<td style=\"background-color: #254ef5;text-align: center\"><span style=\"color: #ffffff;font-size: 14pt;font-family: 'comic sans ms', sans-serif\">NOS SITES DE PLONG\u00c9E<\/span><\/td>\n<\/tr>\n<\/tbody>\n<\/table>\n<p><span style=\"font-family: 'comic sans ms', sans-serif;color: #0000ff\">Nous plongeons, en bateau, sur un secteur allant de la Baie de la Possession\u00a0<\/span><span style=\"font-family: 'comic sans ms', sans-serif;color: #0000ff\">jusqu&rsquo;\u00e0 St Gilles suivant les conditions m\u00e9t\u00e9o et le niveau des participants.<\/span><\/p>\n<p><img loading=\"lazy\" decoding=\"async\" class=\"alignnone wp-image-52\" src=\"http:\/\/www.kananas.com\/reunion-formation-plongee\/wp-content\/uploads\/sites\/289\/2017\/03\/Carte-marine-amers-grand-300x212.jpg\" alt=\"\" width=\"635\" height=\"449\" srcset=\"https:\/\/www.kananas.com\/reunion-formation-plongee\/wp-content\/uploads\/sites\/289\/2017\/03\/Carte-marine-amers-grand-300x212.jpg 300w, https:\/\/www.kananas.com\/reunion-formation-plongee\/wp-content\/uploads\/sites\/289\/2017\/03\/Carte-marine-amers-grand-768x543.jpg 768w, https:\/\/www.kananas.com\/reunion-formation-plongee\/wp-content\/uploads\/sites\/289\/2017\/03\/Carte-marine-amers-grand.jpg 1024w\" sizes=\"auto, (max-width: 635px) 100vw, 635px\" \/><\/p>\n<p><span style=\"color: #0000ff;font-family: 'comic sans ms', sans-serif\">En camionnette, nous proposons plusieurs sites de plong\u00e9e du bord tout autour de l\u2019\u00eele (Sainte Rose, Saint Philippe, Langevin, Saint Leu, &#8230;) .<\/span><\/p>\n<p><img loading=\"lazy\" decoding=\"async\" class=\"wp-image-63\" src=\"http:\/\/www.kananas.com\/reunion-formation-plongee\/wp-content\/uploads\/sites\/289\/2017\/03\/StRose-300x171.jpg\" alt=\"\" width=\"290\" height=\"165\" srcset=\"https:\/\/www.kananas.com\/reunion-formation-plongee\/wp-content\/uploads\/sites\/289\/2017\/03\/StRose-300x171.jpg 300w, https:\/\/www.kananas.com\/reunion-formation-plongee\/wp-content\/uploads\/sites\/289\/2017\/03\/StRose-768x439.jpg 768w, https:\/\/www.kananas.com\/reunion-formation-plongee\/wp-content\/uploads\/sites\/289\/2017\/03\/StRose-1024x585.jpg 1024w\" sizes=\"auto, (max-width: 290px) 100vw, 290px\" \/>\u00a0 \u00a0 \u00a0 \u00a0\u00a0<img loading=\"lazy\" decoding=\"async\" class=\"alignnone  wp-image-80\" src=\"http:\/\/www.kananas.com\/reunion-formation-plongee\/wp-content\/uploads\/sites\/289\/2017\/03\/WA-300x163.jpg\" alt=\"\" width=\"307\" height=\"166\" srcset=\"https:\/\/www.kananas.com\/reunion-formation-plongee\/wp-content\/uploads\/sites\/289\/2017\/03\/WA-300x163.jpg 300w, https:\/\/www.kananas.com\/reunion-formation-plongee\/wp-content\/uploads\/sites\/289\/2017\/03\/WA-768x418.jpg 768w, https:\/\/www.kananas.com\/reunion-formation-plongee\/wp-content\/uploads\/sites\/289\/2017\/03\/WA-1024x558.jpg 1024w\" sizes=\"auto, (max-width: 307px) 100vw, 307px\" \/><\/p>\n","protected":false},"excerpt":{"rendered":"<p>NOS SITES DE PLONG\u00c9E Nous plongeons, en bateau, sur un secteur allant de la Baie de la Possession\u00a0jusqu&rsquo;\u00e0 St Gilles suivant les conditions m\u00e9t\u00e9o et le niveau des participants. En camionnette, nous proposons plusieurs sites de plong\u00e9e du bord tout &hellip; <a href=\"https:\/\/www.kananas.com\/reunion-formation-plongee\/nos-sites\/\">Continuer la lecture <span class=\"meta-nav\">&rarr;<\/span><\/a><\/p>\n","protected":false},"author":298,"featured_media":0,"parent":0,"menu_order":0,"comment_status":"closed","ping_status":"closed","template":"","meta":{"_crdt_document":"","footnotes":""},"class_list":["post-79","page","type-page","status-publish","hentry"],"_links":{"self":[{"href":"https:\/\/www.kananas.com\/reunion-formation-plongee\/wp-json\/wp\/v2\/pages\/79","targetHints":{"allow":["GET"]}}],"collection":[{"href":"https:\/\/www.kananas.com\/reunion-formation-plongee\/wp-json\/wp\/v2\/pages"}],"about":[{"href":"https:\/\/www.kananas.com\/reunion-formation-plongee\/wp-json\/wp\/v2\/types\/page"}],"author":[{"embeddable":true,"href":"https:\/\/www.kananas.com\/reunion-formation-plongee\/wp-json\/wp\/v2\/users\/298"}],"replies":[{"embeddable":true,"href":"https:\/\/www.kananas.com\/reunion-formation-plongee\/wp-json\/wp\/v2\/comments?post=79"}],"version-history":[{"count":1,"href":"https:\/\/www.kananas.com\/reunion-formation-plongee\/wp-json\/wp\/v2\/pages\/79\/revisions"}],"predecessor-version":[{"id":81,"href":"https:\/\/www.kananas.com\/reunion-formation-plongee\/wp-json\/wp\/v2\/pages\/79\/revisions\/81"}],"wp:attachment":[{"href":"https:\/\/www.kananas.com\/reunion-formation-plongee\/wp-json\/wp\/v2\/media?parent=79"}],"curies":[{"name":"wp","href":"https:\/\/api.w.org\/{rel}","templated":true}]}}