{"id":110,"date":"2022-11-06T12:30:27","date_gmt":"2022-11-06T11:30:27","guid":{"rendered":"http:\/\/www.kananas.com\/skiclubducern3300\/?page_id=110"},"modified":"2022-11-06T12:34:34","modified_gmt":"2022-11-06T11:34:34","slug":"comment-senregistrer","status":"publish","type":"page","link":"https:\/\/www.kananas.com\/skiclubcern\/comment-senregistrer\/","title":{"rendered":"Adh\u00e9sion et cr\u00e9ation de compte"},"content":{"rendered":"<p style=\"text-align: right\"><strong><span style=\"font-size: 14pt\"><a href=\"http:\/\/www.kananas.com\/skiclubcern\/membership-and-account-creation\/\">English version<\/a><\/span><\/strong><\/p>\n<p>Les activit\u00e9s propos\u00e9es par le club sont disponibles exclusivement \u00e0\u00a0ses membres. Donc, si vous souhaitez\u00a0participer\u00a0par exemple \u00e0 un cours de ski, vous devez adh\u00e9rer au club.<\/p>\n<p>L&#8217;adh\u00e9sion au club<\/p>\n<ul>\n<li>se fait via l&#8217;interface web en s&#8217;inscrivant \u00e0 une activit\u00e9 et en payant la cotisation annuelle.<\/li>\n<li>est valable pour une saison sportive qui commence le 1er septembre et finit le 31 aout de l&#8217;ann\u00e9e suivante.<\/li>\n<li>expire autormatiquement \u00e0 la fin de la saison sportive sans qu&#8217;une r\u00e9siliation de votre part soit n\u00e9cessaire.<\/li>\n<li>peut \u00eatre renouvell\u00e9e la saison suivante\u00a0en s&#8217;inscrivant \u00e0 une activit\u00e9 et en payant la cotisation annuelle.<\/li>\n<\/ul>\n<p>Pour devenir membre, il faut n\u00e9cessairement poss\u00e9der un <strong>compte<\/strong> &#8211; appel\u00e9 aussi &#8220;Espace perso&#8221; &#8211; aupr\u00e8s du Ski Club CERN.<br \/>\nIl est \u00e0 cr\u00e9er avant la premi\u00e8re adh\u00e9sion au club et reste valable pour la suite.<\/p>\n<h2>A. Pr\u00e9parations<\/h2>\n<ol>\n<li>Lisez le\u00a0<a href=\"http:\/\/www.kananas.com\/skiclubcern\/reglement_interieur-version2019\/\" target=\"_blank\" rel=\"noopener noreferrer\">R\u00e8glement int\u00e9rieur<\/a>\u00a0et les\u00a0<a href=\"http:\/\/www.kananas.com\/skiclubcern\/statuts\/\" target=\"_blank\" rel=\"noopener noreferrer\">Statuts du club<\/a>.<br \/>\nInformez-vous sur le <a href=\"http:\/\/www.kananas.com\/skiclubcern\/avis-de-confidentialite\/\">traitement des donn\u00e9es \u00e0 caract\u00e8res personnel<\/a> par le Ski Club CERN.<\/li>\n<li>Consultez la\u00a0<a href=\"http:\/\/www.kananas.com\/skiclubcern\/prix\/\">liste de prix<\/a>\u00a0pour vous renseigner sur la cotisation annuelle et les frais d&#8217;inscription aux activit\u00e9s.<\/li>\n<li><strong>Seulement pour les mineurs:<\/strong> remplisez le <a href=\"https:\/\/www.kananas.com\/skiclubcern\/wp-content\/uploads\/sites\/882\/2022\/11\/QUESTIONNAIRE-ETAT-DE-SANTE-MINEURS-2022.pdf\">questionaire de sant\u00e9<\/a> et selon vos reponses, obtenez un <strong>certificat m\u00e9dical<\/strong> de non contre-indication \u00e0 la pratique du ski et compl\u00e9tez l&#8217;attestation, si vous souhaitez participer aux activit\u00e9s qui requi\u00e8rent la carte neige (snowboard, ski alpin, de fond, de randonn\u00e9e), en suivant la <a href=\"http:\/\/www.kananas.com\/skiclubcern\/cartes\/carte-neige\/procedure-dobtention-de-carte-neige\/\">proc\u00e9dure d&#8217;obtention de Carte neige.<\/a><\/li>\n<\/ol>\n<h2>B. Cr\u00e9ation de compte<\/h2>\n<ol>\n<li>Ouvrez le\u00a0<a href=\"https:\/\/backoffice.kananas.com\/action_manager.php?event=hire&amp;id=3300&amp;s=1&amp;lang=FRA\" target=\"_blank\" rel=\"nofollow noopener noreferrer\">formulaire d&#8217;enregistrement\u00a0<\/a>pour cr\u00e9er votre compte.<\/li>\n<li>Une nouvelle fen\u00eatre s&#8217;ouvrira dans laquelle vous pourrez indiquer vos donn\u00e9es personnelles. Veuillez noter qu&#8217;apr\u00e8s la cr\u00e9ation de compte, vous pouvez modifier vos donn\u00e9es \u00e0 tout moment dans votre &#8220;espace perso&#8221;.<\/li>\n<li><strong>Seulement pour les mineurs et apres les resultats du questionaire sant\u00e9:<\/strong> dans la m\u00eame fen\u00eatre vous devez t\u00e9l\u00e9charger vos documents scann\u00e9s (certificat m\u00e9dical et questionaire sant\u00e9). Au cas o\u00f9 vous souhaitez participer exclusivement aux cours de gymnastique, ou vous n\u2019envisagez pas de suivre des activit\u00e9s pour lesquelles une carte neige est obligatoire (veuillez noter que la Carte Neige est obligatoire pour tous les sports de glisse!), vous pouvez t\u00e9l\u00e9charger un document vide \u00e0 la place du certificat m\u00e9dical et de l&#8217;attestation, afin de pouvoir compl\u00e9ter l\u2019enregistrement. N&#8217;envoyez pas votre certificat m\u00e9dical et\/ou l&#8217;attestation par e-mail.<\/li>\n<li>Une fois vos donn\u00e9es enregistr\u00e9es (et pour les mineurs les documents t\u00e9l\u00e9charg\u00e9s), vous recevrez un simple message &#8220;demande envoy\u00e9e&#8221;. Si vous n&#8217;avez pas re\u00e7u ce message veuillez v\u00e9rifier votre classeur &#8220;SPAM&#8221;.<\/li>\n<li>A partir de cet instant armez de patience car il faut quelques jours \u00e0 un b\u00e9n\u00e9vole du club pour activer manuellement votre compte.<\/li>\n<\/ol>\n<h2>C. Apr\u00e8s l&#8217;enregistrement<\/h2>\n<ol>\n<li>Quand votre compte est activ\u00e9, vous recevrez un e-mail incluant un lien pour \u00e9tablir votre mot de passe pour votre compte.<\/li>\n<li>Notez votre code utilisateur et cr\u00e9ez votre mot de passe.<\/li>\n<li>Maintenant vous pouvez adh\u00e9rer au club en vous <a href=\"http:\/\/www.kananas.com\/skiclubcern\/inscription-aux-activites\/\">inscrivant aux activit\u00e9s<\/a>!<\/li>\n<\/ol>\n","protected":false},"excerpt":{"rendered":"<p>English version Les activit\u00e9s propos\u00e9es par le club sont disponibles exclusivement \u00e0\u00a0ses membres. Donc, si vous souhaitez\u00a0participer\u00a0par exemple \u00e0 un cours de ski, vous devez adh\u00e9rer au club. L&#8217;adh\u00e9sion au club se fait via l&#8217;interface web en s&#8217;inscrivant \u00e0 une activit\u00e9 et en payant la cotisation annuelle. est valable pour une saison sportive qui commence le 1er septembre et finit le 31 aout de l&#8217;ann\u00e9e suivante. expire autormatiquement \u00e0 la fin de la saison sportive sans qu&#8217;une r\u00e9siliation de votre part soit n\u00e9cessaire. peut \u00eatre renouvell\u00e9e la saison suivante\u00a0en s&#8217;inscrivant \u00e0 une activit\u00e9 et en payant la cotisation annuelle. Pour devenir membre, il faut n\u00e9cessairement poss\u00e9der un compte &#8211; appel\u00e9 aussi &#8220;Espace perso&#8221; &#8211; aupr\u00e8s du Ski Club CERN. Il est \u00e0 cr\u00e9er avant la premi\u00e8re adh\u00e9sion au club et reste valable pour la suite. A. Pr\u00e9parations Lisez le\u00a0R\u00e8glement int\u00e9rieur\u00a0et les\u00a0Statuts du club. Informez-vous sur le traitement des donn\u00e9es \u00e0 caract\u00e8res personnel par le Ski Club CERN. Consultez la\u00a0liste de prix\u00a0pour vous renseigner sur la cotisation annuelle et les frais d&#8217;inscription aux activit\u00e9s. Seulement pour les mineurs: remplisez le questionaire de sant\u00e9 et selon vos reponses, obtenez un certificat m\u00e9dical de non contre-indication \u00e0 la pratique du ski et compl\u00e9tez l&#8217;attestation, si vous souhaitez participer aux activit\u00e9s qui requi\u00e8rent la carte neige (snowboard, ski alpin, de fond, de randonn\u00e9e), en suivant la proc\u00e9dure d&#8217;obtention de Carte neige. B. Cr\u00e9ation de compte Ouvrez le\u00a0formulaire d&#8217;enregistrement\u00a0pour cr\u00e9er votre compte. Une nouvelle fen\u00eatre s&#8217;ouvrira dans laquelle vous pourrez indiquer vos donn\u00e9es personnelles. Veuillez noter qu&#8217;apr\u00e8s la cr\u00e9ation de compte, vous pouvez modifier vos donn\u00e9es \u00e0 tout moment dans votre &#8220;espace perso&#8221;. Seulement pour les mineurs et apres les resultats du questionaire sant\u00e9: dans la m\u00eame fen\u00eatre vous devez t\u00e9l\u00e9charger vos documents scann\u00e9s (certificat m\u00e9dical et questionaire sant\u00e9). Au cas o\u00f9 vous souhaitez participer exclusivement aux cours de gymnastique, ou vous n\u2019envisagez pas de suivre des activit\u00e9s pour lesquelles une carte neige est obligatoire (veuillez noter que la Carte Neige est obligatoire pour tous les sports de glisse!), vous pouvez t\u00e9l\u00e9charger un document vide \u00e0 la place du certificat m\u00e9dical et de l&#8217;attestation, afin de pouvoir compl\u00e9ter l\u2019enregistrement. N&#8217;envoyez pas votre certificat m\u00e9dical et\/ou l&#8217;attestation par e-mail. Une fois vos donn\u00e9es enregistr\u00e9es (et pour les mineurs les documents t\u00e9l\u00e9charg\u00e9s), vous recevrez un simple message &#8220;demande envoy\u00e9e&#8221;. Si vous n&#8217;avez pas re\u00e7u ce message veuillez v\u00e9rifier votre classeur &#8220;SPAM&#8221;. A partir de cet instant armez de patience car il faut quelques jours \u00e0 un b\u00e9n\u00e9vole du club pour activer manuellement votre compte. C. Apr\u00e8s l&#8217;enregistrement Quand votre compte est activ\u00e9, vous recevrez un e-mail incluant un lien pour \u00e9tablir votre mot de passe pour votre compte. Notez votre code utilisateur et cr\u00e9ez votre mot de passe. Maintenant vous pouvez adh\u00e9rer au club en vous inscrivant aux activit\u00e9s!<\/p>\n","protected":false},"author":911,"featured_media":0,"parent":0,"menu_order":2,"comment_status":"closed","ping_status":"closed","template":"","meta":{"_crdt_document":"","footnotes":""},"class_list":["post-110","page","type-page","status-publish","hentry"],"_links":{"self":[{"href":"https:\/\/www.kananas.com\/skiclubcern\/wp-json\/wp\/v2\/pages\/110","targetHints":{"allow":["GET"]}}],"collection":[{"href":"https:\/\/www.kananas.com\/skiclubcern\/wp-json\/wp\/v2\/pages"}],"about":[{"href":"https:\/\/www.kananas.com\/skiclubcern\/wp-json\/wp\/v2\/types\/page"}],"author":[{"embeddable":true,"href":"https:\/\/www.kananas.com\/skiclubcern\/wp-json\/wp\/v2\/users\/911"}],"replies":[{"embeddable":true,"href":"https:\/\/www.kananas.com\/skiclubcern\/wp-json\/wp\/v2\/comments?post=110"}],"version-history":[{"count":18,"href":"https:\/\/www.kananas.com\/skiclubcern\/wp-json\/wp\/v2\/pages\/110\/revisions"}],"predecessor-version":[{"id":2191,"href":"https:\/\/www.kananas.com\/skiclubcern\/wp-json\/wp\/v2\/pages\/110\/revisions\/2191"}],"wp:attachment":[{"href":"https:\/\/www.kananas.com\/skiclubcern\/wp-json\/wp\/v2\/media?parent=110"}],"curies":[{"name":"wp","href":"https:\/\/api.w.org\/{rel}","templated":true}]}}