{"id":115,"date":"2023-01-31T11:00:15","date_gmt":"2023-01-31T10:00:15","guid":{"rendered":"http:\/\/www.kananas.com\/skiclubducern3300\/?page_id=115"},"modified":"2026-01-16T12:00:02","modified_gmt":"2026-01-16T11:00:02","slug":"pass-decouverte","status":"publish","type":"page","link":"https:\/\/www.kananas.com\/skiclubcern\/cartes\/pass-decouverte\/","title":{"rendered":"Pass D\u00e9couverte"},"content":{"rendered":"<p style=\"text-align: right\"><a href=\"http:\/\/www.kananas.com\/skiclubcern\/cards\/discovery-pass\/\"><span style=\"font-size: 8pt\"><strong><span style=\"font-size: 14pt\">English version<\/span><\/strong><\/span><\/a><\/p>\n<p><span lang=\"FR-CH\">Si vous souhaitez inviter un ou des amis au club \u00e0 une de nos sorties, faites-le avec le &#8220;Pass D\u00e9couverte&#8221;. Une sortie avec Pass D\u00e9couverte comprend le transport, le forfait et l&#8217;assurance compl\u00e9mentaire \u00abcarte neige FFS\u00bb (elle ne sera pas envoy\u00e9e s\u00e9par\u00e9ment) m<strong>ais pas la le\u00e7on de ski<\/strong> avec un moniteur pendant le cours annuel. Le Pass D\u00e9couverte est valable pour une personne et <strong>un weekend uniquement, <\/strong>une fois par saison<strong>.<\/strong><\/span><\/p>\n<p><u>Proc\u00e9dure d&#8217;inscription (attention, il prends plusieurs jours):<\/u><\/p>\n<ol>\n<li><span lang=\"FR-CH\"><span lang=\"FR-CH\"><strong>Cr\u00e9er un compte pour l&#8217;invit\u00e9<\/strong><br \/>\nAttention si vous \u00eates d\u00e9j\u00e0 membre, vous ne pourrez pas utiliser votre compte pour votre invit\u00e9, chaque invit\u00e9 doit avoir son propre compte afin de continuer la proc\u00e9dure.<\/span><\/span>Le certificat m\u00e9dical n&#8217;est pas obligatoire pour un invit\u00e9 venant avec le Pass D\u00e9couverte. Pour le champ du certificat m\u00e9dial, merci de t\u00e9l\u00e9charger un document en format pdf expliquant qu&#8217;il s&#8217;agit une demande du Pass D\u00e9couverte.<br \/>\n<span style=\"color: #ffffff\">.<\/span><\/li>\n<li><span lang=\"FR-CH\"><span lang=\"FR-CH\"><strong>S\u00e9lectionner l&#8217;activit\u00e9 souhait\u00e9 (sortie) sous &#8220;Planning&#8221; et dans l&#8217;activit\u00e9 le &#8220;produit&#8221;:\u00a0 &#8220;Outing-with-pass-decouv-no-instruct&#8221;<\/strong><br \/>\nVous pouvez passer \u00e0 cet \u00e9tape lors que vous avez re\u00e7u votre identifiant et password. Vous pouvez maintenant payer en ligne. Attention : Si vous ne pouvez pas faire plus qu&#8217;un pas decouverte par saison, si vous voulez venir plus de fois il faut devenir membre.<\/span><\/span>Durant les <strong>5 premiers week-ends en 2024<\/strong>, la sortie est \u00e0 85\u20ac, et il n&#8217;y aura <strong>pas d&#8217;encadrement pour les visiteurs<\/strong> (les cours sont pleins), d\u2019autres sorties sont programm\u00e9es par la suite mais les prix seront fix\u00e9s en fonction de la destination.<br \/>\n<span style=\"color: #ffffff\">.<\/span><\/li>\n<li><span lang=\"FR-CH\"><strong>R\u00e9cup\u00e9rer le Pass:<\/strong><br \/>\nVous devez \u00eates en possession du Pass D\u00e9couverte pour la sortie. Il sera envoy\u00e9 automatiquement par email par le club quand on a trait\u00e9 votre demande.<\/span><\/li>\n<\/ol>\n<p><span lang=\"FR-CH\"><span style=\"color: #ff0000\"><strong>Dernier d\u00e9lai: veuillez compl\u00e9ter toute la proc\u00e9dure avant le jeudi midi pr\u00e9c\u00e9dant la sortie s\u00e9lectionn\u00e9e.<\/strong><\/span><\/span><\/p>\n","protected":false},"excerpt":{"rendered":"<p>English version Si vous souhaitez inviter un ou des amis au club \u00e0 une de nos sorties, faites-le avec le &#8220;Pass D\u00e9couverte&#8221;. Une sortie avec Pass D\u00e9couverte comprend le transport, le forfait et l&#8217;assurance compl\u00e9mentaire \u00abcarte neige FFS\u00bb (elle ne sera pas envoy\u00e9e s\u00e9par\u00e9ment) mais pas la le\u00e7on de ski avec un moniteur pendant le cours annuel. Le Pass D\u00e9couverte est valable pour une personne et un weekend uniquement, une fois par saison. Proc\u00e9dure d&#8217;inscription (attention, il prends plusieurs jours): Cr\u00e9er un compte pour l&#8217;invit\u00e9 Attention si vous \u00eates d\u00e9j\u00e0 membre, vous ne pourrez pas utiliser votre compte pour votre invit\u00e9, chaque invit\u00e9 doit avoir son propre compte afin de continuer la proc\u00e9dure.Le certificat m\u00e9dical n&#8217;est pas obligatoire pour un invit\u00e9 venant avec le Pass D\u00e9couverte. Pour le champ du certificat m\u00e9dial, merci de t\u00e9l\u00e9charger un document en format pdf expliquant qu&#8217;il s&#8217;agit une demande du Pass D\u00e9couverte. . S\u00e9lectionner l&#8217;activit\u00e9 souhait\u00e9 (sortie) sous &#8220;Planning&#8221; et dans l&#8217;activit\u00e9 le &#8220;produit&#8221;:\u00a0 &#8220;Outing-with-pass-decouv-no-instruct&#8221; Vous pouvez passer \u00e0 cet \u00e9tape lors que vous avez re\u00e7u votre identifiant et password. Vous pouvez maintenant payer en ligne. Attention : Si vous ne pouvez pas faire plus qu&#8217;un pas decouverte par saison, si vous voulez venir plus de fois il faut devenir membre.Durant les 5 premiers week-ends en 2024, la sortie est \u00e0 85\u20ac, et il n&#8217;y aura pas d&#8217;encadrement pour les visiteurs (les cours sont pleins), d\u2019autres sorties sont programm\u00e9es par la suite mais les prix seront fix\u00e9s en fonction de la destination. . R\u00e9cup\u00e9rer le Pass: Vous devez \u00eates en possession du Pass D\u00e9couverte pour la sortie. Il sera envoy\u00e9 automatiquement par email par le club quand on a trait\u00e9 votre demande. Dernier d\u00e9lai: veuillez compl\u00e9ter toute la proc\u00e9dure avant le jeudi midi pr\u00e9c\u00e9dant la sortie s\u00e9lectionn\u00e9e.<\/p>\n","protected":false},"author":911,"featured_media":0,"parent":101,"menu_order":3,"comment_status":"closed","ping_status":"closed","template":"","meta":{"_crdt_document":"","footnotes":""},"class_list":["post-115","page","type-page","status-publish","hentry"],"_links":{"self":[{"href":"https:\/\/www.kananas.com\/skiclubcern\/wp-json\/wp\/v2\/pages\/115","targetHints":{"allow":["GET"]}}],"collection":[{"href":"https:\/\/www.kananas.com\/skiclubcern\/wp-json\/wp\/v2\/pages"}],"about":[{"href":"https:\/\/www.kananas.com\/skiclubcern\/wp-json\/wp\/v2\/types\/page"}],"author":[{"embeddable":true,"href":"https:\/\/www.kananas.com\/skiclubcern\/wp-json\/wp\/v2\/users\/911"}],"replies":[{"embeddable":true,"href":"https:\/\/www.kananas.com\/skiclubcern\/wp-json\/wp\/v2\/comments?post=115"}],"version-history":[{"count":9,"href":"https:\/\/www.kananas.com\/skiclubcern\/wp-json\/wp\/v2\/pages\/115\/revisions"}],"predecessor-version":[{"id":3642,"href":"https:\/\/www.kananas.com\/skiclubcern\/wp-json\/wp\/v2\/pages\/115\/revisions\/3642"}],"up":[{"embeddable":true,"href":"https:\/\/www.kananas.com\/skiclubcern\/wp-json\/wp\/v2\/pages\/101"}],"wp:attachment":[{"href":"https:\/\/www.kananas.com\/skiclubcern\/wp-json\/wp\/v2\/media?parent=115"}],"curies":[{"name":"wp","href":"https:\/\/api.w.org\/{rel}","templated":true}]}}