{"id":133,"date":"2016-10-26T12:35:37","date_gmt":"2016-10-26T10:35:37","guid":{"rendered":"http:\/\/www.kananas.com\/skiclubducern3300\/?page_id=133"},"modified":"2025-10-13T11:51:51","modified_gmt":"2025-10-13T09:51:51","slug":"details-pratiques","status":"publish","type":"page","link":"https:\/\/www.kananas.com\/skiclubcern\/activites\/gymnastique-de-ski\/details-pratiques\/","title":{"rendered":"D\u00e9tails pratiques"},"content":{"rendered":"<p style=\"text-align: right\"><a href=\"http:\/\/www.kananas.com\/skiclubcern\/activities\/ski-fitness\/practical-details\/\"><span style=\"font-size: 8pt\">English version<\/span><\/a><\/p>\n<h3>C&#8217;est o\u00f9?<\/h3>\n<p style=\"padding-left: 40px\">Gymnase du CO Golette, <a href=\"https:\/\/maps.app.goo.gl\/MEo9vQoPmgyCSpuk9\" target=\"_blank\" rel=\"nofollow noopener noreferrer\">Rue de la Golette 17, CH-1217 Meyrin<\/a><\/p>\n<h3>Comment m&#8217;y rendre?<\/h3>\n<p style=\"padding-left: 40px\">Pour que vous trouverez facilement le chemin vers le gymnase, voil\u00e0 l&#8217;itin\u00e9raire \u00e0 partir du CERN Meyrin:<\/p>\n<ul>\n<li style=\"list-style-type: none\">\n<ul>\n<li>Prenez la Route de Meyrin en direction de Gen\u00e8ve<\/li>\n<li>Continuez toujours tout droit, passez le grand rond point et ne prennez pas le tunnel de Meyrin.<\/li>\n<li>Dans le village de Meyrin, au feu rouge sur la colline, vous tournez \u00e0 gauche dans l&#8217;Avenue de Vaudagne.<\/li>\n<li>\u00c0 la premi\u00e8re possibilit\u00e9 vous tournez \u00e0 droite dans la rue de la Campagne-Charnaux.<\/li>\n<li>Vous allez tout droit jusqu&#8217;\u00e0 la fin du cul de sac.<\/li>\n<li>Apr\u00e8s la premi\u00e8re chicane il y a sur la droite l&#8217;acc\u00e8s vers un parking. Vous pouvez vous garer l\u00e0!<\/li>\n<li><del>Au fond du parking, il y a sur la gauche l&#8217;entr\u00e9e vers les gymnases.<\/del> Pendant les travaux, l&#8217;entr\u00e9e se fait par la porte de la cour de r\u00e9cr\u00e9ation. Voir l&#8217;<a href=\"https:\/\/www.kananas.com\/skiclubcern\/wp-content\/uploads\/sites\/882\/2025\/10\/Gym-hall-entry-during-construction-work.png\" data-wplink-edit=\"true\">image<\/a>.<\/li>\n<li>Nous occupons le dernier gymnase, sur le c\u00f4t\u00e9 droit du couloir, tout au bout, apr\u00e8s la derni\u00e8re cage d&#8217;escalier menant au sous-sol.<\/li>\n<li>Il y a une porte pour l&#8217;acc\u00e8s aux vestiaires des femmes, et la porte suivante est pour les hommes.<\/li>\n<\/ul>\n<\/li>\n<\/ul>\n<h3>Dans quelle langue les cours sont-ils enseign\u00e9s?<\/h3>\n<p style=\"padding-left: 40px\">La langue parl\u00e9e par le moniteur est l&#8217;anglais.<\/p>\n<p style=\"padding-left: 40px\">Si vous avez du mal \u00e0 comprendre l&#8217;anglais, il y a toujours des participants qui vous font volontiers la traduction en fran\u00e7ais ou encore dans d&#8217;autres langues.<\/p>\n<h3>Comment s&#8217;habiller?<\/h3>\n<p style=\"padding-left: 40px\">Un equipement sp\u00e9cial n&#8217;est pas n\u00e9cessaire. C&#8217;est \u00e0 dire: mettez vous \u00e0 l&#8217;aise! Des collants ou pantalons de sport et un maillot de corps comfortables font l&#8217;affaire.<\/p>\n<p style=\"padding-left: 40px\">Quant aux chaussures, les r\u00e8gles sont un peu plus strictes:<br \/>\nLes chaussures doivent \u00eatre propres et appropri\u00e9es aux salles de gym. Notamment les chaussures avec semelles noires ou marquantes et les chaussures de ville ne sont pas permises.<br \/>\nS&#8217;il vous plait, n&#8217;utilisez pas vos basquettes de ville! Changez de chaussures seulement quand vous vous trouvez \u00e0 l&#8217;int\u00e9rieur du gymnase\/vestiaire (et pas dans la voiture, p.ex.) afin d&#8217;\u00e9viter des salissures du gymnase.<\/p>\n<h3>Quoi emporter d&#8217;autre?<\/h3>\n<p style=\"padding-left: 40px\">Prennez une bouteille d&#8217;eau pour vous d\u00e9salterer pendant les exercices.<br \/>\nSi vous possedez un tapis ou une natte de gym, vous pouvez le\/la prendre avec vous pour \u00eatre comfortablement install\u00e9 lors des exercices sur le sol.<\/p>\n<h3>Les vestiaires sont comment?<\/h3>\n<p style=\"padding-left: 40px\">Avant tout, nous occupons un gymnase d&#8217;une \u00e9cole publique, avec le type de vestiaires qui va avec&#8230; Il y a des bancs et des pat\u00e8res pour se changer, il y a des douches \u00e0 disposition.<br \/>\nMalheureusement, il n&#8217;y a pas d&#8217;armoires pour enfermer les v\u00eatements ou les objets de valeurs. Il est donc recommand\u00e9 d&#8217;emporter les objets de valeurs (son sac \u00e0 main, portemonnaie etc.) avec vous dans le gymnase.<\/p>\n<h3>Je ne me rapelle plus des vacances genevoises&#8230;<\/h3>\n<p style=\"padding-left: 40px\">Ce n&#8217;est pas grave. Les <a href=\"https:\/\/www.ge.ch\/vacances-scolaires-jours-feries\/vacances-scolaires-2019-2020\" target=\"_blank\" rel=\"nofollow noopener noreferrer\">voil\u00e0<\/a>! De toute fa\u00e7on, avant les vacances vous allez recevoir un courrier \u00e9lectronique pour vous rappeler que le cours n&#8217;aura pas lieu la prochaine fois.<\/p>\n","protected":false},"excerpt":{"rendered":"<p>English version C&#8217;est o\u00f9? Gymnase du CO Golette, Rue de la Golette 17, CH-1217 Meyrin Comment m&#8217;y rendre? Pour que vous trouverez facilement le chemin vers le gymnase, voil\u00e0 l&#8217;itin\u00e9raire \u00e0 partir du CERN Meyrin: Prenez la Route de Meyrin en direction de Gen\u00e8ve Continuez toujours tout droit, passez le grand rond point et ne prennez pas le tunnel de Meyrin. Dans le village de Meyrin, au feu rouge sur la colline, vous tournez \u00e0 gauche dans l&#8217;Avenue de Vaudagne. \u00c0 la premi\u00e8re possibilit\u00e9 vous tournez \u00e0 droite dans la rue de la Campagne-Charnaux. Vous allez tout droit jusqu&#8217;\u00e0 la fin du cul de sac. Apr\u00e8s la premi\u00e8re chicane il y a sur la droite l&#8217;acc\u00e8s vers un parking. Vous pouvez vous garer l\u00e0! Au fond du parking, il y a sur la gauche l&#8217;entr\u00e9e vers les gymnases. Pendant les travaux, l&#8217;entr\u00e9e se fait par la porte de la cour de r\u00e9cr\u00e9ation. Voir l&#8217;image. Nous occupons le dernier gymnase, sur le c\u00f4t\u00e9 droit du couloir, tout au bout, apr\u00e8s la derni\u00e8re cage d&#8217;escalier menant au sous-sol. Il y a une porte pour l&#8217;acc\u00e8s aux vestiaires des femmes, et la porte suivante est pour les hommes. Dans quelle langue les cours sont-ils enseign\u00e9s? La langue parl\u00e9e par le moniteur est l&#8217;anglais. Si vous avez du mal \u00e0 comprendre l&#8217;anglais, il y a toujours des participants qui vous font volontiers la traduction en fran\u00e7ais ou encore dans d&#8217;autres langues. Comment s&#8217;habiller? Un equipement sp\u00e9cial n&#8217;est pas n\u00e9cessaire. C&#8217;est \u00e0 dire: mettez vous \u00e0 l&#8217;aise! Des collants ou pantalons de sport et un maillot de corps comfortables font l&#8217;affaire. Quant aux chaussures, les r\u00e8gles sont un peu plus strictes: Les chaussures doivent \u00eatre propres et appropri\u00e9es aux salles de gym. Notamment les chaussures avec semelles noires ou marquantes et les chaussures de ville ne sont pas permises. S&#8217;il vous plait, n&#8217;utilisez pas vos basquettes de ville! Changez de chaussures seulement quand vous vous trouvez \u00e0 l&#8217;int\u00e9rieur du gymnase\/vestiaire (et pas dans la voiture, p.ex.) afin d&#8217;\u00e9viter des salissures du gymnase. Quoi emporter d&#8217;autre? Prennez une bouteille d&#8217;eau pour vous d\u00e9salterer pendant les exercices. Si vous possedez un tapis ou une natte de gym, vous pouvez le\/la prendre avec vous pour \u00eatre comfortablement install\u00e9 lors des exercices sur le sol. Les vestiaires sont comment? Avant tout, nous occupons un gymnase d&#8217;une \u00e9cole publique, avec le type de vestiaires qui va avec&#8230; Il y a des bancs et des pat\u00e8res pour se changer, il y a des douches \u00e0 disposition. Malheureusement, il n&#8217;y a pas d&#8217;armoires pour enfermer les v\u00eatements ou les objets de valeurs. Il est donc recommand\u00e9 d&#8217;emporter les objets de valeurs (son sac \u00e0 main, portemonnaie etc.) avec vous dans le gymnase. Je ne me rapelle plus des vacances genevoises&#8230; Ce n&#8217;est pas grave. Les voil\u00e0! De toute fa\u00e7on, avant les vacances vous allez recevoir un courrier \u00e9lectronique pour vous rappeler que le cours n&#8217;aura pas lieu la prochaine fois.<\/p>\n","protected":false},"author":911,"featured_media":0,"parent":69,"menu_order":0,"comment_status":"closed","ping_status":"closed","template":"","meta":{"_crdt_document":"","footnotes":""},"class_list":["post-133","page","type-page","status-publish","hentry"],"_links":{"self":[{"href":"https:\/\/www.kananas.com\/skiclubcern\/wp-json\/wp\/v2\/pages\/133","targetHints":{"allow":["GET"]}}],"collection":[{"href":"https:\/\/www.kananas.com\/skiclubcern\/wp-json\/wp\/v2\/pages"}],"about":[{"href":"https:\/\/www.kananas.com\/skiclubcern\/wp-json\/wp\/v2\/types\/page"}],"author":[{"embeddable":true,"href":"https:\/\/www.kananas.com\/skiclubcern\/wp-json\/wp\/v2\/users\/911"}],"replies":[{"embeddable":true,"href":"https:\/\/www.kananas.com\/skiclubcern\/wp-json\/wp\/v2\/comments?post=133"}],"version-history":[{"count":10,"href":"https:\/\/www.kananas.com\/skiclubcern\/wp-json\/wp\/v2\/pages\/133\/revisions"}],"predecessor-version":[{"id":3334,"href":"https:\/\/www.kananas.com\/skiclubcern\/wp-json\/wp\/v2\/pages\/133\/revisions\/3334"}],"up":[{"embeddable":true,"href":"https:\/\/www.kananas.com\/skiclubcern\/wp-json\/wp\/v2\/pages\/69"}],"wp:attachment":[{"href":"https:\/\/www.kananas.com\/skiclubcern\/wp-json\/wp\/v2\/media?parent=133"}],"curies":[{"name":"wp","href":"https:\/\/api.w.org\/{rel}","templated":true}]}}