{"id":138,"date":"2016-10-26T12:41:29","date_gmt":"2016-10-26T10:41:29","guid":{"rendered":"http:\/\/www.kananas.com\/skiclubducern3300\/?page_id=138"},"modified":"2019-11-04T10:10:18","modified_gmt":"2019-11-04T09:10:18","slug":"ski-alpin-enfants","status":"publish","type":"page","link":"https:\/\/www.kananas.com\/skiclubcern\/activites\/ski-alpin\/ski-alpin-enfants\/","title":{"rendered":"Ski alpin pour enfants"},"content":{"rendered":"<p style=\"text-align: right\"><a href=\"http:\/\/www.kananas.com\/skiclubcern\/activities\/downhill-skiing\/downhill-skiing-for-kids\/\"><span style=\"font-size: 8pt\">English version<\/span><\/a><\/p>\n<p>Les parents avec leurs enfants sont les bienvenus aux cours de ski alpin!<br \/>\nLes groupes enfants sont form\u00e9s en\u00a0fonction du nombre de participants.<br \/>\nLes adolescents peuvent aussi joindre les groupes adultes.<\/p>\n<p>Voici les r\u00e8gles g\u00e9n\u00e9rales:<\/p>\n<ul>\n<li>les enfants doivent \u00eatre capables de skier \u00e0 l&#8217;\u00e9quivalent \u00e0 *** ESF: \u00e9voluer en toute neige, suivre une trajectoire impos\u00e9e avec variation de rythme <\/li>\n<li>nous ne sommes pas en mesure de prendre les enfants qui n&#8217;ont jamais ski\u00e9<\/li>\n<li>les enfants doivent \u00eatre capables de passer toute la journ\u00e9e sans parents<\/li>\n<li>\u00e2ge minimum recommand\u00e9: 8 &#8211; 9 ans (max. 14 ans)<\/li>\n<li>les cours durent toute la journ\u00e9e (y compris le repas du midi)<\/li>\n<li>les parents (ou les adultes\u00a0responsables) doivent \u00eatre pr\u00e9sents aux m\u00eames sorties que leurs enfants<\/li>\n<li> \u00c9quipement et mat\u00e9riel en tr\u00e8s bon \u00e9tat: CASQUE OBLIGATOIRE, skis, b\u00e2tons et chaussures \u00e0 la bonne taille, skis aff\u00fbt\u00e9s, fixations r\u00e9gl\u00e9es.<\/li>\n<li>les parents doivent \u00eatre joignables durant la journ\u00e9e de ski (par exemple \u00e9quip\u00e9s d&#8217;un t\u00e9l\u00e9phone portable) afin de permettre aux moniteurs de prendre\u00a0imm\u00e9diatement\u00a0\u00a0contact si n\u00e9cessaire. Les moniteurs se r\u00e9servent le droit de rendre un enfant \u00e0 son parent s\u2019ils estiment que le niveau n\u2019est pas suffisant ou que l\u2019enfant est trop fatigu\u00e9 pour rester dans le groupe toute la journ\u00e9e. G\u00e9n\u00e9ralement les enfants plus faibles sont rendus aux parents \u00e0 midi.<\/li>\n<li>les enfants doivent \u00eatre en possession d&#8217;argent pour payer leur repas du midi (pr\u00e9voyez 20 EUR)<\/li>\n<\/ul>\n<p>A noter: les familles de 4 personnes ou plus peuvent obtenir une <a href=\"http:\/\/www.kananas.com\/skiclubcern\/activites\/autres\/carte-neige\/\">Carte neige<\/a> &#8220;Famille&#8221; au lieu d&#8217;une Carte neige &#8220;Standard&#8221;.<\/p>\n","protected":false},"excerpt":{"rendered":"<p>English version Les parents avec leurs enfants sont les bienvenus aux cours de ski alpin! Les groupes enfants sont form\u00e9s en\u00a0fonction du nombre de participants. Les adolescents peuvent aussi joindre les groupes adultes. Voici les r\u00e8gles g\u00e9n\u00e9rales: les enfants doivent \u00eatre capables de skier \u00e0 l&#8217;\u00e9quivalent \u00e0 *** ESF: \u00e9voluer en toute neige, suivre une trajectoire impos\u00e9e avec variation de rythme nous ne sommes pas en mesure de prendre les enfants qui n&#8217;ont jamais ski\u00e9 les enfants doivent \u00eatre capables de passer toute la journ\u00e9e sans parents \u00e2ge minimum recommand\u00e9: 8 &#8211; 9 ans (max. 14 ans) les cours durent toute la journ\u00e9e (y compris le repas du midi) les parents (ou les adultes\u00a0responsables) doivent \u00eatre pr\u00e9sents aux m\u00eames sorties que leurs enfants \u00c9quipement et mat\u00e9riel en tr\u00e8s bon \u00e9tat: CASQUE OBLIGATOIRE, skis, b\u00e2tons et chaussures \u00e0 la bonne taille, skis aff\u00fbt\u00e9s, fixations r\u00e9gl\u00e9es. les parents doivent \u00eatre joignables durant la journ\u00e9e de ski (par exemple \u00e9quip\u00e9s d&#8217;un t\u00e9l\u00e9phone portable) afin de permettre aux moniteurs de prendre\u00a0imm\u00e9diatement\u00a0\u00a0contact si n\u00e9cessaire. Les moniteurs se r\u00e9servent le droit de rendre un enfant \u00e0 son parent s\u2019ils estiment que le niveau n\u2019est pas suffisant ou que l\u2019enfant est trop fatigu\u00e9 pour rester dans le groupe toute la journ\u00e9e. G\u00e9n\u00e9ralement les enfants plus faibles sont rendus aux parents \u00e0 midi. les enfants doivent \u00eatre en possession d&#8217;argent pour payer leur repas du midi (pr\u00e9voyez 20 EUR) A noter: les familles de 4 personnes ou plus peuvent obtenir une Carte neige &#8220;Famille&#8221; au lieu d&#8217;une Carte neige &#8220;Standard&#8221;.<\/p>\n","protected":false},"author":911,"featured_media":0,"parent":60,"menu_order":2,"comment_status":"closed","ping_status":"closed","template":"","meta":{"_crdt_document":"","footnotes":""},"class_list":["post-138","page","type-page","status-publish","hentry"],"_links":{"self":[{"href":"https:\/\/www.kananas.com\/skiclubcern\/wp-json\/wp\/v2\/pages\/138","targetHints":{"allow":["GET"]}}],"collection":[{"href":"https:\/\/www.kananas.com\/skiclubcern\/wp-json\/wp\/v2\/pages"}],"about":[{"href":"https:\/\/www.kananas.com\/skiclubcern\/wp-json\/wp\/v2\/types\/page"}],"author":[{"embeddable":true,"href":"https:\/\/www.kananas.com\/skiclubcern\/wp-json\/wp\/v2\/users\/911"}],"replies":[{"embeddable":true,"href":"https:\/\/www.kananas.com\/skiclubcern\/wp-json\/wp\/v2\/comments?post=138"}],"version-history":[{"count":3,"href":"https:\/\/www.kananas.com\/skiclubcern\/wp-json\/wp\/v2\/pages\/138\/revisions"}],"predecessor-version":[{"id":1649,"href":"https:\/\/www.kananas.com\/skiclubcern\/wp-json\/wp\/v2\/pages\/138\/revisions\/1649"}],"up":[{"embeddable":true,"href":"https:\/\/www.kananas.com\/skiclubcern\/wp-json\/wp\/v2\/pages\/60"}],"wp:attachment":[{"href":"https:\/\/www.kananas.com\/skiclubcern\/wp-json\/wp\/v2\/media?parent=138"}],"curies":[{"name":"wp","href":"https:\/\/api.w.org\/{rel}","templated":true}]}}