{"id":154,"date":"2022-12-07T15:25:57","date_gmt":"2022-12-07T14:25:57","guid":{"rendered":"http:\/\/www.kananas.com\/skiclubducern3300\/?page_id=154"},"modified":"2022-12-07T15:26:44","modified_gmt":"2022-12-07T14:26:44","slug":"carte-gia","status":"publish","type":"page","link":"https:\/\/www.kananas.com\/skiclubcern\/cartes\/carte-gia\/","title":{"rendered":"Carte GIA"},"content":{"rendered":"<p style=\"text-align: right\"><a href=\"http:\/\/www.kananas.com\/skiclubcern\/cards\/gia-card\/\"><span style=\"font-size: 8pt\">English version<\/span><\/a><\/p>\n<p>La carte GIA\u00a0(<a href=\"http:\/\/www.gia-association.org\/index.php\" target=\"_blank\" rel=\"noopener\">Groupement Interprofessionnel Annemassien<\/a>) est une carte de r\u00e9ductions pour activit\u00e9s sportives et\u00a0loisirs dans la r\u00e9gion l\u00e9manique donnant acc\u00e8s \u00e0 des tarifs tr\u00e8s attractifs pour les forfaits de ski dans de nombreuses stations. Le Ski Club CERN est un point de distribution de cette carte; elle est disponible \u00e0 tous les membres du club, ind\u00e9pendamment de leur lieu de domicile.<\/p>\n<p>Vous la trouverez dans votre &#8220;Espace perso&#8221; (menu Planning)\u00a0\u00a0sous &#8220;GENERIC SHOP&#8221;.<\/p>\n<p><span class=\"HwtZe\" lang=\"fr\"><span class=\"jCAhz ChMk0b\"><span class=\"ryNqvb\">Venez la r\u00e9cup\u00e9rer \u00e0 la <a href=\"https:\/\/www.kananas.com\/skiclubcern\/contact\">permanence<\/a> du club (tous les jeudis \u00e0 partir de 18h00) <strong>avec une piece d&#8217;identit\u00e9<\/strong>.<\/span><\/span><\/span><\/p>\n","protected":false},"excerpt":{"rendered":"<p>English version La carte GIA\u00a0(Groupement Interprofessionnel Annemassien) est une carte de r\u00e9ductions pour activit\u00e9s sportives et\u00a0loisirs dans la r\u00e9gion l\u00e9manique donnant acc\u00e8s \u00e0 des tarifs tr\u00e8s attractifs pour les forfaits de ski dans de nombreuses stations. Le Ski Club CERN est un point de distribution de cette carte; elle est disponible \u00e0 tous les membres du club, ind\u00e9pendamment de leur lieu de domicile. Vous la trouverez dans votre &#8220;Espace perso&#8221; (menu Planning)\u00a0\u00a0sous &#8220;GENERIC SHOP&#8221;. Venez la r\u00e9cup\u00e9rer \u00e0 la permanence du club (tous les jeudis \u00e0 partir de 18h00) avec une piece d&#8217;identit\u00e9.<\/p>\n","protected":false},"author":911,"featured_media":0,"parent":101,"menu_order":4,"comment_status":"closed","ping_status":"closed","template":"","meta":{"_crdt_document":"","footnotes":""},"class_list":["post-154","page","type-page","status-publish","hentry"],"_links":{"self":[{"href":"https:\/\/www.kananas.com\/skiclubcern\/wp-json\/wp\/v2\/pages\/154","targetHints":{"allow":["GET"]}}],"collection":[{"href":"https:\/\/www.kananas.com\/skiclubcern\/wp-json\/wp\/v2\/pages"}],"about":[{"href":"https:\/\/www.kananas.com\/skiclubcern\/wp-json\/wp\/v2\/types\/page"}],"author":[{"embeddable":true,"href":"https:\/\/www.kananas.com\/skiclubcern\/wp-json\/wp\/v2\/users\/911"}],"replies":[{"embeddable":true,"href":"https:\/\/www.kananas.com\/skiclubcern\/wp-json\/wp\/v2\/comments?post=154"}],"version-history":[{"count":6,"href":"https:\/\/www.kananas.com\/skiclubcern\/wp-json\/wp\/v2\/pages\/154\/revisions"}],"predecessor-version":[{"id":2299,"href":"https:\/\/www.kananas.com\/skiclubcern\/wp-json\/wp\/v2\/pages\/154\/revisions\/2299"}],"up":[{"embeddable":true,"href":"https:\/\/www.kananas.com\/skiclubcern\/wp-json\/wp\/v2\/pages\/101"}],"wp:attachment":[{"href":"https:\/\/www.kananas.com\/skiclubcern\/wp-json\/wp\/v2\/media?parent=154"}],"curies":[{"name":"wp","href":"https:\/\/api.w.org\/{rel}","templated":true}]}}