{"id":162,"date":"2016-10-26T17:57:50","date_gmt":"2016-10-26T15:57:50","guid":{"rendered":"http:\/\/www.kananas.com\/skiclubducern3300\/?page_id=162"},"modified":"2025-11-05T21:57:32","modified_gmt":"2025-11-05T20:57:32","slug":"ski-de-randonnee","status":"publish","type":"page","link":"https:\/\/www.kananas.com\/skiclubcern\/activites\/ski-de-randonnee\/","title":{"rendered":"Ski de randonn\u00e9e"},"content":{"rendered":"<p style=\"text-align: right\"><a href=\"http:\/\/www.kananas.com\/skiclubcern\/activities\/ski-touring\/\"><span style=\"font-size: 8pt\">English version<\/span><\/a><\/p>\n<p>Leaflet: <a href=\"https:\/\/www.kananas.com\/skiclubcern\/wp-content\/uploads\/sites\/882\/2025\/11\/ski-touring-flyer.jpeg\" target=\"_blank\" rel=\"noopener\">SkiClubTouringFlyer<\/a><\/p>\n<h1>Quelques informations sur le fonctionnement de la section randonn\u00e9e pour la saison 2025-2026<\/h1>\n<p><span style=\"color: #000000\">Pour toutes demandes sp\u00e9ciales, veuillez nous contacter \u00e0:\u00a0 \u00a0 \u00a0 \u00a0 \u00a0 \u00a0cern.ski.rando@gmail.com<\/span><\/p>\n<p>Il est tout d&#8217;abord important de rappeler que nous avons seulement un role de guide\/encadrement lors de nos sorties. Nos moniteurs de &#8220;ski-alpinisme&#8221; ne sont pas habilit\u00e9s \u00e0 donner des cours de ski! <span style=\"color: #ff0000\"><strong>C&#8217;est pour cela que nous vous demandons d&#8217;avoir d\u00e9j\u00e0 un niveau de ski correct, vous permettant de descendre une pente en terrain hors-piste.<\/strong><\/span> Nous vous donnerons bien \u00e9videment quelques conseils techniques propre \u00e0 la randonn\u00e9e&#8230;<\/p>\n<p>Toutes les inscriptions se font en ligne depuis la page d\u00e9di\u00e9e au programme des sorties. Les inscriptions en ligne se font en g\u00e9n\u00e9ral le jeudi de 09h \u00e0 18h, mais regardez la veille les instructions qui seront mises \u00e0 jour sur le descriptif des sorties. Si vous \u00eates inscrit, le moniteur responsable de la sortie vous contactera par courriel.<\/p>\n<h2>Inscription et prix<\/h2>\n<p>Pour participer aux sorties de ski de randonn\u00e9e, vous devez \u00eatre membre du Ski Club CERN, inscrit \u00e0 la section ski de randonn\u00e9e et obligatoirement poss\u00e9der la <a href=\"http:\/\/www.kananas.com\/skiclubcern\/activites\/autres\/carte-neige\/\">Carte Neige<\/a>.<\/p>\n<ul>\n<li>Inscription<\/li>\n<\/ul>\n<p style=\"padding-left: 30px\">Pre-inscription ou inscription sur le web \u00e0 partir du <strong>10 novembre 2025 (pour le membres) ou 12 novembre (pour les nouveaux members)<\/strong>\u00a0suivez les instructions pour <a href=\"http:\/\/www.kananas.com\/skiclubcern\/comment-senregistrer\/\">adh\u00e9rer au club<\/a> ou <a href=\"http:\/\/www.kananas.com\/skiclubcern\/inscription-aux-activites\/\">renouveller votre inscription<\/a>.<br \/>\nNous vous conseillons de payer en ligne\u00a0en utilisant votre Espace perso.<\/p>\n<ul>\n<li>Prix<\/li>\n<\/ul>\n<p style=\"text-align: left;padding-left: 30px\">Le prix par participant et pour la saison <strong>2025-2026 est de 55 \u20ac + le cout de covoiturage.\u00a0<\/strong><br \/>\nCette cotisation permet ensuite la participation aux journ\u00e9es s\u00e9curit\u00e9 et \u00e0 un nombre illimit\u00e9 de sorties.<\/p>\n<p>Plus d&#8217;informations sur les sorties et la saison pr\u00e9c\u00e9dente : <a href=\"https:\/\/skiclub-skitouring.web.cern.ch\/\">https:\/\/skiclub-skitouring.web.cern.ch\/\u00a0<\/a><\/p>\n","protected":false},"excerpt":{"rendered":"<p>English version Leaflet: SkiClubTouringFlyer Quelques informations sur le fonctionnement de la section randonn\u00e9e pour la saison 2025-2026 Pour toutes demandes sp\u00e9ciales, veuillez nous contacter \u00e0:\u00a0 \u00a0 \u00a0 \u00a0 \u00a0 \u00a0cern.ski.rando@gmail.com Il est tout d&#8217;abord important de rappeler que nous avons seulement un role de guide\/encadrement lors de nos sorties. Nos moniteurs de &#8220;ski-alpinisme&#8221; ne sont pas habilit\u00e9s \u00e0 donner des cours de ski! C&#8217;est pour cela que nous vous demandons d&#8217;avoir d\u00e9j\u00e0 un niveau de ski correct, vous permettant de descendre une pente en terrain hors-piste. Nous vous donnerons bien \u00e9videment quelques conseils techniques propre \u00e0 la randonn\u00e9e&#8230; Toutes les inscriptions se font en ligne depuis la page d\u00e9di\u00e9e au programme des sorties. Les inscriptions en ligne se font en g\u00e9n\u00e9ral le jeudi de 09h \u00e0 18h, mais regardez la veille les instructions qui seront mises \u00e0 jour sur le descriptif des sorties. Si vous \u00eates inscrit, le moniteur responsable de la sortie vous contactera par courriel. Inscription et prix Pour participer aux sorties de ski de randonn\u00e9e, vous devez \u00eatre membre du Ski Club CERN, inscrit \u00e0 la section ski de randonn\u00e9e et obligatoirement poss\u00e9der la Carte Neige. Inscription Pre-inscription ou inscription sur le web \u00e0 partir du 10 novembre 2025 (pour le membres) ou 12 novembre (pour les nouveaux members)\u00a0suivez les instructions pour adh\u00e9rer au club ou renouveller votre inscription. Nous vous conseillons de payer en ligne\u00a0en utilisant votre Espace perso. Prix Le prix par participant et pour la saison 2025-2026 est de 55 \u20ac + le cout de covoiturage.\u00a0 Cette cotisation permet ensuite la participation aux journ\u00e9es s\u00e9curit\u00e9 et \u00e0 un nombre illimit\u00e9 de sorties. Plus d&#8217;informations sur les sorties et la saison pr\u00e9c\u00e9dente : https:\/\/skiclub-skitouring.web.cern.ch\/\u00a0<\/p>\n","protected":false},"author":911,"featured_media":0,"parent":95,"menu_order":0,"comment_status":"closed","ping_status":"closed","template":"","meta":{"_crdt_document":"","footnotes":""},"class_list":["post-162","page","type-page","status-publish","hentry"],"_links":{"self":[{"href":"https:\/\/www.kananas.com\/skiclubcern\/wp-json\/wp\/v2\/pages\/162","targetHints":{"allow":["GET"]}}],"collection":[{"href":"https:\/\/www.kananas.com\/skiclubcern\/wp-json\/wp\/v2\/pages"}],"about":[{"href":"https:\/\/www.kananas.com\/skiclubcern\/wp-json\/wp\/v2\/types\/page"}],"author":[{"embeddable":true,"href":"https:\/\/www.kananas.com\/skiclubcern\/wp-json\/wp\/v2\/users\/911"}],"replies":[{"embeddable":true,"href":"https:\/\/www.kananas.com\/skiclubcern\/wp-json\/wp\/v2\/comments?post=162"}],"version-history":[{"count":10,"href":"https:\/\/www.kananas.com\/skiclubcern\/wp-json\/wp\/v2\/pages\/162\/revisions"}],"predecessor-version":[{"id":3434,"href":"https:\/\/www.kananas.com\/skiclubcern\/wp-json\/wp\/v2\/pages\/162\/revisions\/3434"}],"up":[{"embeddable":true,"href":"https:\/\/www.kananas.com\/skiclubcern\/wp-json\/wp\/v2\/pages\/95"}],"wp:attachment":[{"href":"https:\/\/www.kananas.com\/skiclubcern\/wp-json\/wp\/v2\/media?parent=162"}],"curies":[{"name":"wp","href":"https:\/\/api.w.org\/{rel}","templated":true}]}}