{"id":187,"date":"2016-10-26T18:45:30","date_gmt":"2016-10-26T16:45:30","guid":{"rendered":"http:\/\/www.kananas.com\/skiclubducern3300\/?page_id=187"},"modified":"2025-12-09T09:45:39","modified_gmt":"2025-12-09T08:45:39","slug":"ski-de-fond","status":"publish","type":"page","link":"https:\/\/www.kananas.com\/skiclubcern\/activites\/ski-de-fond\/","title":{"rendered":"Ski de fond"},"content":{"rendered":"<p style=\"text-align: right\"><strong><a href=\"https:\/\/www.kananas.com\/skiclubcern\/activites\/ski-de-fond#home-en\">English version<\/a><\/strong><\/p>\n<table style=\"border-collapse: collapse;width: 100%\" bgcolor=\"#D3D3D3\">\n<tbody>\n<tr>\n<td style=\"width: 14.2857%;text-align: center\"><strong><a href=\"https:\/\/www.kananas.com\/skiclubcern\/activites\/ski-de-fond\/quest-ce-que-le-ski-de-fond-what-is-ski-de-fond\/\">Qu&#8217;est ce que le ski de fond?<\/a><\/strong><\/td>\n<td style=\"width: 14.2857%;text-align: center\"><strong><a href=\"https:\/\/www.kananas.com\/skiclubcern\/activites\/ski-de-fond\/calendrier\/\">Calendrier saison 2026<\/a><\/strong><\/td>\n<td style=\"width: 14.2857%;text-align: center\"><a href=\"https:\/\/www.kananas.com\/skiclubcern\/activites\/ski-de-fond\/niveaux-de-ski-de-fond\/\"><strong>Quel est mon niveau?<\/strong><\/a><\/td>\n<td style=\"width: 14.2857%;text-align: center\"><a href=\"https:\/\/www.kananas.com\/skiclubcern\/activites\/ski-de-fond\/foire-aux-questions\/\"><strong>FAQ<\/strong><\/a><\/td>\n<td style=\"width: 14.2857%;text-align: center\"><a href=\"https:\/\/www.kananas.com\/skiclubcern\/activites\/ski-de-fond\/liens-utiles\/\"><strong>Liens outils<\/strong><\/a><\/td>\n<td style=\"width: 14.2857%;text-align: center\"><a href=\"https:\/\/www.kananas.com\/skiclubcern\/activites\/ski-de-fond\/nos-moniteurs-our-instructors\/\"><strong>Nos moniteurs<\/strong><\/a><\/td>\n<td style=\"width: 14.2857%;text-align: center\"><strong><a href=\"https:\/\/www.kananas.com\/skiclubcern\/activites\/ski-de-fond\/contactez-nous\/\">Contactez-nous<\/a><\/strong><\/td>\n<\/tr>\n<\/tbody>\n<\/table>\n<h1 style=\"text-align: center\"><a href=\"https:\/\/www.kananas.com\/skiclubcern\/inscription-aux-activites\/\"><span style=\"color: #ff0000\">*LES INSCRIPTIONS SONT OUVERTES!*<\/span><\/a><\/h1>\n<p><span style=\"color: #000080\"><strong>Fran\u00e7ais<\/strong><\/span><\/p>\n<p style=\"padding-left: 40px\">La section de Ski de fond propose aux membres du Ski Club CERN des activit\u00e9s diff\u00e9rentes:<\/p>\n<ul>\n<li style=\"list-style-type: none\">\n<ul>\n<li><strong>Cinq cours de ski de fond<\/strong> sont pr\u00e9vus entre d\u00e9but janvier et le dernier week-end de f\u00e9vrier. <span style=\"color: #ff0000\">Quatre cours auront lieu le samedi matin \u00e0 la station de La Vattay<\/span> dans le Jura. <span style=\"color: #ff0000\">Le cinqui\u00e8me sera une sortie d&#8217;une journ\u00e9e en bus vers une autre station, probablement dans les Alpes en cas de manque de neige dans le Jura<\/span>.<br \/>Tous les niveaux \u2013 de d\u00e9butant \u00e0 l\u2019avanc\u00e9 \u2013 sont enseign\u00e9s dans les disciplines ski de fond classique (\u00ab alternatif \u00bb) et le skating. S\u2019il n&#8217;y a pas suffisamment d\u2019inscrits, le cours avanc\u00e9 ne sera pas propos\u00e9. Pour chaque discipline, nous vous proposons divers exercices ax\u00e9s sur la technique du ski, sur l\u2019\u00e9quilibre ou bien sur la coordination des mouvements.<\/li>\n<li>Une <strong>deuxi\u00e8me sortie d&#8217;une journ\u00e9e compl\u00e8te<\/strong> sera pr\u00e9vue. Contrairement \u00e0 la premi\u00e8re, celle-ci est facultative : elle n\u2019est pas incluse dans l\u2019abonnement de base et n\u00e9cessitera un suppl\u00e9ment.<\/li>\n<li>Les <strong>autres sorties<\/strong> (initiation au biathlon ou rando nordique, sorties en pleine lune)<br \/>Il y a parfois des sorties suppl\u00e9mentaires, organis\u00e9es par nos moniteurs\/trices ou par nos membres (en fonction de la m\u00e9t\u00e9o et la capacit\u00e9). Les sorties, accessibles \u00e0 partir du niveau 1, sont des moments inoubliables. Le d\u00e9placement se fait co-voiturage.<\/li>\n<\/ul>\n<\/li>\n<\/ul>\n<p style=\"padding-left: 40px\">La <a href=\"http:\/\/www.kananas.com\/skiclubcern\/cartes\/carte-neige\/\">Carte neige<\/a> est requise pour toute activit\u00e9 de la section de Ski de fond.<br \/><strong>Consultez <a href=\"https:\/\/www.kananas.com\/skiclubcern\/activites\/ski-de-fond\/foire-aux-questions\/\">la FAQ<\/a> pour d\u00e9couvrir nos prix<\/strong><\/p>\n<p>\u00a0<\/p>\n<p><a name=\"home-en\"><\/a><\/p>\n<table style=\"border-collapse: collapse;width: 100%\" bgcolor=\"#D3D3D3\">\n<tbody>\n<tr>\n<td style=\"width: 14.2857%;text-align: center\"><strong><a href=\"https:\/\/www.kananas.com\/skiclubcern\/activites\/ski-de-fond\/quest-ce-que-le-ski-de-fond-what-is-ski-de-fond#what-is-en\">What is cross country skiing?<\/a><\/strong><\/td>\n<td style=\"width: 14.2857%;text-align: center\"><strong><a href=\"https:\/\/www.kananas.com\/skiclubcern\/activites\/ski-de-fond\/season-calendar\">Calendar 2026<\/a><\/strong><\/td>\n<td style=\"width: 14.2857%;text-align: center\"><a href=\"https:\/\/www.kananas.com\/skiclubcern\/activites\/ski-de-fond\/niveaux-des-etudiants-en\/\"><strong>What level am I?<\/strong><\/a><\/td>\n<td style=\"width: 14.2857%;text-align: center\"><a href=\"https:\/\/www.kananas.com\/skiclubcern\/activites\/ski-de-fond\/foire-aux-questions-en\/\"><strong>FAQ<\/strong><\/a><\/td>\n<td style=\"width: 14.2857%;text-align: center\"><a href=\"https:\/\/www.kananas.com\/skiclubcern\/activites\/ski-de-fond\/liens-utiles\/\"><strong>Useful links<\/strong><\/a><\/td>\n<td style=\"width: 14.2857%;text-align: center\"><a href=\"https:\/\/www.kananas.com\/skiclubcern\/activites\/ski-de-fond\/nos-moniteurs-our-instructors\/\"><strong>Our instructors<\/strong><\/a><\/td>\n<td style=\"width: 14.2857%;text-align: center\"><strong><a href=\"https:\/\/www.kananas.com\/skiclubcern\/activites\/ski-de-fond\/contactez-nous\/\">Contact us<\/a><\/strong><\/td>\n<\/tr>\n<\/tbody>\n<\/table>\n<h1 style=\"text-align: center\"><a href=\"https:\/\/www.kananas.com\/skiclubcern\/subscription-to-activities\/\"><span style=\"color: #ff0000\">*** INSCRIPTIONS ARE OPEN! ***<\/span><\/a><\/h1>\n<p><span style=\"color: #000080\"><strong>English<\/strong><\/span><\/p>\n<p>The Cross-Country Skiing section offers CERN Ski Club members a range of different activities:<\/p>\n<ul>\n<li style=\"list-style-type: none\">\n<ul>\n<li><strong>Five cross-country skiing lessons<\/strong> are scheduled between early January and the last weekend of February. <span style=\"color: #ff0000\">Four lessons will take place on Saturday mornings at the La Vattay<\/span> station in the Jura. The <span style=\"color: #ff0000\">other will be a full day trip by bus to a different resort, probably in the Alps if there&#8217;s a lack of snow in the Jura<\/span><br \/>All levels &#8211; from beginner to advanced &#8211; are taught in the disciplines of classic (&#8220;alternative&#8221;) cross-country skiing and skating. Note that advanced courses will only be proposed if there are enough inscriptions. For each discipline, we offer a variety of exercises focusing on skiing technique, balance and coordination.<\/li>\n<li>A <strong>second full day outing<\/strong> will be planned. Unlike the earlier outing, this one is optional in that it is not included in the basic subscription and will require an additional fee.<\/li>\n<li><strong>Other outings<\/strong> (introduction to biathlon or Nordic hiking, full-moon outings)<br \/>Additional outings are sometimes organized by our instructors or members (depending on weather and capacity). The outings, accessible to level 1 and above, are unforgettable moments. Travel is by car pool.<\/li>\n<\/ul>\n<\/li>\n<\/ul>\n<p style=\"padding-left: 40px\">A <a href=\"http:\/\/www.kananas.com\/skiclubcern\/cartes\/carte-neige\/\">Carte neige (insurance)<\/a> is required for all cross-country skiing activities.<br \/><strong>Visit the <a href=\"https:\/\/www.kananas.com\/skiclubcern\/activites\/ski-de-fond\/foire-aux-questions-en\/\">FAQ page<\/a> for information about prices<\/strong><\/p>\n<p>\u00a0<\/p>\n\n","protected":false},"excerpt":{"rendered":"<p>English version Qu&#8217;est ce que le ski de fond? Calendrier saison 2026 Quel est mon niveau? FAQ Liens outils Nos moniteurs Contactez-nous *LES INSCRIPTIONS SONT OUVERTES!* Fran\u00e7ais La section de Ski de fond propose aux membres du Ski Club CERN des activit\u00e9s diff\u00e9rentes: Cinq cours de ski de fond sont pr\u00e9vus entre d\u00e9but janvier et le dernier week-end de f\u00e9vrier. Quatre cours auront lieu le samedi matin \u00e0 la station de La Vattay dans le Jura. Le cinqui\u00e8me sera une sortie d&#8217;une journ\u00e9e en bus vers une autre station, probablement dans les Alpes en cas de manque de neige dans le Jura.Tous les niveaux \u2013 de d\u00e9butant \u00e0 l\u2019avanc\u00e9 \u2013 sont enseign\u00e9s dans les disciplines ski de fond classique (\u00ab alternatif \u00bb) et le skating. S\u2019il n&#8217;y a pas suffisamment d\u2019inscrits, le cours avanc\u00e9 ne sera pas propos\u00e9. Pour chaque discipline, nous vous proposons divers exercices ax\u00e9s sur la technique du ski, sur l\u2019\u00e9quilibre ou bien sur la coordination des mouvements. Une deuxi\u00e8me sortie d&#8217;une journ\u00e9e compl\u00e8te sera pr\u00e9vue. Contrairement \u00e0 la premi\u00e8re, celle-ci est facultative : elle n\u2019est pas incluse dans l\u2019abonnement de base et n\u00e9cessitera un suppl\u00e9ment. Les autres sorties (initiation au biathlon ou rando nordique, sorties en pleine lune)Il y a parfois des sorties suppl\u00e9mentaires, organis\u00e9es par nos moniteurs\/trices ou par nos membres (en fonction de la m\u00e9t\u00e9o et la capacit\u00e9). Les sorties, accessibles \u00e0 partir du niveau 1, sont des moments inoubliables. Le d\u00e9placement se fait co-voiturage. La Carte neige est requise pour toute activit\u00e9 de la section de Ski de fond.Consultez la FAQ pour d\u00e9couvrir nos prix \u00a0 What is cross country skiing? Calendar 2026 What level am I? FAQ Useful links Our instructors Contact us *** INSCRIPTIONS ARE OPEN! *** English The Cross-Country Skiing section offers CERN Ski Club members a range of different activities: Five cross-country skiing lessons are scheduled between early January and the last weekend of February. Four lessons will take place on Saturday mornings at the La Vattay station in the Jura. The other will be a full day trip by bus to a different resort, probably in the Alps if there&#8217;s a lack of snow in the JuraAll levels &#8211; from beginner to advanced &#8211; are taught in the disciplines of classic (&#8220;alternative&#8221;) cross-country skiing and skating. Note that advanced courses will only be proposed if there are enough inscriptions. For each discipline, we offer a variety of exercises focusing on skiing technique, balance and coordination. A second full day outing will be planned. Unlike the earlier outing, this one is optional in that it is not included in the basic subscription and will require an additional fee. Other outings (introduction to biathlon or Nordic hiking, full-moon outings)Additional outings are sometimes organized by our instructors or members (depending on weather and capacity). The outings, accessible to level 1 and above, are unforgettable moments. Travel is by car pool. A Carte neige (insurance) is required for all cross-country skiing activities.Visit the FAQ page for information about prices \u00a0<\/p>\n","protected":false},"author":911,"featured_media":0,"parent":95,"menu_order":0,"comment_status":"closed","ping_status":"closed","template":"","meta":{"_crdt_document":"","footnotes":""},"class_list":["post-187","page","type-page","status-publish","hentry"],"_links":{"self":[{"href":"https:\/\/www.kananas.com\/skiclubcern\/wp-json\/wp\/v2\/pages\/187","targetHints":{"allow":["GET"]}}],"collection":[{"href":"https:\/\/www.kananas.com\/skiclubcern\/wp-json\/wp\/v2\/pages"}],"about":[{"href":"https:\/\/www.kananas.com\/skiclubcern\/wp-json\/wp\/v2\/types\/page"}],"author":[{"embeddable":true,"href":"https:\/\/www.kananas.com\/skiclubcern\/wp-json\/wp\/v2\/users\/911"}],"replies":[{"embeddable":true,"href":"https:\/\/www.kananas.com\/skiclubcern\/wp-json\/wp\/v2\/comments?post=187"}],"version-history":[{"count":9,"href":"https:\/\/www.kananas.com\/skiclubcern\/wp-json\/wp\/v2\/pages\/187\/revisions"}],"predecessor-version":[{"id":3599,"href":"https:\/\/www.kananas.com\/skiclubcern\/wp-json\/wp\/v2\/pages\/187\/revisions\/3599"}],"up":[{"embeddable":true,"href":"https:\/\/www.kananas.com\/skiclubcern\/wp-json\/wp\/v2\/pages\/95"}],"wp:attachment":[{"href":"https:\/\/www.kananas.com\/skiclubcern\/wp-json\/wp\/v2\/media?parent=187"}],"curies":[{"name":"wp","href":"https:\/\/api.w.org\/{rel}","templated":true}]}}