{"id":190,"date":"2016-10-26T18:46:38","date_gmt":"2016-10-26T16:46:38","guid":{"rendered":"http:\/\/www.kananas.com\/skiclubducern3300\/?page_id=190"},"modified":"2025-11-13T08:58:07","modified_gmt":"2025-11-13T07:58:07","slug":"calendrier","status":"publish","type":"page","link":"https:\/\/www.kananas.com\/skiclubcern\/activites\/ski-de-fond\/calendrier\/","title":{"rendered":"Calendrier 2026 \/ 2026 calendar"},"content":{"rendered":"<p style=\"text-align: right\"><strong><a href=\"https:\/\/www.kananas.com\/skiclubcern\/activites\/ski-de-fond\/season-calendar\/\">English version<\/a><\/strong><\/p>\n<table style=\"border-collapse: collapse;width: 100%\" bgcolor=\"#D3D3D3\">\n<tbody>\n<tr>\n<td style=\"width: 14.2857%;text-align: center\"><strong><a href=\"https:\/\/www.kananas.com\/skiclubcern\/activites\/ski-de-fond\/quest-ce-que-le-ski-de-fond-what-is-ski-de-fond\/\">Qu&#8217;est ce que le ski de fond?<\/a><\/strong><\/td>\n<td style=\"width: 14.2857%;text-align: center\"><strong><a href=\"https:\/\/www.kananas.com\/skiclubcern\/activites\/ski-de-fond\/\">Ski de fond homepage<\/a><\/strong><\/td>\n<td style=\"width: 14.2857%;text-align: center\"><a href=\"https:\/\/www.kananas.com\/skiclubcern\/activites\/ski-de-fond\/niveaux-de-ski-de-fond\/\"><strong>Quel est mon niveau?<\/strong><\/a><\/td>\n<td style=\"width: 14.2857%;text-align: center\"><a href=\"https:\/\/www.kananas.com\/skiclubcern\/activites\/ski-de-fond\/foire-aux-questions\/\"><strong>FAQ<\/strong><\/a><\/td>\n<td style=\"width: 14.2857%;text-align: center\"><a href=\"https:\/\/www.kananas.com\/skiclubcern\/activites\/ski-de-fond\/liens-utiles\/\"><strong>Liens outils<\/strong><\/a><\/td>\n<td style=\"width: 5.89598%;text-align: center\"><a href=\"https:\/\/www.kananas.com\/skiclubcern\/activites\/ski-de-fond\/nos-moniteurs-our-instructors\/\"><strong>Nos moniteurs<\/strong><\/a><\/td>\n<td style=\"width: 14.2857%;text-align: center\"><strong><a href=\"https:\/\/www.kananas.com\/skiclubcern\/activites\/ski-de-fond\/contactez-nous\/\">Contactez-nous<\/a><\/strong><\/td>\n<\/tr>\n<\/tbody>\n<\/table>\n<p style=\"text-align: center\"><a href=\"https:\/\/www.kananas.com\/skiclubcern\/inscription-aux-activites\/\"><span style=\"font-family: verdana, geneva, sans-serif;font-size: 14pt\">** <strong>Les ins<\/strong><\/span><span style=\"font-family: verdana, geneva, sans-serif;font-size: 14pt\"><strong>criptions sont ouvertes<\/strong><\/span><span style=\"font-family: verdana, geneva, sans-serif;font-size: 14pt\"> **<\/span><\/a><\/p>\n<p><strong>A lire attentivement.<\/strong> <strong>En raison du manque de neige ces derni\u00e8res ann\u00e9es, nous avons modifi\u00e9 l&#8217;organisation afin d&#8217;assurer le plus grand nombre d&#8217;excursions possible<\/strong><\/p>\n<ul>\n<li>Nous pr\u00e9voyons 4 excursions matinales \u00e0 La Vattay o\u00f9 les \u00e9l\u00e8ves organiseront leur propre transport.<\/li>\n<li>Nous pr\u00e9voyons \u00e9galement 1 excursion s\u00e9par\u00e9e d&#8217;une journ\u00e9e loin de La Vattay vers une station o\u00f9 les chances d&#8217;enneigement sont plus \u00e9lev\u00e9es. Cette excursion se fera en bus. Le d\u00e9roulement de cette journ\u00e9es est le suivant :\n<ul>\n<li>08:00 D\u00e9part. Points de ramassage : St Genis et CERN Meyrin (l\u2019ordre d\u00e9pend de la destination)<\/li>\n<li>10:30 Skier en groupe avec un moniteur<\/li>\n<li>12:00 Pause de midi<\/li>\n<li>13:00 Ski en groupe l&#8217;apr\u00e8s-midi, avec ou sans moniteur selon le choix.<\/li>\n<li>14:30 Fin du cours<\/li>\n<li>17:00 Arriv\u00e9e au CERN Meyrin et \u00e0 St Genis<\/li>\n<\/ul>\n<\/li>\n<li>Une excursion facultative d&#8217;une journ\u00e9e compl\u00e8te, suivant le m\u00eame format que la sortie pr\u00e9c\u00e9dente. Contrairement \u00e0 celle-ci, elle n\u2019est pas incluse dans l\u2019abonnement de base et n\u00e9cessitera un co\u00fbt suppl\u00e9mentaire.<\/li>\n<li>Les moniteurs ont accept\u00e9 de r\u00e9server tous les samedis du <strong>10 janvier au 28 f\u00e9vrier<\/strong> (8 week-ends). Cela augmente les chances de pouvoir organiser un minimum de 5 sorties. <strong>Les \u00e9tudiants doivent \u00e9galement r\u00e9server ces week-ends<\/strong><\/li>\n<li>Les premi\u00e8res sorties seront planifi\u00e9es \u00e0 La Vattay mais si aucune neige n&#8217;est annonc\u00e9e dans le Jura le mercredi pr\u00e9c\u00e9dent, nous r\u00e9serverons une journ\u00e9e ailleurs.<\/li>\n<\/ul>\n<table class=\" aligncenter\" style=\"width: 100%\">\n<tbody>\n<tr>\n<th style=\"width: 99.2748%\" colspan=\"3\">Calendar<\/th>\n<\/tr>\n<tr>\n<td style=\"width: 6.2364%\"><strong>2026-01-10<\/strong><\/td>\n<td style=\"width: 40.5366%\">Matin \u00e0 La Vattay<\/td>\n<td style=\"width: 52.5018%\" rowspan=\"8\">Si le temps le permet pendant ces dates, nous garantirons 1 excursions d&#8217;une journ\u00e9e compl\u00e8te hors de La Vattay et 4 excursions d&#8217;une demi-journ\u00e9e \u00e0 La Vattay.Les \u00e9l\u00e8ves devront apporter leur propre pique-nique pour les excursions d&#8217;une journ\u00e9e.<\/td>\n<\/tr>\n<tr>\n<td style=\"width: 6.2364%\"><strong>2026-01-17<\/strong><\/td>\n<td style=\"width: 40.5366%\">Matin \u00e0 La Vattay<\/td>\n<\/tr>\n<tr>\n<td style=\"width: 6.2364%\"><strong>2026-01-24<\/strong><\/td>\n<td style=\"width: 40.5366%\">Matin \u00e0 La Vattay<\/td>\n<\/tr>\n<tr>\n<td style=\"width: 6.2364%\"><strong>2026-01-31<\/strong><\/td>\n<td style=\"width: 40.5366%\">Matin \u00e0 La Vattay<\/td>\n<\/tr>\n<tr>\n<td style=\"width: 6.2364%\"><strong>2026-02-07<\/strong><\/td>\n<td style=\"width: 40.5366%\">Excursion d&#8217;une journ\u00e9e compl\u00e8te (incluse dans l&#8217;inscription)<\/td>\n<\/tr>\n<tr>\n<td style=\"width: 6.2364%\"><strong>2026-02-14<\/strong><\/td>\n<td style=\"width: 40.5366%\">Excursion d&#8217;une journ\u00e9e compl\u00e8te (co\u00fbt supplementaire)<\/td>\n<\/tr>\n<tr>\n<td style=\"width: 6.2364%\"><strong>2026-02-21<\/strong><\/td>\n<td style=\"width: 40.5366%\">Rattrapage si des sorties ont \u00e9t\u00e9 annul\u00e9es pour des raisons m\u00e9t\u00e9orologiques<\/td>\n<\/tr>\n<tr>\n<td style=\"width: 6.2364%\"><strong>2025-02-28<\/strong><\/td>\n<td style=\"width: 40.5366%\">Rattrapage si des sorties ont \u00e9t\u00e9 annul\u00e9es pour des raisons m\u00e9t\u00e9orologiques<\/td>\n<\/tr>\n<\/tbody>\n<\/table>\n<p><strong>Autres sorties pr\u00e9vues<\/strong><\/p>\n<p>(Co\u00fbts suppl\u00e9mentaires)<\/p>\n<p>D&#8217;autres sorties peuvent \u00eatre ajout\u00e9es plus tard s&#8217;il s&#8217;av\u00e8re que nous avons une bonne ann\u00e9e pour la neige. Dans le pass\u00e9, nous avons organis\u00e9 des initiations au biathlon (ski de fond et tir) et au ski de fond hors piste (skis similaires au ski nordique mais sans piste !).<\/p>\n","protected":false},"excerpt":{"rendered":"<p>English version Qu&#8217;est ce que le ski de fond? Ski de fond homepage Quel est mon niveau? FAQ Liens outils Nos moniteurs Contactez-nous ** Les inscriptions sont ouvertes ** A lire attentivement. En raison du manque de neige ces derni\u00e8res ann\u00e9es, nous avons modifi\u00e9 l&#8217;organisation afin d&#8217;assurer le plus grand nombre d&#8217;excursions possible Nous pr\u00e9voyons 4 excursions matinales \u00e0 La Vattay o\u00f9 les \u00e9l\u00e8ves organiseront leur propre transport. Nous pr\u00e9voyons \u00e9galement 1 excursion s\u00e9par\u00e9e d&#8217;une journ\u00e9e loin de La Vattay vers une station o\u00f9 les chances d&#8217;enneigement sont plus \u00e9lev\u00e9es. Cette excursion se fera en bus. Le d\u00e9roulement de cette journ\u00e9es est le suivant : 08:00 D\u00e9part. Points de ramassage : St Genis et CERN Meyrin (l\u2019ordre d\u00e9pend de la destination) 10:30 Skier en groupe avec un moniteur 12:00 Pause de midi 13:00 Ski en groupe l&#8217;apr\u00e8s-midi, avec ou sans moniteur selon le choix. 14:30 Fin du cours 17:00 Arriv\u00e9e au CERN Meyrin et \u00e0 St Genis Une excursion facultative d&#8217;une journ\u00e9e compl\u00e8te, suivant le m\u00eame format que la sortie pr\u00e9c\u00e9dente. Contrairement \u00e0 celle-ci, elle n\u2019est pas incluse dans l\u2019abonnement de base et n\u00e9cessitera un co\u00fbt suppl\u00e9mentaire. Les moniteurs ont accept\u00e9 de r\u00e9server tous les samedis du 10 janvier au 28 f\u00e9vrier (8 week-ends). Cela augmente les chances de pouvoir organiser un minimum de 5 sorties. Les \u00e9tudiants doivent \u00e9galement r\u00e9server ces week-ends Les premi\u00e8res sorties seront planifi\u00e9es \u00e0 La Vattay mais si aucune neige n&#8217;est annonc\u00e9e dans le Jura le mercredi pr\u00e9c\u00e9dent, nous r\u00e9serverons une journ\u00e9e ailleurs. Calendar 2026-01-10 Matin \u00e0 La Vattay Si le temps le permet pendant ces dates, nous garantirons 1 excursions d&#8217;une journ\u00e9e compl\u00e8te hors de La Vattay et 4 excursions d&#8217;une demi-journ\u00e9e \u00e0 La Vattay.Les \u00e9l\u00e8ves devront apporter leur propre pique-nique pour les excursions d&#8217;une journ\u00e9e. 2026-01-17 Matin \u00e0 La Vattay 2026-01-24 Matin \u00e0 La Vattay 2026-01-31 Matin \u00e0 La Vattay 2026-02-07 Excursion d&#8217;une journ\u00e9e compl\u00e8te (incluse dans l&#8217;inscription) 2026-02-14 Excursion d&#8217;une journ\u00e9e compl\u00e8te (co\u00fbt supplementaire) 2026-02-21 Rattrapage si des sorties ont \u00e9t\u00e9 annul\u00e9es pour des raisons m\u00e9t\u00e9orologiques 2025-02-28 Rattrapage si des sorties ont \u00e9t\u00e9 annul\u00e9es pour des raisons m\u00e9t\u00e9orologiques Autres sorties pr\u00e9vues (Co\u00fbts suppl\u00e9mentaires) D&#8217;autres sorties peuvent \u00eatre ajout\u00e9es plus tard s&#8217;il s&#8217;av\u00e8re que nous avons une bonne ann\u00e9e pour la neige. Dans le pass\u00e9, nous avons organis\u00e9 des initiations au biathlon (ski de fond et tir) et au ski de fond hors piste (skis similaires au ski nordique mais sans piste !).<\/p>\n","protected":false},"author":911,"featured_media":0,"parent":187,"menu_order":0,"comment_status":"closed","ping_status":"closed","template":"","meta":{"_crdt_document":"","footnotes":""},"class_list":["post-190","page","type-page","status-publish","hentry"],"_links":{"self":[{"href":"https:\/\/www.kananas.com\/skiclubcern\/wp-json\/wp\/v2\/pages\/190","targetHints":{"allow":["GET"]}}],"collection":[{"href":"https:\/\/www.kananas.com\/skiclubcern\/wp-json\/wp\/v2\/pages"}],"about":[{"href":"https:\/\/www.kananas.com\/skiclubcern\/wp-json\/wp\/v2\/types\/page"}],"author":[{"embeddable":true,"href":"https:\/\/www.kananas.com\/skiclubcern\/wp-json\/wp\/v2\/users\/911"}],"replies":[{"embeddable":true,"href":"https:\/\/www.kananas.com\/skiclubcern\/wp-json\/wp\/v2\/comments?post=190"}],"version-history":[{"count":10,"href":"https:\/\/www.kananas.com\/skiclubcern\/wp-json\/wp\/v2\/pages\/190\/revisions"}],"predecessor-version":[{"id":3533,"href":"https:\/\/www.kananas.com\/skiclubcern\/wp-json\/wp\/v2\/pages\/190\/revisions\/3533"}],"up":[{"embeddable":true,"href":"https:\/\/www.kananas.com\/skiclubcern\/wp-json\/wp\/v2\/pages\/187"}],"wp:attachment":[{"href":"https:\/\/www.kananas.com\/skiclubcern\/wp-json\/wp\/v2\/media?parent=190"}],"curies":[{"name":"wp","href":"https:\/\/api.w.org\/{rel}","templated":true}]}}