{"id":2,"date":"2012-03-05T13:37:17","date_gmt":"2012-03-05T11:37:17","guid":{"rendered":"http:\/\/www.kananas.com\/skiclubducern3300\/?page_id=2"},"modified":"2021-10-19T10:46:35","modified_gmt":"2021-10-19T08:46:35","slug":"leclub","status":"publish","type":"page","link":"https:\/\/www.kananas.com\/skiclubcern\/leclub\/","title":{"rendered":"Le Club"},"content":{"rendered":"<p style=\"text-align: right\"><span style=\"font-size: 12pt\"><strong><a href=\"http:\/\/www.kananas.com\/skiclubcern\/the-club\/\">English version<\/a><\/strong><\/span><\/p>\n<p>Depuis sa fondation en 1963 sous le patronage de l&#8217;<a href=\"http:\/\/association.web.cern.ch\/association\/en\/OtherActivities\/Clubs.html\" target=\"_blank\" rel=\"nofollow noopener noreferrer\">Association du Personnel CERN<\/a>, le Ski Club CERN transmet \u00e0 ses membres le plaisir de la montagne et de la neige.<\/p>\n<p>Le Ski Club CERN est une association r\u00e9gie par la loi fran\u00e7aise du 1er juillet 1901 et affili\u00e9e \u00e0 la <a href=\"http:\/\/ffs.fr\/\" target=\"_blank\" rel=\"nofollow noopener noreferrer\">F\u00e9d\u00e9ration Fran\u00e7aise de Ski<\/a>\u00a0(<a href=\"http:\/\/ski74.fr\/\" target=\"_blank\" rel=\"nofollow noopener noreferrer\">Comit\u00e9 du Mont Blanc<\/a>). Ses <a href=\"http:\/\/www.kananas.com\/skiclubcern\/statuts\" target=\"_blank\" rel=\"noopener noreferrer\">statuts<\/a> et <a href=\"http:\/\/www.kananas.com\/skiclubcern\/reglement_interieur-version2019\/\" target=\"_blank\" rel=\"noopener noreferrer\">r\u00e8glements int\u00e9rieurs<\/a> actuels ont \u00e9t\u00e9 approuv\u00e9s par l&#8217;assembl\u00e9e g\u00e9n\u00e9rale.<br \/>\nLes activit\u00e9s du club sont organis\u00e9es par son\u00a0<a href=\"http:\/\/www.kananas.com\/skiclubcern\/a-propos\/comite\/\">comit\u00e9<\/a>\u00a0compos\u00e9 de 12 membres que vous pouvez\u00a0contacter\u00a0par courrier, courrier \u00e9lectronique, t\u00e9l\u00e9phone ou lors de\u00a0permanences\u00a0hebdomadaires de novembre \u00e0 mars.<\/p>\n<p>Le club est organis\u00e9 en 5 sections:<\/p>\n<ul>\n<li>Ski Alpin<\/li>\n<li>Snowboard<\/li>\n<li>Ski de randonn\u00e9e<\/li>\n<li>Ski de fond<\/li>\n<li>Gymnastique de ski<\/li>\n<\/ul>\n<p>Ces derni\u00e8res ann\u00e9es, le Ski Club CERN comptait plus de 1.200 membres, dont 55 moniteurs de ski, 18 moniteurs de Snowboard, 20 moniteurs de ski de fond et 15 moniteurs de ski de randonn\u00e9e. Le club est ouvert \u00e0 tout le monde; il n&#8217;est pas n\u00e9cessaire d&#8217;\u00eatre membre du CERN pour devenir membre\u00a0du ski club.<\/p>\n","protected":false},"excerpt":{"rendered":"<p>English version Depuis sa fondation en 1963 sous le patronage de l&#8217;Association du Personnel CERN, le Ski Club CERN transmet \u00e0 ses membres le plaisir de la montagne et de la neige. Le Ski Club CERN est une association r\u00e9gie par la loi fran\u00e7aise du 1er juillet 1901 et affili\u00e9e \u00e0 la F\u00e9d\u00e9ration Fran\u00e7aise de Ski\u00a0(Comit\u00e9 du Mont Blanc). Ses statuts et r\u00e8glements int\u00e9rieurs actuels ont \u00e9t\u00e9 approuv\u00e9s par l&#8217;assembl\u00e9e g\u00e9n\u00e9rale. Les activit\u00e9s du club sont organis\u00e9es par son\u00a0comit\u00e9\u00a0compos\u00e9 de 12 membres que vous pouvez\u00a0contacter\u00a0par courrier, courrier \u00e9lectronique, t\u00e9l\u00e9phone ou lors de\u00a0permanences\u00a0hebdomadaires de novembre \u00e0 mars. Le club est organis\u00e9 en 5 sections: Ski Alpin Snowboard Ski de randonn\u00e9e Ski de fond Gymnastique de ski Ces derni\u00e8res ann\u00e9es, le Ski Club CERN comptait plus de 1.200 membres, dont 55 moniteurs de ski, 18 moniteurs de Snowboard, 20 moniteurs de ski de fond et 15 moniteurs de ski de randonn\u00e9e. Le club est ouvert \u00e0 tout le monde; il n&#8217;est pas n\u00e9cessaire d&#8217;\u00eatre membre du CERN pour devenir membre\u00a0du ski club.<\/p>\n","protected":false},"author":911,"featured_media":0,"parent":0,"menu_order":0,"comment_status":"closed","ping_status":"closed","template":"","meta":{"_crdt_document":"","footnotes":""},"class_list":["post-2","page","type-page","status-publish","hentry"],"_links":{"self":[{"href":"https:\/\/www.kananas.com\/skiclubcern\/wp-json\/wp\/v2\/pages\/2","targetHints":{"allow":["GET"]}}],"collection":[{"href":"https:\/\/www.kananas.com\/skiclubcern\/wp-json\/wp\/v2\/pages"}],"about":[{"href":"https:\/\/www.kananas.com\/skiclubcern\/wp-json\/wp\/v2\/types\/page"}],"author":[{"embeddable":true,"href":"https:\/\/www.kananas.com\/skiclubcern\/wp-json\/wp\/v2\/users\/911"}],"replies":[{"embeddable":true,"href":"https:\/\/www.kananas.com\/skiclubcern\/wp-json\/wp\/v2\/comments?post=2"}],"version-history":[{"count":5,"href":"https:\/\/www.kananas.com\/skiclubcern\/wp-json\/wp\/v2\/pages\/2\/revisions"}],"predecessor-version":[{"id":3179,"href":"https:\/\/www.kananas.com\/skiclubcern\/wp-json\/wp\/v2\/pages\/2\/revisions\/3179"}],"wp:attachment":[{"href":"https:\/\/www.kananas.com\/skiclubcern\/wp-json\/wp\/v2\/media?parent=2"}],"curies":[{"name":"wp","href":"https:\/\/api.w.org\/{rel}","templated":true}]}}