{"id":215,"date":"2016-10-27T09:52:20","date_gmt":"2016-10-27T07:52:20","guid":{"rendered":"http:\/\/www.kananas.com\/skiclubducern3300\/?page_id=215"},"modified":"2024-11-06T21:40:32","modified_gmt":"2024-11-06T20:40:32","slug":"carte-neige","status":"publish","type":"page","link":"https:\/\/www.kananas.com\/skiclubcern\/cartes\/carte-neige\/","title":{"rendered":"Carte Neige"},"content":{"rendered":"<p style=\"text-align: right\"><a href=\"http:\/\/www.kananas.com\/skiclubcern\/cards\/carte-neige\/\"><span style=\"font-size: 8pt\">English version<\/span><\/a><\/p>\n<p>Le Ski Club CERN est affili\u00e9e \u00e0 la F\u00e9d\u00e9ration Fran\u00e7aise du Ski (FFS), dont le r\u00e8gles requi\u00e8rent que chaque participant \u00e0 une activit\u00e9 de montagne\u00a0organis\u00e9e par le club doit poss\u00e9der une &#8220;<a href=\"http:\/\/www.ffs.fr\/federation\/licence-carte-neige\" target=\"_blank\" rel=\"noopener noreferrer\">Licence Carte Neige Loisir<\/a>&#8221; (Carte Neige).<br \/>\nElle est valable du 01 octobre de chaque ann\u00e9e au 14 octobre de l\u2019ann\u00e9e suivante.<\/p>\n<p>La Carte Neige &#8211; que vous obtenez du Ski Club CERN en vous inscrivant \u00e0 une activit\u00e9 de montagne &#8211; comprend obligatoirement une assurance contre les risques li\u00e9s \u00e0 la pratique du ski, y compris en ski hors piste. Il s&#8217;agit de l&#8217;option <a href=\"https:\/\/ffs.fr\/options-dassurance-et-garanties-complementaires\/\" target=\"_blank\" rel=\"noopener\">Medium<\/a> qui se d\u00e9cline en plusieurs types : standard et famille.<\/p>\n<p>Le tableau suivant montre la validit\u00e9 des diff\u00e9rents types de Cartes Neiges pour les activit\u00e9s du club:<\/p>\n<p>&nbsp;<\/p>\n<table style=\"width: 80%\">\n<tbody>\n<tr>\n<td><strong>Activit\u00e9<\/strong><\/td>\n<td style=\"text-align: center\" colspan=\"3\"><strong>Carte Neige &#8211; Type<\/strong><\/td>\n<\/tr>\n<tr>\n<td><strong>\u00a0<\/strong><\/td>\n<td style=\"text-align: center\"><strong>Standard<\/strong><\/td>\n<td style=\"text-align: center\"><strong>Famille<\/strong><\/td>\n<\/tr>\n<tr>\n<td>Ski Alpin<\/td>\n<td style=\"text-align: center\">x<\/td>\n<td style=\"text-align: center\">x<\/td>\n<\/tr>\n<tr>\n<td>Snowboard<\/td>\n<td style=\"text-align: center\">x<\/td>\n<td style=\"text-align: center\">x<\/td>\n<\/tr>\n<tr>\n<td>Ski de fond<\/td>\n<td style=\"text-align: center\">x<\/td>\n<td style=\"text-align: center\">x<\/td>\n<\/tr>\n<tr>\n<td>Ski de randonn\u00e9e<\/td>\n<td style=\"text-align: center\">x<\/td>\n<td style=\"text-align: center\">x<\/td>\n<\/tr>\n<tr>\n<td>Gymnastique<\/td>\n<td style=\"text-align: center\" colspan=\"3\">Carte Neige pas obligatoire<\/td>\n<\/tr>\n<\/tbody>\n<\/table>\n<p>La Carte Neige type &#8220;Famille&#8221;\u00a0a la m\u00eame couverture que le type &#8220;Standard&#8221;, mais couvre tous les membres d\u2019une famille r\u00e9sidant dans le m\u00eame foyer.<\/p>\n<p>Consultez la <a href=\"http:\/\/www.kananas.com\/skiclubcern\/prix\/\">liste des prix<\/a> pour connaitre le prix de la Carte Neige.<\/p>\n<p>Si vous souhaitez en acqu\u00e9rir une, veuillez suivre la <a href=\"http:\/\/www.kananas.com\/skiclubcern\/cartes\/carte-neige\/procedure-dobtention-de-carte-neige\/\">proc\u00e9dure d&#8217;obtention de Carte Neige<\/a>.<\/p>\n<p>En cas de sinistre, suivre les instructions sur le <a href=\"https:\/\/ffs.fr\/declaration-daccident\/\" target=\"_blank\" rel=\"noopener noreferrer\">site web de la FFS<\/a>. Attention au d\u00e9lai de 5 jours pour la d\u00e9claration d&#8217;accident!<\/p>\n","protected":false},"excerpt":{"rendered":"<p>English version Le Ski Club CERN est affili\u00e9e \u00e0 la F\u00e9d\u00e9ration Fran\u00e7aise du Ski (FFS), dont le r\u00e8gles requi\u00e8rent que chaque participant \u00e0 une activit\u00e9 de montagne\u00a0organis\u00e9e par le club doit poss\u00e9der une &#8220;Licence Carte Neige Loisir&#8221; (Carte Neige). Elle est valable du 01 octobre de chaque ann\u00e9e au 14 octobre de l\u2019ann\u00e9e suivante. La Carte Neige &#8211; que vous obtenez du Ski Club CERN en vous inscrivant \u00e0 une activit\u00e9 de montagne &#8211; comprend obligatoirement une assurance contre les risques li\u00e9s \u00e0 la pratique du ski, y compris en ski hors piste. Il s&#8217;agit de l&#8217;option Medium qui se d\u00e9cline en plusieurs types : standard et famille. Le tableau suivant montre la validit\u00e9 des diff\u00e9rents types de Cartes Neiges pour les activit\u00e9s du club: &nbsp; Activit\u00e9 Carte Neige &#8211; Type \u00a0 Standard Famille Ski Alpin x x Snowboard x x Ski de fond x x Ski de randonn\u00e9e x x Gymnastique Carte Neige pas obligatoire La Carte Neige type &#8220;Famille&#8221;\u00a0a la m\u00eame couverture que le type &#8220;Standard&#8221;, mais couvre tous les membres d\u2019une famille r\u00e9sidant dans le m\u00eame foyer. Consultez la liste des prix pour connaitre le prix de la Carte Neige. Si vous souhaitez en acqu\u00e9rir une, veuillez suivre la proc\u00e9dure d&#8217;obtention de Carte Neige. En cas de sinistre, suivre les instructions sur le site web de la FFS. Attention au d\u00e9lai de 5 jours pour la d\u00e9claration d&#8217;accident!<\/p>\n","protected":false},"author":911,"featured_media":0,"parent":101,"menu_order":0,"comment_status":"closed","ping_status":"closed","template":"","meta":{"_crdt_document":"","footnotes":""},"class_list":["post-215","page","type-page","status-publish","hentry"],"_links":{"self":[{"href":"https:\/\/www.kananas.com\/skiclubcern\/wp-json\/wp\/v2\/pages\/215","targetHints":{"allow":["GET"]}}],"collection":[{"href":"https:\/\/www.kananas.com\/skiclubcern\/wp-json\/wp\/v2\/pages"}],"about":[{"href":"https:\/\/www.kananas.com\/skiclubcern\/wp-json\/wp\/v2\/types\/page"}],"author":[{"embeddable":true,"href":"https:\/\/www.kananas.com\/skiclubcern\/wp-json\/wp\/v2\/users\/911"}],"replies":[{"embeddable":true,"href":"https:\/\/www.kananas.com\/skiclubcern\/wp-json\/wp\/v2\/comments?post=215"}],"version-history":[{"count":7,"href":"https:\/\/www.kananas.com\/skiclubcern\/wp-json\/wp\/v2\/pages\/215\/revisions"}],"predecessor-version":[{"id":3085,"href":"https:\/\/www.kananas.com\/skiclubcern\/wp-json\/wp\/v2\/pages\/215\/revisions\/3085"}],"up":[{"embeddable":true,"href":"https:\/\/www.kananas.com\/skiclubcern\/wp-json\/wp\/v2\/pages\/101"}],"wp:attachment":[{"href":"https:\/\/www.kananas.com\/skiclubcern\/wp-json\/wp\/v2\/media?parent=215"}],"curies":[{"name":"wp","href":"https:\/\/api.w.org\/{rel}","templated":true}]}}