{"id":217,"date":"2016-10-27T09:53:30","date_gmt":"2016-10-27T07:53:30","guid":{"rendered":"http:\/\/www.kananas.com\/skiclubducern3300\/?page_id=217"},"modified":"2022-08-31T21:13:00","modified_gmt":"2022-08-31T19:13:00","slug":"evenements-sociaux","status":"publish","type":"page","link":"https:\/\/www.kananas.com\/skiclubcern\/activites\/evenements-sociaux\/","title":{"rendered":"Evenements sociaux"},"content":{"rendered":"<p style=\"text-align: right\"><span style=\"font-size: 14pt\"><strong><a href=\"http:\/\/www.kananas.com\/skiclubcern\/activities\/social-events\/\">English version<\/a><\/strong><\/span><\/p>\n<pre><span style=\"font-family: arial, helvetica, sans-serif;font-size: 12pt\"><strong>D\u00eener de mi-saison<\/strong><\/span><\/pre>\n<p>Apr\u00e8s les cours de ski alpin et de snowboard, nous vous invitons \u00e0 nous rejoindre pour une d\u00e9licieuse Fondue \u00e0 Gen\u00e8ve.<br \/>\nDans une ambiance chaleureuse et conviale, venez retrouver vos condisciples et moniteurs pour c\u00e9l\u00e9brer votre progr\u00e9s et remercier les b\u00e9n\u00e9voles du club.<\/p>\n<ul>\n<li>Quand: 7 Fevrier 2023, 19h30 (date \u00e0 confirmer).<\/li>\n<li>O\u00f9: <a href=\"https:\/\/www.cafedelatour.ch\" target=\"_blank\" rel=\"noopener noreferrer\">Caf\u00e9 de la Tour<\/a>, Chemin de la B\u00e2tie 32, 1213 Petit-Lancy, Gen\u00e8ve.<\/li>\n<li>Prix: 27 \u20ac \/ personne (TBC).<br \/>\n(Fondue suisse, viande sech\u00e9e, 1 verre de vin blanc (jus\/soda comme alternative), toute consommation extra est \u00e0 votre charge.)<\/li>\n<li>Inscriptions : Janvier 2023, choisissez l&#8217;activit\u00e9 &#8220;Fondue Mid-Season 2023&#8221; dans votre espace membre (menu Planning).<\/li>\n<\/ul>\n<pre><span style=\"font-family: arial, helvetica, sans-serif;font-size: 12pt\"><strong>Soir\u00e9e fin de saison <\/strong><\/span><\/pre>\n<p>Une belle saison saison de ski\u00a0ne pourrait pas se terminer sans une super soir\u00e9e\u00a0!<br \/>\nNous vous accueillons avec vos invit\u00e9s pour faire la f\u00eate et c\u00e9l\u00e9brer une saison de ski r\u00e9ussie.<\/p>\n<ul>\n<li>Quand: date \u00e0 confirmer.<\/li>\n<li>O\u00f9: \u00e0 confirmer.<\/li>\n<li>Inscriptions : Avril 2023, dans l&#8217;espace membre.<\/li>\n<\/ul>\n","protected":false},"excerpt":{"rendered":"<p>English version D\u00eener de mi-saison Apr\u00e8s les cours de ski alpin et de snowboard, nous vous invitons \u00e0 nous rejoindre pour une d\u00e9licieuse Fondue \u00e0 Gen\u00e8ve. Dans une ambiance chaleureuse et conviale, venez retrouver vos condisciples et moniteurs pour c\u00e9l\u00e9brer votre progr\u00e9s et remercier les b\u00e9n\u00e9voles du club. Quand: 7 Fevrier 2023, 19h30 (date \u00e0 confirmer). O\u00f9: Caf\u00e9 de la Tour, Chemin de la B\u00e2tie 32, 1213 Petit-Lancy, Gen\u00e8ve. Prix: 27 \u20ac \/ personne (TBC). (Fondue suisse, viande sech\u00e9e, 1 verre de vin blanc (jus\/soda comme alternative), toute consommation extra est \u00e0 votre charge.) Inscriptions : Janvier 2023, choisissez l&#8217;activit\u00e9 &#8220;Fondue Mid-Season 2023&#8221; dans votre espace membre (menu Planning). Soir\u00e9e fin de saison Une belle saison saison de ski\u00a0ne pourrait pas se terminer sans une super soir\u00e9e\u00a0! Nous vous accueillons avec vos invit\u00e9s pour faire la f\u00eate et c\u00e9l\u00e9brer une saison de ski r\u00e9ussie. Quand: date \u00e0 confirmer. O\u00f9: \u00e0 confirmer. Inscriptions : Avril 2023, dans l&#8217;espace membre.<\/p>\n","protected":false},"author":911,"featured_media":0,"parent":95,"menu_order":0,"comment_status":"closed","ping_status":"closed","template":"","meta":{"_crdt_document":"","footnotes":""},"class_list":["post-217","page","type-page","status-publish","hentry"],"_links":{"self":[{"href":"https:\/\/www.kananas.com\/skiclubcern\/wp-json\/wp\/v2\/pages\/217","targetHints":{"allow":["GET"]}}],"collection":[{"href":"https:\/\/www.kananas.com\/skiclubcern\/wp-json\/wp\/v2\/pages"}],"about":[{"href":"https:\/\/www.kananas.com\/skiclubcern\/wp-json\/wp\/v2\/types\/page"}],"author":[{"embeddable":true,"href":"https:\/\/www.kananas.com\/skiclubcern\/wp-json\/wp\/v2\/users\/911"}],"replies":[{"embeddable":true,"href":"https:\/\/www.kananas.com\/skiclubcern\/wp-json\/wp\/v2\/comments?post=217"}],"version-history":[{"count":7,"href":"https:\/\/www.kananas.com\/skiclubcern\/wp-json\/wp\/v2\/pages\/217\/revisions"}],"predecessor-version":[{"id":2128,"href":"https:\/\/www.kananas.com\/skiclubcern\/wp-json\/wp\/v2\/pages\/217\/revisions\/2128"}],"up":[{"embeddable":true,"href":"https:\/\/www.kananas.com\/skiclubcern\/wp-json\/wp\/v2\/pages\/95"}],"wp:attachment":[{"href":"https:\/\/www.kananas.com\/skiclubcern\/wp-json\/wp\/v2\/media?parent=217"}],"curies":[{"name":"wp","href":"https:\/\/api.w.org\/{rel}","templated":true}]}}