{"id":219,"date":"2023-10-08T09:55:09","date_gmt":"2023-10-08T07:55:09","guid":{"rendered":"http:\/\/www.kananas.com\/skiclubducern3300\/?page_id=219"},"modified":"2026-01-08T18:44:45","modified_gmt":"2026-01-08T17:44:45","slug":"rabais","status":"publish","type":"page","link":"https:\/\/www.kananas.com\/skiclubcern\/cartes\/rabais\/","title":{"rendered":"Rabais"},"content":{"rendered":"<p style=\"text-align: right\"><span style=\"font-size: 12pt\"><a href=\"http:\/\/www.kananas.com\/skiclubcern\/cards\/discounts\/\"><strong>English version<\/strong><\/a><\/span><\/p>\n<p>Nous sommes ravis d&#8217;annoncer nos premiers partenariats officiels pour la saison 2025-2026 &#8211; d&#8217;autres viendront dans les semaines \u00e0 venir, et il s&#8217;agit de la meilleure offre sur le march\u00e9. Il vous suffit de pr\u00e9senter votre Carte Neige avec une pi\u00e8ce d&#8217;identit\u00e9.<\/p>\n<p>Si vous avez des questions sur l\u2019\u00e9quipement de ski qu\u2019il vous faut, n&#8217;h\u00e9sitez pas \u00e0 vous rendre \u00e0 une permanence pour demander un conseil.<\/p>\n<table style=\"width: 100%;height: 942px\">\n<tbody>\n<tr style=\"height: 20px\">\n<td style=\"height: 20px;width: 31.504923%\"><strong>Magasin<\/strong><\/td>\n<td style=\"height: 20px;width: 11.392405%\"><strong>Lieu<\/strong><\/td>\n<td style=\"height: 20px;width: 55.696203%\"><strong>Rabais<\/strong><\/td>\n<\/tr>\n<tr style=\"height: 80px\">\n<td style=\"text-align: left;height: 80px;width: 31.504923%\"><a href=\"http:\/\/magasins.intersport.fr\/fr_fr\/magasin-de-sport\/saint-genis-pouilly\/intersport\/00765-000\" target=\"_blank\" rel=\"noopener noreferrer\">INTERSPORT<\/a><\/td>\n<td style=\"text-align: left;height: 80px;width: 11.392405%\">Saint Genis Pouilly (Pays de Gex, France)<\/td>\n<td style=\"text-align: left;height: 80px;width: 55.696203%\">\n<ul>\n<li>20 % sur les locations saisonni\u00e8res;<\/li>\n<li>15 % sur <span style=\"font-size: revert;font-family: inherit\">l\u2019ensemble du magasin (hors promotions, solde)<\/span><\/li>\n<li>Des devis personnalises au club sur demand pour la r\u00e9alisation de vestes, tenues avec le logo du club, regroupements de mat\u00e9riel, etc..<br data-start=\"180\" data-end=\"183\" data-is-only-node=\"\" \/>L\u2019achat peut \u00eatre effectu\u00e9 via une commande aupr\u00e8s de notre contact chez Intersport \u2014 contactez-nous pour plus de d\u00e9tails.<\/li>\n<\/ul>\n<\/td>\n<\/tr>\n<tr style=\"height: 60px\">\n<td style=\"text-align: left;height: 60px;width: 31.504923%\"><a href=\"http:\/\/shop.ochsner-sport.ch\/CH\/fr\/shop\/welcome.html\" target=\"_blank\" rel=\"noopener noreferrer\">OCHSNER SPORT<\/a><\/td>\n<td style=\"text-align: left;height: 60px;width: 11.392405%\">Gen\u00e8ve, Centre commercial La Praille (Suisse)<\/td>\n<td style=\"text-align: left;height: 60px;width: 55.696203%\">\n<ul>\n<li>\u206020% sur le mat\u00e9riel et le textile ski;<\/li>\n<li><span style=\"font-family: inherit;font-size: inherit\">20% sur les locations de skis.<\/span><\/li>\n<\/ul>\n<\/td>\n<\/tr>\n<tr style=\"height: 72px\">\n<td style=\"text-align: left;width: 31.504923%;height: 72px\"><a href=\"https:\/\/www.decathlon.ch\/fr\/store-view\/magasin-sport-geneve-blandonnet-0070194101941\" target=\"_blank\" rel=\"noopener noreferrer\">Decathlon Blandonnet<\/a><\/td>\n<td style=\"text-align: left;width: 11.392405%;height: 72px\">Vernier GE, Centre commercial Blandonnet (Suisse)<\/td>\n<td style=\"text-align: left;width: 55.696203%;height: 72px\">\n<ul>\n<li>15 CHF de CashBack en carte cadeau sur les locations saisonni\u00e8res;<\/li>\n<li><span style=\"font-family: inherit;font-size: inherit\">10 CHF de CashBack sur les services ski (fartage, d\u00e9lignage, moulage);<\/span><\/li>\n<li>10% de r\u00e9duction <span style=\"font-size: revert;font-family: inherit\">sur l\u2019ensemble du magasin (hors promotions et v\u00e9los);<\/span><\/li>\n<\/ul>\n<p>(disponible <strong>uniquement en magasin<\/strong>).<\/p>\n<p style=\"font-weight: 400\">Vous pouvez \u00e9galement lier votre compte Decathlon \u00e0 celui du club en suivant le lien ou en scannant le QR code. Cela g\u00e9n\u00e9rera un cashback suppl\u00e9mentaire pour le CERN Ski Club, qui sera r\u00e9investi dans les activit\u00e9s du club.<\/p>\n<p style=\"font-weight: 400\"><a href=\"https:\/\/decathlonpro.ch\/en\/account\/dashboard\/club\/9e386ef7-2979-4cd2-956a-5d8a87d7f60b\/join\">https:\/\/decathlonpro.ch\/en\/account\/dashboard\/club\/9e386ef7-2979-4cd2-956a-5d8a87d7f60b\/join<\/a><\/p>\n<p style=\"font-weight: 400\">Scanne ce code:<\/p>\n<p><img loading=\"lazy\" decoding=\"async\" class=\"alignnone size-full wp-image-3574\" src=\"https:\/\/www.kananas.com\/skiclubcern\/wp-content\/uploads\/sites\/882\/2025\/11\/qr_decethlon.png\" alt=\"\" width=\"228\" height=\"228\" srcset=\"https:\/\/www.kananas.com\/skiclubcern\/wp-content\/uploads\/sites\/882\/2025\/11\/qr_decethlon.png 228w, https:\/\/www.kananas.com\/skiclubcern\/wp-content\/uploads\/sites\/882\/2025\/11\/qr_decethlon-150x150.png 150w, https:\/\/www.kananas.com\/skiclubcern\/wp-content\/uploads\/sites\/882\/2025\/11\/qr_decethlon-50x50.png 50w, https:\/\/www.kananas.com\/skiclubcern\/wp-content\/uploads\/sites\/882\/2025\/11\/qr_decethlon-80x80.png 80w\" sizes=\"auto, (max-width: 228px) 100vw, 228px\" \/><\/p>\n<\/td>\n<\/tr>\n<tr style=\"height: 160px\">\n<td style=\"text-align: left;height: 160px;width: 31.504923%\">REMY SKI<\/td>\n<td style=\"text-align: left;height: 160px;width: 11.392405%\">Sergy\u00a0(Pays de Gex, France)<\/td>\n<td style=\"text-align: left;height: 160px;width: 55.696203%\"><span style=\"color: #ff0000\">Prices season 2024-25!!<\/span>Aiguisage, fartage: 25 \u20ac<br \/>Aiguisage, surmoulage, fartage: 30 \u20ac<br \/>Aiguisage, surmoulage, finition pierre, fartage: 35 \u20ac<br \/>Aiguisage, surmoulage, fartage (snowboard) : 40 \u20ac<\/td>\n<\/tr>\n<tr style=\"height: 72px\">\n<td style=\"text-align: left;width: 31.504923%;height: 120px\"><a href=\"https:\/\/atskis.fr\/\" target=\"_blank\" rel=\"nofollow noopener noreferrer\">AT-SKIS<\/a><\/td>\n<td style=\"text-align: left;width: 11.392405%;height: 120px\">Saint Genis-Pouilly (Pays de Gex, France)<\/td>\n<td style=\"text-align: left;width: 55.696203%;height: 120px\">Rabais sur l&#8217;achat de ski bois + un gravage laser sur chaque ski (personnalisation) gratuit + un entretien complet \u00e0 la fin de 1\u00e8re saison gratuit + rabais sur les fixations.<a href=\"https:\/\/www.kananas.com\/skiclubcern\/wp-content\/uploads\/sites\/882\/2025\/12\/comgoogleandroidappsphotosPDF_251211_201522.pdf\" target=\"_blank\" rel=\"noopener\">Services entretien : Voir le catalogue.<\/a><\/td>\n<\/tr>\n<tr style=\"height: 72px\">\n<td style=\"text-align: left;width: 31.504923%;height: 120px\"><a href=\"https:\/\/www.nidecker.com\/en\/\" target=\"_blank\" rel=\"nofollow noopener\" data-saferedirecturl=\"https:\/\/www.google.com\/url?q=https:\/\/www.nidecker.com\/en\/&amp;source=gmail&amp;ust=1703100880296000&amp;usg=AOvVaw1vA_J6JB1Zv64CFhQ5FqKk\">Nidecker<\/a>,\u00a0<a href=\"https:\/\/www.yesnowboard.com\/\" target=\"_blank\" rel=\"nofollow noopener\" data-saferedirecturl=\"https:\/\/www.google.com\/url?q=https:\/\/www.yesnowboard.com\/&amp;source=gmail&amp;ust=1703100880296000&amp;usg=AOvVaw0-7CFTZXfgerF6FFDZMO8o\">YES<\/a>,\u00a0<a href=\"https:\/\/www.jonessnowboards.com\/\" target=\"_blank\" rel=\"nofollow noopener\" data-saferedirecturl=\"https:\/\/www.google.com\/url?q=https:\/\/www.jonessnowboards.com\/&amp;source=gmail&amp;ust=1703100880296000&amp;usg=AOvVaw3UxmiM6cO83Empcd_PjLRX\">Jones<\/a>,\u00a0<a href=\"https:\/\/thirtytwo.com\/collections\/boots?srsltid=AfmBOorOT_lQXV1Sy5QGSkT597scn-e4DL3vohf46FYtqwK-gvKTi_QI\" target=\"_blank\" rel=\"nofollow noopener\" data-saferedirecturl=\"https:\/\/www.google.com\/url?q=https:\/\/www.now-snowboarding.com\/&amp;source=gmail&amp;ust=1703100880296000&amp;usg=AOvVaw3O2x2OJqQU8tcm7gOsGjBG\">ThirtyTwo<\/a>,\u00a0<a href=\"https:\/\/www.westsnowboarding.com\" target=\"_blank\" rel=\"nofollow noopener\" data-saferedirecturl=\"https:\/\/www.google.com\/url?q=https:\/\/www.flow-bindings.com\/en\/&amp;source=gmail&amp;ust=1703100880296000&amp;usg=AOvVaw0jN5zEDURjcc20bmceKIQ6\">West <\/a><\/td>\n<td style=\"text-align: left;width: 11.392405%;height: 120px\">En ligne<\/td>\n<td style=\"text-align: left;width: 55.696203%;height: 120px\">20% de r\u00e9duction sur les marques de snowboard pour les snowboards, les chaussures, les fixations et les v\u00eatements d&#8217;ext\u00e9rieur. <a href=\"mailto:ski.club@cern.ch\">Contactez-nous<\/a> pour obtenir un code promo.<\/td>\n<\/tr>\n<tr style=\"height: 180px\">\n<td style=\"text-align: left;height: 180px;width: 31.504923%\"><a href=\"https:\/\/lavattaysports.fr\/\" target=\"_blank\" rel=\"noopener noreferrer\">La Vattay Sports<\/a><\/td>\n<td style=\"text-align: left;height: 180px;width: 11.392405%\">La Vattay (Pays de Gex, France)<\/td>\n<td style=\"text-align: left;height: 180px;width: 55.696203%\">\n<div>10% sur les achats au magasin sur pr\u00e9sentation de la licence ski club du cern. Pour les locations \u00e0 la saison nous appliquerons un rabais de 20% sur le rachat du mat\u00e9riel en fin de saison. <span style=\"font-family: inherit;font-size: inherit\">Pour le mat\u00e9riel de backcountry, le tarif est de 20\u20ac pour la journ\u00e9e au lieu de 24\u20ac (skis, chaussures, b\u00e2tons).<\/span><\/div>\n<\/td>\n<\/tr>\n<tr style=\"height: 130px\">\n<td style=\"text-align: left;width: 31.504923%;height: 130px\"><a href=\"https:\/\/vola.fr\/it\">Vola racing<\/a><\/td>\n<td style=\"text-align: left;width: 11.392405%;height: 130px\">En ligne<\/td>\n<td style=\"text-align: left;width: 55.696203%;height: 130px\">Tarifs sp\u00e9ciaux (remises sup\u00e9rieures \u00e0 10 %) pour les achats sup\u00e9rieurs \u00e0 50 \u20ac. Contactez-nous pour plus de d\u00e9tails.<\/td>\n<\/tr>\n<\/tbody>\n<\/table>\n\n","protected":false},"excerpt":{"rendered":"<p>English version Nous sommes ravis d&#8217;annoncer nos premiers partenariats officiels pour la saison 2025-2026 &#8211; d&#8217;autres viendront dans les semaines \u00e0 venir, et il s&#8217;agit de la meilleure offre sur le march\u00e9. Il vous suffit de pr\u00e9senter votre Carte Neige avec une pi\u00e8ce d&#8217;identit\u00e9. Si vous avez des questions sur l\u2019\u00e9quipement de ski qu\u2019il vous faut, n&#8217;h\u00e9sitez pas \u00e0 vous rendre \u00e0 une permanence pour demander un conseil. Magasin Lieu Rabais INTERSPORT Saint Genis Pouilly (Pays de Gex, France) 20 % sur les locations saisonni\u00e8res; 15 % sur l\u2019ensemble du magasin (hors promotions, solde) Des devis personnalises au club sur demand pour la r\u00e9alisation de vestes, tenues avec le logo du club, regroupements de mat\u00e9riel, etc..L\u2019achat peut \u00eatre effectu\u00e9 via une commande aupr\u00e8s de notre contact chez Intersport \u2014 contactez-nous pour plus de d\u00e9tails. OCHSNER SPORT Gen\u00e8ve, Centre commercial La Praille (Suisse) \u206020% sur le mat\u00e9riel et le textile ski; 20% sur les locations de skis. Decathlon Blandonnet Vernier GE, Centre commercial Blandonnet (Suisse) 15 CHF de CashBack en carte cadeau sur les locations saisonni\u00e8res; 10 CHF de CashBack sur les services ski (fartage, d\u00e9lignage, moulage); 10% de r\u00e9duction sur l\u2019ensemble du magasin (hors promotions et v\u00e9los); (disponible uniquement en magasin). Vous pouvez \u00e9galement lier votre compte Decathlon \u00e0 celui du club en suivant le lien ou en scannant le QR code. Cela g\u00e9n\u00e9rera un cashback suppl\u00e9mentaire pour le CERN Ski Club, qui sera r\u00e9investi dans les activit\u00e9s du club. https:\/\/decathlonpro.ch\/en\/account\/dashboard\/club\/9e386ef7-2979-4cd2-956a-5d8a87d7f60b\/join Scanne ce code: REMY SKI Sergy\u00a0(Pays de Gex, France) Prices season 2024-25!!Aiguisage, fartage: 25 \u20acAiguisage, surmoulage, fartage: 30 \u20acAiguisage, surmoulage, finition pierre, fartage: 35 \u20acAiguisage, surmoulage, fartage (snowboard) : 40 \u20ac AT-SKIS Saint Genis-Pouilly (Pays de Gex, France) Rabais sur l&#8217;achat de ski bois + un gravage laser sur chaque ski (personnalisation) gratuit + un entretien complet \u00e0 la fin de 1\u00e8re saison gratuit + rabais sur les fixations.Services entretien : Voir le catalogue. Nidecker,\u00a0YES,\u00a0Jones,\u00a0ThirtyTwo,\u00a0West En ligne 20% de r\u00e9duction sur les marques de snowboard pour les snowboards, les chaussures, les fixations et les v\u00eatements d&#8217;ext\u00e9rieur. Contactez-nous pour obtenir un code promo. La Vattay Sports La Vattay (Pays de Gex, France) 10% sur les achats au magasin sur pr\u00e9sentation de la licence ski club du cern. Pour les locations \u00e0 la saison nous appliquerons un rabais de 20% sur le rachat du mat\u00e9riel en fin de saison. Pour le mat\u00e9riel de backcountry, le tarif est de 20\u20ac pour la journ\u00e9e au lieu de 24\u20ac (skis, chaussures, b\u00e2tons). Vola racing En ligne Tarifs sp\u00e9ciaux (remises sup\u00e9rieures \u00e0 10 %) pour les achats sup\u00e9rieurs \u00e0 50 \u20ac. Contactez-nous pour plus de d\u00e9tails.<\/p>\n","protected":false},"author":911,"featured_media":0,"parent":101,"menu_order":0,"comment_status":"closed","ping_status":"closed","template":"","meta":{"_crdt_document":"","footnotes":""},"class_list":["post-219","page","type-page","status-publish","hentry"],"_links":{"self":[{"href":"https:\/\/www.kananas.com\/skiclubcern\/wp-json\/wp\/v2\/pages\/219","targetHints":{"allow":["GET"]}}],"collection":[{"href":"https:\/\/www.kananas.com\/skiclubcern\/wp-json\/wp\/v2\/pages"}],"about":[{"href":"https:\/\/www.kananas.com\/skiclubcern\/wp-json\/wp\/v2\/types\/page"}],"author":[{"embeddable":true,"href":"https:\/\/www.kananas.com\/skiclubcern\/wp-json\/wp\/v2\/users\/911"}],"replies":[{"embeddable":true,"href":"https:\/\/www.kananas.com\/skiclubcern\/wp-json\/wp\/v2\/comments?post=219"}],"version-history":[{"count":10,"href":"https:\/\/www.kananas.com\/skiclubcern\/wp-json\/wp\/v2\/pages\/219\/revisions"}],"predecessor-version":[{"id":3636,"href":"https:\/\/www.kananas.com\/skiclubcern\/wp-json\/wp\/v2\/pages\/219\/revisions\/3636"}],"up":[{"embeddable":true,"href":"https:\/\/www.kananas.com\/skiclubcern\/wp-json\/wp\/v2\/pages\/101"}],"wp:attachment":[{"href":"https:\/\/www.kananas.com\/skiclubcern\/wp-json\/wp\/v2\/media?parent=219"}],"curies":[{"name":"wp","href":"https:\/\/api.w.org\/{rel}","templated":true}]}}