{"id":257,"date":"2016-10-27T15:12:29","date_gmt":"2016-10-27T13:12:29","guid":{"rendered":"http:\/\/www.kananas.com\/skiclubducern3300\/?page_id=257"},"modified":"2016-10-27T15:12:29","modified_gmt":"2016-10-27T13:12:29","slug":"calendrier","status":"publish","type":"page","link":"https:\/\/www.kananas.com\/skiclubcern\/calendrier\/","title":{"rendered":"Calendrier"},"content":{"rendered":"<p>Voici le calendrier des permanences, activit\u00e9s et autres \u00e9v\u00e9nements:<\/p>\n\n<!-- iframe plugin v.6.0 wordpress.org\/plugins\/iframe\/ -->\n<iframe loading=\"lazy\" src=\"https:\/\/calendar.google.com\/calendar\/embed?src=dio2sran1nc7137t7qcp8pru3o%40group.calendar.google.com&#038;ctz=Europe\/Zurich\" style=\"border: 0\" width=\"800\" height=\"600\" frameborder=\"0\" scrolling=\"no\" class=\"iframe-class\"><\/iframe>\n\n","protected":false},"excerpt":{"rendered":"<p>Voici le calendrier des permanences, activit\u00e9s et autres \u00e9v\u00e9nements:<\/p>\n","protected":false},"author":911,"featured_media":0,"parent":0,"menu_order":0,"comment_status":"closed","ping_status":"closed","template":"sidebar-page.php","meta":{"_crdt_document":"","footnotes":""},"class_list":["post-257","page","type-page","status-publish","hentry"],"_links":{"self":[{"href":"https:\/\/www.kananas.com\/skiclubcern\/wp-json\/wp\/v2\/pages\/257","targetHints":{"allow":["GET"]}}],"collection":[{"href":"https:\/\/www.kananas.com\/skiclubcern\/wp-json\/wp\/v2\/pages"}],"about":[{"href":"https:\/\/www.kananas.com\/skiclubcern\/wp-json\/wp\/v2\/types\/page"}],"author":[{"embeddable":true,"href":"https:\/\/www.kananas.com\/skiclubcern\/wp-json\/wp\/v2\/users\/911"}],"replies":[{"embeddable":true,"href":"https:\/\/www.kananas.com\/skiclubcern\/wp-json\/wp\/v2\/comments?post=257"}],"version-history":[{"count":0,"href":"https:\/\/www.kananas.com\/skiclubcern\/wp-json\/wp\/v2\/pages\/257\/revisions"}],"wp:attachment":[{"href":"https:\/\/www.kananas.com\/skiclubcern\/wp-json\/wp\/v2\/media?parent=257"}],"curies":[{"name":"wp","href":"https:\/\/api.w.org\/{rel}","templated":true}]}}