{"id":3109,"date":"2024-11-08T18:01:55","date_gmt":"2024-11-08T17:01:55","guid":{"rendered":"https:\/\/www.kananas.com\/skiclubcern\/?page_id=3109"},"modified":"2025-10-20T21:29:07","modified_gmt":"2025-10-20T19:29:07","slug":"ski-randonnee-nordique-srn-nordic-touring","status":"publish","type":"page","link":"https:\/\/www.kananas.com\/skiclubcern\/activites\/ski-de-fond\/ski-randonnee-nordique-srn-nordic-touring\/","title":{"rendered":"Ski Randonnee Nordique \/ Nordic Touring"},"content":{"rendered":"<p style=\"text-align: right\"><strong><a href=\"https:\/\/www.kananas.com\/skiclubcern\/activites\/ski-de-fond\/ski-randonnee-nordique-srn-nordic-touring-en\/\">English version<\/a><\/strong><\/p>\n<table style=\"border-collapse: collapse;width: 100%\" bgcolor=\"#D3D3D3\">\n<tbody>\n<tr>\n<td><a href=\"https:\/\/www.kananas.com\/skiclubcern\/activites\/ski-de-fond#home-en\"><strong>Ski de fond homepage<\/strong><\/a><\/td>\n<td><a href=\"https:\/\/www.kananas.com\/skiclubcern\/activites\/ski-de-fond\/quest-ce-que-le-ski-de-fond-what-is-ski-de-fond\/\"><strong>Qu&#8217;est ce que le ski de fond?<\/strong><\/a><\/td>\n<td><a href=\"https:\/\/www.kananas.com\/skiclubcern\/activites\/ski-de-fond\/calendrier\/\"><strong>Calendrier saison 2026<\/strong><\/a><\/td>\n<td><a href=\"https:\/\/www.kananas.com\/skiclubcern\/activites\/ski-de-fond\/niveaux-de-ski-de-fond\/\"><strong>Quel est mon niveau?<\/strong><\/a><\/td>\n<td><a href=\"https:\/\/www.kananas.com\/skiclubcern\/activites\/ski-de-fond\/foire-aux-questions\/\"><strong>FAQ<\/strong><\/a><\/td>\n<td><a href=\"https:\/\/www.kananas.com\/skiclubcern\/activites\/ski-de-fond\/liens-utiles\/\"><strong>Liens outils<\/strong><\/a><\/td>\n<td><a href=\"https:\/\/www.kananas.com\/skiclubcern\/activites\/ski-de-fond\/nos-moniteurs-our-instructors\/\"><strong>Nos moniteurs<\/strong><\/a><\/td>\n<td><a href=\"https:\/\/www.kananas.com\/skiclubcern\/activites\/ski-de-fond\/contactez-nous\/\"><strong>Contactez-nous<\/strong><\/a><\/td>\n<\/tr>\n<\/tbody>\n<\/table>\n<div class=\"hu-pad group\">\n<article class=\"group post-3106 page type-page status-publish hentry\">\n<div class=\"entry themeform\">\n<p><strong>Le ski de randonn\u00e9e nordique<\/strong>\u00a0est un sport de neige (r\u00e9)\u00e9mergent, bien adapt\u00e9 aux montagnes vallonn\u00e9es et bois\u00e9es du Jura.<\/p>\n<p>Le club de ski CERN \/ section ski de fond propose des s\u00e9ances d&#8217;initiation d&#8217;une journ\u00e9e en petits groupes.<\/p>\n<ul>\n<li class=\"\">Les membres du club int\u00e9ress\u00e9s doivent s&#8217;inscrire dans l&#8217;activit\u00e9 &#8220;nordic touring\/randonn\u00e9e nordique interest group&#8221; pour \u00eatre notifi\u00e9 quand une sortie est planifi\u00e9e.<\/li>\n<li class=\"\">le mat\u00e9riel (skis\/chaussures\/b\u00e2tons) sera lou\u00e9 sur place<\/li>\n<li class=\"\">le transport se fait via le covoiturage.<\/li>\n<li class=\"\">les sorties seront programm\u00e9es avec quelques jours d&#8217;avance (en fonction des conditions m\u00e9t\u00e9orologiques)\n<ul>\n<li class=\"\">L&#8217;inscription se fait par premier arriv\u00e9, premier servi, sans frais suppl\u00e9mentaires au-del\u00e0 de la location\/partage de voiture.<\/li>\n<\/ul>\n<\/li>\n<li class=\"\">se d\u00e9roulent g\u00e9n\u00e9ralement dans le Jura voisin (Lajoux, Lamoura, Les Rousses, \u2026)<\/li>\n<\/ul>\n<p>Il n&#8217;y a pas d&#8217;exigences particuli\u00e8res pour les participants (\u00eatre comfortable sur ses skis; un chasse-neige solide, suffisamment \u00ab en forme \u00bb pour une randonn\u00e9e d&#8217;une journ\u00e9e). Des chutes peuvent survenir mais doivent se produire \u00e0 basse vitesse et (esp\u00e9rons-le) sur de la neige molle.<\/p>\n<p>Mat\u00e9riel \u00e0 emporter :<\/p>\n<ul>\n<li class=\"\">v\u00eatements de ski de fond, y compris gants, chapeau<\/li>\n<li class=\"\">petit sac \u00e0 dos<\/li>\n<li class=\"\">pique-nique et eau (min 1l)<\/li>\n<li class=\"\">selon la m\u00e9t\u00e9o : cr\u00e8me solaire, coupe vent ou doudoune (pour les pauses)<\/li>\n<li class=\"\">en option : coussin de si\u00e8ge, carte+boussole, forfait de ski \u00ab Montagnes de Jura \u00bb (on reste majoritairement hors-piste, mais on peut utiliser une piste dam\u00e9e pour aller plus vite d&#8217;un point A \u00e0 un point B)<\/li>\n<\/ul>\n<h2 id=\"what-are-the-differences\" class=\"\">Quelles sont les diff\u00e9rences ?<\/h2>\n<p>Le ski de fond moderne est souvent ax\u00e9 sur la performance, avec des skis fins (mais fragiles) sur des pistes soigneusement pr\u00e9par\u00e9es. La randonn\u00e9e nordique remonte aux racines originelles du ski : voyager \u00e0 travers des paysages enneig\u00e9s immacul\u00e9s, parfois sur de longues distances (les exp\u00e9ditions arctiques ou les chasseurs ont continu\u00e9 \u00e0 utiliser ces skis).<\/p>\n<p>Compar\u00e9 au ski de fond \u00ab normal \u00bb, l&#8217;\u00e9quipement de randonn\u00e9e nordique est un peu plus robuste : des skis plus larges (qui flottent sur la neige molle), avec des carres en acier (pour les zones glac\u00e9es occasionnelles), avec des motifs en \u00e9cailles de poisson sans fartage pour gravir facilement des pentes mod\u00e9r\u00e9es. Les fixations sont de type ski de fond\/t\u00e9l\u00e9mark \u00ab talon libre \u00bb et donc solides (NNN-BC, t\u00e9l\u00e9mark 75 mm 3 points, ou le nouveau syst\u00e8me Rotefella Xplore), tout comme les bottes (chaudes, imperm\u00e9ables, confortables en cuir ou textile \u2013 Ceux-ci permettent \u00e9galement de marcher un peu pour arriver \u00e0 la prochaine plaque de neige).<\/p>\n<p>Le r\u00e9sultat global est g\u00e9n\u00e9ralement plus l\u00e9ger et plus confortable qu&#8217;un \u00e9quipement de randonn\u00e9e alpine (bien qu&#8217;avec moins de contr\u00f4le en descente). Il n\u2019est pas non plus n\u00e9cessaire de mettre\/retirer les \u00ab peaux \u00bb de ski tout le temps (bien que celles-ci soient une option pour les mont\u00e9es plus longues\/plus raides).<\/p>\n<p>Les raquettes offrent un acc\u00e8s tout-terrain similaire, mais sont bien s\u00fbr moins amusantes en descente.<\/p>\n<\/div>\n<p><img decoding=\"async\" class=\"md-image\" src=\"https:\/\/codimd.web.cern.ch\/uploads\/upload_776067a816707141813bdd6efe7b9b1e.JPG\" alt=\"\" height=\"50%\" \/><\/p>\n<\/article>\n<\/div>\n","protected":false},"excerpt":{"rendered":"<p>English version Ski de fond homepage Qu&#8217;est ce que le ski de fond? Calendrier saison 2026 Quel est mon niveau? FAQ Liens outils Nos moniteurs Contactez-nous Le ski de randonn\u00e9e nordique\u00a0est un sport de neige (r\u00e9)\u00e9mergent, bien adapt\u00e9 aux montagnes vallonn\u00e9es et bois\u00e9es du Jura. Le club de ski CERN \/ section ski de fond propose des s\u00e9ances d&#8217;initiation d&#8217;une journ\u00e9e en petits groupes. Les membres du club int\u00e9ress\u00e9s doivent s&#8217;inscrire dans l&#8217;activit\u00e9 &#8220;nordic touring\/randonn\u00e9e nordique interest group&#8221; pour \u00eatre notifi\u00e9 quand une sortie est planifi\u00e9e. le mat\u00e9riel (skis\/chaussures\/b\u00e2tons) sera lou\u00e9 sur place le transport se fait via le covoiturage. les sorties seront programm\u00e9es avec quelques jours d&#8217;avance (en fonction des conditions m\u00e9t\u00e9orologiques) L&#8217;inscription se fait par premier arriv\u00e9, premier servi, sans frais suppl\u00e9mentaires au-del\u00e0 de la location\/partage de voiture. se d\u00e9roulent g\u00e9n\u00e9ralement dans le Jura voisin (Lajoux, Lamoura, Les Rousses, \u2026) Il n&#8217;y a pas d&#8217;exigences particuli\u00e8res pour les participants (\u00eatre comfortable sur ses skis; un chasse-neige solide, suffisamment \u00ab en forme \u00bb pour une randonn\u00e9e d&#8217;une journ\u00e9e). Des chutes peuvent survenir mais doivent se produire \u00e0 basse vitesse et (esp\u00e9rons-le) sur de la neige molle. Mat\u00e9riel \u00e0 emporter : v\u00eatements de ski de fond, y compris gants, chapeau petit sac \u00e0 dos pique-nique et eau (min 1l) selon la m\u00e9t\u00e9o : cr\u00e8me solaire, coupe vent ou doudoune (pour les pauses) en option : coussin de si\u00e8ge, carte+boussole, forfait de ski \u00ab Montagnes de Jura \u00bb (on reste majoritairement hors-piste, mais on peut utiliser une piste dam\u00e9e pour aller plus vite d&#8217;un point A \u00e0 un point B) Quelles sont les diff\u00e9rences ? Le ski de fond moderne est souvent ax\u00e9 sur la performance, avec des skis fins (mais fragiles) sur des pistes soigneusement pr\u00e9par\u00e9es. La randonn\u00e9e nordique remonte aux racines originelles du ski : voyager \u00e0 travers des paysages enneig\u00e9s immacul\u00e9s, parfois sur de longues distances (les exp\u00e9ditions arctiques ou les chasseurs ont continu\u00e9 \u00e0 utiliser ces skis). Compar\u00e9 au ski de fond \u00ab normal \u00bb, l&#8217;\u00e9quipement de randonn\u00e9e nordique est un peu plus robuste : des skis plus larges (qui flottent sur la neige molle), avec des carres en acier (pour les zones glac\u00e9es occasionnelles), avec des motifs en \u00e9cailles de poisson sans fartage pour gravir facilement des pentes mod\u00e9r\u00e9es. Les fixations sont de type ski de fond\/t\u00e9l\u00e9mark \u00ab talon libre \u00bb et donc solides (NNN-BC, t\u00e9l\u00e9mark 75 mm 3 points, ou le nouveau syst\u00e8me Rotefella Xplore), tout comme les bottes (chaudes, imperm\u00e9ables, confortables en cuir ou textile \u2013 Ceux-ci permettent \u00e9galement de marcher un peu pour arriver \u00e0 la prochaine plaque de neige). Le r\u00e9sultat global est g\u00e9n\u00e9ralement plus l\u00e9ger et plus confortable qu&#8217;un \u00e9quipement de randonn\u00e9e alpine (bien qu&#8217;avec moins de contr\u00f4le en descente). Il n\u2019est pas non plus n\u00e9cessaire de mettre\/retirer les \u00ab peaux \u00bb de ski tout le temps (bien que celles-ci soient une option pour les mont\u00e9es plus longues\/plus raides). Les raquettes offrent un acc\u00e8s tout-terrain similaire, mais sont bien s\u00fbr moins amusantes en descente.<\/p>\n","protected":false},"author":2274,"featured_media":0,"parent":187,"menu_order":0,"comment_status":"closed","ping_status":"closed","template":"","meta":{"_crdt_document":"","footnotes":""},"class_list":["post-3109","page","type-page","status-publish","hentry"],"_links":{"self":[{"href":"https:\/\/www.kananas.com\/skiclubcern\/wp-json\/wp\/v2\/pages\/3109","targetHints":{"allow":["GET"]}}],"collection":[{"href":"https:\/\/www.kananas.com\/skiclubcern\/wp-json\/wp\/v2\/pages"}],"about":[{"href":"https:\/\/www.kananas.com\/skiclubcern\/wp-json\/wp\/v2\/types\/page"}],"author":[{"embeddable":true,"href":"https:\/\/www.kananas.com\/skiclubcern\/wp-json\/wp\/v2\/users\/2274"}],"replies":[{"embeddable":true,"href":"https:\/\/www.kananas.com\/skiclubcern\/wp-json\/wp\/v2\/comments?post=3109"}],"version-history":[{"count":10,"href":"https:\/\/www.kananas.com\/skiclubcern\/wp-json\/wp\/v2\/pages\/3109\/revisions"}],"predecessor-version":[{"id":3365,"href":"https:\/\/www.kananas.com\/skiclubcern\/wp-json\/wp\/v2\/pages\/3109\/revisions\/3365"}],"up":[{"embeddable":true,"href":"https:\/\/www.kananas.com\/skiclubcern\/wp-json\/wp\/v2\/pages\/187"}],"wp:attachment":[{"href":"https:\/\/www.kananas.com\/skiclubcern\/wp-json\/wp\/v2\/media?parent=3109"}],"curies":[{"name":"wp","href":"https:\/\/api.w.org\/{rel}","templated":true}]}}