{"id":354,"date":"2016-10-31T11:06:50","date_gmt":"2016-10-31T09:06:50","guid":{"rendered":"http:\/\/www.kananas.com\/skiclubducern3300\/?page_id=354"},"modified":"2020-12-09T09:56:12","modified_gmt":"2020-12-09T08:56:12","slug":"nos-moniteurs-rando","status":"publish","type":"page","link":"https:\/\/www.kananas.com\/skiclubcern\/activites\/ski-de-randonnee\/nos-moniteurs-rando\/","title":{"rendered":"Nos moniteurs"},"content":{"rendered":"<p><strong>Les moniteurs de ski de randonn\u00e9e de la saison 2020-2021 !<\/strong><\/p>\n<p>Nous sommes<strong> toutes et tous des moniteurs form\u00e9s et certifi\u00e9s<\/strong> par la FFS (F\u00e9d\u00e9ration Fran\u00e7aise de Ski).<strong> Nous sommes donc des b\u00e9n\u00e9voles, sans r\u00e9mun\u00e9ration, avec comme unique motivation l&#8217; envie de partager notre passion pour ce sport<\/strong>.<\/p>\n[divider top=&#8221;no&#8221; style=&#8221;default&#8221; divider_color=&#8221;#999999&#8243; link_color=&#8221;#999999&#8243; size=&#8221;3&#8243; margin=&#8221;15&#8243;]\n<p><em><strong>Our 2020-2021 Ski Touring instructors team!<\/strong><\/em><\/p>\n<p><strong>We<\/strong> <strong>are all<\/strong> FFS (F\u00e9d\u00e9ration Fran\u00e7aise de Ski) <strong>certified instructors and unpaid volunteers willing to share their passion for this sport<\/strong>.<\/p>\n[spacer size=&#8221;20&#8243;]\n<p>&nbsp;<\/p>\n<div id=\"attachment_356\" style=\"width: 160px\" class=\"wp-caption alignleft\"><a href=\"http:\/\/www.kananas.com\/skiclubcern\/wp-content\/uploads\/sites\/882\/2016\/10\/arek-site-web.jpg\"><img loading=\"lazy\" decoding=\"async\" aria-describedby=\"caption-attachment-356\" class=\"wp-image-356 size-thumbnail\" src=\"http:\/\/www.kananas.com\/skiclubcern\/wp-content\/uploads\/sites\/882\/2016\/10\/arek-site-web-150x150.jpg\" alt=\"Arkadiusz Gorzawski\" width=\"150\" height=\"150\" \/><\/a><p id=\"caption-attachment-356\" class=\"wp-caption-text\">Arkadiusz Gorzawski<\/p><\/div>\n<div id=\"attachment_357\" style=\"width: 160px\" class=\"wp-caption alignleft\"><a href=\"http:\/\/www.kananas.com\/skiclubcern\/wp-content\/uploads\/sites\/882\/2016\/10\/celine8.jpg\"><img loading=\"lazy\" decoding=\"async\" aria-describedby=\"caption-attachment-357\" class=\"wp-image-357 size-thumbnail\" src=\"http:\/\/www.kananas.com\/skiclubcern\/wp-content\/uploads\/sites\/882\/2016\/10\/celine8-150x150.jpg\" alt=\"C\u00e9line Grobon\" width=\"150\" height=\"150\" \/><\/a><p id=\"caption-attachment-357\" class=\"wp-caption-text\">C\u00e9line Grobon<\/p><\/div>\n<div id=\"attachment_532\" style=\"width: 160px\" class=\"wp-caption alignleft\"><a href=\"http:\/\/www.kananas.com\/skiclubcern\/wp-content\/uploads\/sites\/882\/2016\/11\/pietro10-ConvertImage2.jpg\"><img loading=\"lazy\" decoding=\"async\" aria-describedby=\"caption-attachment-532\" class=\"wp-image-532 size-thumbnail\" src=\"http:\/\/www.kananas.com\/skiclubcern\/wp-content\/uploads\/sites\/882\/2016\/11\/pietro10-ConvertImage2-150x150.jpg\" alt=\"\" width=\"150\" height=\"150\" \/><\/a><p id=\"caption-attachment-532\" class=\"wp-caption-text\">Pietro Sonza Reorda<\/p><\/div>\n<div id=\"attachment_573\" style=\"width: 195px\" class=\"wp-caption alignleft\"><img loading=\"lazy\" decoding=\"async\" aria-describedby=\"caption-attachment-573\" class=\"wp-image-573\" src=\"http:\/\/www.kananas.com\/skiclubcern\/wp-content\/uploads\/sites\/882\/2016\/11\/lucie3-ConvertImage-300x210.jpg\" alt=\"\" width=\"185\" height=\"130\" srcset=\"https:\/\/www.kananas.com\/skiclubcern\/wp-content\/uploads\/sites\/882\/2016\/11\/lucie3-ConvertImage-300x210.jpg 300w, https:\/\/www.kananas.com\/skiclubcern\/wp-content\/uploads\/sites\/882\/2016\/11\/lucie3-ConvertImage-768x539.jpg 768w, https:\/\/www.kananas.com\/skiclubcern\/wp-content\/uploads\/sites\/882\/2016\/11\/lucie3-ConvertImage-1024x718.jpg 1024w, https:\/\/www.kananas.com\/skiclubcern\/wp-content\/uploads\/sites\/882\/2016\/11\/lucie3-ConvertImage.jpg 1146w\" sizes=\"auto, (max-width: 185px) 100vw, 185px\" \/><p id=\"caption-attachment-573\" class=\"wp-caption-text\">Lucie Gauthier<\/p><\/div>\n<div id=\"attachment_362\" style=\"width: 160px\" class=\"wp-caption alignleft\"><a href=\"http:\/\/www.kananas.com\/skiclubcern\/wp-content\/uploads\/sites\/882\/2016\/10\/Nicolas-site-web.jpg\"><img loading=\"lazy\" decoding=\"async\" aria-describedby=\"caption-attachment-362\" class=\"wp-image-362 size-thumbnail\" src=\"http:\/\/www.kananas.com\/skiclubcern\/wp-content\/uploads\/sites\/882\/2016\/10\/Nicolas-site-web-150x150.jpg\" alt=\"Nicolas Chritin\" width=\"150\" height=\"150\" \/><\/a><p id=\"caption-attachment-362\" class=\"wp-caption-text\">Nicolas Chritin<\/p><\/div>\n<div id=\"attachment_359\" style=\"width: 160px\" class=\"wp-caption alignleft\"><a href=\"http:\/\/www.kananas.com\/skiclubcern\/wp-content\/uploads\/sites\/882\/2016\/10\/IMG_7329.jpg\"><img loading=\"lazy\" decoding=\"async\" aria-describedby=\"caption-attachment-359\" class=\"wp-image-359 size-thumbnail\" src=\"http:\/\/www.kananas.com\/skiclubcern\/wp-content\/uploads\/sites\/882\/2016\/10\/IMG_7329-150x150.jpg\" alt=\"Guillaume Andreolety\" width=\"150\" height=\"150\" \/><\/a><p id=\"caption-attachment-359\" class=\"wp-caption-text\">Guillaume Andreolety<\/p><\/div>\n<div id=\"attachment_1525\" style=\"width: 167px\" class=\"wp-caption alignleft\"><img loading=\"lazy\" decoding=\"async\" aria-describedby=\"caption-attachment-1525\" class=\"wp-image-1525 \" src=\"http:\/\/www.kananas.com\/skiclubcern\/wp-content\/uploads\/sites\/882\/2018\/12\/eliane1.jpg\" alt=\"\" width=\"157\" height=\"159\" \/><p id=\"caption-attachment-1525\" class=\"wp-caption-text\">Eliane Brigger<\/p><\/div>\n<div id=\"attachment_1254\" style=\"width: 160px\" class=\"wp-caption alignleft\"><img loading=\"lazy\" decoding=\"async\" aria-describedby=\"caption-attachment-1254\" class=\"wp-image-1254 size-thumbnail\" src=\"http:\/\/www.kananas.com\/skiclubcern\/wp-content\/uploads\/sites\/882\/2018\/04\/023_klein-150x150.jpeg\" alt=\"\" width=\"150\" height=\"150\" srcset=\"https:\/\/www.kananas.com\/skiclubcern\/wp-content\/uploads\/sites\/882\/2018\/04\/023_klein-150x150.jpeg 150w, https:\/\/www.kananas.com\/skiclubcern\/wp-content\/uploads\/sites\/882\/2018\/04\/023_klein-160x160.jpeg 160w, https:\/\/www.kananas.com\/skiclubcern\/wp-content\/uploads\/sites\/882\/2018\/04\/023_klein-320x320.jpeg 320w\" sizes=\"auto, (max-width: 150px) 100vw, 150px\" \/><p id=\"caption-attachment-1254\" class=\"wp-caption-text\">Gaud Catho<\/p><\/div>\n<div id=\"attachment_1599\" style=\"width: 164px\" class=\"wp-caption alignleft\"><img loading=\"lazy\" decoding=\"async\" aria-describedby=\"caption-attachment-1599\" class=\"wp-image-1599\" src=\"http:\/\/www.kananas.com\/skiclubcern\/wp-content\/uploads\/sites\/882\/2019\/10\/ORios_ski-295x300.png\" alt=\"\" width=\"154\" height=\"157\" srcset=\"https:\/\/www.kananas.com\/skiclubcern\/wp-content\/uploads\/sites\/882\/2019\/10\/ORios_ski-295x300.png 295w, https:\/\/www.kananas.com\/skiclubcern\/wp-content\/uploads\/sites\/882\/2019\/10\/ORios_ski.png 492w\" sizes=\"auto, (max-width: 154px) 100vw, 154px\" \/><p id=\"caption-attachment-1599\" class=\"wp-caption-text\">Oriol Rios<\/p><\/div>\n","protected":false},"excerpt":{"rendered":"<p>Les moniteurs de ski de randonn\u00e9e de la saison 2020-2021 ! Nous sommes toutes et tous des moniteurs form\u00e9s et certifi\u00e9s par la FFS (F\u00e9d\u00e9ration Fran\u00e7aise de Ski). Nous sommes donc des b\u00e9n\u00e9voles, sans r\u00e9mun\u00e9ration, avec comme unique motivation l&#8217; envie de partager notre passion pour ce sport. [divider top=&#8221;no&#8221; style=&#8221;default&#8221; divider_color=&#8221;#999999&#8243; link_color=&#8221;#999999&#8243; size=&#8221;3&#8243; margin=&#8221;15&#8243;] Our 2020-2021 Ski Touring instructors team! We are all FFS (F\u00e9d\u00e9ration Fran\u00e7aise de Ski) certified instructors and unpaid volunteers willing to share their passion for this sport. [spacer size=&#8221;20&#8243;] &nbsp;<\/p>\n","protected":false},"author":911,"featured_media":0,"parent":162,"menu_order":0,"comment_status":"closed","ping_status":"closed","template":"","meta":{"_crdt_document":"","footnotes":""},"class_list":["post-354","page","type-page","status-publish","hentry"],"_links":{"self":[{"href":"https:\/\/www.kananas.com\/skiclubcern\/wp-json\/wp\/v2\/pages\/354","targetHints":{"allow":["GET"]}}],"collection":[{"href":"https:\/\/www.kananas.com\/skiclubcern\/wp-json\/wp\/v2\/pages"}],"about":[{"href":"https:\/\/www.kananas.com\/skiclubcern\/wp-json\/wp\/v2\/types\/page"}],"author":[{"embeddable":true,"href":"https:\/\/www.kananas.com\/skiclubcern\/wp-json\/wp\/v2\/users\/911"}],"replies":[{"embeddable":true,"href":"https:\/\/www.kananas.com\/skiclubcern\/wp-json\/wp\/v2\/comments?post=354"}],"version-history":[{"count":15,"href":"https:\/\/www.kananas.com\/skiclubcern\/wp-json\/wp\/v2\/pages\/354\/revisions"}],"predecessor-version":[{"id":1856,"href":"https:\/\/www.kananas.com\/skiclubcern\/wp-json\/wp\/v2\/pages\/354\/revisions\/1856"}],"up":[{"embeddable":true,"href":"https:\/\/www.kananas.com\/skiclubcern\/wp-json\/wp\/v2\/pages\/162"}],"wp:attachment":[{"href":"https:\/\/www.kananas.com\/skiclubcern\/wp-json\/wp\/v2\/media?parent=354"}],"curies":[{"name":"wp","href":"https:\/\/api.w.org\/{rel}","templated":true}]}}