{"id":397,"date":"2016-10-31T12:23:56","date_gmt":"2016-10-31T10:23:56","guid":{"rendered":"http:\/\/www.kananas.com\/skiclubducern3300\/?page_id=397"},"modified":"2021-11-11T10:39:10","modified_gmt":"2021-11-11T09:39:10","slug":"organisation-des-sorties","status":"publish","type":"page","link":"https:\/\/www.kananas.com\/skiclubcern\/activites\/ski-de-randonnee\/organisation-des-sorties\/","title":{"rendered":"Organisation des sorties"},"content":{"rendered":"<p style=\"text-align: right\"><a href=\"http:\/\/www.kananas.com\/skiclubcern\/activities\/ski-touring\/outing-details\/\"><span style=\"font-size: 8pt\">English version<\/span><\/a><\/p>\n<h1>Inscription aux sorties (\u00e0 partir de janvier 2022)<\/h1>\n<p>En rejoignant la section ski de randonn\u00e9e, vous avez acc\u00e8s \u00e0 l&#8217;inscription \u00e0 toutes les sorties propos\u00e9es. Bien que la <a href=\"http:\/\/www.kananas.com\/skiclubcern\/activites\/ski-de-randonnee\/sorties\/\">planification provisoire des sorties<\/a> soit pr\u00e9par\u00e9e pour toute la saison, nous ne prenons les inscriptions que pour le WE \u00e0 venir, sauf modalit\u00e9s d\u2019inscriptions sp\u00e9ciales mentionn\u00e9es dans le programme (par exemple pour les sorties WE, la sortie de la section et les sorties sp\u00e9ciales).<\/p>\n<p>La proc\u00e9dure d&#8217;inscription : Une semaine donn\u00e9e, le jeudi matin, le programme pour le samedi et le dimanche est publi\u00e9. Une seule fa\u00e7on de s&#8217;inscrire pour les sorties annonc\u00e9es du WE \u00e0 venir cette ann\u00e9e:<\/p>\n<ul>\n<li>Inscription en ligne (depuis la page web du programme provisoire des sorties), le jeudi de 9h00 \u00e0 18h00<\/li>\n<\/ul>\n<p>Aucune inscription ne sera faite par t\u00e9l\u00e9phone, SMS, WhatsApp ou par email\u2026<\/p>\n<h3>Inscription en ligne <span style=\"font-weight: 400\">\u00a0<a href=\"https:\/\/skiclub-skitouring.web.cern.ch\/\">https:\/\/skiclub-skitouring.web.cern.ch\/\u00a0<\/a><\/span>:<\/h3>\n<p>Ce mode d&#8217;inscription est ouvert \u00e0 tous. Cependant, si vous venez de rejoindre le club, apr\u00e8s vous \u00eatre inscrit en ligne, pensez \u00e0 passer le soir pour discuter de la logistique, des besoins particuliers, des conditions etc&#8230; Veuillez noter que nous autorisons l&#8217;inscription \u00e0 plus d&#8217;une sortie par WE, mais sachez que si vous le faites, en cas de forte demande, \u00e9tant donn\u00e9 que toutes les inscriptions sont horodat\u00e9es, seule la premi\u00e8re inscription sera conserv\u00e9e et pour votre second choix votre nom pourrait \u00eatre d\u00e9plac\u00e9 sur la liste d&#8217;attente.<\/p>\n<h3>Inscription lors de la permanence : <span style=\"color: #ff0000\">(PAS DE PERMANENCE POUR L&#8217;INSTANT!)<\/span><\/h3>\n<p>En vous rendant dans la salle de r\u00e9union, vous pourrez rencontrer d&#8217;autres membres de la section et discuter des d\u00e9tails des sorties pr\u00e9vues. Il est \u00e9galement pr\u00e9f\u00e9rable que les membres du groupe se rencontrent au pr\u00e9alable et apprennent \u00e0 se conna\u00eetre. En respectant ce qui pr\u00e9c\u00e8de, nous pourrons vous garantir une sortie homog\u00e8ne et en toute s\u00e9curit\u00e9.<\/p>\n<p>En raison du nombre limit\u00e9 de places, nous ne pouvons r\u00e9server qu&#8217;une ou deux places pour les personnes qui viennent et s&#8217;inscrivent le jeudi soir. Veuillez envisager de vous inscrire en ligne pendant la journ\u00e9e.<\/p>\n<p>Lors de ces rencontres, nous vous fournissons \u00e9galement les derni\u00e8res pr\u00e9visions m\u00e9t\u00e9orologiques et les informations sur les risques d&#8217;avalanches sur lesquelles vous pourrez discuter avec le(s) moniteur(s) qui dirige(ront) la sortie. N&#8217;oubliez pas que la difficult\u00e9 d&#8217;une sortie peut changer radicalement en fonction de la m\u00e9t\u00e9o et de la quantit\u00e9 de neige tomb\u00e9e.<\/p>\n<p>IMPORTANT : Dans les deux cas ci-dessus, c&#8217;est au chef de course (nomm\u00e9e ainsi m\u00eame si ce n\u2019est en aucun cas une course\u00a0!) de d\u00e9cider si le niveau de la personne qui s\u2019est inscrit est appropri\u00e9 au niveau de la sortie (en ligne ou en personne). Par cons\u00e9quent, m\u00eame si vous \u00eates un skieur exp\u00e9riment\u00e9 mais compl\u00e8tement nouveau dans le club, nous vous encourageons \u00e0 participer d&#8217;abord \u00e0 une ou deux sorties plus faciles afin de mieux vous faire conna\u00eetre des moniteurs et membres.<\/p>\n<p>REMARQUE : En cas de forte demande pour un WE donn\u00e9 (c.-\u00e0-d. des listes d&#8217;attente assez longues), nous pouvons envisager d&#8217;ajouter une option de derni\u00e8re minute pour toutes les personnes sur la liste d&#8217;attente. Les personnes concern\u00e9es devraient etre contact\u00e9es<\/p>\n<h1>Annulation d&#8217;un participant \u00e0 une sortie<\/h1>\n<p>Veuillez noter que les annulations sont possibles et acceptables, mais dans un d\u00e9lai raisonnable c&#8217;est \u00e0 dire habituellement plus de 24 heures. Communiquez avec le chef de course chaque fois que vous avez besoin de le faire. Sachez qu&#8217;\u00e0 moins de 24h, il est souvent difficile de contacter les personnes inscrites sur la liste d&#8217;attente, elles ont parfois aussi trouv\u00e9 une alternative. N&#8217;oubliez pas que nous envoyer un SMS \u00e0 6 heures du matin le jour de la sortie n&#8217;est pas seulement incorrect, mais aussi injuste \u00e0 l&#8217;\u00e9gard des personnes qui \u00e9taient sur la liste d&#8217;attente. Respectez votre engagement, respectez les moniteurs, respectez les autres membres et pr\u00e9parez votre sortie en restant sage la veille au soir!<\/p>\n<h1>Niveau de difficult\u00e9 d&#8217;une sortie<\/h1>\n<p>Les conditions de ski peuvent \u00eatre difficiles \u00e0 \u00e9valuer en raison de l&#8217;\u00e9tat en constante \u00e9volution de l&#8217;accumulation et de la qualit\u00e9 de la neige. Une pente avec un angle de 35\u00b0 relativement facile \u00e0 skier en bonne neige devient dangereuse avec de la neige glac\u00e9e. De m\u00eame, un itin\u00e9raire traversant un terrain glaciaire peut s&#8217;av\u00e9rer plus ou moins difficile, voire impraticable, en raison de la nature changeante du glacier ou de l&#8217;absence de neige. L&#8217;\u00e9valuation du niveau de difficult\u00e9 des sorties essaye de tenir compte de tous ces facteurs, en plus de la longueur, de l&#8217;altitude etc&#8230; Une fois sur place, il se peut donc que les conditions rencontr\u00e9es soient bien plus mauvaises que la notation initialement estim\u00e9e.<\/p>\n<p>N&#8217;oubliez jamais que la Montagne est un environnement dangereux. Quelque soit les pr\u00e9cautions que nous prenons, il y a toujours un risque qui subsiste. Choisir votre randonn\u00e9e en fonction de vos capacit\u00e9s assurera une sortie en toute s\u00e9curit\u00e9 pour tous.<\/p>\n<h1>Nombre de participants: <span style=\"color: #ff0000\">(COVID= 6 personnes max\/groupe)<\/span><\/h1>\n<p>Pour des raisons de s\u00e9curit\u00e9, le moniteur de ski limitera le nombre de participants \u00e0 la sortie ; cela d\u00e9pendra de la sortie et des conditions\u00a0! N&#8217;insistez pas s&#8217;il n&#8217;y a plus de place, nous le faisons pour votre propre s\u00e9curit\u00e9 ! Il y a probablement d&#8217;autres sorties sympas le m\u00eame jour (jusqu&#8217;\u00e0 3 par week-end). S&#8217;il y a trop de membres qui veulent faire une sortie, nous essayerons autant que possible d&#8217;en proposer une nouvelle (si les moniteurs sont disponibles).<\/p>\n<p>&nbsp;<\/p>\n<h1>\u00c9quipement obligatoire : DVA (Detecteur de Victime d&#8217;Avalanche) + Pelle + Sonde !!!<\/h1>\n<p>Lors de toutes nos sorties, vous devez avoir un DVA fonctionnel sur vous, mais aussi une pelle et une sonde dans votre sac \u00e0 dos. Vous devez \u00e9galement pouvoir et savoir les utiliser efficacement !<\/p>\n<p>Nous vous encourageons tous \u00e0 participer \u00e0 l&#8217;une de nos journ\u00e9es sp\u00e9ciales de s\u00e9curit\u00e9 pr\u00e9vues les 11 et 19 janvier 2020. Non seulement nous vous expliquerons comment utiliser votre \u00e9quipement de fa\u00e7on fiable et efficace, mais vous aurez et surtout l&#8217;occasion de \u00a0vous entrainer. N&#8217;oubliez pas que l\u2019entrainement est un facteur particuli\u00e8rement important (avec un petit investissement de temps uniquement) pour que vous puissiez partir en montagne en toute s\u00e9curit\u00e9.<\/p>\n<p>Nous vous encourageons \u00e0 acheter votre propre \u00e9quipement de s\u00e9curit\u00e9. C\u2019est un investissement tr\u00e8s important que paradoxalement on ne souhaite jamais avoir \u00e0 utiliser. Rappelez-vous que si vous faites cet investissement, vous pouvez apprendre \u00e0 utiliser avec pr\u00e9cision votre \u00e9quipement pour \u00eatre en mesure de l&#8217;utiliser efficacement en cas d&#8217;accident.<\/p>\n<p>Si vous souhaitez plus d&#8217;informations ou des conseils sur le mat\u00e9riel \u00e0 acheter, n&#8217;h\u00e9sitez pas \u00e0 vous nous rendre lors d\u2019une permanence pour \u00e9changer sur le sujet.<\/p>\n<p>Vous avez \u00e9galement la possibilit\u00e9 de vous faire preter un DVA, une pelle et une sonde par le club, gratuitement, mais uniquement pour les sorties de ski de randonn\u00e9e du club. Vous devez apprendre \u00e0 vous en servir lors des journ\u00e9es s\u00e9curit\u00e9s<\/p>\n<h1>Lieu et heure des rendez-vous: <span style=\"color: #ff0000\">(COVID= Covoiturage seulement si n\u00e9cessaire)<\/span><\/h1>\n<p>Le point de rendez-vous pour les sorties sera le <a href=\"https:\/\/goo.gl\/maps\/MYNjd41xUrnA3axF7\">parking des clubs du CERN pr\u00e8s de l&#8217;entr\u00e9e A du CERN<\/a>. Tous les participants sont pri\u00e9s d&#8217;arriver 15 minutes \u00e0 l&#8217;avance pour l\u2019organisation des voitures et pour que le groupe puisse partir \u00e0 l&#8217;heure. Veuillez respecter cette r\u00e8gle, ne soyez pas en retard on ne vous attendra pas!<\/p>\n<h1>Frais de d\u00e9placement<\/h1>\n<p>Les co\u00fbts de transport ne cessent d&#8217;augmenter et deviennent un probl\u00e8me de plus en plus important. Nous allons donc essayer d&#8217;introduire un mode de partage des co\u00fbts prenant en compte les co\u00fbts r\u00e9els g\u00e9n\u00e9r\u00e9s par une voiture. Nous demandons maintenant un montant d&#8217;environ 0,30 \u20ac\/km pour chaque voiture utilis\u00e9e pour la sortie. En ajoutant la taxe d&#8217;autoroute, la totalit\u00e9 de la somme sera partag\u00e9e entre les participants et distribu\u00e9e aux conducteurs. S&#8217;il vous pla\u00eet, soyez pr\u00eat \u00e0 vous porter volontaire en tant que chauffeur de temps en temps. Chauffeurs, veuillez essayer d&#8217;avoir un v\u00e9hicule avec l&#8217;\u00e9quipement appropri\u00e9 (pneus d&#8217;hiver, porte-skis, vignette autoroute suisse\u2026).<\/p>\n<h1>Comportement lors des sorties<\/h1>\n<p>Pendant la sortie, pour des raisons de s\u00e9curit\u00e9 :<\/p>\n<p>Il vous sera demand\u00e9 de bien vouloir rester avec le moniteur de ski. C&#8217;est g\u00e9n\u00e9ralement derri\u00e8re lui, parfois devant lui si n\u00e9cessaire, mais jamais tr\u00e8s loin.<\/p>\n<p>Le groupe doit \u00eatre normalement plut\u00f4t compact lors de la mont\u00e9e, il faut \u00e9viter d&#8217;avoir un d\u00e9calage horaire important entre le plus lent et le plus rapide.<\/p>\n<p>Respectez les plus faibles ! Notre but est d&#8217;amener le groupe au sommet, une randonn\u00e9e ce n\u2019est pas un entrainement physique. Nous commen\u00e7ons la sortie ensemble, nous faisons la sortie ensemble et nous finissons la sortie ensemble.<\/p>\n<p>Si un membre du groupe ne peut pas continuer ou si nous pensons que les conditions ne sont pas garanties pour la s\u00e9curit\u00e9 du groupe, le moniteur de ski peut prendre des d\u00e9cisions pouvant aller jusqu\u2019\u00e0 arr\u00eater la sortie, m\u00eame si les conditions semblent bonnes.<\/p>\n<p>Veuillez respecter les d\u00e9cisions ! Elles sont g\u00e9n\u00e9ralement prises apr\u00e8s concertation et explication avec le groupe, pour votre s\u00e9curit\u00e9!<\/p>\n","protected":false},"excerpt":{"rendered":"<p>English version Inscription aux sorties (\u00e0 partir de janvier 2022) En rejoignant la section ski de randonn\u00e9e, vous avez acc\u00e8s \u00e0 l&#8217;inscription \u00e0 toutes les sorties propos\u00e9es. Bien que la planification provisoire des sorties soit pr\u00e9par\u00e9e pour toute la saison, nous ne prenons les inscriptions que pour le WE \u00e0 venir, sauf modalit\u00e9s d\u2019inscriptions sp\u00e9ciales mentionn\u00e9es dans le programme (par exemple pour les sorties WE, la sortie de la section et les sorties sp\u00e9ciales). La proc\u00e9dure d&#8217;inscription : Une semaine donn\u00e9e, le jeudi matin, le programme pour le samedi et le dimanche est publi\u00e9. Une seule fa\u00e7on de s&#8217;inscrire pour les sorties annonc\u00e9es du WE \u00e0 venir cette ann\u00e9e: Inscription en ligne (depuis la page web du programme provisoire des sorties), le jeudi de 9h00 \u00e0 18h00 Aucune inscription ne sera faite par t\u00e9l\u00e9phone, SMS, WhatsApp ou par email\u2026 Inscription en ligne \u00a0https:\/\/skiclub-skitouring.web.cern.ch\/\u00a0: Ce mode d&#8217;inscription est ouvert \u00e0 tous. Cependant, si vous venez de rejoindre le club, apr\u00e8s vous \u00eatre inscrit en ligne, pensez \u00e0 passer le soir pour discuter de la logistique, des besoins particuliers, des conditions etc&#8230; Veuillez noter que nous autorisons l&#8217;inscription \u00e0 plus d&#8217;une sortie par WE, mais sachez que si vous le faites, en cas de forte demande, \u00e9tant donn\u00e9 que toutes les inscriptions sont horodat\u00e9es, seule la premi\u00e8re inscription sera conserv\u00e9e et pour votre second choix votre nom pourrait \u00eatre d\u00e9plac\u00e9 sur la liste d&#8217;attente. Inscription lors de la permanence : (PAS DE PERMANENCE POUR L&#8217;INSTANT!) En vous rendant dans la salle de r\u00e9union, vous pourrez rencontrer d&#8217;autres membres de la section et discuter des d\u00e9tails des sorties pr\u00e9vues. Il est \u00e9galement pr\u00e9f\u00e9rable que les membres du groupe se rencontrent au pr\u00e9alable et apprennent \u00e0 se conna\u00eetre. En respectant ce qui pr\u00e9c\u00e8de, nous pourrons vous garantir une sortie homog\u00e8ne et en toute s\u00e9curit\u00e9. En raison du nombre limit\u00e9 de places, nous ne pouvons r\u00e9server qu&#8217;une ou deux places pour les personnes qui viennent et s&#8217;inscrivent le jeudi soir. Veuillez envisager de vous inscrire en ligne pendant la journ\u00e9e. Lors de ces rencontres, nous vous fournissons \u00e9galement les derni\u00e8res pr\u00e9visions m\u00e9t\u00e9orologiques et les informations sur les risques d&#8217;avalanches sur lesquelles vous pourrez discuter avec le(s) moniteur(s) qui dirige(ront) la sortie. N&#8217;oubliez pas que la difficult\u00e9 d&#8217;une sortie peut changer radicalement en fonction de la m\u00e9t\u00e9o et de la quantit\u00e9 de neige tomb\u00e9e. IMPORTANT : Dans les deux cas ci-dessus, c&#8217;est au chef de course (nomm\u00e9e ainsi m\u00eame si ce n\u2019est en aucun cas une course\u00a0!) de d\u00e9cider si le niveau de la personne qui s\u2019est inscrit est appropri\u00e9 au niveau de la sortie (en ligne ou en personne). Par cons\u00e9quent, m\u00eame si vous \u00eates un skieur exp\u00e9riment\u00e9 mais compl\u00e8tement nouveau dans le club, nous vous encourageons \u00e0 participer d&#8217;abord \u00e0 une ou deux sorties plus faciles afin de mieux vous faire conna\u00eetre des moniteurs et membres. REMARQUE : En cas de forte demande pour un WE donn\u00e9 (c.-\u00e0-d. des listes d&#8217;attente assez longues), nous pouvons envisager d&#8217;ajouter une option de derni\u00e8re minute pour toutes les personnes sur la liste d&#8217;attente. Les personnes concern\u00e9es devraient etre contact\u00e9es Annulation d&#8217;un participant \u00e0 une sortie Veuillez noter que les annulations sont possibles et acceptables, mais dans un d\u00e9lai raisonnable c&#8217;est \u00e0 dire habituellement plus de 24 heures. Communiquez avec le chef de course chaque fois que vous avez besoin de le faire. Sachez qu&#8217;\u00e0 moins de 24h, il est souvent difficile de contacter les personnes inscrites sur la liste d&#8217;attente, elles ont parfois aussi trouv\u00e9 une alternative. N&#8217;oubliez pas que nous envoyer un SMS \u00e0 6 heures du matin le jour de la sortie n&#8217;est pas seulement incorrect, mais aussi injuste \u00e0 l&#8217;\u00e9gard des personnes qui \u00e9taient sur la liste d&#8217;attente. Respectez votre engagement, respectez les moniteurs, respectez les autres membres et pr\u00e9parez votre sortie en restant sage la veille au soir! Niveau de difficult\u00e9 d&#8217;une sortie Les conditions de ski peuvent \u00eatre difficiles \u00e0 \u00e9valuer en raison de l&#8217;\u00e9tat en constante \u00e9volution de l&#8217;accumulation et de la qualit\u00e9 de la neige. Une pente avec un angle de 35\u00b0 relativement facile \u00e0 skier en bonne neige devient dangereuse avec de la neige glac\u00e9e. De m\u00eame, un itin\u00e9raire traversant un terrain glaciaire peut s&#8217;av\u00e9rer plus ou moins difficile, voire impraticable, en raison de la nature changeante du glacier ou de l&#8217;absence de neige. L&#8217;\u00e9valuation du niveau de difficult\u00e9 des sorties essaye de tenir compte de tous ces facteurs, en plus de la longueur, de l&#8217;altitude etc&#8230; Une fois sur place, il se peut donc que les conditions rencontr\u00e9es soient bien plus mauvaises que la notation initialement estim\u00e9e. N&#8217;oubliez jamais que la Montagne est un environnement dangereux. Quelque soit les pr\u00e9cautions que nous prenons, il y a toujours un risque qui subsiste. Choisir votre randonn\u00e9e en fonction de vos capacit\u00e9s assurera une sortie en toute s\u00e9curit\u00e9 pour tous. Nombre de participants: (COVID= 6 personnes max\/groupe) Pour des raisons de s\u00e9curit\u00e9, le moniteur de ski limitera le nombre de participants \u00e0 la sortie ; cela d\u00e9pendra de la sortie et des conditions\u00a0! N&#8217;insistez pas s&#8217;il n&#8217;y a plus de place, nous le faisons pour votre propre s\u00e9curit\u00e9 ! Il y a probablement d&#8217;autres sorties sympas le m\u00eame jour (jusqu&#8217;\u00e0 3 par week-end). S&#8217;il y a trop de membres qui veulent faire une sortie, nous essayerons autant que possible d&#8217;en proposer une nouvelle (si les moniteurs sont disponibles). &nbsp; \u00c9quipement obligatoire : DVA (Detecteur de Victime d&#8217;Avalanche) + Pelle + Sonde !!! Lors de toutes nos sorties, vous devez avoir un DVA fonctionnel sur vous, mais aussi une pelle et une sonde dans votre sac \u00e0 dos. Vous devez \u00e9galement pouvoir et savoir les utiliser efficacement ! Nous vous encourageons tous \u00e0 participer \u00e0 l&#8217;une de nos journ\u00e9es sp\u00e9ciales de s\u00e9curit\u00e9 pr\u00e9vues les 11 et 19 janvier 2020. Non seulement nous vous expliquerons comment utiliser votre \u00e9quipement de fa\u00e7on fiable et efficace, mais vous aurez et surtout l&#8217;occasion de \u00a0vous entrainer. N&#8217;oubliez pas que l\u2019entrainement est un facteur particuli\u00e8rement important (avec un petit investissement de temps uniquement) pour que vous puissiez partir en montagne en toute s\u00e9curit\u00e9. Nous vous encourageons \u00e0 acheter votre propre \u00e9quipement de s\u00e9curit\u00e9. C\u2019est un investissement tr\u00e8s important que paradoxalement on ne souhaite jamais avoir \u00e0 utiliser. Rappelez-vous que si vous faites cet investissement, vous pouvez apprendre \u00e0 utiliser avec pr\u00e9cision votre \u00e9quipement pour \u00eatre en mesure de l&#8217;utiliser efficacement en cas d&#8217;accident. Si vous souhaitez plus d&#8217;informations ou des conseils sur le mat\u00e9riel \u00e0 acheter, n&#8217;h\u00e9sitez pas \u00e0 vous nous rendre lors d\u2019une permanence pour \u00e9changer sur le sujet. Vous avez \u00e9galement la possibilit\u00e9 de vous faire preter un DVA, une pelle et une sonde par le club, gratuitement, mais uniquement pour les sorties de ski de randonn\u00e9e du club. Vous devez apprendre \u00e0 vous en servir lors des journ\u00e9es s\u00e9curit\u00e9s Lieu et heure des rendez-vous: (COVID= Covoiturage seulement si n\u00e9cessaire) Le point de rendez-vous pour les sorties sera le parking des clubs du CERN pr\u00e8s de l&#8217;entr\u00e9e A du CERN. Tous les participants sont pri\u00e9s d&#8217;arriver 15 minutes \u00e0 l&#8217;avance pour l\u2019organisation des voitures et pour que le groupe puisse partir \u00e0 l&#8217;heure. Veuillez respecter cette r\u00e8gle, ne soyez pas en retard on ne vous attendra pas! Frais de d\u00e9placement Les co\u00fbts de transport ne cessent d&#8217;augmenter et deviennent un probl\u00e8me de plus en plus important. Nous allons donc essayer d&#8217;introduire un mode de partage des co\u00fbts prenant en compte les co\u00fbts r\u00e9els g\u00e9n\u00e9r\u00e9s par une voiture. Nous demandons maintenant un montant d&#8217;environ 0,30 \u20ac\/km pour chaque voiture utilis\u00e9e pour la sortie. En ajoutant la taxe d&#8217;autoroute, la totalit\u00e9 de la somme sera partag\u00e9e entre les participants et distribu\u00e9e aux conducteurs. S&#8217;il vous pla\u00eet, soyez pr\u00eat \u00e0 vous porter volontaire en tant que chauffeur de temps en temps. Chauffeurs, veuillez essayer d&#8217;avoir un v\u00e9hicule avec l&#8217;\u00e9quipement appropri\u00e9 (pneus d&#8217;hiver, porte-skis, vignette autoroute suisse\u2026). Comportement lors des sorties Pendant la sortie, pour des raisons de s\u00e9curit\u00e9 : Il vous sera demand\u00e9 de bien vouloir rester avec le moniteur de ski. C&#8217;est g\u00e9n\u00e9ralement derri\u00e8re lui, parfois devant lui si n\u00e9cessaire, mais jamais tr\u00e8s loin. Le groupe doit \u00eatre normalement plut\u00f4t compact lors de la mont\u00e9e, il faut \u00e9viter d&#8217;avoir un d\u00e9calage horaire important entre le plus lent et le plus rapide. Respectez les plus faibles ! Notre but est d&#8217;amener le groupe au sommet, une randonn\u00e9e ce n\u2019est pas un entrainement physique. Nous commen\u00e7ons la sortie ensemble, nous faisons la sortie ensemble et nous finissons la sortie ensemble. Si un membre du groupe ne peut pas continuer ou si nous pensons que les conditions ne sont pas garanties pour la s\u00e9curit\u00e9 du groupe, le moniteur de ski peut prendre des d\u00e9cisions pouvant aller jusqu\u2019\u00e0 arr\u00eater la sortie, m\u00eame si les conditions semblent bonnes. Veuillez respecter les d\u00e9cisions ! Elles sont g\u00e9n\u00e9ralement prises apr\u00e8s concertation et explication avec le groupe, pour votre s\u00e9curit\u00e9!<\/p>\n","protected":false},"author":911,"featured_media":0,"parent":162,"menu_order":0,"comment_status":"closed","ping_status":"closed","template":"","meta":{"_crdt_document":"","footnotes":""},"class_list":["post-397","page","type-page","status-publish","hentry"],"_links":{"self":[{"href":"https:\/\/www.kananas.com\/skiclubcern\/wp-json\/wp\/v2\/pages\/397","targetHints":{"allow":["GET"]}}],"collection":[{"href":"https:\/\/www.kananas.com\/skiclubcern\/wp-json\/wp\/v2\/pages"}],"about":[{"href":"https:\/\/www.kananas.com\/skiclubcern\/wp-json\/wp\/v2\/types\/page"}],"author":[{"embeddable":true,"href":"https:\/\/www.kananas.com\/skiclubcern\/wp-json\/wp\/v2\/users\/911"}],"replies":[{"embeddable":true,"href":"https:\/\/www.kananas.com\/skiclubcern\/wp-json\/wp\/v2\/comments?post=397"}],"version-history":[{"count":9,"href":"https:\/\/www.kananas.com\/skiclubcern\/wp-json\/wp\/v2\/pages\/397\/revisions"}],"predecessor-version":[{"id":2027,"href":"https:\/\/www.kananas.com\/skiclubcern\/wp-json\/wp\/v2\/pages\/397\/revisions\/2027"}],"up":[{"embeddable":true,"href":"https:\/\/www.kananas.com\/skiclubcern\/wp-json\/wp\/v2\/pages\/162"}],"wp:attachment":[{"href":"https:\/\/www.kananas.com\/skiclubcern\/wp-json\/wp\/v2\/media?parent=397"}],"curies":[{"name":"wp","href":"https:\/\/api.w.org\/{rel}","templated":true}]}}