{"id":403,"date":"2016-10-31T12:30:59","date_gmt":"2016-10-31T10:30:59","guid":{"rendered":"http:\/\/www.kananas.com\/skiclubducern3300\/?page_id=403"},"modified":"2018-09-10T17:47:55","modified_gmt":"2018-09-10T15:47:55","slug":"materiel-individuel","status":"publish","type":"page","link":"https:\/\/www.kananas.com\/skiclubcern\/activites\/ski-de-randonnee\/materiel-individuel\/","title":{"rendered":"Mat\u00e9riel individuel"},"content":{"rendered":"<p style=\"text-align: right\"><a href=\"http:\/\/www.kananas.com\/skiclubcern\/activities\/ski-touring\/equipment\/\"><span style=\"font-size: 8pt\">English version<\/span><\/a><\/p>\n<h1>Infos pour d\u00e9butant<\/h1>\n<ul>\n<li>Mat\u00e9riel de s\u00e9curit\u00e9 <strong>obligatoire<\/strong>: DVA + Pelle \u00e0 neige + Sonde le tout en bon \u00e9tat de fonctionnement.<\/li>\n<li>Bonnet, pull chaud, anorak avec capuche, v\u00eatement imperm\u00e9able (coupe-vent, cagoule), gants chauds, pantalon de ski, casque<\/li>\n<li>Chaussures de ski de rando<\/li>\n<li>Skis \u00e9quip\u00e9s de fixations piste-randonn\u00e9e avec leur peaux de phoque et leurs couteaux.<\/li>\n<li>B\u00e2tons avec rondelles souples et de grand diam\u00e8tre.<\/li>\n<li>Sac de montagne 40 litres mini sur lequel des skis peuvent etre fix\u00e9s.<\/li>\n<li>Lunettes de soleil de montagne, cr\u00e8me solaire, cr\u00e8me protectrice pour les l\u00e8vres, masque \u00e0 neige<\/li>\n<li>Couverture de survie, sifflet.<\/li>\n<li>Gourde, thermos, couteau, papier hygi\u00e9nique.<\/li>\n<li>Pharmacie (Elastoplast, Tricost\u00e9ril, compresses, bande Velpeau, biogaze, aspirine ou parac\u00e9tamol, \u00e9pingles \u00e0 nourrice, Arnica 9 CH en granules, etc.)<\/li>\n<li>Carte d\u2019identit\u00e9 (nous passons des fronti\u00e8res&#8230;).<\/li>\n<li>T\u00e9l\u00e9phone portable (au fond du sac loin du DVA, avec les num\u00e9ros importants pr\u00e9-enregistr\u00e9s&#8230;).<\/li>\n<\/ul>\n<h1>Randonneur<\/h1>\n<p>Idem que ci-dessus, ainsi que :<\/p>\n<ul>\n<li>Sur pantalon chaud, moufles, veste polaire.<\/li>\n<li>Fart<\/li>\n<li>4 m\u00e8tres de sangle ferm\u00e9e par un noeud de sangle.<\/li>\n<li>9 m\u00e8tres de corde de 9 mm et 2 m\u00e8tres de 6 mm.<\/li>\n<li>1 mousqueton \u00e0 vis et un normal.<\/li>\n<\/ul>\n<h1>Randonneur haute montagne<\/h1>\n<p>Idem que ci-dessus ainsi que :<\/p>\n<ul>\n<li>Crampons, piolet, broche \u00e0 glace tubulaire.<\/li>\n<li>Baudrier, anneaux de cordelette, casque<\/li>\n<li>Pour les raids, pr\u00e9voir des v\u00eatements de rechange.<\/li>\n<\/ul>\n","protected":false},"excerpt":{"rendered":"<p>English version Infos pour d\u00e9butant Mat\u00e9riel de s\u00e9curit\u00e9 obligatoire: DVA + Pelle \u00e0 neige + Sonde le tout en bon \u00e9tat de fonctionnement. Bonnet, pull chaud, anorak avec capuche, v\u00eatement imperm\u00e9able (coupe-vent, cagoule), gants chauds, pantalon de ski, casque Chaussures de ski de rando Skis \u00e9quip\u00e9s de fixations piste-randonn\u00e9e avec leur peaux de phoque et leurs couteaux. B\u00e2tons avec rondelles souples et de grand diam\u00e8tre. Sac de montagne 40 litres mini sur lequel des skis peuvent etre fix\u00e9s. Lunettes de soleil de montagne, cr\u00e8me solaire, cr\u00e8me protectrice pour les l\u00e8vres, masque \u00e0 neige Couverture de survie, sifflet. Gourde, thermos, couteau, papier hygi\u00e9nique. Pharmacie (Elastoplast, Tricost\u00e9ril, compresses, bande Velpeau, biogaze, aspirine ou parac\u00e9tamol, \u00e9pingles \u00e0 nourrice, Arnica 9 CH en granules, etc.) Carte d\u2019identit\u00e9 (nous passons des fronti\u00e8res&#8230;). T\u00e9l\u00e9phone portable (au fond du sac loin du DVA, avec les num\u00e9ros importants pr\u00e9-enregistr\u00e9s&#8230;). Randonneur Idem que ci-dessus, ainsi que : Sur pantalon chaud, moufles, veste polaire. Fart 4 m\u00e8tres de sangle ferm\u00e9e par un noeud de sangle. 9 m\u00e8tres de corde de 9 mm et 2 m\u00e8tres de 6 mm. 1 mousqueton \u00e0 vis et un normal. Randonneur haute montagne Idem que ci-dessus ainsi que : Crampons, piolet, broche \u00e0 glace tubulaire. Baudrier, anneaux de cordelette, casque Pour les raids, pr\u00e9voir des v\u00eatements de rechange.<\/p>\n","protected":false},"author":911,"featured_media":0,"parent":162,"menu_order":0,"comment_status":"closed","ping_status":"closed","template":"","meta":{"_crdt_document":"","footnotes":""},"class_list":["post-403","page","type-page","status-publish","hentry"],"_links":{"self":[{"href":"https:\/\/www.kananas.com\/skiclubcern\/wp-json\/wp\/v2\/pages\/403","targetHints":{"allow":["GET"]}}],"collection":[{"href":"https:\/\/www.kananas.com\/skiclubcern\/wp-json\/wp\/v2\/pages"}],"about":[{"href":"https:\/\/www.kananas.com\/skiclubcern\/wp-json\/wp\/v2\/types\/page"}],"author":[{"embeddable":true,"href":"https:\/\/www.kananas.com\/skiclubcern\/wp-json\/wp\/v2\/users\/911"}],"replies":[{"embeddable":true,"href":"https:\/\/www.kananas.com\/skiclubcern\/wp-json\/wp\/v2\/comments?post=403"}],"version-history":[{"count":1,"href":"https:\/\/www.kananas.com\/skiclubcern\/wp-json\/wp\/v2\/pages\/403\/revisions"}],"predecessor-version":[{"id":1349,"href":"https:\/\/www.kananas.com\/skiclubcern\/wp-json\/wp\/v2\/pages\/403\/revisions\/1349"}],"up":[{"embeddable":true,"href":"https:\/\/www.kananas.com\/skiclubcern\/wp-json\/wp\/v2\/pages\/162"}],"wp:attachment":[{"href":"https:\/\/www.kananas.com\/skiclubcern\/wp-json\/wp\/v2\/media?parent=403"}],"curies":[{"name":"wp","href":"https:\/\/api.w.org\/{rel}","templated":true}]}}