{"id":528,"date":"2016-11-04T18:51:58","date_gmt":"2016-11-04T17:51:58","guid":{"rendered":"http:\/\/www.kananas.com\/skiclubducern3300\/?page_id=528"},"modified":"2024-11-06T21:40:51","modified_gmt":"2024-11-06T20:40:51","slug":"carte-neige","status":"publish","type":"page","link":"https:\/\/www.kananas.com\/skiclubcern\/cards\/carte-neige\/","title":{"rendered":"Carte Neige"},"content":{"rendered":"<p style=\"text-align: right\"><a href=\"http:\/\/www.kananas.com\/skiclubcern\/cartes\/carte-neige\/\"><span style=\"font-size: 8pt\">Version fran\u00e7aise<\/span><\/a><\/p>\n<p>The Ski Club CERN is affiliated to the French ski federation (F\u00e9d\u00e9ration Fran\u00e7aise du Ski, FFS), whose rules require that each participant in a mountain activity organised by the club must hold a &#8220;<a href=\"https:\/\/ffs.fr\/nos-licences\/\" target=\"_blank\" rel=\"noopener noreferrer\">Licence Carte Neige Loisir<\/a>&#8221; (Carte neige).<br \/>\nThis card is valid from the 1st of October to the the 14th October of the following year.<\/p>\n<p>The Carte neige \u2013 which you will get automatically by subscribing to a mountain activity \u2013 comprises a compulsory insurance against risks related to the practice of ski, including off-piste skiing. It is the <a href=\"https:\/\/ffs.fr\/options-dassurance-et-garanties-complementaires\/\" target=\"_blank\" rel=\"noopener\">Medium<\/a> option, with options &#8220;Standard&#8221; and &#8220;Famille&#8221; (family). Once you log in to your<a href=\"https:\/\/monespace.ffs.fr\/\" target=\"_blank\" rel=\"noopener\"> FFS account<\/a>, you will get the possibility to increase your coverage.<\/p>\n<p>The following table gives an overview about the validity of the types of Carte neige for the different\u00a0activities:<\/p>\n<p>&nbsp;<\/p>\n<table style=\"width: 80%\">\n<tbody>\n<tr>\n<td><strong>Activity<\/strong><\/td>\n<td style=\"text-align: center\" colspan=\"3\"><strong>Carte Neige \u2013 Type<\/strong><\/td>\n<\/tr>\n<tr>\n<td><strong>\u00a0<\/strong><\/td>\n<td style=\"text-align: center\"><strong>Standard<\/strong><\/td>\n<td style=\"text-align: center\"><strong>Famille<\/strong><\/td>\n<\/tr>\n<tr>\n<td>Downhill Skiing<\/td>\n<td style=\"text-align: center\">x<\/td>\n<td style=\"text-align: center\">x<\/td>\n<\/tr>\n<tr>\n<td>Snowboarding<\/td>\n<td style=\"text-align: center\">x<\/td>\n<td style=\"text-align: center\">x<\/td>\n<\/tr>\n<tr>\n<td>Cross-country skiing<\/td>\n<td style=\"text-align: center\">x<\/td>\n<td style=\"text-align: center\">x<\/td>\n<\/tr>\n<tr>\n<td>Ski\u00a0Touring<\/td>\n<td style=\"text-align: center\">x<\/td>\n<td style=\"text-align: center\">x<\/td>\n<\/tr>\n<tr>\n<td>Gymnastics<\/td>\n<td style=\"text-align: center\" colspan=\"3\">Carte Neige\u00a0not required<\/td>\n<\/tr>\n<\/tbody>\n<\/table>\n<p>&nbsp;<\/p>\n<p>The\u00a0\u00ab\u00a0Famille\u00a0\u00bb\u00a0 Carte neige has the same coverage as the \u00ab\u00a0Standard\u00a0\u00bb one, but covers all members of a\u00a0familly living in the same household.<\/p>\n<p>Have a look into the\u00a0<a href=\"http:\/\/www.kananas.com\/skiclubcern\/prix\/\">price list<\/a> for information about the price of the Carte neige.<\/p>\n<p>If you want to get a Carte neige, please follow the <a href=\"http:\/\/www.kananas.com\/skiclubcern\/cards\/carte-neige\/procedure-for-obtaining-a-carte-neige\/\">applicable procedure<\/a>.<\/p>\n<p>In case of an accident, follow the instructions on the <a href=\"https:\/\/ffs.fr\/declaration-daccident\/\" target=\"_blank\" rel=\"noopener noreferrer\">FFS web site<\/a>. Beware of the 5 days delay for your accident declaration!<\/p>\n","protected":false},"excerpt":{"rendered":"<p>Version fran\u00e7aise The Ski Club CERN is affiliated to the French ski federation (F\u00e9d\u00e9ration Fran\u00e7aise du Ski, FFS), whose rules require that each participant in a mountain activity organised by the club must hold a &#8220;Licence Carte Neige Loisir&#8221; (Carte neige). This card is valid from the 1st of October to the the 14th October of the following year. The Carte neige \u2013 which you will get automatically by subscribing to a mountain activity \u2013 comprises a compulsory insurance against risks related to the practice of ski, including off-piste skiing. It is the Medium option, with options &#8220;Standard&#8221; and &#8220;Famille&#8221; (family). Once you log in to your FFS account, you will get the possibility to increase your coverage. The following table gives an overview about the validity of the types of Carte neige for the different\u00a0activities: &nbsp; Activity Carte Neige \u2013 Type \u00a0 Standard Famille Downhill Skiing x x Snowboarding x x Cross-country skiing x x Ski\u00a0Touring x x Gymnastics Carte Neige\u00a0not required &nbsp; The\u00a0\u00ab\u00a0Famille\u00a0\u00bb\u00a0 Carte neige has the same coverage as the \u00ab\u00a0Standard\u00a0\u00bb one, but covers all members of a\u00a0familly living in the same household. Have a look into the\u00a0price list for information about the price of the Carte neige. If you want to get a Carte neige, please follow the applicable procedure. In case of an accident, follow the instructions on the FFS web site. Beware of the 5 days delay for your accident declaration!<\/p>\n","protected":false},"author":911,"featured_media":0,"parent":447,"menu_order":0,"comment_status":"closed","ping_status":"closed","template":"","meta":{"_crdt_document":"","footnotes":""},"class_list":["post-528","page","type-page","status-publish","hentry"],"_links":{"self":[{"href":"https:\/\/www.kananas.com\/skiclubcern\/wp-json\/wp\/v2\/pages\/528","targetHints":{"allow":["GET"]}}],"collection":[{"href":"https:\/\/www.kananas.com\/skiclubcern\/wp-json\/wp\/v2\/pages"}],"about":[{"href":"https:\/\/www.kananas.com\/skiclubcern\/wp-json\/wp\/v2\/types\/page"}],"author":[{"embeddable":true,"href":"https:\/\/www.kananas.com\/skiclubcern\/wp-json\/wp\/v2\/users\/911"}],"replies":[{"embeddable":true,"href":"https:\/\/www.kananas.com\/skiclubcern\/wp-json\/wp\/v2\/comments?post=528"}],"version-history":[{"count":8,"href":"https:\/\/www.kananas.com\/skiclubcern\/wp-json\/wp\/v2\/pages\/528\/revisions"}],"predecessor-version":[{"id":3086,"href":"https:\/\/www.kananas.com\/skiclubcern\/wp-json\/wp\/v2\/pages\/528\/revisions\/3086"}],"up":[{"embeddable":true,"href":"https:\/\/www.kananas.com\/skiclubcern\/wp-json\/wp\/v2\/pages\/447"}],"wp:attachment":[{"href":"https:\/\/www.kananas.com\/skiclubcern\/wp-json\/wp\/v2\/media?parent=528"}],"curies":[{"name":"wp","href":"https:\/\/api.w.org\/{rel}","templated":true}]}}