{"id":553,"date":"2016-11-08T11:50:50","date_gmt":"2016-11-08T09:50:50","guid":{"rendered":"http:\/\/www.kananas.com\/skiclubducern3300\/?page_id=553"},"modified":"2025-10-20T21:29:41","modified_gmt":"2025-10-20T19:29:41","slug":"contactez-nous","status":"publish","type":"page","link":"https:\/\/www.kananas.com\/skiclubcern\/activites\/ski-de-fond\/contactez-nous\/","title":{"rendered":"Contactez nous \/ Contact us"},"content":{"rendered":"<table style=\"border-collapse: collapse;width: 100%\" bgcolor=\"#D3D3D3\">\n<tbody>\n<tr>\n<td style=\"width: 14.2857%;text-align: center\"><strong><a href=\"https:\/\/www.kananas.com\/skiclubcern\/activites\/ski-de-fond\/quest-ce-que-le-ski-de-fond-what-is-ski-de-fond\/\">Qu&#8217;est ce que le ski de fond?<\/a><\/strong><\/td>\n<td style=\"width: 14.2857%;text-align: center\"><strong><a href=\"https:\/\/www.kananas.com\/skiclubcern\/activites\/ski-de-fond\/calendrier\/\">Calendrier saison 2026<\/a><\/strong><\/td>\n<td style=\"width: 14.2857%;text-align: center\"><a href=\"https:\/\/www.kananas.com\/skiclubcern\/activites\/ski-de-fond\/niveaux-de-ski-de-fond\/\"><strong>Quel est mon niveau?<\/strong><\/a><\/td>\n<td style=\"width: 14.2857%;text-align: center\"><a href=\"https:\/\/www.kananas.com\/skiclubcern\/activites\/ski-de-fond\/foire-aux-questions\/\"><strong>FAQ<\/strong><\/a><\/td>\n<td style=\"width: 14.2857%;text-align: center\"><a href=\"https:\/\/www.kananas.com\/skiclubcern\/activites\/ski-de-fond\/liens-utiles\/\"><strong>Liens outils<\/strong><\/a><\/td>\n<td style=\"width: 14.2857%;text-align: center\"><strong><a href=\"https:\/\/www.kananas.com\/skiclubcern\/activites\/ski-de-fond\/\">Ski de fond homepage<\/a><\/strong><\/td>\n<td style=\"width: 14.2857%;text-align: center\"><a href=\"https:\/\/www.kananas.com\/skiclubcern\/activites\/ski-de-fond\/nos-moniteurs-our-instructors\/\"><strong>Nos moniteurs<\/strong><\/a><\/td>\n<\/tr>\n<\/tbody>\n<\/table>\n<p><strong><span style=\"color: #0000ff\">Fran\u00e7ais<\/span><\/strong><\/p>\n<p style=\"padding-left: 40px\">Pour toute question concernant les pages web, le ski de fond en g\u00e9n\u00e9ral, les sorties ou si vous avez des suggestions, n\u2019h\u00e9sitez pas \u00e0 envoyer un e-mail \u00e0 l\u2019adresse ci-dessous.<\/p>\n<p style=\"padding-left: 40px\">Si vous ne recevez pas de r\u00e9ponse tout de suite, ne d\u00e9sesp\u00e9rez pas, nous devons donner la priorit\u00e9 \u00e0 notre activit\u00e9 professionnelle ! Apr\u00e8s tout, notre engagement au sein du ski club reste b\u00e9n\u00e9vole et nous faisons tout notre possible pour vous r\u00e9pondre au plus vite.<\/p>\n<p style=\"padding-left: 40px\">Responsable de la section Ski de fond:<br \/>\n&#8211; Karoly Banicz<br \/>\n&#8211; E-mail: <a href=\"mailto:karoly.skidefondcern@proton.me\" target=\"_blank\" rel=\"noopener\">karoly.skidefondcern@proton.me<\/a> (anglais, fran\u00e7ais, hongrois)<\/p>\n<p style=\"padding-left: 40px\">Mailing liste des moniteurs\/trices: <a href=\"mailto:club-ski-de-fond-moniteurs@cern.ch\">club-ski-de-fond-moniteurs@cern.ch<\/a><\/p>\n<p><a name=\"contact-en\"><\/a><\/p>\n<table style=\"border-collapse: collapse;width: 100%\" bgcolor=\"#D3D3D3\">\n<tbody>\n<tr>\n<td style=\"width: 16.6667%;text-align: center\"><strong><a href=\"https:\/\/www.kananas.com\/skiclubcern\/activites\/ski-de-fond\/quest-ce-que-le-ski-de-fond-what-is-ski-de-fond#what-is-en\">What is cross country skiing?<\/a><\/strong><\/td>\n<td style=\"width: 14.2857%;text-align: center\"><strong><a href=\"https:\/\/www.kananas.com\/skiclubcern\/activites\/ski-de-fond\/season-calendar\/\">Calendar 2025<\/a><\/strong><\/td>\n<td style=\"width: 14.2857%;text-align: center\"><a href=\"https:\/\/www.kananas.com\/skiclubcern\/activites\/ski-de-fond\/niveaux-des-etudiants-en\/\"><strong>What level am I?<\/strong><\/a><\/td>\n<td style=\"width: 14.2857%;text-align: center\"><a href=\"https:\/\/www.kananas.com\/skiclubcern\/activites\/ski-de-fond\/foire-aux-questions-en\/\"><strong>FAQ<\/strong><\/a><\/td>\n<td style=\"width: 14.2857%;text-align: center\"><a href=\"https:\/\/www.kananas.com\/skiclubcern\/activites\/ski-de-fond\/liens-utiles\/\"><strong>Useful links<\/strong><\/a><\/td>\n<td style=\"width: 14.2857%;text-align: center\"><strong><a href=\"https:\/\/www.kananas.com\/skiclubcern\/activites\/ski-de-fond#home-en\">Ski de fond homepage<\/a><\/strong><\/td>\n<td style=\"width: 14.2857%;text-align: center\"><a href=\"https:\/\/www.kananas.com\/skiclubcern\/activites\/ski-de-fond\/nos-moniteurs-our-instructors\/\"><strong>Our instructors<\/strong><\/a><\/td>\n<\/tr>\n<\/tbody>\n<\/table>\n<p><span style=\"color: #0000ff\"><strong>English<\/strong><\/span><\/p>\n<p style=\"padding-left: 40px\">If you have any questions about the web pages, cross-country skiing in general, outings or if you have any suggestions, please don&#8217;t hesitate to send an e-mail to the address below.<\/p>\n<p style=\"padding-left: 40px\">If you don&#8217;t receive a reply straight away, don&#8217;t despair &#8211; we have to give priority to our professional activities! After all, our involvement with the ski club is voluntary and we&#8217;ll do our best to get back to you as soon as possible.<\/p>\n<p style=\"padding-left: 40px\">Head of cross-country skiing:<br \/>\n&#8211; Karoly Banicz<br \/>\n&#8211; E-mail: <a href=\"mailto:karoly.skidefondcern@proton.me\" target=\"_blank\" rel=\"noopener\">karoly.skidefondcern@proton.me<\/a> (English, French, Hungarian)<\/p>\n<p style=\"padding-left: 40px\">Mailing list for all instructors: <a href=\"mailto:club-ski-de-fond-moniteurs@cern.ch\">club-ski-de-fond-moniteurs@cern.ch<\/a><\/p>\n","protected":false},"excerpt":{"rendered":"<p>Qu&#8217;est ce que le ski de fond? Calendrier saison 2026 Quel est mon niveau? FAQ Liens outils Ski de fond homepage Nos moniteurs Fran\u00e7ais Pour toute question concernant les pages web, le ski de fond en g\u00e9n\u00e9ral, les sorties ou si vous avez des suggestions, n\u2019h\u00e9sitez pas \u00e0 envoyer un e-mail \u00e0 l\u2019adresse ci-dessous. Si vous ne recevez pas de r\u00e9ponse tout de suite, ne d\u00e9sesp\u00e9rez pas, nous devons donner la priorit\u00e9 \u00e0 notre activit\u00e9 professionnelle ! Apr\u00e8s tout, notre engagement au sein du ski club reste b\u00e9n\u00e9vole et nous faisons tout notre possible pour vous r\u00e9pondre au plus vite. Responsable de la section Ski de fond: &#8211; Karoly Banicz &#8211; E-mail: karoly.skidefondcern@proton.me (anglais, fran\u00e7ais, hongrois) Mailing liste des moniteurs\/trices: club-ski-de-fond-moniteurs@cern.ch What is cross country skiing? Calendar 2025 What level am I? FAQ Useful links Ski de fond homepage Our instructors English If you have any questions about the web pages, cross-country skiing in general, outings or if you have any suggestions, please don&#8217;t hesitate to send an e-mail to the address below. If you don&#8217;t receive a reply straight away, don&#8217;t despair &#8211; we have to give priority to our professional activities! After all, our involvement with the ski club is voluntary and we&#8217;ll do our best to get back to you as soon as possible. Head of cross-country skiing: &#8211; Karoly Banicz &#8211; E-mail: karoly.skidefondcern@proton.me (English, French, Hungarian) Mailing list for all instructors: club-ski-de-fond-moniteurs@cern.ch<\/p>\n","protected":false},"author":911,"featured_media":0,"parent":187,"menu_order":0,"comment_status":"closed","ping_status":"closed","template":"","meta":{"_crdt_document":"","footnotes":""},"class_list":["post-553","page","type-page","status-publish","hentry"],"_links":{"self":[{"href":"https:\/\/www.kananas.com\/skiclubcern\/wp-json\/wp\/v2\/pages\/553","targetHints":{"allow":["GET"]}}],"collection":[{"href":"https:\/\/www.kananas.com\/skiclubcern\/wp-json\/wp\/v2\/pages"}],"about":[{"href":"https:\/\/www.kananas.com\/skiclubcern\/wp-json\/wp\/v2\/types\/page"}],"author":[{"embeddable":true,"href":"https:\/\/www.kananas.com\/skiclubcern\/wp-json\/wp\/v2\/users\/911"}],"replies":[{"embeddable":true,"href":"https:\/\/www.kananas.com\/skiclubcern\/wp-json\/wp\/v2\/comments?post=553"}],"version-history":[{"count":10,"href":"https:\/\/www.kananas.com\/skiclubcern\/wp-json\/wp\/v2\/pages\/553\/revisions"}],"predecessor-version":[{"id":3358,"href":"https:\/\/www.kananas.com\/skiclubcern\/wp-json\/wp\/v2\/pages\/553\/revisions\/3358"}],"up":[{"embeddable":true,"href":"https:\/\/www.kananas.com\/skiclubcern\/wp-json\/wp\/v2\/pages\/187"}],"wp:attachment":[{"href":"https:\/\/www.kananas.com\/skiclubcern\/wp-json\/wp\/v2\/media?parent=553"}],"curies":[{"name":"wp","href":"https:\/\/api.w.org\/{rel}","templated":true}]}}