{"id":6,"date":"2022-12-07T15:30:17","date_gmt":"2022-12-07T14:30:17","guid":{"rendered":"http:\/\/www.kananas.com\/skiclubducern3300\/contact\/"},"modified":"2025-11-25T22:57:18","modified_gmt":"2025-11-25T21:57:18","slug":"contact","status":"publish","type":"page","link":"https:\/\/www.kananas.com\/skiclubcern\/contact\/","title":{"rendered":"Contact"},"content":{"rendered":"<p style=\"text-align: right\"><span style=\"font-size: 14pt\"><strong><a href=\"http:\/\/www.kananas.com\/skiclubcern\/contact-en\/\">English version<\/a><\/strong><\/span><\/p>\n<table style=\"width: 79.24118197831285%\">\n<tbody>\n<tr>\n<td style=\"vertical-align: top;width: 20.34188034188034%;text-align: left\"><strong>Adresse\u00a0postale<\/strong><\/td>\n<td style=\"vertical-align: top;width: 83.45593536947848%;text-align: left\">Ski Club CERN<br \/>\n<span class=\"T286Pc\" data-sfc-cp=\"\" data-processed=\"true\">Esplanade des Particules 1<br \/>\n<\/span><span class=\"T286Pc\" data-sfc-cp=\"\" data-processed=\"true\">P.O. Box, 1211 Geneva 23<br \/>\n<\/span>or<br \/>\nF-01631 CERN CEDEX<\/td>\n<\/tr>\n<tr>\n<td style=\"vertical-align: top;width: 20.34188034188034%;text-align: left\"><strong>e-mail<\/strong><\/td>\n<td style=\"width: 83.45593536947848%;text-align: left\"><a href=\"mailto:ski.club@cern.ch\">ski.club@cern.ch<\/a> pour toute question concernant le fonctionnement du club, les activit\u00e9s, les inscriptions, le paiement, l&#8217;espace membre, etc.Veuillez noter que les courriels ne sont lus qu&#8217;occasionnellement. Avant d&#8217;envoyer des questions, v\u00e9rifiez que la r\u00e9ponse ne figure pas sur le site web<\/td>\n<\/tr>\n<tr>\n<td style=\"vertical-align: top;width: 20.34188034188034%;text-align: left\"><strong>Permanences<\/strong><\/td>\n<td style=\"width: 83.45593536947848%;text-align: left\">De d\u00e9cembre \u00e0 fin mars, tous les jeudis de 18 h \u00e0 19 h, g\u00e9n\u00e9ralement au CERN dans la <a href=\"http:\/\/maps.google.com\/maps?f=d&amp;saddr=CERN,+Meyrin&amp;daddr=CERN+SKI+CLUB+-+B%C3%A2timent+504+%28Restaurant+2%29&amp;hl=fr&amp;geocode=%3BFTpxwQIdSDxcACGdSeqfhksq8w&amp;mra=ls&amp;sll=46.233095,6.049005&amp;sspn=0.005329,0.009656&amp;ie=UTF8&amp;t=h&amp;ll=46.233095,6.049005&amp;spn=0.010657,0.019312&amp;z=16\" target=\"_blank\" rel=\"noopener noreferrer\">mezzanine des clubs, restaurant n\u00b0 2, b\u00e2timent 504<\/a>, site de Meyrin:<\/p>\n<ul>\n<li>s\u2019inscrire aux club et ses activit\u00e9s diverses (si on ne veut pas passer s&#8217;inscire en ligne);<\/li>\n<li>r\u00e9cup\u00e9rer la carte GIA, les objets perdus;<\/li>\n<li>rencontrer les moniteurs, les membres du comit\u00e9, d&#8217;autres skieurs, pour se renseigner, bavarder,\u00a0etc.<\/li>\n<\/ul>\n<p>Important:<\/p>\n<ul>\n<li>Si vous n\u2019avez pas de carte d&#8217;acc\u00e8s CERN, vous devez imp\u00e9rativement vous inscrire en tant que participant de l&#8217;\u00e9v\u00e9nement (date) correspondant de <a href=\"https:\/\/indico.cern.ch\/category\/20628\/\">cette liste<\/a> avant de venir \u00e0 la permanence.<\/li>\n<\/ul>\n<\/td>\n<\/tr>\n<tr>\n<td style=\"vertical-align: top;width: 20.34188034188034%;text-align: left\"><strong>Webmaster<\/strong><\/td>\n<td style=\"width: 83.45593536947848%;text-align: left\">Pour communiquer les probl\u00e8mes que vous rencontrez sur notre site web (p.ex. lien cass\u00e9)\u00a0:e-mail: <a href=\"mailto:club-ski-webmaster@cern.ch?subject=Ski Club CERN web pages - Feedback\">club-ski-webmaster@cern.ch<\/a><\/td>\n<\/tr>\n<tr>\n<td style=\"vertical-align: top;width: 20.3419%;text-align: left\"><strong>Social networks<br \/>\n<\/strong><\/td>\n<td style=\"width: 83.4559%;text-align: left\"><a href=\"https:\/\/www.instagram.com\/cernskiclub\/\">Instagram<\/a><br \/>\n<a href=\"https:\/\/www.facebook.com\/groups\/CERN.Ski.Club.Friends\/\">Facebook<\/a><br \/>\n<a href=\"https:\/\/mattermost.web.cern.ch\/cern-ski-club\/channels\/town-square\">Mattermost<\/a><br \/>\n<a href=\"https:\/\/chat.whatsapp.com\/DDpX69t4l0HGrq1LJvWBHq\">Whatsapp<\/a><\/td>\n<\/tr>\n<\/tbody>\n<\/table>\n","protected":false},"excerpt":{"rendered":"<p>English version Adresse\u00a0postale Ski Club CERN Esplanade des Particules 1 P.O. Box, 1211 Geneva 23 or F-01631 CERN CEDEX e-mail ski.club@cern.ch pour toute question concernant le fonctionnement du club, les activit\u00e9s, les inscriptions, le paiement, l&#8217;espace membre, etc.Veuillez noter que les courriels ne sont lus qu&#8217;occasionnellement. Avant d&#8217;envoyer des questions, v\u00e9rifiez que la r\u00e9ponse ne figure pas sur le site web Permanences De d\u00e9cembre \u00e0 fin mars, tous les jeudis de 18 h \u00e0 19 h, g\u00e9n\u00e9ralement au CERN dans la mezzanine des clubs, restaurant n\u00b0 2, b\u00e2timent 504, site de Meyrin: s\u2019inscrire aux club et ses activit\u00e9s diverses (si on ne veut pas passer s&#8217;inscire en ligne); r\u00e9cup\u00e9rer la carte GIA, les objets perdus; rencontrer les moniteurs, les membres du comit\u00e9, d&#8217;autres skieurs, pour se renseigner, bavarder,\u00a0etc. Important: Si vous n\u2019avez pas de carte d&#8217;acc\u00e8s CERN, vous devez imp\u00e9rativement vous inscrire en tant que participant de l&#8217;\u00e9v\u00e9nement (date) correspondant de cette liste avant de venir \u00e0 la permanence. Webmaster Pour communiquer les probl\u00e8mes que vous rencontrez sur notre site web (p.ex. lien cass\u00e9)\u00a0:e-mail: club-ski-webmaster@cern.ch Social networks Instagram Facebook Mattermost Whatsapp<\/p>\n","protected":false},"author":911,"featured_media":0,"parent":0,"menu_order":0,"comment_status":"closed","ping_status":"closed","template":"","meta":{"_crdt_document":"","footnotes":""},"class_list":["post-6","page","type-page","status-publish","hentry"],"_links":{"self":[{"href":"https:\/\/www.kananas.com\/skiclubcern\/wp-json\/wp\/v2\/pages\/6","targetHints":{"allow":["GET"]}}],"collection":[{"href":"https:\/\/www.kananas.com\/skiclubcern\/wp-json\/wp\/v2\/pages"}],"about":[{"href":"https:\/\/www.kananas.com\/skiclubcern\/wp-json\/wp\/v2\/types\/page"}],"author":[{"embeddable":true,"href":"https:\/\/www.kananas.com\/skiclubcern\/wp-json\/wp\/v2\/users\/911"}],"replies":[{"embeddable":true,"href":"https:\/\/www.kananas.com\/skiclubcern\/wp-json\/wp\/v2\/comments?post=6"}],"version-history":[{"count":10,"href":"https:\/\/www.kananas.com\/skiclubcern\/wp-json\/wp\/v2\/pages\/6\/revisions"}],"predecessor-version":[{"id":3589,"href":"https:\/\/www.kananas.com\/skiclubcern\/wp-json\/wp\/v2\/pages\/6\/revisions\/3589"}],"wp:attachment":[{"href":"https:\/\/www.kananas.com\/skiclubcern\/wp-json\/wp\/v2\/media?parent=6"}],"curies":[{"name":"wp","href":"https:\/\/api.w.org\/{rel}","templated":true}]}}