{"id":60,"date":"2023-11-02T12:30:11","date_gmt":"2023-11-02T11:30:11","guid":{"rendered":"http:\/\/www.kananas.com\/skiclubducern3300\/?page_id=60"},"modified":"2025-11-13T14:22:26","modified_gmt":"2025-11-13T13:22:26","slug":"ski-alpin","status":"publish","type":"page","link":"https:\/\/www.kananas.com\/skiclubcern\/activites\/ski-alpin\/","title":{"rendered":"Ski alpin"},"content":{"rendered":"<p style=\"text-align: right\"><span style=\"font-size: 8pt\"><a href=\"http:\/\/www.kananas.com\/skiclubcern\/activities\/downhill-skiing\/\">English version<\/a><\/span><\/p>\n<p>La section de Ski alpin propose aux membres du Ski Club CERN des activit\u00e9s diff\u00e9rentes:<\/p>\n<ul>\n<li>les <strong>cours de ski alpin<\/strong> qui se d\u00e9roulent de d\u00e9but janvier \u00e0 d\u00e9but f\u00e9vrier, sur 5 samedi ou dimanche cons\u00e9cutifs.<br \/>Ils s&#8217;adressent notamment aux adultes, mais le cas \u00e9ch\u00e9ant un cours d&#8217;enfants peut \u00eatre organis\u00e9 \u00e0 la demande.<br \/>Tous les niveaux &#8211; de d\u00e9butant (niveau 0) \u00e0 l&#8217;expert (niveau 3.5) &#8211; sont enseign\u00e9s.<\/li>\n<li>les <strong>sorties journali\u00e8res libres<\/strong> qui se d\u00e9roulent de d\u00e9but janvier \u00e0 fin mars.<br \/>De d\u00e9but janvier \u00e0 d\u00e9but f\u00e9vrier, les sorties ont lieu samedi et dimanche. Ensuite, le samedi\u00a0seulement.<\/li>\n<li>les <strong>sorties journali\u00e8res en groupe\u00a0<\/strong>qui se d\u00e9roulent de mi-f\u00e9vrier\u00a0\u00e0 fin mars, le samedi seulement.<br \/>Nos\u00a0moniteurs de ski alpin sont \u00e0 disposition pour encadrer un groupe et le prom\u00e9ner dans la station de ski.<\/li>\n<li>Les <strong>sorties de week-end<\/strong> en Italie et a Chamonix, avec une ou deux nuit\u00e9es \u00e0 l&#8217;h\u00f4tel. Les participants skient librement ou en groupe, au choix.<\/li>\n<\/ul>\n<p>La <a href=\"http:\/\/www.kananas.com\/skiclubcern\/cartes\/carte-neige\/\">Carte neige<\/a> est requise pour toute activit\u00e9 de la section de Ski alpin.<\/p>\n<p>Leaflet:\u00a0<a href=\"https:\/\/www.kananas.com\/skiclubcern\/wp-content\/uploads\/sites\/882\/2025\/11\/SkiClubAlpineFlyer2025-26.pdf\">Ski Club Alpine Flyer 2025-26<\/a><\/p>\n<p>\u00a0<\/p>\n\n","protected":false},"excerpt":{"rendered":"<p>English version La section de Ski alpin propose aux membres du Ski Club CERN des activit\u00e9s diff\u00e9rentes: les cours de ski alpin qui se d\u00e9roulent de d\u00e9but janvier \u00e0 d\u00e9but f\u00e9vrier, sur 5 samedi ou dimanche cons\u00e9cutifs.Ils s&#8217;adressent notamment aux adultes, mais le cas \u00e9ch\u00e9ant un cours d&#8217;enfants peut \u00eatre organis\u00e9 \u00e0 la demande.Tous les niveaux &#8211; de d\u00e9butant (niveau 0) \u00e0 l&#8217;expert (niveau 3.5) &#8211; sont enseign\u00e9s. les sorties journali\u00e8res libres qui se d\u00e9roulent de d\u00e9but janvier \u00e0 fin mars.De d\u00e9but janvier \u00e0 d\u00e9but f\u00e9vrier, les sorties ont lieu samedi et dimanche. Ensuite, le samedi\u00a0seulement. les sorties journali\u00e8res en groupe\u00a0qui se d\u00e9roulent de mi-f\u00e9vrier\u00a0\u00e0 fin mars, le samedi seulement.Nos\u00a0moniteurs de ski alpin sont \u00e0 disposition pour encadrer un groupe et le prom\u00e9ner dans la station de ski. Les sorties de week-end en Italie et a Chamonix, avec une ou deux nuit\u00e9es \u00e0 l&#8217;h\u00f4tel. Les participants skient librement ou en groupe, au choix. La Carte neige est requise pour toute activit\u00e9 de la section de Ski alpin. Leaflet:\u00a0Ski Club Alpine Flyer 2025-26 \u00a0<\/p>\n","protected":false},"author":911,"featured_media":0,"parent":95,"menu_order":0,"comment_status":"closed","ping_status":"closed","template":"","meta":{"_crdt_document":"","footnotes":""},"class_list":["post-60","page","type-page","status-publish","hentry"],"_links":{"self":[{"href":"https:\/\/www.kananas.com\/skiclubcern\/wp-json\/wp\/v2\/pages\/60","targetHints":{"allow":["GET"]}}],"collection":[{"href":"https:\/\/www.kananas.com\/skiclubcern\/wp-json\/wp\/v2\/pages"}],"about":[{"href":"https:\/\/www.kananas.com\/skiclubcern\/wp-json\/wp\/v2\/types\/page"}],"author":[{"embeddable":true,"href":"https:\/\/www.kananas.com\/skiclubcern\/wp-json\/wp\/v2\/users\/911"}],"replies":[{"embeddable":true,"href":"https:\/\/www.kananas.com\/skiclubcern\/wp-json\/wp\/v2\/comments?post=60"}],"version-history":[{"count":10,"href":"https:\/\/www.kananas.com\/skiclubcern\/wp-json\/wp\/v2\/pages\/60\/revisions"}],"predecessor-version":[{"id":3536,"href":"https:\/\/www.kananas.com\/skiclubcern\/wp-json\/wp\/v2\/pages\/60\/revisions\/3536"}],"up":[{"embeddable":true,"href":"https:\/\/www.kananas.com\/skiclubcern\/wp-json\/wp\/v2\/pages\/95"}],"wp:attachment":[{"href":"https:\/\/www.kananas.com\/skiclubcern\/wp-json\/wp\/v2\/media?parent=60"}],"curies":[{"name":"wp","href":"https:\/\/api.w.org\/{rel}","templated":true}]}}