{"id":66,"date":"2022-11-13T20:15:55","date_gmt":"2022-11-13T19:15:55","guid":{"rendered":"http:\/\/www.kananas.com\/skiclubducern3300\/?page_id=66"},"modified":"2022-11-13T20:08:09","modified_gmt":"2022-11-13T19:08:09","slug":"niveaux-de-ski","status":"publish","type":"page","link":"https:\/\/www.kananas.com\/skiclubcern\/activites\/ski-alpin\/niveaux-de-ski\/","title":{"rendered":"Niveaux de ski alpin"},"content":{"rendered":"<p style=\"text-align: right\"><a href=\"http:\/\/www.kananas.com\/skiclubcern\/activities\/downhill-skiing\/ski-levels\/\"><span style=\"font-size: 8pt\">English version<\/span><\/a><\/p>\n<p>Lors de\u00a0l&#8217;inscription choisissez votre niveau de ski suivant les informations fournies ci-dessous.<\/p>\n<p>Si vous n&#8217;arrivez pas \u00e0 vous \u00e9valuer, venez vous faire conseiller \u00e0 une de nos permanences club. Dans tous les cas votre moniteur \u00e9valuera votre niveau au premier cours.<\/p>\n<h1>Techniques du ski \u00e0 apprendre dans chaque niveau<\/h1>\n<h2>0.0 \u00e0 0.5 (0.0: d\u00e9butant)<\/h2>\n<p style=\"padding-left: 30px\">(0.0: jamais ski\u00e9, 0.5 : \u00e0 l&#8217;aise sur pistes vertes)<\/p>\n<p style=\"padding-left: 30px\">L&#8217;objectif du cours est:<\/p>\n<ul style=\"padding-left: 30px\">\n<li>Se familiariser avec le mat\u00e9riel et la neige.<\/li>\n<li>Equilibre en glissement sur terrain lisse en pente faible.<\/li>\n<li>Virage chasse-neige.<\/li>\n<li>Contr\u00f4le de la vitesse par des trajectoires serpentines.<\/li>\n<li>Utilisation des remont\u00e9es m\u00e9caniques.<\/li>\n<\/ul>\n<p style=\"padding-left: 30px\">Vous avez atteint l&#8217;objectif quand vous maitrisez les virages et mouvements montr\u00e9s dans ces <a href=\"http:\/\/mementoski.com\/progression-ski\/ski-classe-0\/ski-classe-0-mouvements\/\" target=\"_blank\" rel=\"noopener\">vid\u00e9os<\/a>.<\/p>\n<h2>1.0 \u00e0\u00a01.5<\/h2>\n<p style=\"padding-left: 30px\">(1.0: \u00e0 l&#8217;aise sur pistes bleue facile, 1.5: \u00e0 l&#8217;aise sur pistes bleue)<\/p>\n<p style=\"padding-left: 30px\">L&#8217;objectif du cours est:<\/p>\n<ul style=\"padding-left: 30px\">\n<li>Descente en virage \u00e9l\u00e9mentaire sur pente faible \u00e0 moyenne.<\/li>\n<li>Trace directe \u00e9l\u00e9mentaire.<\/li>\n<li>D\u00e9rapages \u00e9l\u00e9mentaires : arrondi, en biais.<\/li>\n<li>Pas tournants gliss\u00e9s vers l\u2019amont.<\/li>\n<\/ul>\n<p style=\"padding-left: 30px\">Vous avez atteint l&#8217;objectif quand vous maitrisez les virages et mouvements montr\u00e9s dans ces <a href=\"http:\/\/mementoski.com\/progression-ski\/ski-classe-1\/ski-classe-1-mouvements\/\" target=\"_blank\" rel=\"noopener\">vid\u00e9os<\/a>.<\/p>\n<h2>2.0 \u00e0\u00a02.5<\/h2>\n<p style=\"padding-left: 30px\">(2.0: \u00e0 l&#8217;aise sur pistes rouge facule, 2.5: \u00e0 l&#8217;aise sur pistes rouge)<\/p>\n<p style=\"padding-left: 30px\">L&#8217;objectif du cours est:<\/p>\n<ul style=\"padding-left: 30px\">\n<li>Descente en virage parall\u00e8le de base sur pente moyenne et vari\u00e9e.<\/li>\n<li>Trace directe de base.<\/li>\n<li>D\u00e9rapages et festons de base.<\/li>\n<li>Godilles de base.<\/li>\n<\/ul>\n<p style=\"padding-left: 30px\">Vous avez atteint l&#8217;objectif quand vous maitrisez les virages et mouvements montr\u00e9s dans ces <a href=\"http:\/\/mementoski.com\/progression-ski\/ski-classe-2\/ski-classe-2-mouvements\/\" target=\"_blank\" rel=\"noopener\">vid\u00e9os<\/a>.<\/p>\n<h2>3.0<\/h2>\n<p style=\"padding-left: 30px\">(3.0: \u00e0 l&#8217;aise sur pistes noire facile)<\/p>\n<p style=\"padding-left: 30px\">L&#8217;objectif du cours est:<\/p>\n<ul style=\"padding-left: 30px\">\n<li>Descente en virages perfectionn\u00e9s sur tous types de piste.<\/li>\n<li>Trace directe perfectionn\u00e9e.<\/li>\n<li>Godille perfectionn\u00e9e.<\/li>\n<li>Initiation au ski toutes neiges (tous terrains).<\/li>\n<\/ul>\n<p style=\"padding-left: 30px\">Vous avez atteint l&#8217;objectif quand vous maitrisez les virages et mouvements montr\u00e9s dans ces <a href=\"http:\/\/mementoski.com\/progression-ski\/ski-classe-3\/ski-classe-3-mouvements\/\" target=\"_blank\" rel=\"noopener\">vid\u00e9os<\/a>.<\/p>\n","protected":false},"excerpt":{"rendered":"<p>English version Lors de\u00a0l&#8217;inscription choisissez votre niveau de ski suivant les informations fournies ci-dessous. Si vous n&#8217;arrivez pas \u00e0 vous \u00e9valuer, venez vous faire conseiller \u00e0 une de nos permanences club. Dans tous les cas votre moniteur \u00e9valuera votre niveau au premier cours. Techniques du ski \u00e0 apprendre dans chaque niveau 0.0 \u00e0 0.5 (0.0: d\u00e9butant) (0.0: jamais ski\u00e9, 0.5 : \u00e0 l&#8217;aise sur pistes vertes) L&#8217;objectif du cours est: Se familiariser avec le mat\u00e9riel et la neige. Equilibre en glissement sur terrain lisse en pente faible. Virage chasse-neige. Contr\u00f4le de la vitesse par des trajectoires serpentines. Utilisation des remont\u00e9es m\u00e9caniques. Vous avez atteint l&#8217;objectif quand vous maitrisez les virages et mouvements montr\u00e9s dans ces vid\u00e9os. 1.0 \u00e0\u00a01.5 (1.0: \u00e0 l&#8217;aise sur pistes bleue facile, 1.5: \u00e0 l&#8217;aise sur pistes bleue) L&#8217;objectif du cours est: Descente en virage \u00e9l\u00e9mentaire sur pente faible \u00e0 moyenne. Trace directe \u00e9l\u00e9mentaire. D\u00e9rapages \u00e9l\u00e9mentaires : arrondi, en biais. Pas tournants gliss\u00e9s vers l\u2019amont. Vous avez atteint l&#8217;objectif quand vous maitrisez les virages et mouvements montr\u00e9s dans ces vid\u00e9os. 2.0 \u00e0\u00a02.5 (2.0: \u00e0 l&#8217;aise sur pistes rouge facule, 2.5: \u00e0 l&#8217;aise sur pistes rouge) L&#8217;objectif du cours est: Descente en virage parall\u00e8le de base sur pente moyenne et vari\u00e9e. Trace directe de base. D\u00e9rapages et festons de base. Godilles de base. Vous avez atteint l&#8217;objectif quand vous maitrisez les virages et mouvements montr\u00e9s dans ces vid\u00e9os. 3.0 (3.0: \u00e0 l&#8217;aise sur pistes noire facile) L&#8217;objectif du cours est: Descente en virages perfectionn\u00e9s sur tous types de piste. Trace directe perfectionn\u00e9e. Godille perfectionn\u00e9e. Initiation au ski toutes neiges (tous terrains). Vous avez atteint l&#8217;objectif quand vous maitrisez les virages et mouvements montr\u00e9s dans ces vid\u00e9os.<\/p>\n","protected":false},"author":911,"featured_media":0,"parent":60,"menu_order":3,"comment_status":"closed","ping_status":"closed","template":"","meta":{"_crdt_document":"","footnotes":""},"class_list":["post-66","page","type-page","status-publish","hentry"],"_links":{"self":[{"href":"https:\/\/www.kananas.com\/skiclubcern\/wp-json\/wp\/v2\/pages\/66","targetHints":{"allow":["GET"]}}],"collection":[{"href":"https:\/\/www.kananas.com\/skiclubcern\/wp-json\/wp\/v2\/pages"}],"about":[{"href":"https:\/\/www.kananas.com\/skiclubcern\/wp-json\/wp\/v2\/types\/page"}],"author":[{"embeddable":true,"href":"https:\/\/www.kananas.com\/skiclubcern\/wp-json\/wp\/v2\/users\/911"}],"replies":[{"embeddable":true,"href":"https:\/\/www.kananas.com\/skiclubcern\/wp-json\/wp\/v2\/comments?post=66"}],"version-history":[{"count":8,"href":"https:\/\/www.kananas.com\/skiclubcern\/wp-json\/wp\/v2\/pages\/66\/revisions"}],"predecessor-version":[{"id":2258,"href":"https:\/\/www.kananas.com\/skiclubcern\/wp-json\/wp\/v2\/pages\/66\/revisions\/2258"}],"up":[{"embeddable":true,"href":"https:\/\/www.kananas.com\/skiclubcern\/wp-json\/wp\/v2\/pages\/60"}],"wp:attachment":[{"href":"https:\/\/www.kananas.com\/skiclubcern\/wp-json\/wp\/v2\/media?parent=66"}],"curies":[{"name":"wp","href":"https:\/\/api.w.org\/{rel}","templated":true}]}}