{"id":810,"date":"2022-11-09T20:30:35","date_gmt":"2022-11-09T19:30:35","guid":{"rendered":"http:\/\/www.kananas.com\/skiclubducern3300\/?page_id=810"},"modified":"2022-11-09T20:57:22","modified_gmt":"2022-11-09T19:57:22","slug":"procedure-dobtention-de-carte-neige","status":"publish","type":"page","link":"https:\/\/www.kananas.com\/skiclubcern\/cartes\/carte-neige\/procedure-dobtention-de-carte-neige\/","title":{"rendered":"Proc\u00e9dure d&#8217;obtention de Carte Neige"},"content":{"rendered":"<p style=\"text-align: right\"><span style=\"font-size: 14pt\"><a href=\"http:\/\/www.kananas.com\/skiclubcern\/cards\/carte-neige\/procedure-for-obtaining-a-carte-neige\/\"><strong>English version<\/strong><\/a><\/span><\/p>\n<p>Tous les participants aux activit\u00e9s du CERN ski club se d\u00e9roulant en montagne doivent obtenir une &#8220;Carte Neige&#8221;. Conform\u00e9ment \u00e0 la loi fran\u00e7aise, la d\u00e9livrance d&#8217;une Carte Neige est soumise \u00e0 la proc\u00e9dure d\u00e9crite ci-dessous moyennant le paiement de la cotisation correspondante au club.<\/p>\n<p><strong>A partir de la saison 2022-23<\/strong>, <strong>le certificat m\u00e9dical n&#8217;est plus exig\u00e9 pour les adultes<\/strong>, mais il peut l&#8217;\u00eatre pour les <strong>mineurs<\/strong> (&lt; 18 ans) en fonction des r\u00e9ponses donn\u00e9es \u00e0 un questionnaire m\u00e9dical \u00e0 remplir obligatoirement.<\/p>\n<p><img loading=\"lazy\" decoding=\"async\" class=\"size-full wp-image-2221 aligncenter\" src=\"https:\/\/www.kananas.com\/skiclubcern\/wp-content\/uploads\/sites\/882\/2022\/11\/CarteNeige-certificatMedical-fr.jpg\" alt=\"\" width=\"421\" height=\"622\" srcset=\"https:\/\/www.kananas.com\/skiclubcern\/wp-content\/uploads\/sites\/882\/2022\/11\/CarteNeige-certificatMedical-fr.jpg 421w, https:\/\/www.kananas.com\/skiclubcern\/wp-content\/uploads\/sites\/882\/2022\/11\/CarteNeige-certificatMedical-fr-203x300.jpg 203w\" sizes=\"auto, (max-width: 421px) 100vw, 421px\" \/><\/p>\n<p>&nbsp;<\/p>\n<p>D\u00e9tails suppl\u00e9mentaires:<\/p>\n<ul>\n<li>La Carte Neige appara\u00eetra dans l&#8217;onglet &#8220;Planning&#8221; de votre compte avec d&#8217;autres activit\u00e9s. Vous pouvez alors acheter la Carte Neige seule ou associ\u00e9e \u00e0 une activit\u00e9 qui l&#8217;inclut.<\/li>\n<li>D\u00e8s r\u00e9ception du r\u00e8glement, la Carte Neige sera pr\u00e9par\u00e9e dans les plus brefs d\u00e9lais par l&#8217;un des b\u00e9n\u00e9voles du club. Cela peut prendre jusqu&#8217;\u00e0 deux semaines.<\/li>\n<li>Vous recevrez votre Carte Neige par e-mail aupr\u00e8s de la FFS. Une fois que vous l&#8217;avez, vous \u00eates membre officiel du club pour la saison concern\u00e9e. Vous devez toujours avoir votre &#8220;Carte Neige&#8221; sur vous lorsque vous participez aux activit\u00e9s de montagne du club. Alors, s&#8217;il vous pla\u00eet, ayez-le pr\u00eat sur votre t\u00e9l\u00e9phone ou imprimez-le et mettez-le dans votre portefeuille.<\/li>\n<\/ul>\n<p>&nbsp;<\/p>\n<p>Pour les <strong>mineurs<\/strong> uniquement (formalit\u00e9s effectu\u00e9es par les repr\u00e9sentants l\u00e9gaux des mineurs) :<\/p>\n<ul>\n<li>Un certificat m\u00e9dical est \u00e0 fournir uniquement si vous \u00eates mineur et que vous avez r\u00e9pondu \u00ab oui \u00bb \u00e0 une ou plusieurs des questions du <a href=\"https:\/\/www.kananas.com\/skiclubcern\/wp-content\/uploads\/sites\/882\/2022\/11\/QUESTIONNAIRE-ETAT-DE-SANTE-MINEURS-2022.pdf\">questionnaire Sant\u00e9<\/a>.\n<ul>\n<li>Vous pouvez obtenir ce certificat chez un m\u00e9decin g\u00e9n\u00e9raliste<br \/>\n(sur\u00a0le <a href=\"https:\/\/hse.cern\/fr\/content\/ressources-pour-trouver-des-soins-medicaux\">site du Service m\u00e9dical du CERN<\/a> vous trouverez une liste de m\u00e9decins dans la r\u00e9gion locale).<\/li>\n<li>Le certificat peut \u00eatre r\u00e9dig\u00e9 en fran\u00e7ais, anglais, espagnol, allemand, italien, danois, norv\u00e9gien, su\u00e9dois ou chinois, et doit contenir\u00a0la phrase &#8220;Certificat m\u00e9dical de non-contre indication \u00e0 la pratique du ski&#8221;.<\/li>\n<li><strong>Le certificat doit avoir moins de six mois.<\/strong><\/li>\n<li>Scannez ensuite votre certificat m\u00e9dical.<\/li>\n<li>Notez que le club ne\u00a0valide pas votre certificat m\u00e9dical; il est de votre responsabilit\u00e9 de fournir un certificat valide sous peine de n&#8217;\u00eatre pas assur\u00e9 et d&#8217;\u00eatre expuls\u00e9 du club.<\/li>\n<\/ul>\n<\/li>\n<\/ul>\n<ul>\n<li>Ensuite, le <strong>certificat m\u00e9dical<\/strong>, ou le <strong>questionnaire de sant\u00e9<\/strong><strong>,<\/strong> si toutes les r\u00e9ponses sont &#8220;non&#8221;, doit \u00eatre t\u00e9l\u00e9charg\u00e9 sur votre profil sur le site du club de ski du CERN (ne l&#8217;envoyez pas par e-mail) :\n<ul>\n<li>Soit en t\u00e9l\u00e9chargeant les documents sur votre compte lors de sa cr\u00e9ation (applicable uniquement aux nouveaux membres),<\/li>\n<li>Soit en t\u00e9l\u00e9chargeant le(s) document(s) dans votre \u00ab espace perso \u00bb gr\u00e2ce \u00e0 la fonctionnalit\u00e9 de t\u00e9l\u00e9chargement de son menu Documents (applicable uniquement aux membres qui ont d\u00e9j\u00e0 un compte et qui souhaitent renouveler leur adh\u00e9sion).<\/li>\n<\/ul>\n<\/li>\n<\/ul>\n<div class=\"page\" title=\"Page 12\">\n<div class=\"layoutArea\">\n<div class=\"column\"><\/div>\n<\/div>\n<\/div>\n","protected":false},"excerpt":{"rendered":"<p>English version Tous les participants aux activit\u00e9s du CERN ski club se d\u00e9roulant en montagne doivent obtenir une &#8220;Carte Neige&#8221;. Conform\u00e9ment \u00e0 la loi fran\u00e7aise, la d\u00e9livrance d&#8217;une Carte Neige est soumise \u00e0 la proc\u00e9dure d\u00e9crite ci-dessous moyennant le paiement de la cotisation correspondante au club. A partir de la saison 2022-23, le certificat m\u00e9dical n&#8217;est plus exig\u00e9 pour les adultes, mais il peut l&#8217;\u00eatre pour les mineurs (&lt; 18 ans) en fonction des r\u00e9ponses donn\u00e9es \u00e0 un questionnaire m\u00e9dical \u00e0 remplir obligatoirement. &nbsp; D\u00e9tails suppl\u00e9mentaires: La Carte Neige appara\u00eetra dans l&#8217;onglet &#8220;Planning&#8221; de votre compte avec d&#8217;autres activit\u00e9s. Vous pouvez alors acheter la Carte Neige seule ou associ\u00e9e \u00e0 une activit\u00e9 qui l&#8217;inclut. D\u00e8s r\u00e9ception du r\u00e8glement, la Carte Neige sera pr\u00e9par\u00e9e dans les plus brefs d\u00e9lais par l&#8217;un des b\u00e9n\u00e9voles du club. Cela peut prendre jusqu&#8217;\u00e0 deux semaines. Vous recevrez votre Carte Neige par e-mail aupr\u00e8s de la FFS. Une fois que vous l&#8217;avez, vous \u00eates membre officiel du club pour la saison concern\u00e9e. Vous devez toujours avoir votre &#8220;Carte Neige&#8221; sur vous lorsque vous participez aux activit\u00e9s de montagne du club. Alors, s&#8217;il vous pla\u00eet, ayez-le pr\u00eat sur votre t\u00e9l\u00e9phone ou imprimez-le et mettez-le dans votre portefeuille. &nbsp; Pour les mineurs uniquement (formalit\u00e9s effectu\u00e9es par les repr\u00e9sentants l\u00e9gaux des mineurs) : Un certificat m\u00e9dical est \u00e0 fournir uniquement si vous \u00eates mineur et que vous avez r\u00e9pondu \u00ab oui \u00bb \u00e0 une ou plusieurs des questions du questionnaire Sant\u00e9. Vous pouvez obtenir ce certificat chez un m\u00e9decin g\u00e9n\u00e9raliste (sur\u00a0le site du Service m\u00e9dical du CERN vous trouverez une liste de m\u00e9decins dans la r\u00e9gion locale). Le certificat peut \u00eatre r\u00e9dig\u00e9 en fran\u00e7ais, anglais, espagnol, allemand, italien, danois, norv\u00e9gien, su\u00e9dois ou chinois, et doit contenir\u00a0la phrase &#8220;Certificat m\u00e9dical de non-contre indication \u00e0 la pratique du ski&#8221;. Le certificat doit avoir moins de six mois. Scannez ensuite votre certificat m\u00e9dical. Notez que le club ne\u00a0valide pas votre certificat m\u00e9dical; il est de votre responsabilit\u00e9 de fournir un certificat valide sous peine de n&#8217;\u00eatre pas assur\u00e9 et d&#8217;\u00eatre expuls\u00e9 du club. Ensuite, le certificat m\u00e9dical, ou le questionnaire de sant\u00e9, si toutes les r\u00e9ponses sont &#8220;non&#8221;, doit \u00eatre t\u00e9l\u00e9charg\u00e9 sur votre profil sur le site du club de ski du CERN (ne l&#8217;envoyez pas par e-mail) : Soit en t\u00e9l\u00e9chargeant les documents sur votre compte lors de sa cr\u00e9ation (applicable uniquement aux nouveaux membres), Soit en t\u00e9l\u00e9chargeant le(s) document(s) dans votre \u00ab espace perso \u00bb gr\u00e2ce \u00e0 la fonctionnalit\u00e9 de t\u00e9l\u00e9chargement de son menu Documents (applicable uniquement aux membres qui ont d\u00e9j\u00e0 un compte et qui souhaitent renouveler leur adh\u00e9sion).<\/p>\n","protected":false},"author":911,"featured_media":0,"parent":215,"menu_order":0,"comment_status":"closed","ping_status":"closed","template":"","meta":{"_crdt_document":"","footnotes":""},"class_list":["post-810","page","type-page","status-publish","hentry"],"_links":{"self":[{"href":"https:\/\/www.kananas.com\/skiclubcern\/wp-json\/wp\/v2\/pages\/810","targetHints":{"allow":["GET"]}}],"collection":[{"href":"https:\/\/www.kananas.com\/skiclubcern\/wp-json\/wp\/v2\/pages"}],"about":[{"href":"https:\/\/www.kananas.com\/skiclubcern\/wp-json\/wp\/v2\/types\/page"}],"author":[{"embeddable":true,"href":"https:\/\/www.kananas.com\/skiclubcern\/wp-json\/wp\/v2\/users\/911"}],"replies":[{"embeddable":true,"href":"https:\/\/www.kananas.com\/skiclubcern\/wp-json\/wp\/v2\/comments?post=810"}],"version-history":[{"count":37,"href":"https:\/\/www.kananas.com\/skiclubcern\/wp-json\/wp\/v2\/pages\/810\/revisions"}],"predecessor-version":[{"id":2242,"href":"https:\/\/www.kananas.com\/skiclubcern\/wp-json\/wp\/v2\/pages\/810\/revisions\/2242"}],"up":[{"embeddable":true,"href":"https:\/\/www.kananas.com\/skiclubcern\/wp-json\/wp\/v2\/pages\/215"}],"wp:attachment":[{"href":"https:\/\/www.kananas.com\/skiclubcern\/wp-json\/wp\/v2\/media?parent=810"}],"curies":[{"name":"wp","href":"https:\/\/api.w.org\/{rel}","templated":true}]}}