{"id":90,"date":"2022-11-07T12:00:46","date_gmt":"2022-11-07T11:00:46","guid":{"rendered":"http:\/\/www.kananas.com\/skiclubducern3300\/?page_id=90"},"modified":"2026-02-12T18:56:47","modified_gmt":"2026-02-12T17:56:47","slug":"prix","status":"publish","type":"page","link":"https:\/\/www.kananas.com\/skiclubcern\/prix\/","title":{"rendered":"Prix"},"content":{"rendered":"<h1 style=\"text-align: center\">Prix (prices) 2025\/2026<\/h1>\n<p><strong>Ski Alpin &amp; Randonn\u00e9e<\/strong><br \/>\nLes prix ci-dessous comprennent <span style=\"color: #000000\">la cotisation annuelle au club, le cours (incluses transport et forfait de ski) comme d\u00e9crit, et la Carte neige<\/span> appropri\u00e9e des activit\u00e9s les plus populaires du Ski Club CERN.<br \/>\nLe prix des autres activit\u00e9s appara\u00eet dans l&#8217;onglet &#8216;Planning&#8217; de l&#8217;espace perso si les conditions d&#8217;\u00e9ligibilit\u00e9 sont remplies. Des estim\u00e2t pour les sorties alpines sont <a href=\"http:\/\/www.kananas.com\/skiclubcern\/activites\/ski-alpin\/sorties-de-ski-alpin\/\">ici<\/a>. La cotisation et la carte neige sont non-remboursable.<\/p>\n<p><em>The prices below include the annual membership fee, the class (transport and ski pass included) as stated and the appropriate Carte Neige of the most popular activities of the Ski Club CERN.<br \/>\nThe price of other activities appears in the &#8216;Planning&#8217; tab of your account upon fulfilling eligibility conditions. Price estimates for the alpine outings after courses can be found <a href=\"https:\/\/www.kananas.com\/skiclubcern\/activities\/downhill-skiing\/alpine-ski-and-snowboard-outings\/\">here<\/a>. The membership fee and carte neige are not reimbursed under any circumstances.<\/em><\/p>\n<p><strong>Ski de Fond<\/strong><em><br \/>\n<\/em>Le transport pour la sortie en dehors de La Vattay est inclus dans tous les packs. Le transport jusqu&#8217;\u00e0 La Vattay et les forfaits de ski sont \u00e0 la charge des membres<em>. <\/em>La cotisation et la carte neige sont non-remboursables. Les d\u00e9tails complets de chaque pack sont donn\u00e9s ci-dessous<em>.<\/em><\/p>\n<p>Transport for the outings outside La Vattay is included in all packs. Transport to La Vattay and ski passes are the responsibility of members. The membership fee and the carte neige cannot be reimbursed under any circumstances. Full details of each pack are given below.<\/p>\n<table style=\"width: 100%;height: 733px\">\n<thead>\n<tr style=\"height: 93px\">\n<td style=\"text-align: left;width: 45.4138%;height: 93px\">\n<h3>Description (Fran\u00e7ais)<\/h3>\n<\/td>\n<td style=\"text-align: left;width: 44.8434%;height: 93px\">\n<h3><em>Description (English)<\/em><\/h3>\n<\/td>\n<td style=\"width: 8.52503%;height: 93px\">\n<h3>Prix \/ <em>Price<\/em><\/h3>\n<\/td>\n<\/tr>\n<\/thead>\n<tbody>\n<tr style=\"background-color: #7db9d2\">\n<td style=\"text-align: left;width: 45.4138%;height: 24px\"><strong>Ski alpin &amp; Snowboard<\/strong><\/td>\n<td style=\"text-align: left;width: 44.8434%;height: 24px\"><em><strong>Downhill Skiing &amp; Snowboarding<\/strong><\/em><\/td>\n<td style=\"width: 8.52503%;height: 24px\"><\/td>\n<\/tr>\n<tr style=\"height: 48px\">\n<td style=\"text-align: left;width: 45.4138%;height: 48px\"><span style=\"font-size: 10pt\"><strong>Cours Ski alpin ou Snowboard (5 jours de le\u00e7ons)<\/strong><\/span><\/td>\n<td style=\"text-align: left;width: 44.8434%;height: 48px\"><span style=\"font-size: 10pt\"><em><strong>Downhill Skiing &amp; Snowboarding class (5 lesson days)<\/strong><\/em><\/span><\/td>\n<td style=\"width: 8.52503%;height: 48px\"><\/td>\n<\/tr>\n<tr style=\"height: 24px\">\n<td style=\"text-align: left;width: 45.4138%;height: 24px\"><span style=\"font-size: 10pt\">Adult<\/span><\/td>\n<td style=\"text-align: left;width: 44.8434%;height: 24px\"><span style=\"font-size: 10pt\"><em>Adult<\/em><\/span><\/td>\n<td style=\"text-align: right;width: 8.52503%;height: 24px\"><span style=\"font-size: 10pt\">458 \u20ac<\/span><\/td>\n<\/tr>\n<tr style=\"height: 24px\">\n<td style=\"text-align: left;width: 45.4138%;height: 24px\"><span style=\"font-size: 10pt\">Enfant<\/span><\/td>\n<td style=\"text-align: left;width: 44.8434%;height: 24px\"><span style=\"font-size: 10pt\"><em>Child<\/em><\/span><\/td>\n<td style=\"text-align: right;width: 8.52503%;height: 24px\"><span style=\"font-size: 10pt\">418 \u20ac<\/span><\/td>\n<\/tr>\n<tr style=\"height: 48px\">\n<td style=\"text-align: left;width: 45.4138%;height: 48px\"><span style=\"font-size: 10pt\"><strong>5 sorties\u00a0<\/strong><\/span><\/td>\n<td style=\"text-align: left;vertical-align: top;width: 44.8434%;height: 48px\"><span style=\"font-size: 10pt\"><em><strong>5 outings\u00a0<\/strong><\/em><\/span><\/td>\n<td style=\"width: 8.52503%;height: 48px\"><\/td>\n<\/tr>\n<tr style=\"height: 24px\">\n<td style=\"text-align: left;width: 45.4138%;height: 24px\"><span style=\"font-size: 10pt\">Adult<\/span><\/td>\n<td style=\"text-align: left;width: 44.8434%;height: 24px\"><span style=\"font-size: 10pt\"><em>Adult<\/em><\/span><\/td>\n<td style=\"text-align: right;width: 8.52503%;height: 24px\"><span style=\"font-size: 10pt\">458 \u20ac<\/span><\/td>\n<\/tr>\n<tr style=\"height: 24px\">\n<td style=\"text-align: left;width: 45.4138%;height: 24px\"><span style=\"font-size: 10pt\">Enfant (n\u00e9 en 2011 ou plus tard)<\/span><\/td>\n<td style=\"text-align: left;width: 44.8434%;height: 24px\"><span style=\"font-size: 10pt\"><em>Child (born in 2011 or after)<\/em><\/span><\/td>\n<td style=\"text-align: right;width: 8.52503%;height: 24px\"><span style=\"font-size: 10pt\">418 \u20ac<\/span><\/td>\n<\/tr>\n<tr style=\"height: 20px\">\n<td style=\"text-align: left;width: 45.4138%;height: 20px\"><span style=\"font-size: 10pt\">\u00a0<\/span><\/td>\n<td style=\"text-align: left;width: 44.8434%;height: 20px\"><span style=\"font-size: 10pt\"><em>\u00a0<\/em><\/span><\/td>\n<td style=\"text-align: right;width: 8.52503%;height: 20px\"><span style=\"font-size: 10pt\">\u00a0<\/span><\/td>\n<\/tr>\n<tr style=\"background-color: #7db9d2\">\n<td style=\"text-align: left;width: 45.4138%;height: 24px\"><strong><em>Ski de fond (5 cours : Dates en fonction de la disponibilit\u00e9 de la neige 10\/1 &#8211; 28\/2)<\/em><br \/>\n<\/strong><\/td>\n<td style=\"text-align: left;width: 44.8434%;height: 24px\"><em><strong>X-country skiing (5 courses : dates depend on snow availability 10\/1 &#8211; 28\/2)<br \/>\n<\/strong><\/em><\/td>\n<td style=\"width: 8.52503%;height: 24px\"><\/td>\n<\/tr>\n<tr style=\"height: 72px\">\n<td style=\"text-align: left;width: 45.4138%;height: 38px\"><span style=\"font-size: 10pt\"><strong><em>Cours Ski de fond (<span style=\"color: #ff0000\">Forfaits pas inclus<\/span>)<\/em><br \/>\n<\/strong><\/span><\/td>\n<td style=\"text-align: left;width: 44.8434%;height: 38px\"><span style=\"font-size: 10pt\"><em><strong>Cross country classes (<span style=\"color: #ff0000\">Ski passes not included<\/span>)<br \/>\n<\/strong><\/em><\/span><\/td>\n<td style=\"width: 8.52503%;height: 38px\"><\/td>\n<\/tr>\n<tr style=\"height: 24px\">\n<td style=\"text-align: left;width: 45.4138%;height: 24px\"><span style=\"font-size: 10pt\">Nous proposons plusieurs packs. Merci de lire attentivement <a href=\"https:\/\/www.kananas.com\/skiclubcern\/activites\/ski-de-fond\/foire-aux-questions\/\">(FAQ)<\/a><br \/>\n<\/span><\/td>\n<td style=\"text-align: left;width: 44.8434%;height: 24px\"><span style=\"font-size: 10pt\"><em>We have several packages. Please read attentively <a href=\"https:\/\/www.kananas.com\/skiclubcern\/activites\/ski-de-fond\/foire-aux-questions-en\/\">(FAQ)<\/a><br \/>\n<\/em><\/span><\/td>\n<td style=\"text-align: right;width: 8.52503%;height: 24px\"><\/td>\n<\/tr>\n<tr style=\"height: 48px\">\n<td style=\"text-align: left;width: 45.4138%;height: 10px;padding-left: 40px\"><span style=\"font-size: 10pt\">Pas d\u00e9j\u00e0 membre, besoin d&#8217;une Carte Neige: <\/span><span style=\"font-size: 10pt\">5 cours (\u20ac112), Frais d&#8217;adh\u00e9sion (\u20ac20), Carte Neige (\u20ac79)<\/span><\/td>\n<td style=\"width: 44.8434%;height: 10px;padding-left: 40px;text-align: left\"><span style=\"font-size: 10pt\">Not yet a member, need a Carte Neige\u00a0<\/span><br \/>\n<span style=\"font-size: 10pt\">5 lessons (\u20ac112), Membership (\u20ac20), Carte Neige Fond (\u20ac79)<\/span><\/td>\n<td style=\"text-align: right;width: 8.52503%;height: 10px\"><span style=\"font-size: 10pt\">211 \u20ac<\/span><\/td>\n<\/tr>\n<tr style=\"height: 24px\">\n<td style=\"text-align: left;width: 45.4138%;height: 24px;padding-left: 40px\"><span style=\"font-size: 10pt\">D\u00e9ja membre, besoin d&#8217;une Carte Neige.<br \/>\n5 cours (\u20ac112), Carte neige (\u20ac79)<\/span><\/td>\n<td style=\"width: 44.8434%;height: 24px;padding-left: 40px;text-align: left\"><span style=\"font-size: 10pt\">Already a member, need a Carte Neige\u00a0<\/span><br \/>\n<span style=\"font-size: 10pt\">5 lessons (\u20ac112), Carte Neige Fond (\u20ac79)<\/span><\/td>\n<td style=\"text-align: right;width: 8.52503%;height: 24px\"><span style=\"font-size: 10pt\">191 \u20ac<\/span><\/td>\n<\/tr>\n<tr style=\"height: 48px\">\n<td style=\"text-align: left;width: 45.4138%;height: 48px;padding-left: 40px\"><span style=\"font-size: 10pt\">D\u00e9ja membre &amp; detient d\u00e9j\u00e0 une Carte Neige: 5 cours (\u20ac112)<\/span><\/td>\n<td style=\"width: 44.8434%;height: 48px;padding-left: 40px;text-align: left\"><span style=\"font-size: 10pt\">Already a member &amp; already with Carte Neige: <\/span><span style=\"font-size: 10pt\">5 lessons (\u20ac112)<\/span><\/td>\n<td style=\"text-align: right;width: 8.52503%;height: 48px\"><span style=\"font-size: 10pt\">112 \u20ac<br \/>\n<\/span><\/td>\n<\/tr>\n<tr style=\"height: 20px\">\n<td style=\"text-align: left;width: 45.4138%;padding-left: 40px;height: 20px\"><span style=\"font-size: 10pt\">\u00a0<\/span><\/td>\n<td style=\"width: 44.8434%;padding-left: 40px;text-align: left;height: 20px\"><span style=\"font-size: 10pt\">\u00a0<\/span><\/td>\n<td style=\"text-align: right;width: 8.52503%;height: 20px\"><span style=\"font-size: 10pt\">\u00a0<\/span><\/td>\n<\/tr>\n<tr style=\"background-color: #7db9d2\">\n<td style=\"text-align: left;width: 45.4138%;height: 24px\"><strong>Ski de randonn\u00e9e\u00a0<\/strong><\/td>\n<td style=\"text-align: left;width: 44.8434%;height: 24px\"><em><strong>Ski Touring<\/strong><\/em><\/td>\n<td style=\"width: 8.52503%;height: 24px\"><\/td>\n<\/tr>\n<tr style=\"height: 24px\">\n<td style=\"text-align: left;width: 45.4138%;height: 24px\"><span style=\"font-size: 10pt\"><strong>Participation \u00e0 toutes les sorties<\/strong><\/span><\/td>\n<td style=\"text-align: left;width: 44.8434%;height: 24px\"><span style=\"font-size: 10pt\"><em><strong>Participation in all outings<\/strong><\/em><\/span><\/td>\n<td style=\"width: 8.52503%;height: 24px\"><\/td>\n<\/tr>\n<tr style=\"height: 24px\">\n<td style=\"text-align: left;width: 45.4138%;height: 24px\"><span style=\"font-size: 10pt\">Adult<\/span><\/td>\n<td style=\"text-align: left;width: 44.8434%;height: 24px\"><span style=\"font-size: 10pt\"><em>Adult<\/em><\/span><\/td>\n<td style=\"text-align: right;width: 8.52503%;height: 24px\"><span style=\"font-size: 10pt\">150 \u20ac<\/span><\/td>\n<\/tr>\n<tr style=\"background-color: #7db9d2\">\n<td style=\"text-align: left;width: 45.4138%;height: 24px\"><strong>Cotisation<br \/>\n<\/strong><\/td>\n<td style=\"text-align: left;width: 44.8434%;height: 24px\"><em><strong>Simple membership<\/strong><\/em><\/td>\n<td style=\"width: 8.52503%;height: 24px\"><\/td>\n<\/tr>\n<tr style=\"height: 24px\">\n<td style=\"text-align: left;width: 45.4138%;height: 24px\"><span style=\"font-size: 10pt\">Adult<\/span><\/td>\n<td style=\"text-align: left;width: 44.8434%;height: 24px\"><span style=\"font-size: 10pt\"><em>Adult<\/em><\/span><\/td>\n<td style=\"text-align: right;width: 8.52503%;height: 24px\"><span style=\"font-size: 10pt\">20 \u20ac<\/span><\/td>\n<\/tr>\n<tr style=\"height: 24px\">\n<td style=\"text-align: left;width: 45.4138%;height: 24px\"><span style=\"font-size: 10pt\">Mineur (n\u00e9(e) en 2011 ou apr\u00e8s)<br \/>\n<\/span><\/td>\n<td style=\"text-align: left;width: 44.8434%;height: 24px\"><span style=\"font-size: 10pt\"><em>Minor (born in 2011 or later)<br \/>\n<\/em><\/span><\/td>\n<td style=\"text-align: right;width: 8.52503%;height: 24px\"><span style=\"font-size: 10pt\">10 \u20ac<\/span><\/td>\n<\/tr>\n<tr style=\"background-color: #7db9d2\">\n<td style=\"text-align: left;width: 45.4138%;height: 24px\"><strong>\u00a0<\/strong><\/td>\n<td style=\"text-align: left;width: 44.8434%;height: 24px\"><em><strong>\u00a0<\/strong><\/em><\/td>\n<td style=\"width: 8.52503%;height: 24px\"><\/td>\n<\/tr>\n<tr style=\"height: 24px\">\n<td style=\"text-align: left;width: 45.4138%;height: 24px\"><\/td>\n<td style=\"text-align: left;width: 44.8434%;height: 24px\"><\/td>\n<td style=\"text-align: right;width: 8.52503%;height: 24px\"><\/td>\n<\/tr>\n<tr style=\"height: 24px\">\n<td style=\"text-align: left;width: 45.4138%;height: 24px\"><span style=\"font-size: 10pt\"><strong>\u00a0<\/strong><\/span><\/td>\n<td style=\"text-align: left;width: 44.8434%;height: 24px\"><span style=\"font-size: 10pt\"><em>\u00a0<\/em><\/span><\/td>\n<td style=\"text-align: right;width: 8.52503%;height: 24px\"><\/td>\n<\/tr>\n<\/tbody>\n<\/table>\n<p><strong>Note<\/strong>: a 10 CHF discount is available for Staff Association members. It is provided as reimbursement at the permanence upon request. Proof of affiliation is required.<\/p>\n<p style=\"text-align: right\"><span style=\"font-size: 8pt\"><br \/>\nSituation: novembre 2023 \/ Status as of November 2023<\/span><\/p>\n","protected":false},"excerpt":{"rendered":"<p>Prix (prices) 2025\/2026 Ski Alpin &amp; Randonn\u00e9e Les prix ci-dessous comprennent la cotisation annuelle au club, le cours (incluses transport et forfait de ski) comme d\u00e9crit, et la Carte neige appropri\u00e9e des activit\u00e9s les plus populaires du Ski Club CERN. Le prix des autres activit\u00e9s appara\u00eet dans l&#8217;onglet &#8216;Planning&#8217; de l&#8217;espace perso si les conditions d&#8217;\u00e9ligibilit\u00e9 sont remplies. Des estim\u00e2t pour les sorties alpines sont ici. La cotisation et la carte neige sont non-remboursable. The prices below include the annual membership fee, the class (transport and ski pass included) as stated and the appropriate Carte Neige of the most popular activities of the Ski Club CERN. The price of other activities appears in the &#8216;Planning&#8217; tab of your account upon fulfilling eligibility conditions. Price estimates for the alpine outings after courses can be found here. The membership fee and carte neige are not reimbursed under any circumstances. Ski de Fond Le transport pour la sortie en dehors de La Vattay est inclus dans tous les packs. Le transport jusqu&#8217;\u00e0 La Vattay et les forfaits de ski sont \u00e0 la charge des membres. La cotisation et la carte neige sont non-remboursables. Les d\u00e9tails complets de chaque pack sont donn\u00e9s ci-dessous. Transport for the outings outside La Vattay is included in all packs. Transport to La Vattay and ski passes are the responsibility of members. The membership fee and the carte neige cannot be reimbursed under any circumstances. Full details of each pack are given below. Description (Fran\u00e7ais) Description (English) Prix \/ Price Ski alpin &amp; Snowboard Downhill Skiing &amp; Snowboarding Cours Ski alpin ou Snowboard (5 jours de le\u00e7ons) Downhill Skiing &amp; Snowboarding class (5 lesson days) Adult Adult 458 \u20ac Enfant Child 418 \u20ac 5 sorties\u00a0 5 outings\u00a0 Adult Adult 458 \u20ac Enfant (n\u00e9 en 2011 ou plus tard) Child (born in 2011 or after) 418 \u20ac \u00a0 \u00a0 \u00a0 Ski de fond (5 cours : Dates en fonction de la disponibilit\u00e9 de la neige 10\/1 &#8211; 28\/2) X-country skiing (5 courses : dates depend on snow availability 10\/1 &#8211; 28\/2) Cours Ski de fond (Forfaits pas inclus) Cross country classes (Ski passes not included) Nous proposons plusieurs packs. Merci de lire attentivement (FAQ) We have several packages. Please read attentively (FAQ) Pas d\u00e9j\u00e0 membre, besoin d&#8217;une Carte Neige: 5 cours (\u20ac112), Frais d&#8217;adh\u00e9sion (\u20ac20), Carte Neige (\u20ac79) Not yet a member, need a Carte Neige\u00a0 5 lessons (\u20ac112), Membership (\u20ac20), Carte Neige Fond (\u20ac79) 211 \u20ac D\u00e9ja membre, besoin d&#8217;une Carte Neige. 5 cours (\u20ac112), Carte neige (\u20ac79) Already a member, need a Carte Neige\u00a0 5 lessons (\u20ac112), Carte Neige Fond (\u20ac79) 191 \u20ac D\u00e9ja membre &amp; detient d\u00e9j\u00e0 une Carte Neige: 5 cours (\u20ac112) Already a member &amp; already with Carte Neige: 5 lessons (\u20ac112) 112 \u20ac \u00a0 \u00a0 \u00a0 Ski de randonn\u00e9e\u00a0 Ski Touring Participation \u00e0 toutes les sorties Participation in all outings Adult Adult 150 \u20ac Cotisation Simple membership Adult Adult 20 \u20ac Mineur (n\u00e9(e) en 2011 ou apr\u00e8s) Minor (born in 2011 or later) 10 \u20ac \u00a0 \u00a0 \u00a0 \u00a0 Note: a 10 CHF discount is available for Staff Association members. It is provided as reimbursement at the permanence upon request. Proof of affiliation is required. Situation: novembre 2023 \/ Status as of November 2023<\/p>\n","protected":false},"author":911,"featured_media":0,"parent":0,"menu_order":0,"comment_status":"closed","ping_status":"closed","template":"","meta":{"_crdt_document":"","footnotes":""},"class_list":["post-90","page","type-page","status-publish","hentry"],"_links":{"self":[{"href":"https:\/\/www.kananas.com\/skiclubcern\/wp-json\/wp\/v2\/pages\/90","targetHints":{"allow":["GET"]}}],"collection":[{"href":"https:\/\/www.kananas.com\/skiclubcern\/wp-json\/wp\/v2\/pages"}],"about":[{"href":"https:\/\/www.kananas.com\/skiclubcern\/wp-json\/wp\/v2\/types\/page"}],"author":[{"embeddable":true,"href":"https:\/\/www.kananas.com\/skiclubcern\/wp-json\/wp\/v2\/users\/911"}],"replies":[{"embeddable":true,"href":"https:\/\/www.kananas.com\/skiclubcern\/wp-json\/wp\/v2\/comments?post=90"}],"version-history":[{"count":10,"href":"https:\/\/www.kananas.com\/skiclubcern\/wp-json\/wp\/v2\/pages\/90\/revisions"}],"predecessor-version":[{"id":3652,"href":"https:\/\/www.kananas.com\/skiclubcern\/wp-json\/wp\/v2\/pages\/90\/revisions\/3652"}],"wp:attachment":[{"href":"https:\/\/www.kananas.com\/skiclubcern\/wp-json\/wp\/v2\/media?parent=90"}],"curies":[{"name":"wp","href":"https:\/\/api.w.org\/{rel}","templated":true}]}}