{"id":95,"date":"2016-10-26T10:17:33","date_gmt":"2016-10-26T08:17:33","guid":{"rendered":"http:\/\/www.kananas.com\/skiclubducern3300\/?page_id=95"},"modified":"2022-02-04T00:19:38","modified_gmt":"2022-02-03T23:19:38","slug":"activites","status":"publish","type":"page","link":"https:\/\/www.kananas.com\/skiclubcern\/activites\/","title":{"rendered":"Activit\u00e9s"},"content":{"rendered":"<p style=\"text-align: right\"><span style=\"font-size: 12pt\"><strong><a href=\"http:\/\/www.kananas.com\/skiclubcern\/activities\/\">English version<\/a><\/strong><\/span><\/p>\n<p>Les 5 sections:<\/p>\n<ul>\n<li>Ski Alpin<\/li>\n<li>Snowboard<\/li>\n<li>Ski de randonn\u00e9e<\/li>\n<li>Ski de fond<\/li>\n<li>Gymnastique de ski<\/li>\n<\/ul>\n<p>du Ski Club CERN organisent leurs activit\u00e9s de fa\u00e7on autonome.<br \/>\nToutefois, les activit\u00e9s de ski alpin et de snowboard se d\u00e9roulent aux m\u00eames dates et dans les m\u00eames domaines skiables, c&#8217;est pourquoi ces deux sections partagent\u00a0les bus pour les d\u00e9placements.<\/p>\n<p>Les activit\u00e9s sont disponibles exclusivement aux membres du club; il faut donc <a href=\"http:\/\/www.kananas.com\/skiclubcern\/comment-senregistrer\">adh\u00e9rer au Ski Club CERN<\/a> afin de pouvoir suivre un cours de ski alpin, par example.<\/p>\n","protected":false},"excerpt":{"rendered":"<p>English version Les 5 sections: Ski Alpin Snowboard Ski de randonn\u00e9e Ski de fond Gymnastique de ski du Ski Club CERN organisent leurs activit\u00e9s de fa\u00e7on autonome. Toutefois, les activit\u00e9s de ski alpin et de snowboard se d\u00e9roulent aux m\u00eames dates et dans les m\u00eames domaines skiables, c&#8217;est pourquoi ces deux sections partagent\u00a0les bus pour les d\u00e9placements. Les activit\u00e9s sont disponibles exclusivement aux membres du club; il faut donc adh\u00e9rer au Ski Club CERN afin de pouvoir suivre un cours de ski alpin, par example.<\/p>\n","protected":false},"author":911,"featured_media":0,"parent":0,"menu_order":0,"comment_status":"closed","ping_status":"closed","template":"","meta":{"_crdt_document":"","footnotes":""},"class_list":["post-95","page","type-page","status-publish","hentry"],"_links":{"self":[{"href":"https:\/\/www.kananas.com\/skiclubcern\/wp-json\/wp\/v2\/pages\/95","targetHints":{"allow":["GET"]}}],"collection":[{"href":"https:\/\/www.kananas.com\/skiclubcern\/wp-json\/wp\/v2\/pages"}],"about":[{"href":"https:\/\/www.kananas.com\/skiclubcern\/wp-json\/wp\/v2\/types\/page"}],"author":[{"embeddable":true,"href":"https:\/\/www.kananas.com\/skiclubcern\/wp-json\/wp\/v2\/users\/911"}],"replies":[{"embeddable":true,"href":"https:\/\/www.kananas.com\/skiclubcern\/wp-json\/wp\/v2\/comments?post=95"}],"version-history":[{"count":6,"href":"https:\/\/www.kananas.com\/skiclubcern\/wp-json\/wp\/v2\/pages\/95\/revisions"}],"predecessor-version":[{"id":2103,"href":"https:\/\/www.kananas.com\/skiclubcern\/wp-json\/wp\/v2\/pages\/95\/revisions\/2103"}],"wp:attachment":[{"href":"https:\/\/www.kananas.com\/skiclubcern\/wp-json\/wp\/v2\/media?parent=95"}],"curies":[{"name":"wp","href":"https:\/\/api.w.org\/{rel}","templated":true}]}}