{"id":135,"date":"2020-05-30T11:29:04","date_gmt":"2020-05-30T09:29:04","guid":{"rendered":"http:\/\/www.kananas.com\/stademaursois3470\/?page_id=135"},"modified":"2020-05-30T11:29:04","modified_gmt":"2020-05-30T09:29:04","slug":"historique","status":"publish","type":"page","link":"https:\/\/www.kananas.com\/stademaursois3470\/historique\/","title":{"rendered":"Historique"},"content":{"rendered":"<p>Maurs a toujours \u00e9t\u00e9 une terre de rugby. Depuis 1907, l\u2019ovale est une forme que l\u2019on conna\u00eet bien ici et pour sa repr\u00e9sentation la plus populaire qu\u2019illustre le ballon de rugby que n\u2019aurait-on pas fait ? De la qu\u00eate de terrain de Saint Etienne de Maurs au Vert en passant par le Vallon, les pionniers n\u2019ont pas m\u00e9nag\u00e9 leur peine ni leurs efforts pour le transport de poteaux nomades pour que le rugby vive. Les ann\u00e9es noires de la \u00abgrande guerre\u00bb n\u2019ont nullement d\u00e9courag\u00e9 cet \u00e9lan et\u00a0c\u2019est\u00a0en 1926 que Pierre Laborie officialisa cet enthousiasme local par la d\u00e9claration d\u2019une association loi 1901 \u00e0 la pr\u00e9fecture d\u2019Aurillac en date du 4 d\u00e9cembre sous le num\u00e9ro 133. Le Stade Maursois \u00e9tait n\u00e9.<\/p>\n<p>Durant les\u00a0vingt ann\u00e9es qui suivirent, il y eut des hauts et des bas comme pour toute association naissante et surtout il y a eu la 2\u00e8me guerre mondiale, p\u00e9riode cauchemardesque qui a laiss\u00e9 dans le Pays de Maurs d\u2019ind\u00e9l\u00e9biles et douloureuses traces.<\/p>\n<p>A la Lib\u00e9ration, la vie reprend ses droits. On peut recommencer \u00e0 jouer au rugby. Un homme va symboliser ce renouveau du rugby local. Il s\u2019agit de Pierre Fabre. Amoureux de la balle ovale, \u00e9ducateur dans l\u2019\u00e2me et aussi organisateur visionnaire et d\u00e9termin\u00e9 tant au niveau de Maurs que du Cantal,\u00a0son\u00a0investissement cr\u00e9atif\u00a0est partout pr\u00e9sent que ce soit le Comit\u00e9 D\u00e9partemental ou le Stade Maursois moderne.<\/p>\n<p>Aujourd\u2019hui le Stade va son train dans un monde rugbystique en pleine \u00e9volution et d\u00e9fend ses couleurs avec les qualit\u00e9s humaines de son terroir et les ressources de son Ecole de Rugby et de son P\u00f4le Jeunes.<\/p>\n","protected":false},"excerpt":{"rendered":"<p>Maurs a toujours \u00e9t\u00e9 une terre de rugby. Depuis 1907, l\u2019ovale est une forme que l\u2019on conna\u00eet bien ici et pour sa repr\u00e9sentation la plus populaire qu\u2019illustre le ballon de rugby que n\u2019aurait-on pas fait ? De la qu\u00eate de &hellip; <a href=\"https:\/\/www.kananas.com\/stademaursois3470\/historique\/\">Continuer la lecture <span class=\"meta-nav\">&rarr;<\/span><\/a><\/p>\n","protected":false},"author":987,"featured_media":0,"parent":0,"menu_order":0,"comment_status":"closed","ping_status":"closed","template":"","meta":{"_crdt_document":"","footnotes":""},"class_list":["post-135","page","type-page","status-publish","hentry"],"_links":{"self":[{"href":"https:\/\/www.kananas.com\/stademaursois3470\/wp-json\/wp\/v2\/pages\/135","targetHints":{"allow":["GET"]}}],"collection":[{"href":"https:\/\/www.kananas.com\/stademaursois3470\/wp-json\/wp\/v2\/pages"}],"about":[{"href":"https:\/\/www.kananas.com\/stademaursois3470\/wp-json\/wp\/v2\/types\/page"}],"author":[{"embeddable":true,"href":"https:\/\/www.kananas.com\/stademaursois3470\/wp-json\/wp\/v2\/users\/987"}],"replies":[{"embeddable":true,"href":"https:\/\/www.kananas.com\/stademaursois3470\/wp-json\/wp\/v2\/comments?post=135"}],"version-history":[{"count":1,"href":"https:\/\/www.kananas.com\/stademaursois3470\/wp-json\/wp\/v2\/pages\/135\/revisions"}],"predecessor-version":[{"id":137,"href":"https:\/\/www.kananas.com\/stademaursois3470\/wp-json\/wp\/v2\/pages\/135\/revisions\/137"}],"wp:attachment":[{"href":"https:\/\/www.kananas.com\/stademaursois3470\/wp-json\/wp\/v2\/media?parent=135"}],"curies":[{"name":"wp","href":"https:\/\/api.w.org\/{rel}","templated":true}]}}