{"id":45,"date":"2018-08-17T14:53:11","date_gmt":"2018-08-17T12:53:11","guid":{"rendered":"http:\/\/www.kananas.com\/stademaursois3470\/?page_id=45"},"modified":"2020-06-01T18:40:35","modified_gmt":"2020-06-01T16:40:35","slug":"communication-edr","status":"publish","type":"page","link":"https:\/\/www.kananas.com\/stademaursois3470\/edr\/communication-edr\/","title":{"rendered":"Communication EDR"},"content":{"rendered":"<p><span style=\"color: #ff0000\"><strong><span style=\"color: #ff0000\">Suite \u00e0 l&rsquo;annonce de la F\u00e9d\u00e9ration de Rugby ce matin concernant le coronavirus, toutes les rencontres et entrainement sont supprim\u00e9s jusqu&rsquo;\u00e0 nouvel ordre<\/span>.<\/strong><\/span><\/p>\n<p><span style=\"color: #ff0000\"><strong><span style=\"color: #ff0000\">Je vous tiendrais inform\u00e9 sur la reprise.<\/span><\/strong><\/span><\/p>\n<p>J&rsquo;ai annul\u00e9 le Tournoi de l&rsquo;Ecole de Rugby qui devait avoir lieu le 18 Avril 2020, il est report\u00e9 \u00e0 2021<\/p>\n<p>Pour les autres tournois de club o\u00f9 nous devions participer, je vous tiendrais inform\u00e9 suivant les \u00e9volutions.<\/p>\n<p><strong>Samedi 14 mars 2020<\/strong><\/p>\n<p><strong>Challenge Groupama U 14 \u00e0 Maurs, matchs \u00e0 14h contre club Beaumont de Lomagne (le club de Negrepelisse n&rsquo;a pas de U14)<\/strong><\/p>\n<p><strong>Les U 12 jouent contre Beaumont de Lomagne et Negrepelisse<\/strong><\/p>\n<p><strong>Les U6 U 8 U10 se d\u00e9placent \u00e0 St Cernin, d\u00e9part du bus \u00e0 12h30 au parking du foirail du stade.<\/strong><\/p>\n<p><strong>Les recueils du STADE MAURSOIS sont arriv\u00e9s, je vous donnerais deux recueils par famille pour un montant de 10 \u20ac, \u00e0 vous de les vendre au prix de 5 \u20ac chaque.<\/strong><\/p>\n<p><strong>Je ferais la distribution le samedi 21 mars \u00e0 l&rsquo;entrainement \u00e0 Maurs.<\/strong><\/p>\n<p><strong>Le Club vous remercie de votre implication.<\/strong><\/p>\n<p><strong>Samedi 29 f\u00e9vrier 2020<\/strong><\/p>\n<p><strong>Challenge GROUPAMA \u00e0 MAURS , match \u00e0 14h \u00e9quipes LEVEZOU et CASTELNAU.<\/strong><\/p>\n<p><strong>A midi les U14 et les U12 mangent au club house , rendez vous \u00e0 11h30<\/strong><\/p>\n<p><strong>Samedi 15 f\u00e9vrier 2020<\/strong><\/p>\n<p><strong>Entrainement toutes les sections \u00e0 partir de 13h45<\/strong><\/p>\n<p><strong>Ensuite les U14 assisteront \u00e0 une r\u00e9union avec les \u00e9ducateurs dirig\u00e9e par Laurent VIGIER<\/strong><\/p>\n<p><strong>Samedi 8 f\u00e9vrier 2020<\/strong><\/p>\n<p><strong>U6 U8 U10 vont en tournoi \u00e0 ARPAJON, rendez-vous \u00e0 12h30 au foirail du stade.<\/strong><\/p>\n<p><strong>U12 U14 entrainement au stade.<\/strong><\/p>\n<p><strong>Contre ordre , tous les terrains sont suspendus donc pas d&rsquo;entrainement samedi 1er f\u00e9vrier<\/strong><\/p>\n<p><strong>Samedi 1er f\u00e9vrier 2020<\/strong><\/p>\n<p><strong>Samedi apr\u00e8s midi les cadets et les juniors jouent \u00e0 MAURS contre FIGEAC, aussi les U 14 et U12 s&rsquo;entrainent samedi matin \u00e0 10H, les autres sections l&rsquo;apr\u00e8s midi.<\/strong><\/p>\n<p><b>Samedi 25 <\/b><span style=\"color: #000000\"><b>janvier<\/b><\/span><b> 2020<\/b><\/p>\n<p><strong>Tournoi pour les U6 U8 U10 \u00e0 MAURS, clubs invit\u00e9s Aurillac, St Simon, St Paul\/St Mamet, rendez vous \u00e0 13h30 pour d\u00e9but des rencontres \u00e0 14H.<\/strong><\/p>\n<p><strong>U 14 et U 12 d\u00e9part pour MENDE \u00e0 8h30 repas assur\u00e9 par les parents et le Stade Maursois, prendre couverts et assiettes pour plus de commodit\u00e9.<\/strong><\/p>\n<p><strong>Samedi 18 janvier 2020\u00a0<\/strong><\/p>\n<p><strong>Tout d&rsquo;abord je vous remercie de votre participation \u00e0 la Galette des rois, bon moment de convivialit\u00e9, ceux qui n&rsquo;ont pu venir leurs sacs seront \u00e0 disposition, demain au stade .<\/strong><\/p>\n<p><strong>Les U14 vont \u00e0 CASTELNAU MONTRATIER dans le Lot, rendez vous \u00e0 8h45 au foirail du stade, les U12 ne pourront pas participer par faute de pr\u00e9sence, les autres clubs \u00e9tant dans la m\u00eame position.<\/strong><\/p>\n<p><strong>Rendez vous au stade pour les sections U6 U8 U10 U12 pour entrainement \u00e0 13h45<\/strong><\/p>\n<p><strong>Samedi 11 janvier 2020<\/strong><\/p>\n<p><strong>Ce samedi les Cadets et les Juniors jouent \u00e0 MAURS, aussi il faudra que l&rsquo;Ecole de Rugby se change dans les tribunes, tous les vestiaires seront occup\u00e9s. par contre les plus grands pourront s&rsquo;ils le souhaitent se doucher apr\u00e8s leur entrainement.<\/strong><\/p>\n<p><strong>A 17h je vous donne rendez vous parents et enfants \u00e0 LA CHATAIGNERAIE route de St Cirgues afin de f\u00eater ensemble la galette des rois , la remise d&rsquo;un cadeau \u00e0 tous les enfants sera suivi d&rsquo;une collation pour les enfants et les parents.<\/strong><\/p>\n<p><strong>A samedi<\/strong><\/p>\n<p><strong>Samedi 21 decembre 2019<\/strong><\/p>\n<p><strong>Dernier entrainement de l&rsquo;ann\u00e9e 2019, rendez vous au stade \u00e0 13h45; il ne faudra utiliser que le terrain du haut.<\/strong><\/p>\n<p><strong>Je vous donne rendez vous en 2020, en attendant je vous souhaite \u00e0 tous de Bonnes F\u00eates de No\u00ebl et de fin d&rsquo;ann\u00e9e.<\/strong><\/p>\n<p><strong>Nous nous retrouverons \u00e0 la rentr\u00e9e le samedi 11 janvier; l&rsquo;entrainement sera suivi du traditionnel gouter avec galettes et cadeaux , nous nous retrouverons vers 17h \u00e0 la salle de la Chataigneraie, route de St Cirgues, notez la date mais je vous en reparlerais.<\/strong><\/p>\n<p>Samedi 14 Decembre<\/p>\n<p>Vu l&rsquo;\u00e9tat des terrains et la m\u00e9teo annonc\u00e9e le Tournoi pr\u00e9vu U6 U8 U10 U12 et l&rsquo;entrainement sont annul\u00e9.<\/p>\n<p><strong>Samedi 7 decembre 2019<\/strong><\/p>\n<p><strong>U 14 S\u00e9lection \u00e0 SOUILLAC d\u00e9part du bus \u00e0 7h15 place du foirail, ne pas prendre le casse croute puisque celui ci est assur\u00e9 par le stade maursois et deux parents. Cette solution sera assur\u00e9e tout au long de la saison 2020.<\/strong><\/p>\n<p><strong>U6 U8 U10 U12 Entrainement au stade \u00e0 13h45<\/strong><\/p>\n<p><strong>Le 14 d\u00e9cembre nous recevrons un Tournoi \u00e0 MAURS pour les petites sections, pour les U12 j&rsquo;ai demand\u00e9 mais pour le moment je n&rsquo;ai pas de r\u00e9ponse quant \u00e0 faire partie du tournoi, je vous tiendrez inform\u00e9 la semaine prochaine.<\/strong><\/p>\n<p><strong>Samedi 30 novembre<\/strong><\/p>\n<p><strong>Challenge GROUPAMA U14 \u00e0 MAURS, nous recevons les clubs de Bretenoux\/Vayrac, Lacapelle Marival et Figeac, d\u00e9but des matchs \u00e0 14h. Ce sont des rencontres en retards suite \u00e0 des reports cause m\u00e9t\u00e9o.<\/strong><\/p>\n<p><strong>Pour les U14 de MAURS, rendez vous au club house \u00e0 11h30 pour prendre un repas en commun, repas qui sera concoct\u00e9 par Christophe LESCURE (les b\u00e9n\u00e9voles sont les bienvenus)<\/strong><\/p>\n<p><strong>Pour les U6 U8 U10 U12 entrainement au stade \u00e0 13h45, par contre il faudra vous changer dans les tribunes tous les vestiaires \u00e9tant occup\u00e9s par les clubs que nous recevons. Merci pour votre compr\u00e9hension.<\/strong><\/p>\n<p><b>il me manque quelques r\u00e9glements de licence, merci du n\u00e9cessaire.<\/b><\/p>\n<p><strong>Samedi 23 novembre 2019<\/strong><\/p>\n<p><strong>U 14 vont en Challenge GROUPAMA \u00e0 PUY LEVEQUE prendre le casse croute pour midi, d\u00e9part \u00e0 9h au foirail du stade.<\/strong><\/p>\n<p><strong>U6 U8 U10 U12 entrainement \u00e0 MAURS \u00e0 13h45<\/strong><\/p>\n<p><strong>Ce samedi les juniors jouent \u00e0 MAURS contre CAHORS, match \u00e0 15h30<\/strong><\/p>\n<p><strong>Je souhaiterais cl\u00f4turer les licences d\u00e9j\u00e0 faites ce week end, pour ce faire il me manque quelques r\u00e9glements de licences, merci aux parents de faire le n\u00e9cessaire, je serais au stade samedi \u00e0 13h30<\/strong><\/p>\n<p><strong>Samedi 16 novembre 2019<\/strong><\/p>\n<p><b>Les terrains d&rsquo;Aurillac \u00e9tant suspendus le tournoi de samedi est annul\u00e9, entrainement au stade \u00e0 partir de 13h45 pour les sections U6 U8 U10<\/b><\/p>\n<p><strong>Les U14 et les U 12 entrainement au stade \u00e0 partir de 13h45<\/strong><\/p>\n<p><strong>Samedi 9 novembre 2019<\/strong><\/p>\n<p><b>Les terrains sont suspendus par la Mairie jusqu&rsquo;\u00e0 mercredi prochain, pas d&rsquo;entrainement samedi.<\/b><\/p>\n<p><strong>Samedi 2 novembre 2019<\/strong><\/p>\n<p><strong>Tournoi de Decazeville r\u00e9serv\u00e9 au U 10 , d\u00e9part \u00e0 8h30 en voitures particuli\u00e8res au foirail du stade, prendre le casse croute pour midi.<\/strong><\/p>\n<p><strong>Les parents peuvent venir soutenir les enfants, grands clubs du TOP 14 et PRO D2 Invit\u00e9s.<\/strong><\/p>\n<p><strong>Samedi 19 octobre 2019<\/strong><\/p>\n<p><strong>Entrainement pour toutes les sections \u00e0 13h45 au stade.<\/strong><\/p>\n<p><strong>Pour les retardataires des licences merci de faire le n\u00e9cessaire au plus vite,\u00a0<\/strong><\/p>\n<p><strong>Samedi je serais absent mais Agnes CHEYMOL sera l\u00e0 pour vous renseigner et vous aider dans les d\u00e9marches.<\/strong><\/p>\n<p><strong>Samedi 12 octobre 2019<\/strong><\/p>\n<p><strong>U6 U 8 U 10 Tournoi \u00e0 St Paul des Landes, d\u00e9part du bus au parking du stade \u00e0 12h30\u00a0<\/strong><\/p>\n<p><strong>U 12 Tournoi \u00e0 Saint Mamet impossible pas assez de licenci\u00e9s dans cette cat\u00e9gorie. Seulement 4 sur 10 joueurs ont ramen\u00e9 les documents n\u00e9cessaires \u00e0 l&rsquo;\u00e9tablissement de la licence, ce qui est un peu logique vu qu&rsquo;il y a plusieurs d\u00e9butants. Ce n&rsquo;est que partie remise. Pas d&rsquo;entrainement au stade.<\/strong><\/p>\n<p><strong>U 14 Matchs \u00e0 BRETENOUX dans le Challenge GROUPAMA, d\u00e9part du bus \u00e0 10h parking du stade, prendre le casse croute pour le repas de midi.<\/strong><\/p>\n<p><strong>Samedi 5 octobre 2019<\/strong><\/p>\n<p><strong>Exceptionnellement entrainement samedi matin \u00e0 10 h pour les sections U6 U8 U10 U12<\/strong><\/p>\n<p><strong>L&rsquo;apr\u00e8s midi les terrains sont tous occup\u00e9s matchs Cadets et Juniors \u00e0 14 H, venez soutenir nos petits maursois<\/strong><\/p>\n<p><strong>Merci de votre compr\u00e9hension<\/strong><\/p>\n<p><strong>Il me manque encore plusieurs licences pour les U14, pensez que l&rsquo;on joue le 12 octobre en championnat et que pas de licence pas de match.<\/strong><\/p>\n<p><strong>Samedi 28 septembre 2019<\/strong><\/p>\n<p><strong>U 12 et U 14 :<\/strong><\/p>\n<p><strong>Tournoi Open de Rentr\u00e9e \u00e0 Saint SIMON, compte tenu de la disponibilit\u00e9 des terrains, le plateau est avanc\u00e9 au matin, aussi d\u00e9part \u00e0 8H30 au parking du stade, d\u00e9but des rencontres\u00a0 \u00e0 10h jusqu&rsquo;\u00e0 12h30, il sera souhaitable de prendre un pique nique pour d\u00e9jeuner apr\u00e8s les rencontres.<\/strong><\/p>\n<p><strong>U6 U8 U10 :<\/strong><\/p>\n<p><strong>Tournoi \u00e0 ARPAJON, d\u00e9part \u00e0 12h15 sachant que vu le nombre d&rsquo;\u00e9quipes, ils souhaitent commencer les rencontres \u00e0 13h15.<\/strong><\/p>\n<p><strong>Rendez vous parking du stade, pour les nouveaux, c&rsquo;est le parking o\u00f9 se d\u00e9roule les foires chevalines.<\/strong><\/p>\n<p><strong>Concernant les licences il y aura quelqu&rsquo;un \u00e0 chaque d\u00e9part de bus pour r\u00e9cup\u00e9rer les documents, pas de permancence au club house l&rsquo;apr\u00e8s midi.<\/strong><\/p>\n<p><strong>Pour les U14 j&rsquo;ai tr\u00e8s peu de retour de licences c&rsquo;est tr\u00e8s urgent vous jouez le 12 octobre en Occitanie!!!<\/strong><\/p>\n<p><strong>Je vous rappelle les tarifs des licences : 80 \u20ac &#8211; 2\u00e9me enfant 60 \u20ac et 45 \u20ac pour troisi\u00e8rme enfant.<\/strong><\/p>\n<p><strong>Pour information, mais nous en reparlerons les U10 seront convi\u00e9s \u00e0 participer au Tournoi de Decazeville qui aura lieu cette ann\u00e9e le 2 novembre 2019.<\/strong><\/p>\n<p><strong>Entrainement au stade pour toutes les sections rendez vous \u00e0 13h45<\/strong><\/p>\n<p><strong>Je serais absent les samedi 14\/09 et 21 septembre, pour les licences une permanence sera faite au club house les deux samedi apr\u00e8s midi.<\/strong><\/p>\n<p><strong>Nous vous remettrons le calendrier pour toutes les sections, sachant que le premier open de rentr\u00e9e se fera le 28 septembre \u00e0 ARPAJON ( je serais rentr\u00e9 je vous tiendrais inform\u00e9 de l&rsquo;heure de d\u00e9part en bus)<\/strong><\/p>\n<p><strong>Samedi 21 septembre<\/strong><\/p>\n<p><strong>Entrainement au stade pour toutes les sections \u00e0 partir de 13h45<\/strong><\/p>\n<p><strong>Pour les U 14 le CPA ARBITRAGE se tiendra le 21 septembre \u00e0 Aurillac le matin soit 5 joueurs U14 + deux joueurs U12, Christophe LESCURE vous tiendra inform\u00e9. L&rsquo;apr\u00e8s midi entrainement au stade<\/strong><\/p>\n<p><strong>Rentr\u00e9e de l&rsquo;\u00e9cole de Rugby<\/strong><\/p>\n<p><strong>L&rsquo;\u00e9cole de rugby reprend son activit\u00e9 le samedi 7 septembre 2019 \u00e0 13h30. L&rsquo;assurance est gratuite jusqu&rsquo;au 31 octobre 2019. Profites en pour d\u00e9couvrir ce sport.<\/strong><\/p>\n<p><a href=\"https:\/\/www.stade-maursois-rugby.fr\/uploaded\/rejoins-nous.jpg\"><img decoding=\"async\" class=\"aligncenter\" src=\"https:\/\/www.stade-maursois-rugby.fr\/uploaded\/ecolederugby-1.jpg\" alt=\"\" \/><\/a><\/p>\n<p>4<\/p>\n<p>&nbsp;<\/p>\n<h4><strong>Pour les U 14 rentr\u00e9e le vendredi 30 Ao\u00fbt \u00e0 17h15 Rendez vous au stade Pierre FABRE<\/strong><\/h4>\n","protected":false},"excerpt":{"rendered":"<p>Suite \u00e0 l&rsquo;annonce de la F\u00e9d\u00e9ration de Rugby ce matin concernant le coronavirus, toutes les rencontres et entrainement sont supprim\u00e9s jusqu&rsquo;\u00e0 nouvel ordre. Je vous tiendrais inform\u00e9 sur la reprise. J&rsquo;ai annul\u00e9 le Tournoi de l&rsquo;Ecole de Rugby qui devait &hellip; <a href=\"https:\/\/www.kananas.com\/stademaursois3470\/edr\/communication-edr\/\">Continuer la lecture <span class=\"meta-nav\">&rarr;<\/span><\/a><\/p>\n","protected":false},"author":987,"featured_media":0,"parent":2,"menu_order":1,"comment_status":"closed","ping_status":"closed","template":"","meta":{"_crdt_document":"","footnotes":""},"class_list":["post-45","page","type-page","status-publish","hentry"],"_links":{"self":[{"href":"https:\/\/www.kananas.com\/stademaursois3470\/wp-json\/wp\/v2\/pages\/45","targetHints":{"allow":["GET"]}}],"collection":[{"href":"https:\/\/www.kananas.com\/stademaursois3470\/wp-json\/wp\/v2\/pages"}],"about":[{"href":"https:\/\/www.kananas.com\/stademaursois3470\/wp-json\/wp\/v2\/types\/page"}],"author":[{"embeddable":true,"href":"https:\/\/www.kananas.com\/stademaursois3470\/wp-json\/wp\/v2\/users\/987"}],"replies":[{"embeddable":true,"href":"https:\/\/www.kananas.com\/stademaursois3470\/wp-json\/wp\/v2\/comments?post=45"}],"version-history":[{"count":5,"href":"https:\/\/www.kananas.com\/stademaursois3470\/wp-json\/wp\/v2\/pages\/45\/revisions"}],"predecessor-version":[{"id":170,"href":"https:\/\/www.kananas.com\/stademaursois3470\/wp-json\/wp\/v2\/pages\/45\/revisions\/170"}],"up":[{"embeddable":true,"href":"https:\/\/www.kananas.com\/stademaursois3470\/wp-json\/wp\/v2\/pages\/2"}],"wp:attachment":[{"href":"https:\/\/www.kananas.com\/stademaursois3470\/wp-json\/wp\/v2\/media?parent=45"}],"curies":[{"name":"wp","href":"https:\/\/api.w.org\/{rel}","templated":true}]}}