{"id":17,"date":"2011-01-26T10:02:00","date_gmt":"2011-01-26T10:02:00","guid":{"rendered":"http:\/\/www.gestasso.com\/association\/tousmecenesenmidi-pyrenees\/?page_id=2"},"modified":"2018-09-25T17:18:27","modified_gmt":"2018-09-25T15:18:27","slug":"a-propos","status":"publish","type":"page","link":"https:\/\/www.kananas.com\/tousmecenesenmidi-pyrenees4168\/a-propos\/","title":{"rendered":"\u00c0 propos"},"content":{"rendered":"<p style=\"text-align: center;\">L\u2019id\u00e9e, n\u00e9e de conversations entre amis est celle de satisfaire un d\u00e9sir commun de soutien priv\u00e9, confidentiel peut \u00eatre, solidaire obligatoirement, aux artistes que nous aimerions voir davantage s\u2019exposer, se produire, \u00eatre lus ou entendus\u2026<\/p>\n<p style=\"text-align: center;\">Le m\u00e9c\u00e9nat figure la notion de richesse n\u00e9cessaire. Cette derni\u00e8re peut cependant n\u2019\u00eatre ni syst\u00e9matiquement mon\u00e9taire, ni m\u00eame forc\u00e9ment mat\u00e9rielle. C\u2019est le point de d\u00e9part de notre r\u00e9flexion : la d\u00e9marche philanthropique n\u2019a pas de perspective si elle n\u2019est pens\u00e9e que financi\u00e8rement. Nous n\u2019en aurions jamais assez. La tentative s\u2019\u00e9puiserait d\u2019elle-m\u00eame.<\/p>\n<p style=\"text-align: center;\">Cette aide \u00e0 la cr\u00e9ation artistique peut prendre beaucoup d\u2019autres formes qui sont \u00e0 la port\u00e9e de chacun d\u2019entre nous. Telle est notre conviction. La richesse existe, amassons-la ! C\u2019est la mise en commun : de nos id\u00e9es, de nos rencontres, de nos actions personnelles, de nos \u00e9nergies, de nos carnets d\u2019adresses, de tous nos lieux, de nos savoirs, de nos relations.<\/p>\n<p style=\"text-align: center;\">Mettons des cimaises dans nos domiciles ou sur nos lieux de travail pour y exposer des oeuvres. Ouvrons nos jardins et nos cours aux sculpteurs, com\u00e9diens, danseurs, musiciens, performeurs. Faisons d\u00e9couvrir leurs talents \u00e0 nos amis et nos relations. H\u00e9bergeons des artistes, aidons-les \u00e0 prot\u00e9ger ou \u00e0 conserver leurs oeuvres, conseillons-les, mettons-les en relation, devenons interm\u00e9diaires d\u00e9sint\u00e9ress\u00e9s, responsabilisons-les en exigeant d\u2019eux une solidarit\u00e9 \u00e0 l\u2019\u00e9gard des autres artistes, g\u00e9n\u00e9rons un r\u00e9seau amical et g\u00e9n\u00e9reux, donnons nos comp\u00e9tences, notre disponibilit\u00e9 et, si nous le pouvons, donnons en bienfaiteurs.<\/p>\n<p style=\"text-align: center;\"><strong>Sans autre contrepartie que le plaisir de l\u2019\u00e9lan donn\u00e9 et la satisfaction de poser notre modeste pierre \u00e0 la promotion des artistes.<\/strong><\/p>\n<p style=\"text-align: center;\">Philanthropes des arts en id\u00e9es, en actions ou en soutien \u00e9conomique, cette id\u00e9e vous plait ? Contactez-nous.<\/p>\n","protected":false},"excerpt":{"rendered":"<p>L\u2019id\u00e9e, n\u00e9e de conversations entre amis est celle de satisfaire un d\u00e9sir commun de soutien priv\u00e9, confidentiel peut \u00eatre, solidaire obligatoirement, aux artistes que nous aimerions voir davantage s\u2019exposer, se produire, \u00eatre lus ou entendus\u2026 Le m\u00e9c\u00e9nat figure la notion &hellip; <a href=\"https:\/\/www.kananas.com\/tousmecenesenmidi-pyrenees4168\/a-propos\/\">Continuer la lecture <span class=\"meta-nav\">&rarr;<\/span><\/a><\/p>\n","protected":false},"author":1149,"featured_media":0,"parent":0,"menu_order":0,"comment_status":"closed","ping_status":"open","template":"","meta":{"_crdt_document":"","footnotes":""},"class_list":["post-17","page","type-page","status-publish","hentry"],"_links":{"self":[{"href":"https:\/\/www.kananas.com\/tousmecenesenmidi-pyrenees4168\/wp-json\/wp\/v2\/pages\/17","targetHints":{"allow":["GET"]}}],"collection":[{"href":"https:\/\/www.kananas.com\/tousmecenesenmidi-pyrenees4168\/wp-json\/wp\/v2\/pages"}],"about":[{"href":"https:\/\/www.kananas.com\/tousmecenesenmidi-pyrenees4168\/wp-json\/wp\/v2\/types\/page"}],"author":[{"embeddable":true,"href":"https:\/\/www.kananas.com\/tousmecenesenmidi-pyrenees4168\/wp-json\/wp\/v2\/users\/1149"}],"replies":[{"embeddable":true,"href":"https:\/\/www.kananas.com\/tousmecenesenmidi-pyrenees4168\/wp-json\/wp\/v2\/comments?post=17"}],"version-history":[{"count":1,"href":"https:\/\/www.kananas.com\/tousmecenesenmidi-pyrenees4168\/wp-json\/wp\/v2\/pages\/17\/revisions"}],"predecessor-version":[{"id":214,"href":"https:\/\/www.kananas.com\/tousmecenesenmidi-pyrenees4168\/wp-json\/wp\/v2\/pages\/17\/revisions\/214"}],"wp:attachment":[{"href":"https:\/\/www.kananas.com\/tousmecenesenmidi-pyrenees4168\/wp-json\/wp\/v2\/media?parent=17"}],"curies":[{"name":"wp","href":"https:\/\/api.w.org\/{rel}","templated":true}]}}