{"id":1027,"date":"2019-02-16T13:33:59","date_gmt":"2019-02-16T12:33:59","guid":{"rendered":"http:\/\/www.kananas.com\/uplegess\/?page_id=1027"},"modified":"2024-02-25T20:01:47","modified_gmt":"2024-02-25T19:01:47","slug":"archives-gt-allemand","status":"publish","type":"page","link":"https:\/\/www.kananas.com\/uplegess\/2-journees-groupe-de-travail-par-langue\/gt-allemand\/archives-gt-allemand\/","title":{"rendered":"Archives GT Allemand"},"content":{"rendered":"<p>&nbsp;<\/p>\n<table style=\"border-collapse: collapse;width: 96.9891%\">\n<tbody>\n<tr>\n<td style=\"width: 27.0987%\"><strong>Ecole des Mines<\/strong><\/td>\n<td style=\"width: 18.9985%\"><strong>compte-rendu<\/strong><\/td>\n<td style=\"width: 53.6082%\"><strong>programme<\/strong><\/td>\n<\/tr>\n<tr>\n<td style=\"width: 27.0987%\">f\u00e9vrier 2024<\/td>\n<td style=\"width: 18.9985%\"><a href=\"https:\/\/www.kananas.com\/uplegess\/wp-content\/uploads\/sites\/992\/2024\/02\/18e-Journee-des-Germanistes-article-pour-le-blog.pdf\" target=\"_blank\" rel=\"noopener\">CR-2024<\/a><\/td>\n<td style=\"width: 53.6082%\"><a href=\"https:\/\/www.kananas.com\/uplegess\/wp-content\/uploads\/sites\/992\/2024\/02\/Flyer-Germanistentag-1.pdf\">18e journ\u00e9e &#8211; Flyer Germanistentag<\/a>&#8211;<\/td>\n<\/tr>\n<tr>\n<td style=\"width: 27.0987%\">janvier 2023<\/td>\n<td style=\"width: 18.9985%\"><a href=\"https:\/\/www.kananas.com\/uplegess\/wp-content\/uploads\/sites\/992\/2024\/02\/17e-Journee-des-Germanistes-article-pour-le-blog.pdf\" target=\"_blank\" rel=\"noopener\">CR-2023<\/a><\/td>\n<td style=\"width: 53.6082%\">17e Journ\u00e9e <a href=\"https:\/\/www.kananas.com\/uplegess\/wp-content\/uploads\/sites\/992\/2024\/02\/Flyer-Germanistentag.pdf\">Flyer Germanistentag<\/a><\/td>\n<\/tr>\n<tr>\n<td style=\"width: 27.0987%\">janvier 2022<\/td>\n<td style=\"width: 18.9985%\"><a href=\"https:\/\/www.kananas.com\/uplegess\/wp-content\/uploads\/sites\/992\/2022\/06\/16e-Journee-des-Germanistes-CR.pdf\">CR- 2022<\/a><\/td>\n<td style=\"width: 53.6082%\"><a href=\"https:\/\/www.kananas.com\/uplegess\/wp-content\/uploads\/sites\/992\/2022\/06\/16e-Journee-des-Germanistes-programme-1.pdf\">16e Journ\u00e9e des Germanistes &#8211; programme <\/a>Les enjeux p\u00e9dagogiques de la certification : vers plus de motivation ou plus de frustration ?<\/td>\n<\/tr>\n<tr>\n<td style=\"width: 27.0987%\">mars 2021<\/td>\n<td style=\"width: 18.9985%\"><a href=\"http:\/\/www.kananas.com\/uplegess\/2021\/03\/10\/journee-des-germanistes-echange-de-bonnes-pratiques\/\" target=\"_blank\" rel=\"noopener\">CR &#8211; 2021<\/a><\/td>\n<td style=\"width: 53.6082%\"><a href=\"http:\/\/www.kananas.com\/uplegess\/wp-content\/uploads\/sites\/992\/2021\/03\/15e-Journee-des-Germanistes.pdf\">15e Journ\u00e9e des Germanistes, Enseignement en distanciel ou en hybride : \u00e9change de bonnes pratiques<\/a><\/td>\n<\/tr>\n<tr>\n<td style=\"width: 27.0987%\">f\u00e9vrier 2020<\/td>\n<td style=\"width: 18.9985%\"><a href=\"http:\/\/www.kananas.com\/uplegess\/wp-content\/uploads\/sites\/992\/2020\/02\/CR-2020.pdf\">CR-2020<\/a><\/td>\n<td style=\"width: 53.6082%\"><a href=\"http:\/\/www.kananas.com\/uplegess\/wp-content\/uploads\/sites\/992\/2020\/01\/Programmvorschlag-Germanistentag-2020.pdf\">Reform Blanquer und der Folgen f\u00fcr den Deutschunterricht\u00a0<\/a><\/td>\n<\/tr>\n<tr>\n<td style=\"width: 27.0987%\">f\u00e9vrier 2019<\/td>\n<td style=\"width: 18.9985%\"><a href=\"http:\/\/www.kananas.com\/uplegess\/wp-content\/uploads\/sites\/992\/2019\/02\/CR-journe\u0301e-des-Germanistes-2019-.pdf\" target=\"_blank\" rel=\"noopener noreferrer\">CR-2019<\/a><\/td>\n<td style=\"width: 53.6082%\"><a href=\"http:\/\/www.kananas.com\/uplegess\/wp-content\/uploads\/sites\/992\/2018\/12\/Programmvorschlag-Germanistentag-2019.pdf\" target=\"_blank\" rel=\"noopener noreferrer\">(Digitale) Innovation im Deutschunterricht<\/a><\/td>\n<\/tr>\n<\/tbody>\n<\/table>\n<hr \/>\n<h4><b>Koreanische Germanistik heute und <\/b><b>\u00a0<\/b><\/h4>\n<h4><b>UeDeKo in Korea<\/b><b>\u00a0<\/b><\/h4>\n<h6>mit besonderer Ber\u00fccksichtigung der \u00dcbersetzung und<\/h6>\n<h6>\u00dcbersetzungsdatenbank der deutschen Literatur<\/h6>\n<p>Vortrag von<\/p>\n<p><b>Prof. Yun-Young CHOI<\/b><b>\u00a0\u2013\u00a0<\/b><b>Seoul National University\u00a0<\/b><\/p>\n<p>Professorin am Institut f\u00fcr deutsche Sprache und Literatur, Seoul National University,\u00a0 Direktorin des Instituts f\u00fcr \u00dcbersetzungsforschung zur deutschen und koreanischen\u00a0 Literatur und Dekanin der Fakult\u00e4t f\u00fcr Geisteswissenschaften, Seoul National University.<\/p>\n<p>Forschungsgebiete: Deutsche Literatur des Realismus, Kultur- und\u00a0 \u00dcbersetzungswissenschaften, Migrationsliteratur.<\/p>\n<p>Ausgew\u00e4hlte Ver\u00f6ffentlichungen:<\/p>\n<ul>\n<li>Exo-pho-nie, Yoko Tawada\u2019s Writing, Monograph. Seoul: J&amp;C, 2020.\u00a0\u2022\u00a0Konflikt zwischen der nationalen Wiedervereinigung und multikulturellen\u00a0 Gesellschaft, Seoul: Seoul National University Press, 2019.<\/li>\n<li>\u201eGewalt in der Literatur. Anna Kims Texte,\u201d Zeitschrift f\u00fcr Internationale\u00a0 Germanistik, 2022. Jahrbuch f\u00fcr internationale Germanistik, Wege der\u00a0 Germanistik in transkultureller Perspektive, Beihefte Bd. 5, 2022, S. 343-352.<\/li>\n<li>\u201eFremdheit und Gender. \u00dcbersetzung und Adaption der deutschen Literatur in\u00a0 Ostasien\u201c, Literaturstrasse 22 (2021), S. 185-200.<\/li>\n<\/ul>\n<blockquote>\n<h4><b>15. Februar 2024\u00a0 \u2013\u00a0<\/b><b>17.30 Uhr \u2013\u00a0<\/b>\u00c9cole des Mines \u2013 Universit\u00e9 PSL \u2013 60, boulevard Saint-Michel, 75006 Paris<\/h4>\n<p><b>Kontakt:\u00a0<\/b><b>linda.koiran@minesparis.psl.eu<\/b><\/p><\/blockquote>\n","protected":false},"excerpt":{"rendered":"<p>&nbsp; Ecole des Mines compte-rendu programme f\u00e9vrier 2024 CR-2024 18e journ\u00e9e &#8211; Flyer Germanistentag&#8211; janvier 2023 CR-2023 17e Journ\u00e9e Flyer Germanistentag janvier 2022 CR- 2022 16e Journ\u00e9e des Germanistes &#8211; programme Les enjeux p\u00e9dagogiques de la certification : vers plus de motivation ou plus de frustration ? mars 2021 CR &#8211; 2021 15e Journ\u00e9e des Germanistes, Enseignement en distanciel ou<\/p>\n","protected":false},"author":1147,"featured_media":0,"parent":444,"menu_order":0,"comment_status":"closed","ping_status":"closed","template":"","meta":{"_crdt_document":"","footnotes":""},"class_list":["post-1027","page","type-page","status-publish","hentry"],"_links":{"self":[{"href":"https:\/\/www.kananas.com\/uplegess\/wp-json\/wp\/v2\/pages\/1027","targetHints":{"allow":["GET"]}}],"collection":[{"href":"https:\/\/www.kananas.com\/uplegess\/wp-json\/wp\/v2\/pages"}],"about":[{"href":"https:\/\/www.kananas.com\/uplegess\/wp-json\/wp\/v2\/types\/page"}],"author":[{"embeddable":true,"href":"https:\/\/www.kananas.com\/uplegess\/wp-json\/wp\/v2\/users\/1147"}],"replies":[{"embeddable":true,"href":"https:\/\/www.kananas.com\/uplegess\/wp-json\/wp\/v2\/comments?post=1027"}],"version-history":[{"count":20,"href":"https:\/\/www.kananas.com\/uplegess\/wp-json\/wp\/v2\/pages\/1027\/revisions"}],"predecessor-version":[{"id":3378,"href":"https:\/\/www.kananas.com\/uplegess\/wp-json\/wp\/v2\/pages\/1027\/revisions\/3378"}],"up":[{"embeddable":true,"href":"https:\/\/www.kananas.com\/uplegess\/wp-json\/wp\/v2\/pages\/444"}],"wp:attachment":[{"href":"https:\/\/www.kananas.com\/uplegess\/wp-json\/wp\/v2\/media?parent=1027"}],"curies":[{"name":"wp","href":"https:\/\/api.w.org\/{rel}","templated":true}]}}