{"id":1384,"date":"2019-05-03T13:28:47","date_gmt":"2019-05-03T11:28:47","guid":{"rendered":"http:\/\/www.kananas.com\/uplegess\/?page_id=1384"},"modified":"2019-10-25T14:54:11","modified_gmt":"2019-10-25T12:54:11","slug":"journee-detudes-du-groupe-de-travail-langues-de-la-commission-formation-de-la-cge-du-21-mars-2019","status":"publish","type":"page","link":"https:\/\/www.kananas.com\/uplegess\/journees-detudes-cge\/2-journees-detudes\/journee-detudes-du-groupe-de-travail-langues-de-la-commission-formation-de-la-cge-du-21-mars-2019\/","title":{"rendered":"Compte-rendus et vid\u00e9os de la journ\u00e9e du 21\/03\/19"},"content":{"rendered":"<blockquote><p><a href=\"http:\/\/www.kananas.com\/uplegess\/wp-content\/uploads\/sites\/992\/2019\/10\/CGE_CR_21-mars-VF_JE.pdf\">Compte-rendu de la journ\u00e9e,<\/a> par J\u00f6rg Eschenauer<\/p><\/blockquote>\n<blockquote><p><a href=\"http:\/\/Pour en savoir plus, compte-rendu de l'intervention sur le site de la CTI\" target=\"_blank\" rel=\"noopener noreferrer\">Compte-rendu de l&rsquo;intervention de Marie-Jo Goedert<\/a> sur le site de la CTI<\/p><\/blockquote>\n<p>Le 21 mars 2019 a eu lieu une Journ\u00e9e d\u2019\u00e9tudes du groupe de travail Langues de la Commission Formation de la CGE (Conf\u00e9rence des Grandes \u00c9coles) sur la place du plurilinguisme dans nos \u00e9coles, en particulier sur les enjeux de l\u2019internationalisation et de l\u2019apprentissage des langues-cultures de nos futurs ing\u00e9nieurs-managers. Cette journ\u00e9e a rassembl\u00e9 une centaine de personnes, \u00e0 l\u2019\u00e9cole des Ponts ParisTech.<\/p>\n<p><img loading=\"lazy\" decoding=\"async\" class=\"alignright wp-image-1212\" src=\"http:\/\/www.kananas.com\/uplegess\/wp-content\/uploads\/sites\/992\/2019\/03\/Journee_CTI.jpg\" alt=\"\" width=\"320\" height=\"219\" srcset=\"https:\/\/www.kananas.com\/uplegess\/wp-content\/uploads\/sites\/992\/2019\/03\/Journee_CTI.jpg 600w, https:\/\/www.kananas.com\/uplegess\/wp-content\/uploads\/sites\/992\/2019\/03\/Journee_CTI-300x205.jpg 300w\" sizes=\"auto, (max-width: 320px) 100vw, 320px\" \/><\/p>\n<p>Pour la table ronde de la matin\u00e9e \u00e9tait convi\u00e9es Marie-Jo Goedert (\u00e0 droite sur la photo), directrice administrative internationale de la CTI, qui a pr\u00e9sent\u00e9 la nouvelle version de R&amp;O de la CTI ainsi que Alice Guilhon (\u00e0 gauche sur la photo), pr\u00e9sidente du chapitre des \u00e9coles de management de la CGE et Directrice G\u00e9n\u00e9rale de SKEMA Business School, qui a d\u00e9velopp\u00e9 sa vision de la strat\u00e9gie d\u2019internationalisation des \u00e9coles de commerce. J\u00f6rg Eschenauer, coordinateur du groupe de travail Langues de la CGE et pr\u00e9sident de l\u2019UPLEGESS, a interpell\u00e9 l&rsquo;assistance sur la n\u00e9cessit\u00e9 de favoriser la cr\u00e9ation de synergies vivantes pour former \u201cl\u2019ing\u00e9nieur citoyen\u201d qui saura appr\u00e9hender un monde changeant, incertain et hautement \u201ctechnologis\u00e9\u201d.<\/p>\n<blockquote>\n<h6><strong>Premi\u00e8re intervention de Marie-Jo Goedert, directrice administrative internationale de la CTI<\/strong><\/h6>\n<\/blockquote>\n<p><iframe loading=\"lazy\" title=\"Journ\u00e9e d\u2019\u00e9tudes du groupe de travail Langues CGE\" width=\"860\" height=\"484\" src=\"https:\/\/www.youtube.com\/embed\/CYmE-0tVHNU?feature=oembed\" frameborder=\"0\" allow=\"accelerometer; autoplay; encrypted-media; gyroscope; picture-in-picture\" allowfullscreen><\/iframe><\/p>\n<p>Marie-Jo Goedert a rappel\u00e9 l\u2019importance de l\u2019assurance qualit\u00e9 dans l\u2019Espace Europ\u00e9en de l\u2019Enseignement Sup\u00e9rieur (EEES) issu du processus de Bologne qui regroupe aujourd\u2019hui 49 pays. La CTI est charg\u00e9e de mener des \u00e9valuations aupr\u00e8s d\u2019\u00e9tablissements souhaitant pouvoir d\u00e9livrer le titre d\u2019ing\u00e9nieur dipl\u00f4m\u00e9 ou obtenir des labels (EUR-ACE\u00ae, CeQuInt) et s\u2019attache \u00e9galement \u00e0 d\u00e9finir le profil g\u00e9n\u00e9rique de l\u2019ing\u00e9nieur en \u00e9laborant le r\u00e9f\u00e9rentiel R\u00e9f\u00e9rences et orientations (R&amp;O) qui fait l\u2019objet de mises \u00e0 jour p\u00e9riodiques. La version 2019 du r\u00e9f\u00e9rentiel insiste sur \u00ab <em>la dimension internationale de la formation qui doit permettre de fournir aux \u00e9l\u00e8ves ing\u00e9nieurs un apprentissage multiculturel, interculturel et linguistique n\u00e9cessaire dans le contexte actuel d\u2019internationalisation des entreprises et donc du recrutement des cadres<\/em> \u00bb.<\/p>\n<blockquote><p><strong>Intervention de Alice Guilhon, directrice de SKEMA Business School et Pr\u00e9sidente du chapitre des Ecoles de management \u00e0 la CGE.<\/strong><\/p><\/blockquote>\n<p>&nbsp;<\/p>\n<p><iframe loading=\"lazy\" title=\"Confe\u0301rence des grandes e\u0301coles 2\" width=\"860\" height=\"484\" src=\"https:\/\/www.youtube.com\/embed\/mbZDvD-8ii4?feature=oembed\" frameborder=\"0\" allow=\"accelerometer; autoplay; encrypted-media; gyroscope; picture-in-picture\" allowfullscreen><\/iframe><\/p>\n<h6><\/h6>\n<blockquote>\n<h6><strong>Intervention de<\/strong> Jorg Eschenauer, coordinateur du groupe de travail Langues de la CGE et pr\u00e9sident de l\u2019UPLEGESS<\/h6>\n<\/blockquote>\n<p><iframe loading=\"lazy\" title=\"Confe\u0301rence des grandes e\u0301coles : J\u00f6rg Eschenauer\" width=\"860\" height=\"484\" src=\"https:\/\/www.youtube.com\/embed\/Mt6RkhBqL7Y?feature=oembed\" frameborder=\"0\" allow=\"accelerometer; autoplay; encrypted-media; gyroscope; picture-in-picture\" allowfullscreen><\/iframe><\/p>\n","protected":false},"excerpt":{"rendered":"<p>Compte-rendu de la journ\u00e9e, par J\u00f6rg Eschenauer Compte-rendu de l&rsquo;intervention de Marie-Jo Goedert sur le site de la CTI Le 21 mars 2019 a eu lieu une Journ\u00e9e d\u2019\u00e9tudes du groupe de travail Langues de la Commission Formation de la CGE (Conf\u00e9rence des Grandes \u00c9coles) sur la place du plurilinguisme dans nos \u00e9coles, en particulier sur les enjeux de l\u2019internationalisation<\/p>\n","protected":false},"author":1025,"featured_media":0,"parent":456,"menu_order":0,"comment_status":"closed","ping_status":"closed","template":"","meta":{"_crdt_document":"","footnotes":""},"class_list":["post-1384","page","type-page","status-publish","hentry"],"_links":{"self":[{"href":"https:\/\/www.kananas.com\/uplegess\/wp-json\/wp\/v2\/pages\/1384","targetHints":{"allow":["GET"]}}],"collection":[{"href":"https:\/\/www.kananas.com\/uplegess\/wp-json\/wp\/v2\/pages"}],"about":[{"href":"https:\/\/www.kananas.com\/uplegess\/wp-json\/wp\/v2\/types\/page"}],"author":[{"embeddable":true,"href":"https:\/\/www.kananas.com\/uplegess\/wp-json\/wp\/v2\/users\/1025"}],"replies":[{"embeddable":true,"href":"https:\/\/www.kananas.com\/uplegess\/wp-json\/wp\/v2\/comments?post=1384"}],"version-history":[{"count":16,"href":"https:\/\/www.kananas.com\/uplegess\/wp-json\/wp\/v2\/pages\/1384\/revisions"}],"predecessor-version":[{"id":1635,"href":"https:\/\/www.kananas.com\/uplegess\/wp-json\/wp\/v2\/pages\/1384\/revisions\/1635"}],"up":[{"embeddable":true,"href":"https:\/\/www.kananas.com\/uplegess\/wp-json\/wp\/v2\/pages\/456"}],"wp:attachment":[{"href":"https:\/\/www.kananas.com\/uplegess\/wp-json\/wp\/v2\/media?parent=1384"}],"curies":[{"name":"wp","href":"https:\/\/api.w.org\/{rel}","templated":true}]}}